{"id":3963,"date":"2022-08-08T20:46:57","date_gmt":"2022-08-08T20:46:57","guid":{"rendered":"https:\/\/www.sunkaraoke.hu\/index.php\/termek\/bodi-guszti-es-a-feketeszemek-ucutola\/"},"modified":"2025-04-09T14:50:14","modified_gmt":"2025-04-09T14:50:14","slug":"bodi-guszti-es-a-feketeszemek-ucutola","status":"publish","type":"product","link":"https:\/\/www.sunkaraoke.hu\/index.php\/termek\/bodi-guszti-es-a-feketeszemek-ucutola\/","title":{"rendered":"<div class=\"wcmp-player-container product-3963\"><audio controlslist=\"nodownload\" data-product=\"3963\"  volume=\"1\"  preload=\"none\" data-lazyloading=\"none\" class=\"wcmp-player track mejs-classic\" data-duration=\"0:31\" data-estimated_duration=\"4\"><source src=\"https:\/\/www.sunkaraoke.hu\/wp-content\/uploads\/2022\/08\/Ucutola-N-_demo.mp3\" type=\"audio\/mp3\" \/><\/audio><\/div>B\u00f3di Guszti \u00e9s a Feketeszemek &#8211; Ucutola (Original Palika Edition)"},"content":{"rendered":"<p><strong>03:14<\/strong> | <strong><img loading=\"lazy\" decoding=\"async\" class=\"alignnone size-full wp-image-467\" src=\"https:\/\/www.sunkaraoke.hu\/wp-content\/uploads\/2022\/07\/choir_2-copy.webp\" alt=\"\" width=\"30\" height=\"30\" \/> <\/strong><\/p>\n","protected":false},"excerpt":{"rendered":"<h5><strong>Bits\u0171r\u0171s\u00e9g: 320 kb\/s<\/strong><br \/>\n<strong>Hossz: 03:14<\/strong><br \/>\n<strong>Vok\u00e1lt tartalmaz: Nem <img loading=\"lazy\" decoding=\"async\" class=\"alignnone size-full wp-image-467\" src=\"http:\/\/www.sunkaraoke.hu\/wp-content\/uploads\/2022\/07\/choir_2-copy.png\" alt=\"\" width=\"30\" height=\"30\" \/><\/strong><strong style=\"font-size: 16px;\"><br \/>\n<\/strong><\/h5>\n<p>Sunkaraoke mp3 st\u00fadi\u00f3 \/ www.sunkaraoke.hu \/ Inf: Tel: 06 20 4275001<\/p>\n<p>&#8212;Intr\u00f3&#8212;<br \/>\nEz a kisl\u00e1ny most mit akar,<br \/>\nszeret engem vagy nem akar,<br \/>\nujja k\u00f6r\u00e9 csavar engem, ha lehet.<br \/>\nJaj Istenem mit csin\u00e1ljak,<br \/>\nelszaladjak vagy meg\u00e1lljak,<br \/>\nbelehalok \u00e9n \u00fagy im\u00e1dlak!<br \/>\nJaj Istenem mit csin\u00e1ljak,<br \/>\nelszaladjak vagy meg\u00e1lljak,<br \/>\nbelehalok \u00e9n \u00fagy im\u00e1dlak!<\/p>\n<p>Egye meg a fene legyen,<br \/>\nmindig meg \u00e9l kett\u0151 eggyel,<br \/>\nmindig meg \u00e9l kett\u0151 eggyel.<br \/>\nUccutolla hej motolla,<br \/>\nkendnek erre most mi gondja,<br \/>\ninnen oda \u00e9n \u00e1llok el\u00e9be!<br \/>\nUccutolla hej motolla,<br \/>\nkendnek erre most mi gondja,<br \/>\ninnen oda \u00e9n \u00e1llok el\u00e9be!<\/p>\n<p>Az \u00e9leted egyszer \u00e9led,<br \/>\n\u00fajra \u00e9lni azt nem lehet,<br \/>\ngyere \u00e9lj\u00fcnk egy\u00fctt boldogan!<br \/>\nUccutolla hej motolla,<br \/>\nkendnek erre most mi gondja,<br \/>\ninnen oda \u00e9n \u00e1llok el\u00e9be!<br \/>\nUccutolla hej motolla,<br \/>\nkendnek erre most mi gondja,<br \/>\ninnen oda \u00e9n \u00e1llok el\u00e9be!<\/p>\n<p>Zs\u00e1lo cs\u00e9ri cser h\u00e1jecc\u00e1,<br \/>\nzs\u00e1lo s\u00e1vo legindocc\u00e1,<br \/>\n\u00e1l\u00e9 s\u00e9j tuj\u00e1 le p\u00e1s\u00e1m\u00e1n.<br \/>\nD\u00e9lm\u00e1n, d\u00e9l\u00e1m me sostar, szip\u00f3,<br \/>\np\u00e9n\u00e1 dukhal murojilo,<br \/>\n\u00e1l\u00e9 tus\u00e9 j\u00e1l\u00e9 p\u00e1s\u00e1m\u00e1n.<br \/>\nD\u00e9lm\u00e1, d\u00e9l\u00e1 me sostar szip\u00f3,<br \/>\np\u00e9n\u00e1 dukhal murojilo,<br \/>\n\u00e1l\u00e9 tus\u00e9 j\u00e1l\u00e9 p\u00e1s\u00e1m\u00e1n.<\/p>\n<p>Egy meg h\u00e1rom tizenh\u00e1rom,<br \/>\nszenvedtem \u00e9n t\u00e9len ny\u00e1ron,<br \/>\ninnen oda \u00e9n \u00e1llok el\u00e9be!<br \/>\nEgy meg kett\u0151 tizenkett\u0151,<br \/>\nvolt\u00e1l m\u00e1r az \u00e9n szeret\u0151m,<br \/>\ninnen oda \u00e9n \u00e1llok el\u00e9be!<br \/>\nEgy meg kett\u0151 tizenkett\u0151,<br \/>\nvolt\u00e1l m\u00e1r az \u00e9n szeret\u0151m,<br \/>\negye meg a fene a meggyet.<br \/>\n&#8212;V\u00e9ge&#8212;<\/p>\n","protected":false},"featured_media":8719,"template":"","meta":{"site-sidebar-layout":"default","site-content-layout":"default","ast-site-content-layout":"default","site-content-style":"default","site-sidebar-style":"default","ast-global-header-display":"","ast-banner-title-visibility":"","ast-main-header-display":"","ast-hfb-above-header-display":"","ast-hfb-below-header-display":"","ast-hfb-mobile-header-display":"","site-post-title":"","ast-breadcrumbs-content":"","ast-featured-img":"","footer-sml-layout":"","theme-transparent-header-meta":"default","adv-header-id-meta":"","stick-header-meta":"","header-above-stick-meta":"","header-main-stick-meta":"","header-below-stick-meta":"","astra-migrate-meta-layouts":"set","ast-page-background-enabled":"default","ast-page-background-meta":{"desktop":{"background-color":"var(--ast-global-color-4)","background-image":"","background-repeat":"repeat","background-position":"center center","background-size":"auto","background-attachment":"scroll","background-type":"","background-media":"","overlay-type":"","overlay-color":"","overlay-opacity":"","overlay-gradient":""},"tablet":{"background-color":"","background-image":"","background-repeat":"repeat","background-position":"center center","background-size":"auto","background-attachment":"scroll","background-type":"","background-media":"","overlay-type":"","overlay-color":"","overlay-opacity":"","overlay-gradient":""},"mobile":{"background-color":"","background-image":"","background-repeat":"repeat","background-position":"center center","background-size":"auto","background-attachment":"scroll","background-type":"","background-media":"","overlay-type":"","overlay-color":"","overlay-opacity":"","overlay-gradient":""}},"ast-content-background-meta":{"desktop":{"background-color":"var(--ast-global-color-5)","background-image":"","background-repeat":"repeat","background-position":"center center","background-size":"auto","background-attachment":"scroll","background-type":"","background-media":"","overlay-type":"","overlay-color":"","overlay-opacity":"","overlay-gradient":""},"tablet":{"background-color":"var(--ast-global-color-5)","background-image":"","background-repeat":"repeat","background-position":"center center","background-size":"auto","background-attachment":"scroll","background-type":"","background-media":"","overlay-type":"","overlay-color":"","overlay-opacity":"","overlay-gradient":""},"mobile":{"background-color":"var(--ast-global-color-5)","background-image":"","background-repeat":"repeat","background-position":"center center","background-size":"auto","background-attachment":"scroll","background-type":"","background-media":"","overlay-type":"","overlay-color":"","overlay-opacity":"","overlay-gradient":""}}},"product_cat":[48],"product_tag":[],"class_list":["post-3963","product","type-product","status-publish","has-post-thumbnail","hentry","product_cat-sunkaraoke-dalok","desktop-align-left","tablet-align-left","mobile-align-left"],"_links":{"self":[{"href":"https:\/\/www.sunkaraoke.hu\/index.php\/wp-json\/wp\/v2\/product\/3963","targetHints":{"allow":["GET"]}}],"collection":[{"href":"https:\/\/www.sunkaraoke.hu\/index.php\/wp-json\/wp\/v2\/product"}],"about":[{"href":"https:\/\/www.sunkaraoke.hu\/index.php\/wp-json\/wp\/v2\/types\/product"}],"wp:featuredmedia":[{"embeddable":true,"href":"https:\/\/www.sunkaraoke.hu\/index.php\/wp-json\/wp\/v2\/media\/8719"}],"wp:attachment":[{"href":"https:\/\/www.sunkaraoke.hu\/index.php\/wp-json\/wp\/v2\/media?parent=3963"}],"wp:term":[{"taxonomy":"product_cat","embeddable":true,"href":"https:\/\/www.sunkaraoke.hu\/index.php\/wp-json\/wp\/v2\/product_cat?post=3963"},{"taxonomy":"product_tag","embeddable":true,"href":"https:\/\/www.sunkaraoke.hu\/index.php\/wp-json\/wp\/v2\/product_tag?post=3963"}],"curies":[{"name":"wp","href":"https:\/\/api.w.org\/{rel}","templated":true}]}}