{"id":3958,"date":"2022-08-08T20:46:57","date_gmt":"2022-08-08T20:46:57","guid":{"rendered":"https:\/\/www.sunkaraoke.hu\/index.php\/termek\/tesok-szilveszter-ejszaka\/"},"modified":"2025-03-28T18:13:07","modified_gmt":"2025-03-28T18:13:07","slug":"tesok-szilveszter-ejszaka","status":"publish","type":"product","link":"https:\/\/www.sunkaraoke.hu\/index.php\/termek\/tesok-szilveszter-ejszaka\/","title":{"rendered":"<div class=\"wcmp-player-container product-3958\"><audio controlslist=\"nodownload\" data-product=\"3958\"  volume=\"1\"  preload=\"none\" data-lazyloading=\"none\" class=\"wcmp-player track mejs-classic\" data-duration=\"0:34\" data-estimated_duration=\"4\"><source src=\"https:\/\/www.sunkaraoke.hu\/wp-content\/uploads\/2022\/08\/Szilveszter-ejszaka-SB-k_demo.mp3\" type=\"audio\/mp3\" \/><\/audio><\/div>Tes\u00f3k &#8211; Szilveszter \u00e9jszaka (Original)"},"content":{"rendered":"<p><strong>03:29<\/strong> | <strong><img loading=\"lazy\" decoding=\"async\" class=\"alignnone size-full wp-image-467\" src=\"https:\/\/www.sunkaraoke.hu\/wp-content\/uploads\/2022\/07\/choir_2-copy.webp\" alt=\"\" width=\"30\" height=\"30\" \/> <\/strong><\/p>\n","protected":false},"excerpt":{"rendered":"<h6><strong>Bits\u0171r\u0171s\u00e9g: 320 kb\/s<\/strong><br \/>\n<strong>Hossz: 03:29<\/strong><br \/>\n<strong>Vok\u00e1lt tartalmaz: Nem <img loading=\"lazy\" decoding=\"async\" class=\"alignnone size-full wp-image-467\" src=\"http:\/\/www.sunkaraoke.hu\/wp-content\/uploads\/2022\/07\/choir_2-copy.png\" alt=\"\" width=\"30\" height=\"30\" \/><\/strong><strong style=\"font-size: 16px;\"><br \/>\n<\/strong><\/h6>\n<p>Sunkaraoke mp3 st\u00fadi\u00f3 \/ www.sunkaraoke.hu \/ Inf: Tel: 06 20 4275001<\/p>\n<p>Szilveszter \u00e9jszaka, igy\u00e1l \u00e9s l\u00e9gy laza,<br \/>\npezsg\u0151vel \u00fcnnepelj s a gondok t\u00fcnnek el.<br \/>\nSzilveszter \u00e9jszaka, igy\u00e1l \u00e9s l\u00e9gy laza,<br \/>\npezsg\u0151vel \u00fcnnepelj s a gondok t\u00fcnnek el.<br \/>\nV\u00e1rjuk az \u00e9vet , k\u00e9sz\u00fcl a sok bar\u00e1t,<br \/>\nf\u0171t m\u00e1r a pia \u00e9get a nagykab\u00e1t.<br \/>\nTombol a buli, itt b\u00edztos hogy maradsz,<br \/>\nreggelre itt leszel \u00fagy \u00e9rzi malac,<br \/>\nh\u00e1t kezd\u0151dj\u00e9k az agysejt pusztul\u00e1s.<br \/>\nSzilveszter \u00e9jszaka, igy\u00e1l \u00e9s l\u00e9gy laza,<br \/>\npezsg\u0151vel \u00fcnnepelj, s a gondok t\u00fcnnek el.<br \/>\nSzilveszter \u00e9jszaka, kacs\u00e1zva menj haza,<br \/>\nhidd el ha \u00edgy leszel, j\u00f6v\u0151dnek j\u00f3t teszel.<br \/>\nReggelre \u00edgy lett zombi a t\u00e1rsas\u00e1g,<br \/>\nfej\u00fckre \u00f6ntik a szomsz\u00e9d l\u00e1nybor\u00e1t.<br \/>\n\u00cdgy j\u00f3 a buli itt nincs soha harag,<br \/>\nb\u00fcntetnek minket majd m\u00e1snap a szavak,<br \/>\namit otthon kapunk ezut\u00e1n.<br \/>\nSzilveszter \u00e9jszaka, igy\u00e1l \u00e9s l\u00e9gy laza,<br \/>\npezsg\u0151vel \u00fcnnepelj, s a gondok t\u00fcnnek el.<br \/>\nSzilveszter \u00e9jszaka, kacs\u00e1zva menj haza,<br \/>\nhidd el ha \u00edgy leszel, j\u00f6v\u0151dnek j\u00f3t teszel.<br \/>\nSz\u00f6veg: Figyeljetek most r\u00e1m \u00e9n csak j\u00f3t akarok,<br \/>\nha egyforma m\u00e1r hazafel\u00e9 minden \u00fatca sarok.<br \/>\nKeressetek cseh\u00f3t ahol hitelt nektek adnak,<br \/>\noszt folytass\u00e1tok tov\u00e1bb am\u00edg vonatra nem raknak.<br \/>\nHogy mikor \u00e9rtek haza, tal\u00e1n nem is ez a l\u00e9nyeg,<br \/>\ncsak bulizzatok ezerrel hogy elsz\u00e1lljon a m\u00e9reg.<br \/>\nAmi eg\u00e9sz \u00e9vben felgy\u00fclemlett , adj\u00e1tok ki gyorsan,<br \/>\nnincs kifog\u00e1s senkinek mert szilveszter az most van.<br \/>\nSzilveszter \u00e9jszaka, igy\u00e1l \u00e9s l\u00e9gy laza,<br \/>\npezsg\u0151vel \u00fcnnepelj, s a gondok t\u00fcnnek el.<br \/>\nSzilveszter \u00e9jszaka, kacs\u00e1zva menj haza,<br \/>\nhidd el ha \u00edgy leszel, j\u00f6v\u0151dnek j\u00f3t teszel.<br \/>\nSzilveszter \u00e9jszaka, igy\u00e1l \u00e9s l\u00e9gy laza,<br \/>\npezsg\u0151vel \u00fcnnepelj, s a gondok t\u00fcnnek el.<br \/>\nSzilveszter \u00e9jszaka, kacs\u00e1zva menj haza,<br \/>\nhidd el ha \u00edgy leszel, j\u00f6v\u0151dnek j\u00f3t teszel.<br \/>\n&#8212;V\u00e9ge&#8212;<\/p>\n","protected":false},"featured_media":8715,"template":"","meta":{"site-sidebar-layout":"default","site-content-layout":"default","ast-site-content-layout":"default","site-content-style":"default","site-sidebar-style":"default","ast-global-header-display":"","ast-banner-title-visibility":"","ast-main-header-display":"","ast-hfb-above-header-display":"","ast-hfb-below-header-display":"","ast-hfb-mobile-header-display":"","site-post-title":"","ast-breadcrumbs-content":"","ast-featured-img":"","footer-sml-layout":"","theme-transparent-header-meta":"default","adv-header-id-meta":"","stick-header-meta":"","header-above-stick-meta":"","header-main-stick-meta":"","header-below-stick-meta":"","astra-migrate-meta-layouts":"set","ast-page-background-enabled":"default","ast-page-background-meta":{"desktop":{"background-color":"var(--ast-global-color-4)","background-image":"","background-repeat":"repeat","background-position":"center center","background-size":"auto","background-attachment":"scroll","background-type":"","background-media":"","overlay-type":"","overlay-color":"","overlay-opacity":"","overlay-gradient":""},"tablet":{"background-color":"","background-image":"","background-repeat":"repeat","background-position":"center center","background-size":"auto","background-attachment":"scroll","background-type":"","background-media":"","overlay-type":"","overlay-color":"","overlay-opacity":"","overlay-gradient":""},"mobile":{"background-color":"","background-image":"","background-repeat":"repeat","background-position":"center center","background-size":"auto","background-attachment":"scroll","background-type":"","background-media":"","overlay-type":"","overlay-color":"","overlay-opacity":"","overlay-gradient":""}},"ast-content-background-meta":{"desktop":{"background-color":"var(--ast-global-color-5)","background-image":"","background-repeat":"repeat","background-position":"center center","background-size":"auto","background-attachment":"scroll","background-type":"","background-media":"","overlay-type":"","overlay-color":"","overlay-opacity":"","overlay-gradient":""},"tablet":{"background-color":"var(--ast-global-color-5)","background-image":"","background-repeat":"repeat","background-position":"center center","background-size":"auto","background-attachment":"scroll","background-type":"","background-media":"","overlay-type":"","overlay-color":"","overlay-opacity":"","overlay-gradient":""},"mobile":{"background-color":"var(--ast-global-color-5)","background-image":"","background-repeat":"repeat","background-position":"center center","background-size":"auto","background-attachment":"scroll","background-type":"","background-media":"","overlay-type":"","overlay-color":"","overlay-opacity":"","overlay-gradient":""}}},"product_cat":[48],"product_tag":[],"class_list":["post-3958","product","type-product","status-publish","has-post-thumbnail","hentry","product_cat-sunkaraoke-dalok","desktop-align-left","tablet-align-left","mobile-align-left"],"_links":{"self":[{"href":"https:\/\/www.sunkaraoke.hu\/index.php\/wp-json\/wp\/v2\/product\/3958","targetHints":{"allow":["GET"]}}],"collection":[{"href":"https:\/\/www.sunkaraoke.hu\/index.php\/wp-json\/wp\/v2\/product"}],"about":[{"href":"https:\/\/www.sunkaraoke.hu\/index.php\/wp-json\/wp\/v2\/types\/product"}],"wp:featuredmedia":[{"embeddable":true,"href":"https:\/\/www.sunkaraoke.hu\/index.php\/wp-json\/wp\/v2\/media\/8715"}],"wp:attachment":[{"href":"https:\/\/www.sunkaraoke.hu\/index.php\/wp-json\/wp\/v2\/media?parent=3958"}],"wp:term":[{"taxonomy":"product_cat","embeddable":true,"href":"https:\/\/www.sunkaraoke.hu\/index.php\/wp-json\/wp\/v2\/product_cat?post=3958"},{"taxonomy":"product_tag","embeddable":true,"href":"https:\/\/www.sunkaraoke.hu\/index.php\/wp-json\/wp\/v2\/product_tag?post=3958"}],"curies":[{"name":"wp","href":"https:\/\/api.w.org\/{rel}","templated":true}]}}