{"id":3957,"date":"2022-08-08T20:46:57","date_gmt":"2022-08-08T20:46:57","guid":{"rendered":"https:\/\/www.sunkaraoke.hu\/index.php\/termek\/sihell-ferry-szeretem-a-testvereim\/"},"modified":"2025-04-04T08:40:35","modified_gmt":"2025-04-04T08:40:35","slug":"sihell-ferry-szeretem-a-testvereim","status":"publish","type":"product","link":"https:\/\/www.sunkaraoke.hu\/index.php\/termek\/sihell-ferry-szeretem-a-testvereim\/","title":{"rendered":"<div class=\"wcmp-player-container product-3957\"><audio controlslist=\"nodownload\" data-product=\"3957\"  volume=\"1\"  preload=\"none\" data-lazyloading=\"none\" class=\"wcmp-player track mejs-classic\" data-duration=\"0:35\" data-estimated_duration=\"4\"><source src=\"https:\/\/www.sunkaraoke.hu\/wp-content\/uploads\/2022\/08\/Szeretem-a-testvereim-vocal-F-kdemoo.mp3\" type=\"audio\/mp3\" \/><\/audio><\/div>Sihell Ferry &#8211; Szeretem a testv\u00e9reim (Original)"},"content":{"rendered":"<p><strong>03:50<\/strong> | <strong><img loading=\"lazy\" decoding=\"async\" class=\"alignnone size-full wp-image-466\" src=\"https:\/\/www.sunkaraoke.hu\/wp-content\/uploads\/2022\/07\/choir_1-copy.webp\" alt=\"\" width=\"30\" height=\"30\" \/> <\/strong><\/p>\n","protected":false},"excerpt":{"rendered":"<h6><strong>Bits\u0171r\u0171s\u00e9g: 320<\/strong>kb\/s<strong><br \/>\n<\/strong><strong>Hossz: <\/strong>03:50<strong><br \/>\n<\/strong><strong style=\"font-size: 16px;\">Vok\u00e1lt tartalmaz: <\/strong>Igen <img loading=\"lazy\" decoding=\"async\" class=\"alignnone size-full wp-image-466\" src=\"http:\/\/www.sunkaraoke.hu\/wp-content\/uploads\/2022\/07\/choir_1-copy.png\" alt=\"\" width=\"30\" height=\"30\" \/><strong style=\"font-size: 16px;\"><br \/>\n<\/strong><\/h6>\n<p>Sunkaraoke mp3 st\u00fadi\u00f3 \/ www.sunkaraoke.hu \/ Inf: Tel: 06 20 4275001<\/p>\n<p>&#8212;Intr\u00f3&#8212;<br \/>\nDr\u00e1ga isten az \u00e9n sz\u00edvem, let\u00e9rdelve k\u00e9r,<br \/>\n\u00e1ldd meg minden testv\u00e9remet \u00e9s add meg amit k\u00e9r.<br \/>\nSzeretem a testv\u00e9reim vel\u00fck mulatok,<br \/>\naz \u00e9letemet is adom,<br \/>\nmert szeg\u00e9nys\u00e9gben gazdags\u00e1gban mi egy\u00fctt vagyunk,<br \/>\nisten legyen r\u00e1 tanunk.<br \/>\nSzeretem a testv\u00e9reim vel\u00fck mulatok,<br \/>\naz \u00e9letemet is adom,<br \/>\nmert szeg\u00e9nys\u00e9gben gazdags\u00e1gban mi egy\u00fctt vagyunk,<br \/>\nisten legyen r\u00e1 tanunk.<br \/>\nSzeretem a testv\u00e9reim vel\u00fck mulatok,<br \/>\naz \u00e9letemet is adom,<br \/>\nmert szeg\u00e9nys\u00e9gben cs\u00f3r\u00f3s\u00e1gban mi egy\u00fctt vagyunk,<br \/>\nBerhida az otthonunk.<br \/>\nSzeretem a testv\u00e9reim vel\u00fck mulatok,<br \/>\naz \u00e9letemet is adom,<br \/>\nmert szeg\u00e9nys\u00e9gben cs\u00f3r\u00f3s\u00e1gban mi egy\u00fctt vagyunk,<br \/>\nBerhida az otthonunk.<br \/>\nN\u00e1, n\u00e1, n\u00e1, n\u00e1, n\u00e1,&#8230;&#8230;<br \/>\nAny\u00e1m ap\u00e1m a csal\u00e1dom a legszebbik kincs,<br \/>\nnekem nincsen boldogs\u00e1gom ha nincs aki hazah\u00edv.<br \/>\nSzeretem a testv\u00e9reim vel\u00fck mulatok,<br \/>\naz \u00e9letemet is adom,<br \/>\nmert szeg\u00e9nys\u00e9gben gazdags\u00e1gban mi egy\u00fctt vagyunk,<br \/>\nisten legyen r\u00e1 tanunk.<br \/>\nSzeretem a testv\u00e9reim vel\u00fck mulatok,<br \/>\naz \u00e9letemet is adom,<br \/>\nmert szeg\u00e9nys\u00e9gben gazdags\u00e1gban mi egy\u00fctt vagyunk,<br \/>\nisten legyen r\u00e1 tanunk.<br \/>\nSzeretem a testv\u00e9reim vel\u00fck mulatok,<br \/>\naz \u00e9letemet is adom,<br \/>\nmert szeg\u00e9nys\u00e9gben cs\u00f3r\u00f3s\u00e1gban mi egy\u00fctt vagyunk,<br \/>\nBerhida az otthonunk.<br \/>\nSzeretem a testv\u00e9reim vel\u00fck mulatok,<br \/>\naz \u00e9letemet is adom,<br \/>\nmert szeg\u00e9nys\u00e9gben cs\u00f3r\u00f3s\u00e1gban mi egy\u00fctt vagyunk,<br \/>\nBerhida az otthonunk.<br \/>\nN\u00e1, n\u00e1, n\u00e1, n\u00e1, n\u00e1&#8230;.<br \/>\nSzeretem a testv\u00e9reim vel\u00fck mulatok,<br \/>\naz \u00e9letemet is adom,<br \/>\nmert szeg\u00e9nys\u00e9gben gazdags\u00e1gban mi egy\u00fctt vagyunk,<br \/>\nisten legyen r\u00e1 tanunk.<br \/>\nSzeretem a testv\u00e9reim vel\u00fck mulatok,<br \/>\naz \u00e9letemet is adom,<br \/>\nmert szeg\u00e9nys\u00e9gben gazdags\u00e1gban mi egy\u00fctt vagyunk,<br \/>\nisten legyen r\u00e1 tanunk.<br \/>\nSzeretem a testv\u00e9reim vel\u00fck mulatok,<br \/>\naz \u00e9letemet is adom,<br \/>\nmert szeg\u00e9nys\u00e9gben cs\u00f3r\u00f3s\u00e1gban mi egy\u00fctt vagyunk,<br \/>\nBerhida az otthonunk.<br \/>\nSzeretem a testv\u00e9reim vel\u00fck mulatok,<br \/>\naz \u00e9letemet is adom,<br \/>\nmert szeg\u00e9nys\u00e9gben cs\u00f3r\u00f3s\u00e1gban mi egy\u00fctt vagyunk,<br \/>\nBerhida az otthonunk.<br \/>\n&#8212;V\u00e9ge&#8212;<\/p>\n","protected":false},"featured_media":9301,"template":"","meta":{"site-sidebar-layout":"default","site-content-layout":"default","ast-site-content-layout":"default","site-content-style":"default","site-sidebar-style":"default","ast-global-header-display":"","ast-banner-title-visibility":"","ast-main-header-display":"","ast-hfb-above-header-display":"","ast-hfb-below-header-display":"","ast-hfb-mobile-header-display":"","site-post-title":"","ast-breadcrumbs-content":"","ast-featured-img":"","footer-sml-layout":"","theme-transparent-header-meta":"default","adv-header-id-meta":"","stick-header-meta":"","header-above-stick-meta":"","header-main-stick-meta":"","header-below-stick-meta":"","astra-migrate-meta-layouts":"set","ast-page-background-enabled":"default","ast-page-background-meta":{"desktop":{"background-color":"var(--ast-global-color-4)","background-image":"","background-repeat":"repeat","background-position":"center center","background-size":"auto","background-attachment":"scroll","background-type":"","background-media":"","overlay-type":"","overlay-color":"","overlay-opacity":"","overlay-gradient":""},"tablet":{"background-color":"","background-image":"","background-repeat":"repeat","background-position":"center center","background-size":"auto","background-attachment":"scroll","background-type":"","background-media":"","overlay-type":"","overlay-color":"","overlay-opacity":"","overlay-gradient":""},"mobile":{"background-color":"","background-image":"","background-repeat":"repeat","background-position":"center center","background-size":"auto","background-attachment":"scroll","background-type":"","background-media":"","overlay-type":"","overlay-color":"","overlay-opacity":"","overlay-gradient":""}},"ast-content-background-meta":{"desktop":{"background-color":"var(--ast-global-color-5)","background-image":"","background-repeat":"repeat","background-position":"center center","background-size":"auto","background-attachment":"scroll","background-type":"","background-media":"","overlay-type":"","overlay-color":"","overlay-opacity":"","overlay-gradient":""},"tablet":{"background-color":"var(--ast-global-color-5)","background-image":"","background-repeat":"repeat","background-position":"center center","background-size":"auto","background-attachment":"scroll","background-type":"","background-media":"","overlay-type":"","overlay-color":"","overlay-opacity":"","overlay-gradient":""},"mobile":{"background-color":"var(--ast-global-color-5)","background-image":"","background-repeat":"repeat","background-position":"center center","background-size":"auto","background-attachment":"scroll","background-type":"","background-media":"","overlay-type":"","overlay-color":"","overlay-opacity":"","overlay-gradient":""}}},"product_cat":[55],"product_tag":[],"class_list":["post-3957","product","type-product","status-publish","has-post-thumbnail","hentry","product_cat-sihell-ferry","desktop-align-left","tablet-align-left","mobile-align-left"],"_links":{"self":[{"href":"https:\/\/www.sunkaraoke.hu\/index.php\/wp-json\/wp\/v2\/product\/3957","targetHints":{"allow":["GET"]}}],"collection":[{"href":"https:\/\/www.sunkaraoke.hu\/index.php\/wp-json\/wp\/v2\/product"}],"about":[{"href":"https:\/\/www.sunkaraoke.hu\/index.php\/wp-json\/wp\/v2\/types\/product"}],"wp:featuredmedia":[{"embeddable":true,"href":"https:\/\/www.sunkaraoke.hu\/index.php\/wp-json\/wp\/v2\/media\/9301"}],"wp:attachment":[{"href":"https:\/\/www.sunkaraoke.hu\/index.php\/wp-json\/wp\/v2\/media?parent=3957"}],"wp:term":[{"taxonomy":"product_cat","embeddable":true,"href":"https:\/\/www.sunkaraoke.hu\/index.php\/wp-json\/wp\/v2\/product_cat?post=3957"},{"taxonomy":"product_tag","embeddable":true,"href":"https:\/\/www.sunkaraoke.hu\/index.php\/wp-json\/wp\/v2\/product_tag?post=3957"}],"curies":[{"name":"wp","href":"https:\/\/api.w.org\/{rel}","templated":true}]}}