{"id":3955,"date":"2022-08-08T20:46:57","date_gmt":"2022-08-08T20:46:57","guid":{"rendered":"https:\/\/www.sunkaraoke.hu\/index.php\/termek\/sihell-ferry-nem-kerek-istenem-aranyat-2\/"},"modified":"2025-04-04T08:37:43","modified_gmt":"2025-04-04T08:37:43","slug":"sihell-ferry-nem-kerek-istenem-aranyat-2","status":"publish","type":"product","link":"https:\/\/www.sunkaraoke.hu\/index.php\/termek\/sihell-ferry-nem-kerek-istenem-aranyat-2\/","title":{"rendered":"<div class=\"wcmp-player-container product-3955\"><audio controlslist=\"nodownload\" data-product=\"3955\"  volume=\"1\"  preload=\"none\" data-lazyloading=\"none\" class=\"wcmp-player track mejs-classic\" data-duration=\"0:32\" data-estimated_duration=\"4\"><source src=\"https:\/\/www.sunkaraoke.hu\/wp-content\/uploads\/2022\/08\/Nem-kerek-istenem-aranyat-vocal-F-kdemooo.mp3\" type=\"audio\/mp3\" \/><\/audio><\/div>Sihell Ferry &#8211; Nem k\u00e9rek istenem aranyat (Original)"},"content":{"rendered":"<p><strong>03:28<\/strong> | <strong><img loading=\"lazy\" decoding=\"async\" class=\"alignnone size-full wp-image-466\" src=\"https:\/\/www.sunkaraoke.hu\/wp-content\/uploads\/2022\/07\/choir_1-copy.webp\" alt=\"\" width=\"30\" height=\"30\" \/> <\/strong><\/p>\n","protected":false},"excerpt":{"rendered":"<h6><strong>Bits\u0171r\u0171s\u00e9g: 320<\/strong>kb\/s<strong><br \/>\n<\/strong><strong>Hossz: <\/strong>03:28<strong><br \/>\n<\/strong><strong style=\"font-size: 16px;\">Vok\u00e1lt tartalmaz: <\/strong>Igen <img loading=\"lazy\" decoding=\"async\" class=\"alignnone size-full wp-image-466\" src=\"http:\/\/www.sunkaraoke.hu\/wp-content\/uploads\/2022\/07\/choir_1-copy.png\" alt=\"\" width=\"30\" height=\"30\" \/><strong style=\"font-size: 16px;\"><br \/>\n<\/strong><\/h6>\n<p>Sunkaraoke mp3 st\u00fadi\u00f3 \/ www.sunkaraoke.hu \/ Inf: Tel: 06 20 4275001<\/p>\n<p>Nem k\u00e9rek istenem aranyat, nem k\u00e9rek csillog\u00e1st,<br \/>\ncsak boldogs\u00e1g legyen a sz\u00edvemben, \u00e9s legyen ki mindig hazav\u00e1r.<br \/>\nNem k\u00e9rek a sorst\u00f3l \u00e9n egyebet, csak az asztalra mindig kenyeret,<br \/>\n\u00e9des cs\u00f3kot sok-sok j\u00f3 bort, j\u00f3 eg\u00e9zs\u00e9get.<br \/>\nNem k\u00e9rek istenem aranyat, nem k\u00e9rek csillog\u00e1st,<br \/>\ncsak boldogs\u00e1g legyen a sz\u00edvemben, \u00e9s legyen ki mindig hazav\u00e1r.<br \/>\nNem k\u00e9rek a sorst\u00f3l \u00e9n egyebet, csak az asztalra mindig kenyeret,<br \/>\n\u00e9des cs\u00f3kot sok-sok j\u00f3 bort, j\u00f3 eg\u00e9zs\u00e9get.<br \/>\nTudod \u00e9n cs\u00f3r\u00f3 vagyok , de nagyon gazdag,<br \/>\nmert boldog az \u00e9n sz\u00edvem.<br \/>\n\u00dcres zsebbel is vid\u00e1m vagyok, ha l\u00e1tom k\u00e9t szemed.<br \/>\nCsib\u00e9sz vagyok ,nem tagadom de \u00e9lni tudni kell,<br \/>\n\u00e9n csak annak adom a lelkemet aki szeret engemet.<br \/>\nNem k\u00e9rek istenem aranyat, nem k\u00e9rek csillog\u00e1st,<br \/>\ncsak boldogs\u00e1g legyen a sz\u00edvemben, \u00e9s legyen ki mindig hazav\u00e1r.<br \/>\nNem k\u00e9rek a sorst\u00f3l \u00e9n egyebet, csak az asztalra mindig kenyeret,<br \/>\n\u00e9des cs\u00f3kot sok-sok j\u00f3 bort, j\u00f3 eg\u00e9zs\u00e9get.<br \/>\nNem k\u00e9rek istenem aranyat, nem k\u00e9rek csillog\u00e1st,<br \/>\ncsak boldogs\u00e1g legyen a sz\u00edvemben, \u00e9s legyen ki mindig hazav\u00e1r.<br \/>\nNem k\u00e9rek a sorst\u00f3l \u00e9n egyebet, csak az asztalra mindig kenyeret,<br \/>\n\u00e9des cs\u00f3kot sok-sok j\u00f3 bort, j\u00f3 eg\u00e9zs\u00e9get.<br \/>\nCsak nekem h\u00fazzad a n\u00f3t\u00e1mat, gyere h\u00fazd a f\u00fclembe,<br \/>\n\u00e1tmulatom az \u00e9jszak\u00e1t hallkan csendesen.<br \/>\nBennem a m\u00fazsika sz\u00f3 v\u00e9rr\u00e9 v\u00e1llik, boldog a sz\u00edvem,<br \/>\negyet-kett\u0151t iszom n\u00e9ha mert \u00edgy sz\u00e9p az \u00e9let.<br \/>\nNem k\u00e9rek istenem aranyat, nem k\u00e9rek csillog\u00e1st,<br \/>\ncsak boldogs\u00e1g legyen a sz\u00edvemben, \u00e9s legyen ki mindig hazav\u00e1r.<br \/>\nNem k\u00e9rek a sorst\u00f3l \u00e9n egyebet, csak az asztalra mindig kenyeret,<br \/>\n\u00e9des cs\u00f3kot sok-sok j\u00f3 bort, j\u00f3 eg\u00e9zs\u00e9get.<br \/>\nNem k\u00e9rek istenem aranyat, nem k\u00e9rek csillog\u00e1st,<br \/>\ncsak boldogs\u00e1g legyen a sz\u00edvemben, \u00e9s legyen ki mindig hazav\u00e1r.<br \/>\nNem k\u00e9rek a sorst\u00f3l \u00e9n egyebet, csak az asztalra mindig kenyeret,<br \/>\n\u00e9des cs\u00f3kot sok-sok j\u00f3 bort, j\u00f3 eg\u00e9zs\u00e9get.<br \/>\n\u00c9des cs\u00f3kot sok-sok j\u00f3 bort, j\u00f3 eg\u00e9zs\u00e9get.<br \/>\n\u00c9des cs\u00f3kot sok-sok j\u00f3 bort, j\u00f3 eg\u00e9zs\u00e9get.<br \/>\n&#8212;V\u00e9ge&#8212;<\/p>\n","protected":false},"featured_media":9301,"template":"","meta":{"site-sidebar-layout":"default","site-content-layout":"default","ast-site-content-layout":"default","site-content-style":"default","site-sidebar-style":"default","ast-global-header-display":"","ast-banner-title-visibility":"","ast-main-header-display":"","ast-hfb-above-header-display":"","ast-hfb-below-header-display":"","ast-hfb-mobile-header-display":"","site-post-title":"","ast-breadcrumbs-content":"","ast-featured-img":"","footer-sml-layout":"","theme-transparent-header-meta":"default","adv-header-id-meta":"","stick-header-meta":"","header-above-stick-meta":"","header-main-stick-meta":"","header-below-stick-meta":"","astra-migrate-meta-layouts":"set","ast-page-background-enabled":"default","ast-page-background-meta":{"desktop":{"background-color":"var(--ast-global-color-4)","background-image":"","background-repeat":"repeat","background-position":"center center","background-size":"auto","background-attachment":"scroll","background-type":"","background-media":"","overlay-type":"","overlay-color":"","overlay-opacity":"","overlay-gradient":""},"tablet":{"background-color":"","background-image":"","background-repeat":"repeat","background-position":"center center","background-size":"auto","background-attachment":"scroll","background-type":"","background-media":"","overlay-type":"","overlay-color":"","overlay-opacity":"","overlay-gradient":""},"mobile":{"background-color":"","background-image":"","background-repeat":"repeat","background-position":"center center","background-size":"auto","background-attachment":"scroll","background-type":"","background-media":"","overlay-type":"","overlay-color":"","overlay-opacity":"","overlay-gradient":""}},"ast-content-background-meta":{"desktop":{"background-color":"var(--ast-global-color-5)","background-image":"","background-repeat":"repeat","background-position":"center center","background-size":"auto","background-attachment":"scroll","background-type":"","background-media":"","overlay-type":"","overlay-color":"","overlay-opacity":"","overlay-gradient":""},"tablet":{"background-color":"var(--ast-global-color-5)","background-image":"","background-repeat":"repeat","background-position":"center center","background-size":"auto","background-attachment":"scroll","background-type":"","background-media":"","overlay-type":"","overlay-color":"","overlay-opacity":"","overlay-gradient":""},"mobile":{"background-color":"var(--ast-global-color-5)","background-image":"","background-repeat":"repeat","background-position":"center center","background-size":"auto","background-attachment":"scroll","background-type":"","background-media":"","overlay-type":"","overlay-color":"","overlay-opacity":"","overlay-gradient":""}}},"product_cat":[55],"product_tag":[],"class_list":["post-3955","product","type-product","status-publish","has-post-thumbnail","hentry","product_cat-sihell-ferry","desktop-align-left","tablet-align-left","mobile-align-left"],"_links":{"self":[{"href":"https:\/\/www.sunkaraoke.hu\/index.php\/wp-json\/wp\/v2\/product\/3955","targetHints":{"allow":["GET"]}}],"collection":[{"href":"https:\/\/www.sunkaraoke.hu\/index.php\/wp-json\/wp\/v2\/product"}],"about":[{"href":"https:\/\/www.sunkaraoke.hu\/index.php\/wp-json\/wp\/v2\/types\/product"}],"wp:featuredmedia":[{"embeddable":true,"href":"https:\/\/www.sunkaraoke.hu\/index.php\/wp-json\/wp\/v2\/media\/9301"}],"wp:attachment":[{"href":"https:\/\/www.sunkaraoke.hu\/index.php\/wp-json\/wp\/v2\/media?parent=3955"}],"wp:term":[{"taxonomy":"product_cat","embeddable":true,"href":"https:\/\/www.sunkaraoke.hu\/index.php\/wp-json\/wp\/v2\/product_cat?post=3955"},{"taxonomy":"product_tag","embeddable":true,"href":"https:\/\/www.sunkaraoke.hu\/index.php\/wp-json\/wp\/v2\/product_tag?post=3955"}],"curies":[{"name":"wp","href":"https:\/\/api.w.org\/{rel}","templated":true}]}}