{"id":3954,"date":"2022-08-08T20:46:56","date_gmt":"2022-08-08T20:46:56","guid":{"rendered":"https:\/\/www.sunkaraoke.hu\/index.php\/termek\/sihell-ferry-nem-sajnalom-ra-a-penzt-2\/"},"modified":"2025-04-04T08:34:42","modified_gmt":"2025-04-04T08:34:42","slug":"sihell-ferry-nem-sajnalom-ra-a-penzt-2","status":"publish","type":"product","link":"https:\/\/www.sunkaraoke.hu\/index.php\/termek\/sihell-ferry-nem-sajnalom-ra-a-penzt-2\/","title":{"rendered":"<div class=\"wcmp-player-container product-3954\"><audio controlslist=\"nodownload\" data-product=\"3954\"  volume=\"1\"  preload=\"none\" data-lazyloading=\"none\" class=\"wcmp-player track mejs-classic\" data-duration=\"0:32\" data-estimated_duration=\"4\"><source src=\"https:\/\/www.sunkaraoke.hu\/wp-content\/uploads\/2022\/08\/Nem-sajnalom-ra-a-penzt-vocal-F-kdemoooou.mp3\" type=\"audio\/mp3\" \/><\/audio><\/div>Sihell Ferry &#8211; Nem sajn\u00e1lom r\u00e1 a p\u00e9nzt (Original)"},"content":{"rendered":"<p><strong>03:51<\/strong> | <strong><img loading=\"lazy\" decoding=\"async\" class=\"alignnone size-full wp-image-466\" src=\"https:\/\/www.sunkaraoke.hu\/wp-content\/uploads\/2022\/07\/choir_1-copy.webp\" alt=\"\" width=\"30\" height=\"30\" \/> <\/strong><\/p>\n","protected":false},"excerpt":{"rendered":"<h6><strong>Bits\u0171r\u0171s\u00e9g: 320<\/strong>kb\/s<strong><br \/>\n<\/strong><strong>Hossz: <\/strong>03:51<strong><br \/>\n<\/strong><strong style=\"font-size: 16px;\">Vok\u00e1lt tartalmaz: <\/strong>Igen <img loading=\"lazy\" decoding=\"async\" class=\"alignnone size-full wp-image-466\" src=\"http:\/\/www.sunkaraoke.hu\/wp-content\/uploads\/2022\/07\/choir_1-copy.png\" alt=\"\" width=\"30\" height=\"30\" \/><strong style=\"font-size: 16px;\"><br \/>\n<\/strong><\/h6>\n<p>Sunkaraoke mp3 st\u00fadi\u00f3 \/ www.sunkaraoke.hu \/ Inf: Tel: 06 20 4275001<\/p>\n<p>&#8212;Intr\u00f3&#8212;<br \/>\n\u00c9n nem sajn\u00e1lom r\u00e1 a p\u00e9nzt, hogy boldog legyek,<br \/>\nelmulatom mindenem a s\u00edrba semmit nem viszek.<br \/>\nEszem iszom mulatok \u00edgy boldog vagyok,<br \/>\na j\u00f3kedvet a vid\u00e1ms\u00e1got egyed\u0171l nem hagyom.<\/p>\n<p>Nem sajn\u00e1lom r\u00e1 a p\u00e9nzt,hogy boldog legyek,<br \/>\nelmulatom mindenem a s\u00edrba semmit nem viszek,<br \/>\neszem iszom mulatok, \u00edgy boldog vagyok,<br \/>\na j\u00f3kedvet a vid\u00e1ms\u00e1got, a s\u00edrig hordozom.<\/p>\n<p>Egy \u00e9let j\u00e1r, ami csak nekem,<br \/>\nazt teszem \u00e9n amit szeretek.<br \/>\nSok \u00e9jszak\u00e1t \u00e1tmulatok,<br \/>\na sz\u00edvemet f\u00e1jni nem hagyom, nem hagyom.<\/p>\n<p>\u00c9n nem sajn\u00e1lom r\u00e1 a p\u00e9nzt, hogy boldog legyek,<br \/>\nelmulatom mindenem a s\u00edrba semmit nem viszek.<br \/>\nEszem iszom mulatok \u00edgy boldog vagyok,<br \/>\na j\u00f3kedvet a vid\u00e1ms\u00e1got egyed\u0171l nem hagyom.<\/p>\n<p>Nem sajn\u00e1lom r\u00e1 a p\u00e9nzt,hogy boldog legyek,<br \/>\nelmulatom mindenem a s\u00edrba semmit nem viszek,<br \/>\neszem iszom mulatok, \u00edgy boldog vagyok,<br \/>\na j\u00f3kedvet a vid\u00e1ms\u00e1got, a s\u00edrig hordozom.<\/p>\n<p>Egy \u00e9let j\u00e1r, ami csak nekem,<br \/>\ncsak \u00fagy kell nekem, ha \u0151 van velem.<br \/>\nA kedvesem a mindenem, a szerelm\u00e9\u00e9rt,<br \/>\nb\u00e1rmit megteszek, megteszek.<\/p>\n<p>\u00c9n nem sajn\u00e1lom r\u00e1 a p\u00e9nzt, hogy boldog legyek,<br \/>\nelmulatom mindenem a s\u00edrba semmit nem viszek.<br \/>\nEszem iszom mulatok \u00edgy boldog vagyok,<br \/>\na j\u00f3kedvet a vid\u00e1ms\u00e1got egyed\u0171l nem hagyom.<\/p>\n<p>Nem sajn\u00e1lom r\u00e1 a p\u00e9nzt,hogy boldog legyek,<br \/>\nelmulatom mindenem a s\u00edrba semmit nem viszek,<br \/>\neszem iszom mulatok, \u00edgy boldog vagyok,<br \/>\na j\u00f3kedvet a vid\u00e1ms\u00e1got, a s\u00edrig hordozom.<\/p>\n<p>Nem sajn\u00e1lom r\u00e1 a p\u00e9nzt, hogy boldog legyek,<br \/>\nelmulatom mindenem a s\u00edrba semmit nem viszek.<br \/>\nEszem iszom mulatok \u00edgy boldog vagyok,<br \/>\na j\u00f3kedvet a vid\u00e1ms\u00e1got egyed\u0171l nem hagyom.<\/p>\n<p>Nem sajn\u00e1lom r\u00e1 a p\u00e9nzt,hogy boldog legyek,<br \/>\nelmulatom mindenem a s\u00edrba semmit nem viszek,<br \/>\neszem iszom mulatok, \u00edgy boldog vagyok,<br \/>\na j\u00f3kedvet a vid\u00e1ms\u00e1got, a s\u00edrig hordozom.<br \/>\n&#8212;V\u00e9ge&#8212;<\/p>\n","protected":false},"featured_media":9301,"template":"","meta":{"site-sidebar-layout":"default","site-content-layout":"default","ast-site-content-layout":"default","site-content-style":"default","site-sidebar-style":"default","ast-global-header-display":"","ast-banner-title-visibility":"","ast-main-header-display":"","ast-hfb-above-header-display":"","ast-hfb-below-header-display":"","ast-hfb-mobile-header-display":"","site-post-title":"","ast-breadcrumbs-content":"","ast-featured-img":"","footer-sml-layout":"","theme-transparent-header-meta":"default","adv-header-id-meta":"","stick-header-meta":"","header-above-stick-meta":"","header-main-stick-meta":"","header-below-stick-meta":"","astra-migrate-meta-layouts":"set","ast-page-background-enabled":"default","ast-page-background-meta":{"desktop":{"background-color":"var(--ast-global-color-4)","background-image":"","background-repeat":"repeat","background-position":"center center","background-size":"auto","background-attachment":"scroll","background-type":"","background-media":"","overlay-type":"","overlay-color":"","overlay-opacity":"","overlay-gradient":""},"tablet":{"background-color":"","background-image":"","background-repeat":"repeat","background-position":"center center","background-size":"auto","background-attachment":"scroll","background-type":"","background-media":"","overlay-type":"","overlay-color":"","overlay-opacity":"","overlay-gradient":""},"mobile":{"background-color":"","background-image":"","background-repeat":"repeat","background-position":"center center","background-size":"auto","background-attachment":"scroll","background-type":"","background-media":"","overlay-type":"","overlay-color":"","overlay-opacity":"","overlay-gradient":""}},"ast-content-background-meta":{"desktop":{"background-color":"var(--ast-global-color-5)","background-image":"","background-repeat":"repeat","background-position":"center center","background-size":"auto","background-attachment":"scroll","background-type":"","background-media":"","overlay-type":"","overlay-color":"","overlay-opacity":"","overlay-gradient":""},"tablet":{"background-color":"var(--ast-global-color-5)","background-image":"","background-repeat":"repeat","background-position":"center center","background-size":"auto","background-attachment":"scroll","background-type":"","background-media":"","overlay-type":"","overlay-color":"","overlay-opacity":"","overlay-gradient":""},"mobile":{"background-color":"var(--ast-global-color-5)","background-image":"","background-repeat":"repeat","background-position":"center center","background-size":"auto","background-attachment":"scroll","background-type":"","background-media":"","overlay-type":"","overlay-color":"","overlay-opacity":"","overlay-gradient":""}}},"product_cat":[55],"product_tag":[],"class_list":["post-3954","product","type-product","status-publish","has-post-thumbnail","hentry","product_cat-sihell-ferry","desktop-align-left","tablet-align-left","mobile-align-left"],"_links":{"self":[{"href":"https:\/\/www.sunkaraoke.hu\/index.php\/wp-json\/wp\/v2\/product\/3954","targetHints":{"allow":["GET"]}}],"collection":[{"href":"https:\/\/www.sunkaraoke.hu\/index.php\/wp-json\/wp\/v2\/product"}],"about":[{"href":"https:\/\/www.sunkaraoke.hu\/index.php\/wp-json\/wp\/v2\/types\/product"}],"wp:featuredmedia":[{"embeddable":true,"href":"https:\/\/www.sunkaraoke.hu\/index.php\/wp-json\/wp\/v2\/media\/9301"}],"wp:attachment":[{"href":"https:\/\/www.sunkaraoke.hu\/index.php\/wp-json\/wp\/v2\/media?parent=3954"}],"wp:term":[{"taxonomy":"product_cat","embeddable":true,"href":"https:\/\/www.sunkaraoke.hu\/index.php\/wp-json\/wp\/v2\/product_cat?post=3954"},{"taxonomy":"product_tag","embeddable":true,"href":"https:\/\/www.sunkaraoke.hu\/index.php\/wp-json\/wp\/v2\/product_tag?post=3954"}],"curies":[{"name":"wp","href":"https:\/\/api.w.org\/{rel}","templated":true}]}}