{"id":3952,"date":"2022-08-08T20:46:56","date_gmt":"2022-08-08T20:46:56","guid":{"rendered":"https:\/\/www.sunkaraoke.hu\/index.php\/termek\/sihell-ferry-mulass-hat-ha-jo-kedved-van\/"},"modified":"2025-04-04T08:15:49","modified_gmt":"2025-04-04T08:15:49","slug":"sihell-ferry-mulass-hat-ha-jo-kedved-van","status":"publish","type":"product","link":"https:\/\/www.sunkaraoke.hu\/index.php\/termek\/sihell-ferry-mulass-hat-ha-jo-kedved-van\/","title":{"rendered":"<div class=\"wcmp-player-container product-3952\"><audio controlslist=\"nodownload\" data-product=\"3952\"  volume=\"1\"  preload=\"none\" data-lazyloading=\"none\" class=\"wcmp-player track mejs-classic\" data-duration=\"0:34\" data-estimated_duration=\"4\"><source src=\"https:\/\/www.sunkaraoke.hu\/wp-content\/uploads\/2022\/08\/Mulass-hat-ha-jo-kedved-van-Vocal-demooo.mp3\" type=\"audio\/mp3\" \/><\/audio><\/div>Sihell Ferry &#8211; Mulass h\u00e1t ha j\u00f3 kedved van (Original)"},"content":{"rendered":"<p><strong>04:03<\/strong> | <strong><img loading=\"lazy\" decoding=\"async\" class=\"alignnone size-full wp-image-466\" src=\"https:\/\/www.sunkaraoke.hu\/wp-content\/uploads\/2022\/07\/choir_1-copy.webp\" alt=\"\" width=\"30\" height=\"30\" \/> <\/strong><\/p>\n","protected":false},"excerpt":{"rendered":"<h6><strong>Bits\u0171r\u0171s\u00e9g: 320<\/strong>kb\/s<strong><br \/>\n<\/strong><strong>Hossz: <\/strong>04:03<strong><br \/>\n<\/strong><strong style=\"font-size: 16px;\">Vok\u00e1lt tartalmaz: <\/strong>Igen <img loading=\"lazy\" decoding=\"async\" class=\"alignnone size-full wp-image-466\" src=\"http:\/\/www.sunkaraoke.hu\/wp-content\/uploads\/2022\/07\/choir_1-copy.png\" alt=\"\" width=\"30\" height=\"30\" \/><strong style=\"font-size: 16px;\"><br \/>\n<\/strong><\/h6>\n<p>Sunkaraoke mp3 st\u00fadi\u00f3 \/ www.sunkaraoke.hu \/ Inf: Tel: 06 20 4275001<\/p>\n<p>Mulass h\u00e1t ha j\u00f3 kedved van,<br \/>\n\u0171zzed el a b\u00e1natodat,<br \/>\neg\u00e9sz \u00e9jjel neked sz\u00f3l az \u00e9n n\u00f3t\u00e1m,<br \/>\nakkor is csak annyit mondok,<br \/>\nfelejtsd el most minden gondod gyere gyere \u00e9rezd magad j\u00f3l.<br \/>\n\u00c9n akkor is csak annyit mondok felejtsd el most minden gondod,<br \/>\ngyere gyere \u00e9rezd magad j\u00f3l.<\/p>\n<p>Mulass h\u00e1t ha j\u00f3kedved van,<br \/>\nnem sz\u00e1m\u00edt hogy mi lesz holnap,<br \/>\nami elm\u00falt visszas\u00edrni nagyon k\u00e1r.<br \/>\nEgy k\u00e9t ital v\u00edgasztal majd felejtsd el a b\u00e1natodat,<br \/>\ngyere gyere \u00e9rezd magad j\u00f3l.<br \/>\nEgy k\u00e9t ital v\u00edgasztal majd felejtsd el a b\u00e1natodat,<br \/>\ngyere gyere \u00e9rezd magad j\u00f3l.<\/p>\n<p>Rit\u00e1n\u00e1n\u00e1rit\u00e1nd\u00e9j.. hossz\u00fa m\u00e9g az \u00e9jszaka nem megy\u00fcnk mi m\u00e9g haza,<br \/>\nrit\u00e1n\u00e1n\u00e1rit\u00e1nd\u00e9j&#8230; m\u00edg a hajnal r\u00e1nk nem tal\u00e1l majd.<br \/>\nRit\u00e1n\u00e1n\u00e1rit\u00e1nd\u00e9j&#8230; ha a p\u00e9nz\u00fcnk elfogyott m\u00e9g akkor is mulatunk,<br \/>\nrit\u00e1n\u00e1n\u00e1rit\u00e1nd\u00e9j&#8230;. m\u00edg a nap majd r\u00e1nk nem ragyoghat.<\/p>\n<p>Mulass h\u00e1t ha j\u00f3 kedved van \u0171zzed el a b\u00e1natodat,<br \/>\neg\u00e9sz \u00e9jjel neked sz\u00f3l az \u00e9n n\u00f3t\u00e1m,<br \/>\nAkkor is csak annyit mondok felejtsd el most minden gondod,<br \/>\ngyere gyere \u00e9rezd magad j\u00f3l,<br \/>\n\u00e9n akkor is csak annnyit mondok,<br \/>\nfelejtsd el most minden gondod,<br \/>\ngyere gyere \u00e9rezd magad j\u00f3l.<\/p>\n<p>Mulass h\u00e1t ha j\u00f3 kedved van,<br \/>\nnem sz\u00e1m\u00edt hogy mi lesz holnap ,<br \/>\nami elm\u00falt visszas\u00edrni nagyon k\u00e1r.<br \/>\nEgy k\u00e9t ital v\u00edgasztal majd felejtsd el a b\u00e1natodat,<br \/>\ngyere gyere \u00e9rezd magad j\u00f3l.<br \/>\nEgy k\u00e9t ital v\u00edgasztal majd felejtsd el a b\u00e1natodat,<br \/>\ngyere gyere \u00e9rezd magad j\u00f3l.<br \/>\nRit\u00e1n\u00e1n\u00e1rit\u00e1nd\u00e9j.. hossz\u00fa m\u00e9g az \u00e9jszaka nem megy\u00fcnk mi m\u00e9g haza,<br \/>\nrit\u00e1n\u00e1n\u00e1rit\u00e1nd\u00e9j&#8230; m\u00edg a hajnal r\u00e1nk nem tal\u00e1l majd.<br \/>\nRit\u00e1n\u00e1n\u00e1rit\u00e1nd\u00e9j&#8230; ha a p\u00e9nz\u00fcnk elfogyott m\u00e9g akkor is mulatunk,<br \/>\nrit\u00e1n\u00e1n\u00e1rit\u00e1nd\u00e9j&#8230;. m\u00edg a nap majd r\u00e1nk nem ragyoghat.<\/p>\n<p>Rit\u00e1n\u00e1n\u00e1rit\u00e1nd\u00e9j.. hossz\u00fa m\u00e9g az \u00e9jszaka nem megy\u00fcnk mi m\u00e9g haza,<br \/>\nrit\u00e1n\u00e1n\u00e1rit\u00e1nd\u00e9j&#8230; m\u00edg a hajnal r\u00e1nk nem tal\u00e1l majd.<br \/>\nRit\u00e1n\u00e1n\u00e1rit\u00e1nd\u00e9j&#8230; ha a p\u00e9nz\u00fcnk elfogyott m\u00e9g akkor is mulatunk,<br \/>\nrit\u00e1n\u00e1n\u00e1rit\u00e1nd\u00e9j&#8230;. m\u00edg a nap majd r\u00e1nk nem ragyoghat.<br \/>\n&#8212;V\u00e9ge&#8212;<\/p>\n","protected":false},"featured_media":9301,"template":"","meta":{"site-sidebar-layout":"default","site-content-layout":"default","ast-site-content-layout":"default","site-content-style":"default","site-sidebar-style":"default","ast-global-header-display":"","ast-banner-title-visibility":"","ast-main-header-display":"","ast-hfb-above-header-display":"","ast-hfb-below-header-display":"","ast-hfb-mobile-header-display":"","site-post-title":"","ast-breadcrumbs-content":"","ast-featured-img":"","footer-sml-layout":"","theme-transparent-header-meta":"default","adv-header-id-meta":"","stick-header-meta":"","header-above-stick-meta":"","header-main-stick-meta":"","header-below-stick-meta":"","astra-migrate-meta-layouts":"set","ast-page-background-enabled":"default","ast-page-background-meta":{"desktop":{"background-color":"var(--ast-global-color-4)","background-image":"","background-repeat":"repeat","background-position":"center center","background-size":"auto","background-attachment":"scroll","background-type":"","background-media":"","overlay-type":"","overlay-color":"","overlay-opacity":"","overlay-gradient":""},"tablet":{"background-color":"","background-image":"","background-repeat":"repeat","background-position":"center center","background-size":"auto","background-attachment":"scroll","background-type":"","background-media":"","overlay-type":"","overlay-color":"","overlay-opacity":"","overlay-gradient":""},"mobile":{"background-color":"","background-image":"","background-repeat":"repeat","background-position":"center center","background-size":"auto","background-attachment":"scroll","background-type":"","background-media":"","overlay-type":"","overlay-color":"","overlay-opacity":"","overlay-gradient":""}},"ast-content-background-meta":{"desktop":{"background-color":"var(--ast-global-color-5)","background-image":"","background-repeat":"repeat","background-position":"center center","background-size":"auto","background-attachment":"scroll","background-type":"","background-media":"","overlay-type":"","overlay-color":"","overlay-opacity":"","overlay-gradient":""},"tablet":{"background-color":"var(--ast-global-color-5)","background-image":"","background-repeat":"repeat","background-position":"center center","background-size":"auto","background-attachment":"scroll","background-type":"","background-media":"","overlay-type":"","overlay-color":"","overlay-opacity":"","overlay-gradient":""},"mobile":{"background-color":"var(--ast-global-color-5)","background-image":"","background-repeat":"repeat","background-position":"center center","background-size":"auto","background-attachment":"scroll","background-type":"","background-media":"","overlay-type":"","overlay-color":"","overlay-opacity":"","overlay-gradient":""}}},"product_cat":[55],"product_tag":[],"class_list":["post-3952","product","type-product","status-publish","has-post-thumbnail","hentry","product_cat-sihell-ferry","desktop-align-left","tablet-align-left","mobile-align-left"],"_links":{"self":[{"href":"https:\/\/www.sunkaraoke.hu\/index.php\/wp-json\/wp\/v2\/product\/3952","targetHints":{"allow":["GET"]}}],"collection":[{"href":"https:\/\/www.sunkaraoke.hu\/index.php\/wp-json\/wp\/v2\/product"}],"about":[{"href":"https:\/\/www.sunkaraoke.hu\/index.php\/wp-json\/wp\/v2\/types\/product"}],"wp:featuredmedia":[{"embeddable":true,"href":"https:\/\/www.sunkaraoke.hu\/index.php\/wp-json\/wp\/v2\/media\/9301"}],"wp:attachment":[{"href":"https:\/\/www.sunkaraoke.hu\/index.php\/wp-json\/wp\/v2\/media?parent=3952"}],"wp:term":[{"taxonomy":"product_cat","embeddable":true,"href":"https:\/\/www.sunkaraoke.hu\/index.php\/wp-json\/wp\/v2\/product_cat?post=3952"},{"taxonomy":"product_tag","embeddable":true,"href":"https:\/\/www.sunkaraoke.hu\/index.php\/wp-json\/wp\/v2\/product_tag?post=3952"}],"curies":[{"name":"wp","href":"https:\/\/api.w.org\/{rel}","templated":true}]}}