{"id":3950,"date":"2022-08-08T20:46:56","date_gmt":"2022-08-08T20:46:56","guid":{"rendered":"https:\/\/www.sunkaraoke.hu\/index.php\/termek\/sihell-ferry-feltelek\/"},"modified":"2025-04-04T08:22:18","modified_gmt":"2025-04-04T08:22:18","slug":"sihell-ferry-feltelek","status":"publish","type":"product","link":"https:\/\/www.sunkaraoke.hu\/index.php\/termek\/sihell-ferry-feltelek\/","title":{"rendered":"<div class=\"wcmp-player-container product-3950\"><audio controlslist=\"nodownload\" data-product=\"3950\"  volume=\"1\"  preload=\"none\" data-lazyloading=\"none\" class=\"wcmp-player track mejs-classic\" data-duration=\"0:34\" data-estimated_duration=\"4\"><source src=\"https:\/\/www.sunkaraoke.hu\/wp-content\/uploads\/2022\/08\/Feltelek-Vocal-F-kdemoo.mp3\" type=\"audio\/mp3\" \/><\/audio><\/div>Sihell Ferry &#8211; F\u00e9ltelek (Original)"},"content":{"rendered":"<p><strong>03:30<\/strong> | <strong><img loading=\"lazy\" decoding=\"async\" class=\"alignnone size-full wp-image-466\" src=\"https:\/\/www.sunkaraoke.hu\/wp-content\/uploads\/2022\/07\/choir_1-copy.webp\" alt=\"\" width=\"30\" height=\"30\" \/> <\/strong><\/p>\n","protected":false},"excerpt":{"rendered":"<h6><strong>Bits\u0171r\u0171s\u00e9g: 320<\/strong>kb\/s<strong><br \/>\n<\/strong><strong>Hossz: <\/strong>03:30<strong><br \/>\n<\/strong><strong style=\"font-size: 16px;\">Vok\u00e1lt tartalmaz: <\/strong>Igen <img loading=\"lazy\" decoding=\"async\" class=\"alignnone size-full wp-image-466\" src=\"http:\/\/www.sunkaraoke.hu\/wp-content\/uploads\/2022\/07\/choir_1-copy.png\" alt=\"\" width=\"30\" height=\"30\" \/><strong style=\"font-size: 16px;\"><br \/>\n<\/strong><\/h6>\n<p>Sunkaraoke mp3 st\u00fadi\u00f3 \/ www.sunkaraoke.hu \/ Inf: Tel: 06 20 4275001<\/p>\n<p>F\u00e9ltelek az a b\u0171n\u00f6m,<br \/>\nr\u00f3lad \u00e1lmodom minden \u00e9jjel,<br \/>\nnem seg\u00edt csak a k\u00f6nnyem,<br \/>\ncsak t\u00e9ged keres minden \u00e9jjel.<br \/>\n&#8212;Sz\u00f3l\u00f3&#8212;<br \/>\nHogy mondjam el mit rejt a sz\u00edvem,<br \/>\nte leszel \u00fajra tal\u00e1n, egy gy\u00f6ny\u00f6r\u0171 \u00e9jszaka v\u00e1r.<br \/>\nCsak pont \u00edgy legyen szavad \u00e9ltet,<br \/>\nne tudja senki ha f\u00e1j mi\u00e9rt s\u00edr a sz\u00edvem.<br \/>\nF\u00e9ltelek az a b\u0171n\u00f6m,<br \/>\nr\u00f3lad \u00e1lmodom minden \u00e9jjel,<br \/>\nnem seg\u00edt csak a k\u00f6nnyem,<br \/>\ncsak t\u00e9ged keres minden \u00e9jjel.<br \/>\n&#8212;Sz\u00f3l\u00f3&#8212;<br \/>\nNem m\u00falhat el nem lehet v\u00e9ge,<br \/>\nsz\u00edveden olvad a j\u00e9g m\u00e1r k\u00f6nny nincs a szemedben.<br \/>\nHossz\u00fa szab\u00e1ly egy haragos tenger,<br \/>\nrep\u00edt az \u00e1lmokon \u00e1t egy angyal \u00f6rzi a sz\u00edvem.<br \/>\nF\u00e9ltelek az a b\u0171n\u00f6m,<br \/>\nr\u00f3lad \u00e1lmodom minden \u00e9jjel,<br \/>\nnem seg\u00edt csak a k\u00f6nnyem,<br \/>\ncsak t\u00e9ged keres minden \u00e9jjel.<br \/>\nF\u00e9ltelek az a b\u0171n\u00f6m,<br \/>\nr\u00f3lad \u00e1lmodom minden \u00e9jjel,<br \/>\nnem seg\u00edt csak a k\u00f6nnyem,<br \/>\ncsak t\u00e9ged keres minden \u00e9jjel.<br \/>\n&#8212;Sz\u00f3l\u00f3&#8212;<\/p>\n<p>F\u00e9ltelek az a b\u0171n\u00f6m,<br \/>\nr\u00f3lad \u00e1lmodom minden \u00e9jjel,<br \/>\nnem seg\u00edt csak a k\u00f6nnyem,<br \/>\ncsak t\u00e9ged keres minden \u00e9jjel.<br \/>\nF\u00e9ltelek az a b\u0171n\u00f6m,<br \/>\nr\u00f3lad \u00e1lmodom minden \u00e9jjel,<br \/>\nnem seg\u00edt csak a k\u00f6nnyem,<br \/>\ncsak t\u00e9ged keres minden \u00e9jjel.<br \/>\n&#8212;V\u00e9ge&#8212;<\/p>\n","protected":false},"featured_media":9301,"template":"","meta":{"site-sidebar-layout":"default","site-content-layout":"default","ast-site-content-layout":"default","site-content-style":"default","site-sidebar-style":"default","ast-global-header-display":"","ast-banner-title-visibility":"","ast-main-header-display":"","ast-hfb-above-header-display":"","ast-hfb-below-header-display":"","ast-hfb-mobile-header-display":"","site-post-title":"","ast-breadcrumbs-content":"","ast-featured-img":"","footer-sml-layout":"","theme-transparent-header-meta":"default","adv-header-id-meta":"","stick-header-meta":"","header-above-stick-meta":"","header-main-stick-meta":"","header-below-stick-meta":"","astra-migrate-meta-layouts":"set","ast-page-background-enabled":"default","ast-page-background-meta":{"desktop":{"background-color":"var(--ast-global-color-4)","background-image":"","background-repeat":"repeat","background-position":"center center","background-size":"auto","background-attachment":"scroll","background-type":"","background-media":"","overlay-type":"","overlay-color":"","overlay-opacity":"","overlay-gradient":""},"tablet":{"background-color":"","background-image":"","background-repeat":"repeat","background-position":"center center","background-size":"auto","background-attachment":"scroll","background-type":"","background-media":"","overlay-type":"","overlay-color":"","overlay-opacity":"","overlay-gradient":""},"mobile":{"background-color":"","background-image":"","background-repeat":"repeat","background-position":"center center","background-size":"auto","background-attachment":"scroll","background-type":"","background-media":"","overlay-type":"","overlay-color":"","overlay-opacity":"","overlay-gradient":""}},"ast-content-background-meta":{"desktop":{"background-color":"var(--ast-global-color-5)","background-image":"","background-repeat":"repeat","background-position":"center center","background-size":"auto","background-attachment":"scroll","background-type":"","background-media":"","overlay-type":"","overlay-color":"","overlay-opacity":"","overlay-gradient":""},"tablet":{"background-color":"var(--ast-global-color-5)","background-image":"","background-repeat":"repeat","background-position":"center center","background-size":"auto","background-attachment":"scroll","background-type":"","background-media":"","overlay-type":"","overlay-color":"","overlay-opacity":"","overlay-gradient":""},"mobile":{"background-color":"var(--ast-global-color-5)","background-image":"","background-repeat":"repeat","background-position":"center center","background-size":"auto","background-attachment":"scroll","background-type":"","background-media":"","overlay-type":"","overlay-color":"","overlay-opacity":"","overlay-gradient":""}}},"product_cat":[55],"product_tag":[],"class_list":["post-3950","product","type-product","status-publish","has-post-thumbnail","hentry","product_cat-sihell-ferry","desktop-align-left","tablet-align-left","mobile-align-left"],"_links":{"self":[{"href":"https:\/\/www.sunkaraoke.hu\/index.php\/wp-json\/wp\/v2\/product\/3950","targetHints":{"allow":["GET"]}}],"collection":[{"href":"https:\/\/www.sunkaraoke.hu\/index.php\/wp-json\/wp\/v2\/product"}],"about":[{"href":"https:\/\/www.sunkaraoke.hu\/index.php\/wp-json\/wp\/v2\/types\/product"}],"wp:featuredmedia":[{"embeddable":true,"href":"https:\/\/www.sunkaraoke.hu\/index.php\/wp-json\/wp\/v2\/media\/9301"}],"wp:attachment":[{"href":"https:\/\/www.sunkaraoke.hu\/index.php\/wp-json\/wp\/v2\/media?parent=3950"}],"wp:term":[{"taxonomy":"product_cat","embeddable":true,"href":"https:\/\/www.sunkaraoke.hu\/index.php\/wp-json\/wp\/v2\/product_cat?post=3950"},{"taxonomy":"product_tag","embeddable":true,"href":"https:\/\/www.sunkaraoke.hu\/index.php\/wp-json\/wp\/v2\/product_tag?post=3950"}],"curies":[{"name":"wp","href":"https:\/\/api.w.org\/{rel}","templated":true}]}}