{"id":3949,"date":"2022-08-08T20:46:56","date_gmt":"2022-08-08T20:46:56","guid":{"rendered":"https:\/\/www.sunkaraoke.hu\/index.php\/termek\/sihell-ferry-koszonok-mindent\/"},"modified":"2025-04-04T08:09:26","modified_gmt":"2025-04-04T08:09:26","slug":"sihell-ferry-koszonok-mindent","status":"publish","type":"product","link":"https:\/\/www.sunkaraoke.hu\/index.php\/termek\/sihell-ferry-koszonok-mindent\/","title":{"rendered":"<div class=\"wcmp-player-container product-3949\"><audio controlslist=\"nodownload\" data-product=\"3949\"  volume=\"1\"  preload=\"none\" data-lazyloading=\"none\" class=\"wcmp-player track mejs-classic\" data-duration=\"0:36\" data-estimated_duration=\"4\"><source src=\"https:\/\/www.sunkaraoke.hu\/wp-content\/uploads\/2022\/08\/Koszonok-mindent-F-demooo.mp3\" type=\"audio\/mp3\" \/><\/audio><\/div>Sihell Ferry &#8211; K\u00f6sz\u00f6n\u00f6k mindent (Original)"},"content":{"rendered":"<p><strong>03:46<\/strong> | <strong><img loading=\"lazy\" decoding=\"async\" class=\"alignnone size-full wp-image-467\" src=\"https:\/\/www.sunkaraoke.hu\/wp-content\/uploads\/2022\/07\/choir_2-copy.webp\" alt=\"\" width=\"30\" height=\"30\" \/> <\/strong><\/p>\n","protected":false},"excerpt":{"rendered":"<h6><strong>Bits\u0171r\u0171s\u00e9g: 320 <\/strong>kb\/s<strong><br \/>\n<\/strong><strong>Hossz: <\/strong>03:46<strong><br \/>\n<\/strong><strong style=\"font-size: 16px;\">Vok\u00e1lt tartalmaz: <\/strong>Nem <img loading=\"lazy\" decoding=\"async\" class=\"alignnone size-full wp-image-467\" src=\"http:\/\/www.sunkaraoke.hu\/wp-content\/uploads\/2022\/07\/choir_2-copy.png\" alt=\"\" width=\"30\" height=\"30\" \/><strong style=\"font-size: 16px;\"><br \/>\n<\/strong><\/h6>\n<p>Sunkaraoke mp3 st\u00fadi\u00f3 \/ www.sunkaraoke.hu \/ Inf: Tel: 06 20 4275001<\/p>\n<p>&#8212;Intr\u00f3&#8212;<\/p>\n<p>Volt egy fi\u00fa, egy kisfi\u00fa,\u00e1lmait lapokra \u00edrta,<br \/>\npompa csillog\u00e1s a sz\u00ednpad v\u00e1r elj\u00f6n majd, egyszer tal\u00e1n.<br \/>\nJobb lesz majd minden, megvehet mindent,<br \/>\nany\u00e1nak csillog\u00f3 f\u00e9nyes palot\u00e1t,<br \/>\nap\u00e1nak pezsg\u0151t hogy vid\u00e1man \u00e9ljen,<br \/>\ntestv\u00e9reinek sz\u00e9p ruh\u00e1t.<\/p>\n<p>K\u00f6sz\u00f6n\u00f6m istenem, angyalod,<br \/>\naki \u00fagy szeret mint soha senki m\u00e1s,<br \/>\naki velem boldog \u00e9s velem s\u00edr,<br \/>\n\u00e9s \u00e1t\u00f6lel ha valami f\u00e1j.<br \/>\nK\u00f6sz\u00f6n\u00f6m istenem, angyalod,<br \/>\nakit a sz\u00edvem szeret \u00fagy mint senki m\u00e1st,<br \/>\nakit a csal\u00e1domhoz \u0151rangyalnak k\u00fcldt\u00e9l,<br \/>\n\u00e9s a szerelm\u00fcnk ami \u00f6r\u00f6kk\u00e9 tart m\u00e1r,<br \/>\nk\u00f6sz\u00f6n\u00f6k mindent.<\/p>\n<p>Kish\u00e1zik\u00f3 kisablak\u00e1n\u00e1l, t\u00e9lap\u00f3 nem j\u00e1rt,<br \/>\nnem l\u00e1tta t\u00e1n ma rosszak voltunk, de j\u00f6v\u0151re j\u00f3k lesz\u00fcnk,<br \/>\nanyu ne s\u00edrj hidd el j\u00f3k lesz\u00fcnk.<br \/>\nSok sz\u00e9p mes\u00e9t hallottam \u00e9n,a legszebbek voltak,<br \/>\nmit ember \u00edrt. a k\u00e1lyha l\u00e1ngja ha kialudt m\u00e1r,<br \/>\n\u00e1lmaim sz\u00e1rnyaltak tov\u00e1bb tov\u00e1bb.<br \/>\nK\u00f6sz\u00f6n\u00f6m istenem, angyalod,<br \/>\naki \u00fagy szeret mint soha senki m\u00e1s,<br \/>\naki velem boldog \u00e9s velem s\u00edr,<br \/>\n\u00e9s \u00e1t\u00f6lel ha valami f\u00e1j.<br \/>\nK\u00f6sz\u00f6n\u00f6m istenem, angyalod,<br \/>\nakit a sz\u00edvem szeret \u00fagy mint senki m\u00e1st,<br \/>\nakit a csal\u00e1domhoz \u0151rangyalnak k\u00fcldt\u00e9l,<br \/>\n\u00e9s a szerelm\u00fcnk, ami \u00f6r\u00f6kk\u00e9 tart m\u00e1r,<br \/>\nk\u00f6sz\u00f6n\u00f6k mindent.<br \/>\n&#8212;V\u00e9ge&#8212;<\/p>\n","protected":false},"featured_media":9301,"template":"","meta":{"site-sidebar-layout":"default","site-content-layout":"default","ast-site-content-layout":"default","site-content-style":"default","site-sidebar-style":"default","ast-global-header-display":"","ast-banner-title-visibility":"","ast-main-header-display":"","ast-hfb-above-header-display":"","ast-hfb-below-header-display":"","ast-hfb-mobile-header-display":"","site-post-title":"","ast-breadcrumbs-content":"","ast-featured-img":"","footer-sml-layout":"","theme-transparent-header-meta":"default","adv-header-id-meta":"","stick-header-meta":"","header-above-stick-meta":"","header-main-stick-meta":"","header-below-stick-meta":"","astra-migrate-meta-layouts":"set","ast-page-background-enabled":"default","ast-page-background-meta":{"desktop":{"background-color":"var(--ast-global-color-4)","background-image":"","background-repeat":"repeat","background-position":"center center","background-size":"auto","background-attachment":"scroll","background-type":"","background-media":"","overlay-type":"","overlay-color":"","overlay-opacity":"","overlay-gradient":""},"tablet":{"background-color":"","background-image":"","background-repeat":"repeat","background-position":"center center","background-size":"auto","background-attachment":"scroll","background-type":"","background-media":"","overlay-type":"","overlay-color":"","overlay-opacity":"","overlay-gradient":""},"mobile":{"background-color":"","background-image":"","background-repeat":"repeat","background-position":"center center","background-size":"auto","background-attachment":"scroll","background-type":"","background-media":"","overlay-type":"","overlay-color":"","overlay-opacity":"","overlay-gradient":""}},"ast-content-background-meta":{"desktop":{"background-color":"var(--ast-global-color-5)","background-image":"","background-repeat":"repeat","background-position":"center center","background-size":"auto","background-attachment":"scroll","background-type":"","background-media":"","overlay-type":"","overlay-color":"","overlay-opacity":"","overlay-gradient":""},"tablet":{"background-color":"var(--ast-global-color-5)","background-image":"","background-repeat":"repeat","background-position":"center center","background-size":"auto","background-attachment":"scroll","background-type":"","background-media":"","overlay-type":"","overlay-color":"","overlay-opacity":"","overlay-gradient":""},"mobile":{"background-color":"var(--ast-global-color-5)","background-image":"","background-repeat":"repeat","background-position":"center center","background-size":"auto","background-attachment":"scroll","background-type":"","background-media":"","overlay-type":"","overlay-color":"","overlay-opacity":"","overlay-gradient":""}}},"product_cat":[55],"product_tag":[],"class_list":["post-3949","product","type-product","status-publish","has-post-thumbnail","hentry","product_cat-sihell-ferry","desktop-align-left","tablet-align-left","mobile-align-left"],"_links":{"self":[{"href":"https:\/\/www.sunkaraoke.hu\/index.php\/wp-json\/wp\/v2\/product\/3949","targetHints":{"allow":["GET"]}}],"collection":[{"href":"https:\/\/www.sunkaraoke.hu\/index.php\/wp-json\/wp\/v2\/product"}],"about":[{"href":"https:\/\/www.sunkaraoke.hu\/index.php\/wp-json\/wp\/v2\/types\/product"}],"wp:featuredmedia":[{"embeddable":true,"href":"https:\/\/www.sunkaraoke.hu\/index.php\/wp-json\/wp\/v2\/media\/9301"}],"wp:attachment":[{"href":"https:\/\/www.sunkaraoke.hu\/index.php\/wp-json\/wp\/v2\/media?parent=3949"}],"wp:term":[{"taxonomy":"product_cat","embeddable":true,"href":"https:\/\/www.sunkaraoke.hu\/index.php\/wp-json\/wp\/v2\/product_cat?post=3949"},{"taxonomy":"product_tag","embeddable":true,"href":"https:\/\/www.sunkaraoke.hu\/index.php\/wp-json\/wp\/v2\/product_tag?post=3949"}],"curies":[{"name":"wp","href":"https:\/\/api.w.org\/{rel}","templated":true}]}}