{"id":3948,"date":"2022-08-08T20:46:56","date_gmt":"2022-08-08T20:46:56","guid":{"rendered":"https:\/\/www.sunkaraoke.hu\/index.php\/termek\/sihell-ferry-bennunk-is-sziv-dobog\/"},"modified":"2025-04-04T08:25:30","modified_gmt":"2025-04-04T08:25:30","slug":"sihell-ferry-bennunk-is-sziv-dobog","status":"publish","type":"product","link":"https:\/\/www.sunkaraoke.hu\/index.php\/termek\/sihell-ferry-bennunk-is-sziv-dobog\/","title":{"rendered":"<div class=\"wcmp-player-container product-3948\"><audio controlslist=\"nodownload\" data-product=\"3948\"  volume=\"1\"  preload=\"none\" data-lazyloading=\"none\" class=\"wcmp-player track mejs-classic\" data-duration=\"0:34\" data-estimated_duration=\"4\"><source src=\"https:\/\/www.sunkaraoke.hu\/wp-content\/uploads\/2022\/08\/Bennunk-is-sziv-dobog-Vocal-F-kdemoo.mp3\" type=\"audio\/mp3\" \/><\/audio><\/div>Sihell Ferry &#8211; Benn\u00fcnk is sz\u00edv dobog (Original)"},"content":{"rendered":"<p><strong>04:00<\/strong> | <strong><img loading=\"lazy\" decoding=\"async\" class=\"alignnone size-full wp-image-466\" src=\"https:\/\/www.sunkaraoke.hu\/wp-content\/uploads\/2022\/07\/choir_1-copy.webp\" alt=\"\" width=\"30\" height=\"30\" \/> <\/strong><\/p>\n","protected":false},"excerpt":{"rendered":"<h6><strong>Bits\u0171r\u0171s\u00e9g: 320<\/strong>kb\/s<strong><br \/>\n<\/strong><strong>Hossz: <\/strong>04:00<strong><br \/>\n<\/strong><strong style=\"font-size: 16px;\">Vok\u00e1lt tartalmaz: <\/strong>Igen <img loading=\"lazy\" decoding=\"async\" class=\"alignnone size-full wp-image-466\" src=\"http:\/\/www.sunkaraoke.hu\/wp-content\/uploads\/2022\/07\/choir_1-copy.png\" alt=\"\" width=\"30\" height=\"30\" \/><strong style=\"font-size: 16px;\"><br \/>\n<\/strong><\/h6>\n<p>Sunkaraoke mp3 st\u00fadi\u00f3 \/ www.sunkaraoke.hu \/ Inf: Tel: 06 20 4275001<\/p>\n<p>&#8212;Intr\u00f3&#8212;<\/p>\n<p>Sokan mondj\u00e1k hogy mi cig\u00e1nyok,<br \/>\nb\u00e1rmit tesz\u00fcnk az maradunk,<br \/>\nnem lesz\u00fcnk mi soha t\u00f6bb a vil\u00e1gnak, a vil\u00e1gnak.<br \/>\nNem vagyunk j\u00f3k csak rosszak vagyunk,<br \/>\nha rosszat tesz\u00fcnk belehalunk,<br \/>\n\u00e1tkot sz\u00f3rnak minden apr\u00f3 hib\u00e1nkra.<br \/>\nNem vagyunk j\u00f3k, csak rosszak vagyunk,<br \/>\nha rosszat tesz\u00fcnk belehalunk,<br \/>\n\u00e1tkot sz\u00f3rnak minden apr\u00f3 hib\u00e1nkra.<\/p>\n<p>Sokan mondj\u00e1k hogy mi cig\u00e1nyok,<br \/>\nigaz bar\u00e1t t\u00e1rsak vagyunk,<br \/>\nmegtal\u00e1ltuk hely\u00fcnket a vil\u00e1gban, a vil\u00e1gban.<br \/>\nVannak akik nem tagadnak, \u00f6r\u00fclnek \u00e9s vel\u00fcnk s\u00edrnak,<br \/>\naz \u00e9let\u00fcnket adn\u00e1nk egy igaz bar\u00e1t\u00e9rt.<br \/>\nVannak akik nem tagadnak, \u00f6r\u00fclnek \u00e9s vel\u00fcnk s\u00edrnak,<br \/>\naz \u00e9let\u00fcnket adn\u00e1nk egy igaz bar\u00e1t\u00e9rt.<\/p>\n<p>Mert benn\u00fcnk is sz\u00edv dobog,<br \/>\nha b\u00e1ntanak az f\u00e1j,<br \/>\na gyermekeinket szeretj\u00fck \u00fagy sz\u00edvb\u0151l igaz\u00e1n.<br \/>\nR\u00e1nk is s\u0171t a nap,<br \/>\na csillagok ragyognak,<br \/>\nk\u00f6nnycsepp hull az arcunkra, isten vigasztalj.<br \/>\nBenn\u00fcnk is sz\u00edv dobog,<br \/>\nha b\u00e1ntanak az f\u00e1j,<br \/>\na gyermekeinket szeretj\u00fck \u00fagy sz\u00edvb\u0151l igaz\u00e1n.<br \/>\nR\u00e1nk is s\u0171t a nap,<br \/>\na csillagok ragyognak,<br \/>\nk\u00f6nnycsepp hull az arcunkra, isten vigasztalj.<\/p>\n<p>Sokan mondj\u00e1k hogy mi cig\u00e1nyok,<br \/>\nsok sok k\u00f6nnyet boldogs\u00e1got,<br \/>\na zen\u00e9nkel a vid\u00e1ms\u00e1got hozzuk el, hozzuk el.<br \/>\nHa boldog vagy vel\u00fcnk mulass,<br \/>\nha szomor\u00fa vagy ny\u00fajtson vigaszt,<br \/>\nminden dal a sz\u00edv\u00fcnkb\u0151l \u00e9rted sz\u00f3l.<br \/>\nHa boldog vagy vel\u00fcnk mulass,<br \/>\nha szomor\u00fa vagy ny\u00fajtson vigaszt,<br \/>\nminden dal a sz\u00edv\u00fcnkb\u0151l \u00e9rted sz\u00f3l.<br \/>\nSokan mondj\u00e1k hogy mi cig\u00e1nyok,<br \/>\na s\u00edron t\u00fal is m\u00fazsik\u00e1lunk,<br \/>\nmulatunk az \u00e9gen t\u00fal is vid\u00e1man, vid\u00e1man.<br \/>\nN\u00e9h\u00e1ny ital a j\u00f3 zen\u00e9hez,<br \/>\nj\u00f3 t\u00e1rsas\u00e1g csak ez a l\u00e9nyeg,<br \/>\nhogy az \u00e9let k\u00f6nnyek n\u00e9lk\u00fcl m\u00faljon el.<br \/>\nN\u00e9h\u00e1ny ital a j\u00f3 zen\u00e9hez,<br \/>\nj\u00f3 t\u00e1rsas\u00e1g csak ez a l\u00e9nyeg,<br \/>\nhogy az \u00e9let k\u00f6nnyek n\u00e9lk\u00fcl m\u00faljon el.<\/p>\n<p>Mert benn\u00fcnk is sz\u00edv dobog,<br \/>\nha b\u00e1ntanak az f\u00e1j,<br \/>\na gyermekeinket szeretj\u00fck \u00fagy sz\u00edvb\u0151l igaz\u00e1n.<br \/>\nR\u00e1nk is s\u0171t a nap,<br \/>\na csillagok ragyognak,<br \/>\nk\u00f6nnycsepp hull az arcunkra, isten vigasztalj.<br \/>\nBenn\u00fcnk is sz\u00edv dobog,<br \/>\nha b\u00e1ntanak az f\u00e1j,<br \/>\na gyermekeinket szeretj\u00fck \u00fagy sz\u00edvb\u0151l igaz\u00e1n.<br \/>\nR\u00e1nk is s\u0171t a nap,<br \/>\na csillagok ragyognak,<br \/>\nk\u00f6nnycsepp hull az arcunkra, isten vigasztalj.<br \/>\nK\u00f6nnycsepp hull az arcunkra, isten vigasztalj.<br \/>\n&#8212;V\u00e9ge&#8212;<\/p>\n","protected":false},"featured_media":9301,"template":"","meta":{"site-sidebar-layout":"default","site-content-layout":"default","ast-site-content-layout":"default","site-content-style":"default","site-sidebar-style":"default","ast-global-header-display":"","ast-banner-title-visibility":"","ast-main-header-display":"","ast-hfb-above-header-display":"","ast-hfb-below-header-display":"","ast-hfb-mobile-header-display":"","site-post-title":"","ast-breadcrumbs-content":"","ast-featured-img":"","footer-sml-layout":"","theme-transparent-header-meta":"default","adv-header-id-meta":"","stick-header-meta":"","header-above-stick-meta":"","header-main-stick-meta":"","header-below-stick-meta":"","astra-migrate-meta-layouts":"set","ast-page-background-enabled":"default","ast-page-background-meta":{"desktop":{"background-color":"var(--ast-global-color-4)","background-image":"","background-repeat":"repeat","background-position":"center center","background-size":"auto","background-attachment":"scroll","background-type":"","background-media":"","overlay-type":"","overlay-color":"","overlay-opacity":"","overlay-gradient":""},"tablet":{"background-color":"","background-image":"","background-repeat":"repeat","background-position":"center center","background-size":"auto","background-attachment":"scroll","background-type":"","background-media":"","overlay-type":"","overlay-color":"","overlay-opacity":"","overlay-gradient":""},"mobile":{"background-color":"","background-image":"","background-repeat":"repeat","background-position":"center center","background-size":"auto","background-attachment":"scroll","background-type":"","background-media":"","overlay-type":"","overlay-color":"","overlay-opacity":"","overlay-gradient":""}},"ast-content-background-meta":{"desktop":{"background-color":"var(--ast-global-color-5)","background-image":"","background-repeat":"repeat","background-position":"center center","background-size":"auto","background-attachment":"scroll","background-type":"","background-media":"","overlay-type":"","overlay-color":"","overlay-opacity":"","overlay-gradient":""},"tablet":{"background-color":"var(--ast-global-color-5)","background-image":"","background-repeat":"repeat","background-position":"center center","background-size":"auto","background-attachment":"scroll","background-type":"","background-media":"","overlay-type":"","overlay-color":"","overlay-opacity":"","overlay-gradient":""},"mobile":{"background-color":"var(--ast-global-color-5)","background-image":"","background-repeat":"repeat","background-position":"center center","background-size":"auto","background-attachment":"scroll","background-type":"","background-media":"","overlay-type":"","overlay-color":"","overlay-opacity":"","overlay-gradient":""}}},"product_cat":[55],"product_tag":[],"class_list":["post-3948","product","type-product","status-publish","has-post-thumbnail","hentry","product_cat-sihell-ferry","desktop-align-left","tablet-align-left","mobile-align-left"],"_links":{"self":[{"href":"https:\/\/www.sunkaraoke.hu\/index.php\/wp-json\/wp\/v2\/product\/3948","targetHints":{"allow":["GET"]}}],"collection":[{"href":"https:\/\/www.sunkaraoke.hu\/index.php\/wp-json\/wp\/v2\/product"}],"about":[{"href":"https:\/\/www.sunkaraoke.hu\/index.php\/wp-json\/wp\/v2\/types\/product"}],"wp:featuredmedia":[{"embeddable":true,"href":"https:\/\/www.sunkaraoke.hu\/index.php\/wp-json\/wp\/v2\/media\/9301"}],"wp:attachment":[{"href":"https:\/\/www.sunkaraoke.hu\/index.php\/wp-json\/wp\/v2\/media?parent=3948"}],"wp:term":[{"taxonomy":"product_cat","embeddable":true,"href":"https:\/\/www.sunkaraoke.hu\/index.php\/wp-json\/wp\/v2\/product_cat?post=3948"},{"taxonomy":"product_tag","embeddable":true,"href":"https:\/\/www.sunkaraoke.hu\/index.php\/wp-json\/wp\/v2\/product_tag?post=3948"}],"curies":[{"name":"wp","href":"https:\/\/api.w.org\/{rel}","templated":true}]}}