{"id":3947,"date":"2022-08-08T20:46:56","date_gmt":"2022-08-08T20:46:56","guid":{"rendered":"https:\/\/www.sunkaraoke.hu\/index.php\/termek\/sihell-ferry-egy-az-isten\/"},"modified":"2025-04-04T08:28:28","modified_gmt":"2025-04-04T08:28:28","slug":"sihell-ferry-egy-az-isten","status":"publish","type":"product","link":"https:\/\/www.sunkaraoke.hu\/index.php\/termek\/sihell-ferry-egy-az-isten\/","title":{"rendered":"<div class=\"wcmp-player-container product-3947\"><audio controlslist=\"nodownload\" data-product=\"3947\"  volume=\"1\"  preload=\"none\" data-lazyloading=\"none\" class=\"wcmp-player track mejs-classic\" data-duration=\"0:31\" data-estimated_duration=\"4\"><source src=\"https:\/\/www.sunkaraoke.hu\/wp-content\/uploads\/2022\/08\/Egy-az-idten-voc-demoooo.mp3\" type=\"audio\/mp3\" \/><\/audio><\/div>Sihell Ferry &#8211; Egy az Isten (Original)"},"content":{"rendered":"<p><strong>04:11<\/strong> | <strong><img loading=\"lazy\" decoding=\"async\" class=\"alignnone size-full wp-image-466\" src=\"https:\/\/www.sunkaraoke.hu\/wp-content\/uploads\/2022\/07\/choir_1-copy.webp\" alt=\"\" width=\"30\" height=\"30\" \/> <\/strong><\/p>\n","protected":false},"excerpt":{"rendered":"<h6><strong>Bits\u0171r\u0171s\u00e9g: 320<\/strong>kb\/s<strong><br \/>\n<\/strong><strong>Hossz: <\/strong>04:11<strong><br \/>\n<\/strong><strong style=\"font-size: 16px;\">Vok\u00e1lt tartalmaz: <\/strong>Igen <img loading=\"lazy\" decoding=\"async\" class=\"alignnone size-full wp-image-466\" src=\"http:\/\/www.sunkaraoke.hu\/wp-content\/uploads\/2022\/07\/choir_1-copy.png\" alt=\"\" width=\"30\" height=\"30\" \/><strong style=\"font-size: 16px;\"><br \/>\n<\/strong><\/h6>\n<p>Sunkaraoke mp3 st\u00fadi\u00f3 \/ www.sunkaraoke.hu \/ Inf: Tel: 06 20 4275001<\/p>\n<p>&#8212;Intr\u00f3&#8212;<\/p>\n<p>Szeg\u00e9nynek gazdagnak egy az isten,<br \/>\nugyan\u00fagy j\u00e1r a boldogs\u00e1g is hidd el, salalalal.<br \/>\nLegy\u00e9l te is boldogabb szerencs\u00e9s \u00e9s gazdagabb,<br \/>\ncsak az a sz\u00e9p amit a sz\u00edved is megl\u00e1t.<br \/>\nSzeg\u00e9nynek gazdagnak egy az isten,<br \/>\nUgyan\u00fagy j\u00e1r a boldogs\u00e1g is hidd el.<br \/>\nLegy\u00e9l te is boldogabb szerencs\u00e9s \u00e9s gazdagabb,<br \/>\ncsak az a sz\u00e9p amit a sz\u00edved is megl\u00e1t,<br \/>\nlegy\u00e9l boldog szerencs\u00e9s amir\u0151l \u00e1lmodsz legyen ti\u00e9d,<br \/>\nne f\u00e1jjon a sz\u00edved semmi\u00e9rt, semmi\u00e9rt.<br \/>\nBoldog legyen az \u00e9leted legyen boldog a gyermeked,<br \/>\na dr\u00e1ga kincsed legyen csak a ti\u00e9d.<\/p>\n<p>\u00c9n cs\u00f3r\u00f3s\u00e1gban sz\u00fclettem \u00fagy nevel\u0151dtem,<br \/>\nde any\u00e1m ap\u00e1m a testv\u00e9reim im\u00e1dtak engem,<br \/>\nmegkaptam mindent amit az \u00e9nek adhatott,<br \/>\na boldogs\u00e1g \u00fatj\u00e1n \u00e9n b\u00fcszk\u00e9n indulok.<br \/>\nSzeg\u00e9nynek gazdagnak egy az isten,<br \/>\nugyan\u00fagy j\u00e1r a boldogs\u00e1g is hidd el, salalalal.<br \/>\nLegy\u00e9l te is boldogabb szerencs\u00e9s \u00e9s gazdagabb,<br \/>\ncsak az a sz\u00e9p amit a sz\u00edved is megl\u00e1t.<br \/>\nSzeg\u00e9nynek gazdagnak egy az isten,<br \/>\nUgyan\u00fagy j\u00e1r a boldogs\u00e1g is hidd el.<br \/>\nLegy\u00e9l te is boldogabb szerencs\u00e9s \u00e9s gazdagabb,<br \/>\ncsak az a sz\u00e9p amit a sz\u00edved is megl\u00e1t.<br \/>\nLegy\u00e9l boldog szerencs\u00e9s amir\u0151l \u00e1lmodsz legyen ti\u00e9d,<br \/>\nne f\u00e1jjon a sz\u00edved semmi\u00e9rt, semmi\u00e9rt<br \/>\nboldog legyen az \u00e9leted legyen boldog,<br \/>\na gyermeked a dr\u00e1ga kincsed legyen csak a ti\u00e9d.<\/p>\n<p>\u00c9n cs\u00f3r\u00f3s\u00e1gban sz\u00fclettem \u00fagy nevel\u0151dtem,<br \/>\nde a v\u00e1lyogh\u00e1zunk ablak\u00e1b\u00f3l boldogan n\u00e9ztem,<br \/>\nvolt aki megkapott mindent amit az \u00e9let adhatott,<br \/>\npompa csillog\u00e1st f\u00e9nyes csillog\u00e1st.<br \/>\nSzeg\u00e9nynek gazdagnak egy az isten,<br \/>\nugyan\u00fagy j\u00e1r a boldogs\u00e1g is hidd el, salalalal.<br \/>\nLegy\u00e9l te is boldogabb szerencs\u00e9s \u00e9s gazdagabb,<br \/>\ncsak az a sz\u00e9p amit a sz\u00edved is megl\u00e1t.<br \/>\nSzeg\u00e9nynek gazdagnak egy az isten,<br \/>\nUgyan\u00fagy j\u00e1r a boldogs\u00e1g is hidd el.<br \/>\nLegy\u00e9l te is boldogabb szerencs\u00e9s \u00e9s gazdagabb,<br \/>\ncsak az a sz\u00e9p amit a sz\u00edved is megl\u00e1t,<br \/>\nlegy\u00e9l boldog szerencs\u00e9s amir\u0151l \u00e1lmodsz legyen ti\u00e9d,<br \/>\nne f\u00e1jjon a sz\u00edved semmi\u00e9rt, semmi\u00e9rt.<br \/>\nBoldog legyen az \u00e9leted legyen boldog a gyermeked,<br \/>\na dr\u00e1ga kincsed legyen csak a ti\u00e9d.<br \/>\nA dr\u00e1ga kincsed legyen csak a ti\u00e9d.<\/p>\n<p>&#8212;V\u00e9ge&#8212;<\/p>\n","protected":false},"featured_media":9301,"template":"","meta":{"site-sidebar-layout":"default","site-content-layout":"default","ast-site-content-layout":"default","site-content-style":"default","site-sidebar-style":"default","ast-global-header-display":"","ast-banner-title-visibility":"","ast-main-header-display":"","ast-hfb-above-header-display":"","ast-hfb-below-header-display":"","ast-hfb-mobile-header-display":"","site-post-title":"","ast-breadcrumbs-content":"","ast-featured-img":"","footer-sml-layout":"","theme-transparent-header-meta":"default","adv-header-id-meta":"","stick-header-meta":"","header-above-stick-meta":"","header-main-stick-meta":"","header-below-stick-meta":"","astra-migrate-meta-layouts":"set","ast-page-background-enabled":"default","ast-page-background-meta":{"desktop":{"background-color":"var(--ast-global-color-4)","background-image":"","background-repeat":"repeat","background-position":"center center","background-size":"auto","background-attachment":"scroll","background-type":"","background-media":"","overlay-type":"","overlay-color":"","overlay-opacity":"","overlay-gradient":""},"tablet":{"background-color":"","background-image":"","background-repeat":"repeat","background-position":"center center","background-size":"auto","background-attachment":"scroll","background-type":"","background-media":"","overlay-type":"","overlay-color":"","overlay-opacity":"","overlay-gradient":""},"mobile":{"background-color":"","background-image":"","background-repeat":"repeat","background-position":"center center","background-size":"auto","background-attachment":"scroll","background-type":"","background-media":"","overlay-type":"","overlay-color":"","overlay-opacity":"","overlay-gradient":""}},"ast-content-background-meta":{"desktop":{"background-color":"var(--ast-global-color-5)","background-image":"","background-repeat":"repeat","background-position":"center center","background-size":"auto","background-attachment":"scroll","background-type":"","background-media":"","overlay-type":"","overlay-color":"","overlay-opacity":"","overlay-gradient":""},"tablet":{"background-color":"var(--ast-global-color-5)","background-image":"","background-repeat":"repeat","background-position":"center center","background-size":"auto","background-attachment":"scroll","background-type":"","background-media":"","overlay-type":"","overlay-color":"","overlay-opacity":"","overlay-gradient":""},"mobile":{"background-color":"var(--ast-global-color-5)","background-image":"","background-repeat":"repeat","background-position":"center center","background-size":"auto","background-attachment":"scroll","background-type":"","background-media":"","overlay-type":"","overlay-color":"","overlay-opacity":"","overlay-gradient":""}}},"product_cat":[55],"product_tag":[],"class_list":["post-3947","product","type-product","status-publish","has-post-thumbnail","hentry","product_cat-sihell-ferry","desktop-align-left","tablet-align-left","mobile-align-left"],"_links":{"self":[{"href":"https:\/\/www.sunkaraoke.hu\/index.php\/wp-json\/wp\/v2\/product\/3947","targetHints":{"allow":["GET"]}}],"collection":[{"href":"https:\/\/www.sunkaraoke.hu\/index.php\/wp-json\/wp\/v2\/product"}],"about":[{"href":"https:\/\/www.sunkaraoke.hu\/index.php\/wp-json\/wp\/v2\/types\/product"}],"wp:featuredmedia":[{"embeddable":true,"href":"https:\/\/www.sunkaraoke.hu\/index.php\/wp-json\/wp\/v2\/media\/9301"}],"wp:attachment":[{"href":"https:\/\/www.sunkaraoke.hu\/index.php\/wp-json\/wp\/v2\/media?parent=3947"}],"wp:term":[{"taxonomy":"product_cat","embeddable":true,"href":"https:\/\/www.sunkaraoke.hu\/index.php\/wp-json\/wp\/v2\/product_cat?post=3947"},{"taxonomy":"product_tag","embeddable":true,"href":"https:\/\/www.sunkaraoke.hu\/index.php\/wp-json\/wp\/v2\/product_tag?post=3947"}],"curies":[{"name":"wp","href":"https:\/\/api.w.org\/{rel}","templated":true}]}}