{"id":3931,"date":"2022-08-08T20:46:55","date_gmt":"2022-08-08T20:46:55","guid":{"rendered":"https:\/\/www.sunkaraoke.hu\/index.php\/termek\/sipos-f-tamas-buli-van-a-parton\/"},"modified":"2025-04-09T12:33:29","modified_gmt":"2025-04-09T12:33:29","slug":"sipos-f-tamas-buli-van-a-parton","status":"publish","type":"product","link":"https:\/\/www.sunkaraoke.hu\/index.php\/termek\/sipos-f-tamas-buli-van-a-parton\/","title":{"rendered":"<div class=\"wcmp-player-container product-3931\"><audio controlslist=\"nodownload\" data-product=\"3931\"  volume=\"1\"  preload=\"none\" data-lazyloading=\"none\" class=\"wcmp-player track mejs-classic\" data-duration=\"0:33\" data-estimated_duration=\"4\"><source src=\"https:\/\/www.sunkaraoke.hu\/wp-content\/uploads\/2022\/08\/Buli-van-a-parton-Vocal-SB-kademoo.mp3\" type=\"audio\/mp3\" \/><\/audio><\/div>Sipos F. Tam\u00e1s &#8211; Buli van a parton (Original SB. Edition)"},"content":{"rendered":"<p><strong>03:31<\/strong> | <strong><img loading=\"lazy\" decoding=\"async\" class=\"alignnone size-full wp-image-466\" src=\"https:\/\/www.sunkaraoke.hu\/wp-content\/uploads\/2022\/07\/choir_1-copy.webp\" alt=\"\" width=\"30\" height=\"30\" \/> <\/strong><\/p>\n","protected":false},"excerpt":{"rendered":"<h6><strong>Bits\u0171r\u0171s\u00e9g: 320<\/strong>kb\/s<strong><br \/>\n<\/strong><strong>Hossz: <\/strong>03:31<strong><br \/>\n<\/strong><strong style=\"font-size: 16px;\">Vok\u00e1lt tartalmaz: Igen <strong><img loading=\"lazy\" decoding=\"async\" class=\"alignnone size-full wp-image-466\" src=\"https:\/\/www.sunkaraoke.hu\/wp-content\/uploads\/2022\/07\/choir_1-copy.png\" alt=\"\" width=\"30\" height=\"30\" \/><\/strong><\/strong><\/h6>\n<h6><\/h6>\n<p>Sunkaraoke mp3 st\u00fadi\u00f3 \/ www.sunkaraoke.hu \/ Inf: Tel: 06 20 4275001<\/p>\n<p>&#8212;Intr\u00f3&#8212;<br \/>\nAlighogy kir\u00fagott reggel az \u00e1gy,<br \/>\nfel\u00edzzott bennem, a r\u00e9gi v\u00e1gy.<br \/>\nK\u00e9ne egy buli, egy olyan \u00f3ri\u00e1s,<br \/>\namilyet nem csin\u00e1lt m\u00e9g senki m\u00e1s.<br \/>\nH\u00e1t vettem a telefont \u00e9s t\u00e1rcs\u00e1ztam,<br \/>\naz \u00f6sszes haveromat felh\u00edvtam.<br \/>\nIgaz\u00e1n b\u00edrt\u00e1k a sr\u00e1cok az \u00f6tletet,<br \/>\ns modt\u00e1k a tov\u00e1bbi c\u00edmeket, s neveket.<br \/>\nFantasztikus, hogy terjed a h\u00edr,<br \/>\nnem kellett t\u00e1virat, sem lev\u00e9l pap\u00edr.<br \/>\nD\u00e9lben ott \u00e1llt a b\u00e9rh\u00e1z el\u0151tt,<br \/>\nn\u00e9h\u00e1ny aut\u00f3 vagy negyven\u00f6t.<br \/>\nElindult a nagy kocsikarav\u00e1n,<br \/>\nAg\u00e1rd a c\u00e9l azt mondtam laz\u00e1n.<br \/>\nSenki nem tudta becsapni mag\u00e1t,<br \/>\nde mindenki hozott f\u00fcrd\u0151ruh\u00e1t.<br \/>\nBuli van a parton a szabadstrandon,<br \/>\nvel\u00fcnk egy\u00fctt tombol a ny\u00e1r!<br \/>\nBuli a v\u00edzbe \u00e9s fenn a st\u00e9gen,<br \/>\nsz\u00e1llj be te is, ennyi neked is j\u00e1r!<br \/>\nBuli van a parton a szabadstrandon,<br \/>\nvel\u00fcnk egy\u00fctt tombol a ny\u00e1r!<br \/>\nBuli a v\u00edzbe \u00e9s fenn a st\u00e9gen,<br \/>\nsz\u00e1llj be te is, ennyi neked is j\u00e1r!<br \/>\nFolyik a pia \u00e9s kitudja m\u00e9g,<br \/>\nnincs k\u00edm\u00e9lve az \u00faj vend\u00e9g.<br \/>\nH\u0171v\u00f6s a s\u00f6r, de nem \u00fagy a l\u00e1nyok,<br \/>\napr\u00f3cska tanga \u00edgy nem l\u00e1tok.<br \/>\nSzabad a gazda, szabad a part,<br \/>\nmindenki megkapta amit akart.<br \/>\nR\u00fagj\u00e1k a labd\u00e1t, r\u00fagj\u00e1k a port,<br \/>\nmicsoda hangulat, guinesse record!<br \/>\nBuli van a parton a szabadstrandon,<br \/>\nvel\u00fcnk egy\u00fctt tombol a ny\u00e1r!<br \/>\nBuli a v\u00edzbe \u00e9s fenn a st\u00e9gen,<br \/>\nsz\u00e1llj be te is, ennyi neked is j\u00e1r!<br \/>\nBuli van a parton a szabadstrandon,<br \/>\nvel\u00fcnk egy\u00fctt tombol a ny\u00e1r!<br \/>\nBuli a v\u00edzbe \u00e9s fenn a st\u00e9gen,<br \/>\nsz\u00e1llj be te is, ennyi neked is j\u00e1r!<br \/>\n&#8212;Sz\u00f3l\u00f3&#8212;<br \/>\nBuli van a parton a szabadstrandon,<br \/>\nvel\u00fcnk egy\u00fctt tombol a ny\u00e1r!<br \/>\nBuli a v\u00edzbe \u00e9s fenn a st\u00e9gen,<br \/>\nsz\u00e1llj be te is, ennyi neked is j\u00e1r!<br \/>\nBuli van a parton a szabadstrandon,<br \/>\nvel\u00fcnk egy\u00fctt tombol a ny\u00e1r!<br \/>\nBuli a v\u00edzbe \u00e9s fenn a st\u00e9gen,<br \/>\nsz\u00e1llj be te is, ennyi neked is j\u00e1r!<br \/>\nBuli van a parton a szabadstrandon,<br \/>\nvel\u00fcnk egy\u00fctt tombol a ny\u00e1r!<br \/>\nBuli a v\u00edzbe \u00e9s fenn a st\u00e9gen,<br \/>\nsz\u00e1llj be te is, ennyi neked is j\u00e1r!<br \/>\nBuli van a parton a szabadstrandon,<br \/>\nvel\u00fcnk egy\u00fctt tombol a ny\u00e1r!<br \/>\nBuli a v\u00edzbe \u00e9s fenn a st\u00e9gen,<br \/>\nsz\u00e1llj be te is, ennyi neked is j\u00e1r!<br \/>\nBuli van a parton a szabadstrandon,<br \/>\nvel\u00fcnk egy\u00fctt tombol a ny\u00e1r!<br \/>\nBuli a v\u00edzbe \u00e9s fenn a st\u00e9gen,<br \/>\nsz\u00e1llj be te is, ennyi neked is j\u00e1r!<br \/>\nBuli van a parton a szabadstrandon,<br \/>\nvel\u00fcnk egy\u00fctt tombol a ny\u00e1r!<br \/>\nBuli a v\u00edzbe \u00e9s fenn a st\u00e9gen,<br \/>\nsz\u00e1llj be te is, ennyi neked is j\u00e1r!<\/p>\n<p>&#8212;V\u00e9ge&#8212;<\/p>\n","protected":false},"featured_media":18169,"template":"","meta":{"site-sidebar-layout":"default","site-content-layout":"default","ast-site-content-layout":"default","site-content-style":"default","site-sidebar-style":"default","ast-global-header-display":"","ast-banner-title-visibility":"","ast-main-header-display":"","ast-hfb-above-header-display":"","ast-hfb-below-header-display":"","ast-hfb-mobile-header-display":"","site-post-title":"","ast-breadcrumbs-content":"","ast-featured-img":"","footer-sml-layout":"","theme-transparent-header-meta":"default","adv-header-id-meta":"","stick-header-meta":"","header-above-stick-meta":"","header-main-stick-meta":"","header-below-stick-meta":"","astra-migrate-meta-layouts":"set","ast-page-background-enabled":"default","ast-page-background-meta":{"desktop":{"background-color":"var(--ast-global-color-4)","background-image":"","background-repeat":"repeat","background-position":"center center","background-size":"auto","background-attachment":"scroll","background-type":"","background-media":"","overlay-type":"","overlay-color":"","overlay-opacity":"","overlay-gradient":""},"tablet":{"background-color":"","background-image":"","background-repeat":"repeat","background-position":"center center","background-size":"auto","background-attachment":"scroll","background-type":"","background-media":"","overlay-type":"","overlay-color":"","overlay-opacity":"","overlay-gradient":""},"mobile":{"background-color":"","background-image":"","background-repeat":"repeat","background-position":"center center","background-size":"auto","background-attachment":"scroll","background-type":"","background-media":"","overlay-type":"","overlay-color":"","overlay-opacity":"","overlay-gradient":""}},"ast-content-background-meta":{"desktop":{"background-color":"var(--ast-global-color-5)","background-image":"","background-repeat":"repeat","background-position":"center center","background-size":"auto","background-attachment":"scroll","background-type":"","background-media":"","overlay-type":"","overlay-color":"","overlay-opacity":"","overlay-gradient":""},"tablet":{"background-color":"var(--ast-global-color-5)","background-image":"","background-repeat":"repeat","background-position":"center center","background-size":"auto","background-attachment":"scroll","background-type":"","background-media":"","overlay-type":"","overlay-color":"","overlay-opacity":"","overlay-gradient":""},"mobile":{"background-color":"var(--ast-global-color-5)","background-image":"","background-repeat":"repeat","background-position":"center center","background-size":"auto","background-attachment":"scroll","background-type":"","background-media":"","overlay-type":"","overlay-color":"","overlay-opacity":"","overlay-gradient":""}}},"product_cat":[48],"product_tag":[],"class_list":["post-3931","product","type-product","status-publish","has-post-thumbnail","hentry","product_cat-sunkaraoke-dalok","desktop-align-left","tablet-align-left","mobile-align-left"],"_links":{"self":[{"href":"https:\/\/www.sunkaraoke.hu\/index.php\/wp-json\/wp\/v2\/product\/3931","targetHints":{"allow":["GET"]}}],"collection":[{"href":"https:\/\/www.sunkaraoke.hu\/index.php\/wp-json\/wp\/v2\/product"}],"about":[{"href":"https:\/\/www.sunkaraoke.hu\/index.php\/wp-json\/wp\/v2\/types\/product"}],"wp:featuredmedia":[{"embeddable":true,"href":"https:\/\/www.sunkaraoke.hu\/index.php\/wp-json\/wp\/v2\/media\/18169"}],"wp:attachment":[{"href":"https:\/\/www.sunkaraoke.hu\/index.php\/wp-json\/wp\/v2\/media?parent=3931"}],"wp:term":[{"taxonomy":"product_cat","embeddable":true,"href":"https:\/\/www.sunkaraoke.hu\/index.php\/wp-json\/wp\/v2\/product_cat?post=3931"},{"taxonomy":"product_tag","embeddable":true,"href":"https:\/\/www.sunkaraoke.hu\/index.php\/wp-json\/wp\/v2\/product_tag?post=3931"}],"curies":[{"name":"wp","href":"https:\/\/api.w.org\/{rel}","templated":true}]}}