{"id":3927,"date":"2022-08-08T20:46:54","date_gmt":"2022-08-08T20:46:54","guid":{"rendered":"https:\/\/www.sunkaraoke.hu\/index.php\/termek\/tesok-sotet-az-ejszaka-2012\/"},"modified":"2025-03-28T18:57:47","modified_gmt":"2025-03-28T18:57:47","slug":"tesok-sotet-az-ejszaka-2012","status":"publish","type":"product","link":"https:\/\/www.sunkaraoke.hu\/index.php\/termek\/tesok-sotet-az-ejszaka-2012\/","title":{"rendered":"<div class=\"wcmp-player-container product-3927\"><audio controlslist=\"nodownload\" data-product=\"3927\"  volume=\"1\"  preload=\"none\" data-lazyloading=\"none\" class=\"wcmp-player track mejs-classic\" data-duration=\"0:32\" data-estimated_duration=\"4\"><source src=\"https:\/\/www.sunkaraoke.hu\/wp-content\/uploads\/2022\/08\/Sotet-az-ejszaka-SB_demo.mp3\" type=\"audio\/mp3\" \/><\/audio><\/div>Tes\u00f3k &#8211; S\u00f6t\u00e9t az \u00e9jszaka (Original)"},"content":{"rendered":"<p><strong>03:03<\/strong> | <strong><img loading=\"lazy\" decoding=\"async\" class=\"alignnone size-full wp-image-467\" src=\"https:\/\/www.sunkaraoke.hu\/wp-content\/uploads\/2022\/07\/choir_2-copy.webp\" alt=\"\" width=\"30\" height=\"30\" \/> <\/strong><\/p>\n","protected":false},"excerpt":{"rendered":"<h6>Bits\u0171r\u0171s\u00e9g: 320 kb\/s<br \/>\nHossz: 03:03<br \/>\nVok\u00e1lt tartalmaz: Nem <img loading=\"lazy\" decoding=\"async\" class=\"alignnone size-full wp-image-467\" src=\"http:\/\/www.sunkaraoke.hu\/wp-content\/uploads\/2022\/07\/choir_2-copy.png\" alt=\"\" width=\"30\" height=\"30\" \/><strong style=\"font-size: 16px;\"><br \/>\n<\/strong><\/h6>\n<p>Sunkaraoke mp3 st\u00fadi\u00f3 \/ www.sunkaraoke.hu \/ Inf: Tel: 06 20 4275001<\/p>\n<p>&#8212;Intr\u00f3&#8212;<br \/>\nS\u00f6t\u00e9t az \u00e9jszaka, hideg az \u00e1rok,<br \/>\nholnap vagy azut\u00e1n haza tal\u00e1lok m\u00e9g,<br \/>\nh\u00e1t nekem ennyi nem el\u00e9g.<br \/>\nNem tudom m\u00e9rt lett, agyamba z\u00e1rlat,<br \/>\n\u00e9s m\u00e9rt iszok \u00e9n, \u00fagy mint az \u00e1llat r\u00e9g,<br \/>\n\u00e9s m\u00e9rt nem tudom hol el\u00e9g.<\/p>\n<p>Amikor itt volt\u00e1l, sz\u00edvtad a v\u00e9remet,<br \/>\nk\u00e9t marokkal sz\u00f3rtad a fizet\u00e9semet.<br \/>\nEgyszer majd visszaj\u00f6ssz \u00e9s nekem lelkizel,<br \/>\nde tudod \u00fagy sincs m\u00e1s ki t\u00e9ged elvisel.<\/p>\n<p>S\u00f6t\u00e9t az \u00e9jszaka, hideg az \u00e1rok,<br \/>\nholnap vagy azut\u00e1n haza tal\u00e1lok m\u00e9g,<br \/>\nh\u00e1t nekem ennyi nem el\u00e9g.<br \/>\n&#8212;Sz\u00f3l\u00f3&#8212;<br \/>\nAmikor itt volt\u00e1l, sz\u00edvtad a v\u00e9remet,<br \/>\nk\u00e9t marokkal sz\u00f3rtad a fizet\u00e9semet.<br \/>\nEgyszer majd visszaj\u00f6ssz \u00e9s nekem lelkizel,<br \/>\nde tudod \u00fagy sincs m\u00e1s ki t\u00e9ged elvisel.<br \/>\nAkkor majd l\u00e1tod, mik a szab\u00e1lyok,<br \/>\namikor l\u00e1nyok, ezreit l\u00e1tod \u00e9s,<br \/>\nahogy engem szednek sz\u00e9t.<br \/>\nElmondom m\u00e9rt lett, agyamba z\u00e1rlat,<br \/>\n\u00e9s m\u00e9rt iszok \u00e9n, \u00fagy mint az \u00e1llat r\u00e9g,<br \/>\nm\u00e9rt nem tudom hol el\u00e9g.<\/p>\n<p>Amikor itt volt\u00e1l, sz\u00edvtad a v\u00e9remet,<br \/>\nk\u00e9t marokkal sz\u00f3rtad a fizet\u00e9semet.<br \/>\nEgyszer majd visszaj\u00f6ssz \u00e9s nekem lelkizel,<br \/>\nde tudod \u00fagy sincs m\u00e1s ki t\u00e9ged elvisel.<\/p>\n<p>Amikor itt volt\u00e1l, sz\u00edvtad a v\u00e9remet,<br \/>\nk\u00e9t marokkal sz\u00f3rtad a fizet\u00e9semet.<br \/>\nEgyszer majd visszaj\u00f6ssz \u00e9s nekem lelkizel,<br \/>\nde tudod \u00fagy sincs m\u00e1s ki t\u00e9ged elvisel.<br \/>\n&#8212;V\u00e9ge&#8212;<\/p>\n","protected":false},"featured_media":8715,"template":"","meta":{"site-sidebar-layout":"default","site-content-layout":"default","ast-site-content-layout":"default","site-content-style":"default","site-sidebar-style":"default","ast-global-header-display":"","ast-banner-title-visibility":"","ast-main-header-display":"","ast-hfb-above-header-display":"","ast-hfb-below-header-display":"","ast-hfb-mobile-header-display":"","site-post-title":"","ast-breadcrumbs-content":"","ast-featured-img":"","footer-sml-layout":"","theme-transparent-header-meta":"default","adv-header-id-meta":"","stick-header-meta":"","header-above-stick-meta":"","header-main-stick-meta":"","header-below-stick-meta":"","astra-migrate-meta-layouts":"set","ast-page-background-enabled":"default","ast-page-background-meta":{"desktop":{"background-color":"var(--ast-global-color-4)","background-image":"","background-repeat":"repeat","background-position":"center center","background-size":"auto","background-attachment":"scroll","background-type":"","background-media":"","overlay-type":"","overlay-color":"","overlay-opacity":"","overlay-gradient":""},"tablet":{"background-color":"","background-image":"","background-repeat":"repeat","background-position":"center center","background-size":"auto","background-attachment":"scroll","background-type":"","background-media":"","overlay-type":"","overlay-color":"","overlay-opacity":"","overlay-gradient":""},"mobile":{"background-color":"","background-image":"","background-repeat":"repeat","background-position":"center center","background-size":"auto","background-attachment":"scroll","background-type":"","background-media":"","overlay-type":"","overlay-color":"","overlay-opacity":"","overlay-gradient":""}},"ast-content-background-meta":{"desktop":{"background-color":"var(--ast-global-color-5)","background-image":"","background-repeat":"repeat","background-position":"center center","background-size":"auto","background-attachment":"scroll","background-type":"","background-media":"","overlay-type":"","overlay-color":"","overlay-opacity":"","overlay-gradient":""},"tablet":{"background-color":"var(--ast-global-color-5)","background-image":"","background-repeat":"repeat","background-position":"center center","background-size":"auto","background-attachment":"scroll","background-type":"","background-media":"","overlay-type":"","overlay-color":"","overlay-opacity":"","overlay-gradient":""},"mobile":{"background-color":"var(--ast-global-color-5)","background-image":"","background-repeat":"repeat","background-position":"center center","background-size":"auto","background-attachment":"scroll","background-type":"","background-media":"","overlay-type":"","overlay-color":"","overlay-opacity":"","overlay-gradient":""}}},"product_cat":[48],"product_tag":[],"class_list":["post-3927","product","type-product","status-publish","has-post-thumbnail","hentry","product_cat-sunkaraoke-dalok","desktop-align-left","tablet-align-left","mobile-align-left"],"_links":{"self":[{"href":"https:\/\/www.sunkaraoke.hu\/index.php\/wp-json\/wp\/v2\/product\/3927","targetHints":{"allow":["GET"]}}],"collection":[{"href":"https:\/\/www.sunkaraoke.hu\/index.php\/wp-json\/wp\/v2\/product"}],"about":[{"href":"https:\/\/www.sunkaraoke.hu\/index.php\/wp-json\/wp\/v2\/types\/product"}],"wp:featuredmedia":[{"embeddable":true,"href":"https:\/\/www.sunkaraoke.hu\/index.php\/wp-json\/wp\/v2\/media\/8715"}],"wp:attachment":[{"href":"https:\/\/www.sunkaraoke.hu\/index.php\/wp-json\/wp\/v2\/media?parent=3927"}],"wp:term":[{"taxonomy":"product_cat","embeddable":true,"href":"https:\/\/www.sunkaraoke.hu\/index.php\/wp-json\/wp\/v2\/product_cat?post=3927"},{"taxonomy":"product_tag","embeddable":true,"href":"https:\/\/www.sunkaraoke.hu\/index.php\/wp-json\/wp\/v2\/product_tag?post=3927"}],"curies":[{"name":"wp","href":"https:\/\/api.w.org\/{rel}","templated":true}]}}