{"id":3920,"date":"2022-08-08T20:46:54","date_gmt":"2022-08-08T20:46:54","guid":{"rendered":"https:\/\/www.sunkaraoke.hu\/index.php\/termek\/judit-es-a-zenemanok-telapo-mix\/"},"modified":"2025-04-09T12:53:43","modified_gmt":"2025-04-09T12:53:43","slug":"judit-es-a-zenemanok-telapo-mix","status":"publish","type":"product","link":"https:\/\/www.sunkaraoke.hu\/index.php\/termek\/judit-es-a-zenemanok-telapo-mix\/","title":{"rendered":"<div class=\"wcmp-player-container product-3920\"><audio controlslist=\"nodownload\" data-product=\"3920\"  volume=\"1\"  preload=\"none\" data-lazyloading=\"none\" class=\"wcmp-player track mejs-classic\" data-duration=\"0:32\" data-estimated_duration=\"4\"><source src=\"https:\/\/www.sunkaraoke.hu\/wp-content\/uploads\/2022\/08\/Telapo-Mix-SB-kademoo.mp3\" type=\"audio\/mp3\" \/><\/audio><\/div>Judit \u00e9s a zeneman\u00f3k &#8211; T\u00e9lap\u00f3 mix (Original SB Edition)"},"content":{"rendered":"<p><strong>05:15<\/strong> | <strong><img loading=\"lazy\" decoding=\"async\" class=\"alignnone size-full wp-image-467\" src=\"https:\/\/www.sunkaraoke.hu\/wp-content\/uploads\/2022\/07\/choir_2-copy.webp\" alt=\"\" width=\"30\" height=\"30\" \/> <\/strong><\/p>\n","protected":false},"excerpt":{"rendered":"<h6><strong>Bits\u0171r\u0171s\u00e9g: 320<\/strong>kb\/s<strong><br \/>\n<\/strong><strong>Hossz: <\/strong>05:15<strong><br \/>\n<\/strong><strong style=\"font-size: 16px;\">Vok\u00e1lt tartalmaz: <\/strong>Nem <img loading=\"lazy\" decoding=\"async\" class=\"alignnone size-full wp-image-467\" src=\"http:\/\/www.sunkaraoke.hu\/wp-content\/uploads\/2022\/07\/choir_2-copy.png\" alt=\"\" width=\"30\" height=\"30\" \/><strong style=\"font-size: 16px;\"><br \/>\n<\/strong><\/h6>\n<p>Sunkaraoke mp3 st\u00fadi\u00f3 \/ www.sunkaraoke.hu \/ Inf: Tel: 06 20 4275001<\/p>\n<p>&#8212;Intr\u00f3&#8212;<\/p>\n<p>Hull a pelyhes feh\u00e9r h\u00f3,<br \/>\nj\u00f6jj el kedves t\u00e9lap\u00f3,<br \/>\nminden gyermek v\u00e1rva v\u00e1r,<br \/>\nvid\u00e1m \u00e9nek hangja sz\u00e1ll.<br \/>\nVan zs\u00e1kodban minden j\u00f3,<br \/>\npiros alma mogyor\u00f3,<br \/>\nj\u00f6jj el hozz\u00e1nk v\u00e1runk r\u00e1d,<br \/>\nkedves \u00f6reg t\u00e9lep\u00f3.<\/p>\n<p>Nagyszak\u00e1l\u00fa t\u00e9lap\u00f3,<br \/>\nj\u00f3 gyerek bar\u00e1tja,<br \/>\ncukrot , di\u00f3t, mogyor\u00f3t,<br \/>\nrejteget a zs\u00e1kja.<br \/>\nAmerre j\u00e1r reggelig,<br \/>\nkiscip\u0151cske megtelik,<br \/>\nmegt\u00f6lti a t\u00e9lap\u00f3,<br \/>\nha \u00fcresen l\u00e1tja.<\/p>\n<p>&#8212;Sz\u00f3l\u00f3&#8212;<\/p>\n<p>Sz\u00edv\u00fcnk r\u00e9g ide v\u00e1r,<br \/>\nt\u00e9lap\u00f3 gyere m\u00e1r,<br \/>\nj\u00f6jj el \u00e9ljen a t\u00e9l,<br \/>\nt\u0151led senki se f\u00e9l.<br \/>\nHalkan reccsen az \u00e1g,<br \/>\n\u00f6lt\u00f6ztesd fel a f\u00e1t,<br \/>\nhulljon r\u00e1 pihe h\u00f3,<br \/>\nsz\u00e1nk\u00f3n siklani j\u00f3.<\/p>\n<p>\u00c9vi \u00e9s Peti v\u00e1r,<br \/>\nt\u00e9lap\u00f3 gyere m\u00e1r,<br \/>\nny\u00edljon m\u00e1r ki a zs\u00e1k,<br \/>\nalma sz\u00e9p arany\u00e1g.<br \/>\nSz\u00edv\u00fcnk r\u00e9g ide v\u00e1r,<br \/>\nt\u00e9lap\u00f3 gyere m\u00e1r,<br \/>\nj\u00f6jj el \u00e9ljen a t\u00e9l,<br \/>\nt\u0151led senki se f\u00e9l.<br \/>\n&#8212;Sz\u00f3l\u00f3&#8212;<\/p>\n<p>Pattanj pajt\u00e1s, pattanj Palk\u00f3,<br \/>\nn\u00e9zd m\u00e1r ny\u00edlik \u00e1m az ajt\u00f3,<br \/>\nkinn pelyhekben hull a h\u00f3,<br \/>\nitt van, itt a t\u00e9lap\u00f3.<\/p>\n<p>Meg, meg r\u00e1zza \u0151sz szak\u00e1l\u00e1t,<br \/>\nputtony nyomja sz\u00e9les v\u00e1ll\u00e1t,<br \/>\nbenne di\u00f3 mogyor\u00f3,<br \/>\nitt van, itt a t\u00e9lap\u00f3.<\/p>\n<p>Oly feh\u00e9r a r\u00e9t a r\u00f3na,<br \/>\nmintha porcukorb\u00f3l volna.<br \/>\nNagypelyhekben hull a h\u00f3,<br \/>\ncsakhogy itt vagy t\u00e9lap\u00f3.<br \/>\n&#8212;Sz\u00f3l\u00f3&#8212;<br \/>\nSuttog a fenyves, z\u00f6ld erd\u0151,<br \/>\nt\u00e9lap\u00f3 is m\u00e1r elj\u0151.<br \/>\nCsend\u00fcl a f\u00fcrge sz\u00e1ncseng\u0151,<br \/>\nv\u00e9get \u00e9r az esztend\u0151.<br \/>\nT\u00e9l szele h\u00f3val, faggyal j\u0151,<br \/>\nelkel most a nagykend\u0151.<br \/>\nLibben a tarka nagykend\u0151,<br \/>\nh\u00fazza r\u00e1zza h\u0171s szell\u0151.<br \/>\nSuttog a fenyves, z\u00f6ld erd\u0151,<br \/>\nr\u00e1szit\u00e1l a h\u00f3felh\u0151.<br \/>\nV\u00e9gire j\u00e1r az esztend\u0151,<br \/>\ncseng a f\u00fcrge sz\u00e1ncseng\u0151.<br \/>\n&#8212;Sz\u00f3l\u00f3&#8212;<br \/>\nT\u00e9lap\u00f3 itt van, h\u00f3 a sub\u00e1ja,<br \/>\nj\u00e9g a cip\u0151je, leng a szak\u00e1lla,<br \/>\nZs\u00e1k, zs\u00e1k, teli zs\u00e1k, piros alma, arany\u00e1g.<br \/>\nK\u00e9t szarvas h\u00fazta,sz\u00e1n rep\u00edtette,<br \/>\ng\u00f6mb\u00f6ly\u0171 zs\u00e1kj\u00e1t ,sz\u00e1z fele vitte.<br \/>\nZs\u00e1k, zs\u00e1k, teli zs\u00e1k, piros alma, arany\u00e1g.<br \/>\n&#8212;V\u00e9ge&#8212;<\/p>\n","protected":false},"featured_media":18188,"template":"","meta":{"site-sidebar-layout":"default","site-content-layout":"default","ast-site-content-layout":"default","site-content-style":"default","site-sidebar-style":"default","ast-global-header-display":"","ast-banner-title-visibility":"","ast-main-header-display":"","ast-hfb-above-header-display":"","ast-hfb-below-header-display":"","ast-hfb-mobile-header-display":"","site-post-title":"","ast-breadcrumbs-content":"","ast-featured-img":"","footer-sml-layout":"","theme-transparent-header-meta":"default","adv-header-id-meta":"","stick-header-meta":"","header-above-stick-meta":"","header-main-stick-meta":"","header-below-stick-meta":"","astra-migrate-meta-layouts":"set","ast-page-background-enabled":"default","ast-page-background-meta":{"desktop":{"background-color":"var(--ast-global-color-4)","background-image":"","background-repeat":"repeat","background-position":"center center","background-size":"auto","background-attachment":"scroll","background-type":"","background-media":"","overlay-type":"","overlay-color":"","overlay-opacity":"","overlay-gradient":""},"tablet":{"background-color":"","background-image":"","background-repeat":"repeat","background-position":"center center","background-size":"auto","background-attachment":"scroll","background-type":"","background-media":"","overlay-type":"","overlay-color":"","overlay-opacity":"","overlay-gradient":""},"mobile":{"background-color":"","background-image":"","background-repeat":"repeat","background-position":"center center","background-size":"auto","background-attachment":"scroll","background-type":"","background-media":"","overlay-type":"","overlay-color":"","overlay-opacity":"","overlay-gradient":""}},"ast-content-background-meta":{"desktop":{"background-color":"var(--ast-global-color-5)","background-image":"","background-repeat":"repeat","background-position":"center center","background-size":"auto","background-attachment":"scroll","background-type":"","background-media":"","overlay-type":"","overlay-color":"","overlay-opacity":"","overlay-gradient":""},"tablet":{"background-color":"var(--ast-global-color-5)","background-image":"","background-repeat":"repeat","background-position":"center center","background-size":"auto","background-attachment":"scroll","background-type":"","background-media":"","overlay-type":"","overlay-color":"","overlay-opacity":"","overlay-gradient":""},"mobile":{"background-color":"var(--ast-global-color-5)","background-image":"","background-repeat":"repeat","background-position":"center center","background-size":"auto","background-attachment":"scroll","background-type":"","background-media":"","overlay-type":"","overlay-color":"","overlay-opacity":"","overlay-gradient":""}}},"product_cat":[48],"product_tag":[],"class_list":["post-3920","product","type-product","status-publish","has-post-thumbnail","hentry","product_cat-sunkaraoke-dalok","desktop-align-left","tablet-align-left","mobile-align-left"],"_links":{"self":[{"href":"https:\/\/www.sunkaraoke.hu\/index.php\/wp-json\/wp\/v2\/product\/3920","targetHints":{"allow":["GET"]}}],"collection":[{"href":"https:\/\/www.sunkaraoke.hu\/index.php\/wp-json\/wp\/v2\/product"}],"about":[{"href":"https:\/\/www.sunkaraoke.hu\/index.php\/wp-json\/wp\/v2\/types\/product"}],"wp:featuredmedia":[{"embeddable":true,"href":"https:\/\/www.sunkaraoke.hu\/index.php\/wp-json\/wp\/v2\/media\/18188"}],"wp:attachment":[{"href":"https:\/\/www.sunkaraoke.hu\/index.php\/wp-json\/wp\/v2\/media?parent=3920"}],"wp:term":[{"taxonomy":"product_cat","embeddable":true,"href":"https:\/\/www.sunkaraoke.hu\/index.php\/wp-json\/wp\/v2\/product_cat?post=3920"},{"taxonomy":"product_tag","embeddable":true,"href":"https:\/\/www.sunkaraoke.hu\/index.php\/wp-json\/wp\/v2\/product_tag?post=3920"}],"curies":[{"name":"wp","href":"https:\/\/api.w.org\/{rel}","templated":true}]}}