{"id":3917,"date":"2022-08-08T20:46:54","date_gmt":"2022-08-08T20:46:54","guid":{"rendered":"https:\/\/www.sunkaraoke.hu\/index.php\/termek\/postas-jozsi-szke-lany\/"},"modified":"2025-04-01T14:53:10","modified_gmt":"2025-04-01T14:53:10","slug":"postas-jozsi-szke-lany","status":"publish","type":"product","link":"https:\/\/www.sunkaraoke.hu\/index.php\/termek\/postas-jozsi-szke-lany\/","title":{"rendered":"<div class=\"wcmp-player-container product-3917\"><audio controlslist=\"nodownload\" data-product=\"3917\"  volume=\"1\"  preload=\"none\" data-lazyloading=\"none\" class=\"wcmp-player track mejs-classic\" data-duration=\"0:31\" data-estimated_duration=\"4\"><source src=\"https:\/\/www.sunkaraoke.hu\/wp-content\/uploads\/2022\/08\/Szoke-lany-demoo.mp3\" type=\"audio\/mp3\" \/><\/audio><\/div>Post\u00e1s J\u00f3zsi &#8211; Sz\u0151ke l\u00e1ny (Original)"},"content":{"rendered":"<p><strong>03:42<\/strong> | <strong><img loading=\"lazy\" decoding=\"async\" class=\"alignnone size-full wp-image-467\" src=\"https:\/\/www.sunkaraoke.hu\/wp-content\/uploads\/2022\/07\/choir_2-copy.webp\" alt=\"\" width=\"30\" height=\"30\" \/> <\/strong><\/p>\n","protected":false},"excerpt":{"rendered":"<h6><strong>Bits\u0171r\u0171s\u00e9g: 320<\/strong>kb\/s<strong><br \/>\n<\/strong><strong>Hossz: <\/strong>03:42<strong><br \/>\n<\/strong><strong style=\"font-size: 16px;\">Vok\u00e1lt tartalmaz: <\/strong>Nem <img loading=\"lazy\" decoding=\"async\" class=\"alignnone size-full wp-image-467\" src=\"http:\/\/www.sunkaraoke.hu\/wp-content\/uploads\/2022\/07\/choir_2-copy.png\" alt=\"\" width=\"30\" height=\"30\" \/><strong style=\"font-size: 16px;\"><br \/>\n<\/strong><\/h6>\n<p>Sunkaraoke mp3 st\u00fadi\u00f3 \/ www.sunkaraoke.hu \/ Inf: Tel: 06 20 4275001<\/p>\n<p>&#8212;Intr\u00f3&#8212;<br \/>\n\u00dagy h\u00edvt\u00e1k Bea, sz\u00e9p volt a haja, arc\u00e1n megcsillant a f\u00e9ny,<br \/>\n\u00fagy mosolygott r\u00e1m egy ny\u00e1ri \u00e9jszak\u00e1n,<br \/>\nr\u00f6gt\u00f6n szerelemes lettem \u00e9n.<br \/>\nCsak hallgattam hangj\u00e1t, \u0151szinte hangj\u00e1t,<br \/>\nmit mondd nekem m\u00e9g.<br \/>\nElb\u00facs\u00fazott t\u0151lem , m\u00e9g magam sem \u00e9rtem,<br \/>\nhogy visszat\u00e9r-e m\u00e9g.<br \/>\nAz a dr\u00e1ga sz\u0151ke l\u00e1ny, ha egyszer visszat\u00e9r hozz\u00e1m,<br \/>\negy fura pillant\u00e1s, nekem nem kell semmi m\u00e1s.<br \/>\nAz a dr\u00e1ga sz\u0151ke l\u00e1ny, ha egyszer visszat\u00e9r hozz\u00e1m,<br \/>\ncsak egy pillant\u00e1s, nekem nem kell semmi m\u00e1s.<br \/>\n&#8212;Sz\u00f3l\u00f3&#8212;<br \/>\nHaj\u00e1t f\u00fajta sz\u00e9l, sz\u00e9p szerelmet \u00edg\u00e9rt, r\u00f6gt\u00f6n l\u00e1ngra gy\u00faltam \u00e9n,<br \/>\nk\u00e9rtem \u00f3h istenem most mi lesz velem, m\u00e9rt \u0151 kellett nekem.<br \/>\nCsak hallgattam hangj\u00e1t, \u0151szinte hangj\u00e1t,<br \/>\nmit mondd nekem m\u00e9g.<br \/>\nElb\u00facs\u00fazott t\u0151lem , m\u00e9g magam sem \u00e9rtem,<br \/>\nhogy visszat\u00e9r-e m\u00e9g.<br \/>\nAz a dr\u00e1ga sz\u0151ke l\u00e1ny, ha egyszer visszat\u00e9r hozz\u00e1m,<br \/>\negy fura pillant\u00e1s, nekem nem kell semmi m\u00e1s.<br \/>\nAz a dr\u00e1ga sz\u0151ke l\u00e1ny, ha egyszer visszat\u00e9r hozz\u00e1m,<br \/>\ncsak egy pillant\u00e1s, nekem nem kell semmi m\u00e1s.<br \/>\n&#8212;Sz\u00f3l\u00f3&#8212;<\/p>\n<p>Az a dr\u00e1ga sz\u0151ke l\u00e1ny, ha egyszer visszat\u00e9r hozz\u00e1m,<br \/>\negy fura pillant\u00e1s, nekem nem kell semmi m\u00e1s.<br \/>\nAz a dr\u00e1ga sz\u0151ke l\u00e1ny, ha egyszer visszat\u00e9r hozz\u00e1m,<br \/>\ncsak egy pillant\u00e1s, nekem nem kell semmi m\u00e1s.<\/p>\n<p>Az a dr\u00e1ga sz\u0151ke l\u00e1ny, ha egyszer visszat\u00e9r hozz\u00e1m,<br \/>\negy fura pillant\u00e1s, nekem nem kell semmi m\u00e1s.<br \/>\nAz a dr\u00e1ga sz\u0151ke l\u00e1ny, ha egyszer visszat\u00e9r hozz\u00e1m,<br \/>\ncsak egy pillant\u00e1s, nekem nem kell semmi m\u00e1s.<br \/>\n&#8212;V\u00e9ge&#8212;<\/p>\n","protected":false},"featured_media":9011,"template":"","meta":{"site-sidebar-layout":"default","site-content-layout":"default","ast-site-content-layout":"default","site-content-style":"default","site-sidebar-style":"default","ast-global-header-display":"","ast-banner-title-visibility":"","ast-main-header-display":"","ast-hfb-above-header-display":"","ast-hfb-below-header-display":"","ast-hfb-mobile-header-display":"","site-post-title":"","ast-breadcrumbs-content":"","ast-featured-img":"","footer-sml-layout":"","theme-transparent-header-meta":"default","adv-header-id-meta":"","stick-header-meta":"","header-above-stick-meta":"","header-main-stick-meta":"","header-below-stick-meta":"","astra-migrate-meta-layouts":"set","ast-page-background-enabled":"default","ast-page-background-meta":{"desktop":{"background-color":"var(--ast-global-color-4)","background-image":"","background-repeat":"repeat","background-position":"center center","background-size":"auto","background-attachment":"scroll","background-type":"","background-media":"","overlay-type":"","overlay-color":"","overlay-opacity":"","overlay-gradient":""},"tablet":{"background-color":"","background-image":"","background-repeat":"repeat","background-position":"center center","background-size":"auto","background-attachment":"scroll","background-type":"","background-media":"","overlay-type":"","overlay-color":"","overlay-opacity":"","overlay-gradient":""},"mobile":{"background-color":"","background-image":"","background-repeat":"repeat","background-position":"center center","background-size":"auto","background-attachment":"scroll","background-type":"","background-media":"","overlay-type":"","overlay-color":"","overlay-opacity":"","overlay-gradient":""}},"ast-content-background-meta":{"desktop":{"background-color":"var(--ast-global-color-5)","background-image":"","background-repeat":"repeat","background-position":"center center","background-size":"auto","background-attachment":"scroll","background-type":"","background-media":"","overlay-type":"","overlay-color":"","overlay-opacity":"","overlay-gradient":""},"tablet":{"background-color":"var(--ast-global-color-5)","background-image":"","background-repeat":"repeat","background-position":"center center","background-size":"auto","background-attachment":"scroll","background-type":"","background-media":"","overlay-type":"","overlay-color":"","overlay-opacity":"","overlay-gradient":""},"mobile":{"background-color":"var(--ast-global-color-5)","background-image":"","background-repeat":"repeat","background-position":"center center","background-size":"auto","background-attachment":"scroll","background-type":"","background-media":"","overlay-type":"","overlay-color":"","overlay-opacity":"","overlay-gradient":""}}},"product_cat":[46],"product_tag":[],"class_list":["post-3917","product","type-product","status-publish","has-post-thumbnail","hentry","product_cat-eredeti-karaoke-dalok","desktop-align-left","tablet-align-left","mobile-align-left"],"_links":{"self":[{"href":"https:\/\/www.sunkaraoke.hu\/index.php\/wp-json\/wp\/v2\/product\/3917","targetHints":{"allow":["GET"]}}],"collection":[{"href":"https:\/\/www.sunkaraoke.hu\/index.php\/wp-json\/wp\/v2\/product"}],"about":[{"href":"https:\/\/www.sunkaraoke.hu\/index.php\/wp-json\/wp\/v2\/types\/product"}],"wp:featuredmedia":[{"embeddable":true,"href":"https:\/\/www.sunkaraoke.hu\/index.php\/wp-json\/wp\/v2\/media\/9011"}],"wp:attachment":[{"href":"https:\/\/www.sunkaraoke.hu\/index.php\/wp-json\/wp\/v2\/media?parent=3917"}],"wp:term":[{"taxonomy":"product_cat","embeddable":true,"href":"https:\/\/www.sunkaraoke.hu\/index.php\/wp-json\/wp\/v2\/product_cat?post=3917"},{"taxonomy":"product_tag","embeddable":true,"href":"https:\/\/www.sunkaraoke.hu\/index.php\/wp-json\/wp\/v2\/product_tag?post=3917"}],"curies":[{"name":"wp","href":"https:\/\/api.w.org\/{rel}","templated":true}]}}