{"id":3916,"date":"2022-08-08T20:46:54","date_gmt":"2022-08-08T20:46:54","guid":{"rendered":"https:\/\/www.sunkaraoke.hu\/index.php\/termek\/postas-jozsi-lenn-a-duna-partjan\/"},"modified":"2025-04-01T14:49:43","modified_gmt":"2025-04-01T14:49:43","slug":"postas-jozsi-lenn-a-duna-partjan","status":"publish","type":"product","link":"https:\/\/www.sunkaraoke.hu\/index.php\/termek\/postas-jozsi-lenn-a-duna-partjan\/","title":{"rendered":"<div class=\"wcmp-player-container product-3916\"><audio controlslist=\"nodownload\" data-product=\"3916\"  volume=\"1\"  preload=\"none\" data-lazyloading=\"none\" class=\"wcmp-player track mejs-classic\" data-duration=\"0:32\" data-estimated_duration=\"4\"><source src=\"https:\/\/www.sunkaraoke.hu\/wp-content\/uploads\/2022\/08\/Lenn-a-Duna-partjan-Postas-demooo.mp3\" type=\"audio\/mp3\" \/><\/audio><\/div>Post\u00e1s J\u00f3zsi &#8211; Lenn a Duna partj\u00e1n (Original)"},"content":{"rendered":"<p><strong>03:44<\/strong> | <strong><img loading=\"lazy\" decoding=\"async\" class=\"alignnone size-full wp-image-467\" src=\"https:\/\/www.sunkaraoke.hu\/wp-content\/uploads\/2022\/07\/choir_2-copy.webp\" alt=\"\" width=\"30\" height=\"30\" \/> <\/strong><\/p>\n","protected":false},"excerpt":{"rendered":"<h6><strong>Bits\u0171r\u0171s\u00e9g: 320<\/strong>kb\/s<strong><br \/>\n<\/strong><strong>Hossz: <\/strong>03:44<strong><br \/>\n<\/strong><strong style=\"font-size: 16px;\">Vok\u00e1lt tartalmaz: <\/strong>Nem <img loading=\"lazy\" decoding=\"async\" class=\"alignnone size-full wp-image-467\" src=\"http:\/\/www.sunkaraoke.hu\/wp-content\/uploads\/2022\/07\/choir_2-copy.png\" alt=\"\" width=\"30\" height=\"30\" \/><strong style=\"font-size: 16px;\"><br \/>\n<\/strong><\/h6>\n<p>Sunkaraoke mp3 st\u00fadi\u00f3 \/ www.sunkaraoke.hu \/ Inf: Tel: 06 20 4275001<\/p>\n<p>&#8212;Intr\u00f3&#8212;<br \/>\nM\u00e1jusban mikor kinyilnak a vir\u00e1gok,<br \/>\nsz\u00e9p tavaszi d\u00e9lut\u00e1n a Duna partj\u00e1n s\u00e9t\u00e1lok.<br \/>\nB\u00e1mulom a vizet, n\u00e9zem azt hogy milyen k\u00e9k,<br \/>\n\u00f3h ha egyszer szerelmes lehetn\u00e9k.<br \/>\n&#8212;Sz\u00f3l\u00f3&#8212;<\/p>\n<p>Egyszer csak a napf\u00e9ny, megcsillant a homlok\u00e1n,<br \/>\narra gondoltam hogy ki lehet-e sz\u00e9p le\u00e1ny.<br \/>\nB\u00e1rcsak egyszer \u00e9n a karjaiba mehetn\u00e9k,<br \/>\n\u00f3h ha egyszer szerelmes lehetn\u00e9k.<\/p>\n<p>Lenn a Duna partj\u00e1n, r\u00e1mtal\u00e1lt a szerelem,<br \/>\nvissza t\u00e9rn\u00e9k hozz\u00e1 ha m\u00e9gegyszer tehetem.<br \/>\nCs\u00f3kot adn\u00e9k \u00fajra annak a sz\u00e9p le\u00e1nynak,<br \/>\nf\u00e1j a sz\u00edvem meghalok \u00e9n ut\u00e1nad.<br \/>\nLenn a Duna partj\u00e1n, r\u00e1mtal\u00e1lt a szerelem,<br \/>\nvissza t\u00e9rn\u00e9k hozz\u00e1 ha m\u00e9gegyszer tehetem.<br \/>\nCs\u00f3kot adn\u00e9k \u00fajra annak a sz\u00e9p le\u00e1nynak,<br \/>\nf\u00e1j a sz\u00edvem meghalok \u00e9n ut\u00e1nad.<br \/>\n&#8212;Sz\u00f3l\u00f3&#8212;<br \/>\nOdal\u00e9ptem hozz\u00e1, megk\u00e9rdeztem kire v\u00e1r,<br \/>\n\u00e9s csak arra v\u00e1rtam v\u00e1laszol-e ez a l\u00e1ny.<br \/>\nBelen\u00e9zett szemembe, l\u00e1tta azt hogy szeretem,<br \/>\nv\u00e9gre akkor szerelmes lehettem.<br \/>\nLenn a Duna partj\u00e1n, r\u00e1mtal\u00e1lt a szerelem,<br \/>\nvissza t\u00e9rn\u00e9k hozz\u00e1 ha m\u00e9gegyszer tehetem.<br \/>\nCs\u00f3kot adn\u00e9k \u00fajra annak a sz\u00e9p le\u00e1nynak,<br \/>\nf\u00e1j a sz\u00edvem meghalok \u00e9n ut\u00e1nad.<br \/>\nLenn a Duna partj\u00e1n, r\u00e1mtal\u00e1lt a szerelem,<br \/>\nvissza t\u00e9rn\u00e9k hozz\u00e1 ha m\u00e9gegyszer tehetem.<br \/>\nCs\u00f3kot adn\u00e9k \u00fajra annak a sz\u00e9p le\u00e1nynak,<br \/>\nf\u00e1j a sz\u00edvem meghalok \u00e9n ut\u00e1nad.<br \/>\n&#8212;Sz\u00f3l\u00f3&#8212;<br \/>\nLenn a Duna partj\u00e1n, r\u00e1mtal\u00e1lt a szerelem,<br \/>\nvissza t\u00e9rn\u00e9k hozz\u00e1 ha m\u00e9gegyszer tehetem.<br \/>\nCs\u00f3kot adn\u00e9k \u00fajra annak a sz\u00e9p le\u00e1nynak,<br \/>\nf\u00e1j a sz\u00edvem meghalok \u00e9n ut\u00e1nad.<br \/>\nLenn a Duna partj\u00e1n, r\u00e1mtal\u00e1lt a szerelem,<br \/>\nvissza t\u00e9rn\u00e9k hozz\u00e1 ha m\u00e9gegyszer tehetem.<br \/>\nCs\u00f3kot adn\u00e9k \u00fajra annak a sz\u00e9p le\u00e1nynak,<br \/>\nf\u00e1j a sz\u00edvem meghalok \u00e9n ut\u00e1nad.<br \/>\nLenn a Duna partj\u00e1n, r\u00e1mtal\u00e1lt a szerelem,<br \/>\nvissza t\u00e9rn\u00e9k hozz\u00e1 ha m\u00e9gegyszer tehetem.<br \/>\nCs\u00f3kot adn\u00e9k \u00fajra annak a sz\u00e9p le\u00e1nynak,<br \/>\nf\u00e1j a sz\u00edvem meghalok \u00e9n ut\u00e1nad.<\/p>\n<p>&#8212;V\u00e9ge&#8212;<\/p>\n","protected":false},"featured_media":9011,"template":"","meta":{"site-sidebar-layout":"default","site-content-layout":"default","ast-site-content-layout":"default","site-content-style":"default","site-sidebar-style":"default","ast-global-header-display":"","ast-banner-title-visibility":"","ast-main-header-display":"","ast-hfb-above-header-display":"","ast-hfb-below-header-display":"","ast-hfb-mobile-header-display":"","site-post-title":"","ast-breadcrumbs-content":"","ast-featured-img":"","footer-sml-layout":"","theme-transparent-header-meta":"default","adv-header-id-meta":"","stick-header-meta":"","header-above-stick-meta":"","header-main-stick-meta":"","header-below-stick-meta":"","astra-migrate-meta-layouts":"set","ast-page-background-enabled":"default","ast-page-background-meta":{"desktop":{"background-color":"var(--ast-global-color-4)","background-image":"","background-repeat":"repeat","background-position":"center center","background-size":"auto","background-attachment":"scroll","background-type":"","background-media":"","overlay-type":"","overlay-color":"","overlay-opacity":"","overlay-gradient":""},"tablet":{"background-color":"","background-image":"","background-repeat":"repeat","background-position":"center center","background-size":"auto","background-attachment":"scroll","background-type":"","background-media":"","overlay-type":"","overlay-color":"","overlay-opacity":"","overlay-gradient":""},"mobile":{"background-color":"","background-image":"","background-repeat":"repeat","background-position":"center center","background-size":"auto","background-attachment":"scroll","background-type":"","background-media":"","overlay-type":"","overlay-color":"","overlay-opacity":"","overlay-gradient":""}},"ast-content-background-meta":{"desktop":{"background-color":"var(--ast-global-color-5)","background-image":"","background-repeat":"repeat","background-position":"center center","background-size":"auto","background-attachment":"scroll","background-type":"","background-media":"","overlay-type":"","overlay-color":"","overlay-opacity":"","overlay-gradient":""},"tablet":{"background-color":"var(--ast-global-color-5)","background-image":"","background-repeat":"repeat","background-position":"center center","background-size":"auto","background-attachment":"scroll","background-type":"","background-media":"","overlay-type":"","overlay-color":"","overlay-opacity":"","overlay-gradient":""},"mobile":{"background-color":"var(--ast-global-color-5)","background-image":"","background-repeat":"repeat","background-position":"center center","background-size":"auto","background-attachment":"scroll","background-type":"","background-media":"","overlay-type":"","overlay-color":"","overlay-opacity":"","overlay-gradient":""}}},"product_cat":[46],"product_tag":[],"class_list":["post-3916","product","type-product","status-publish","has-post-thumbnail","hentry","product_cat-eredeti-karaoke-dalok","desktop-align-left","tablet-align-left","mobile-align-left"],"_links":{"self":[{"href":"https:\/\/www.sunkaraoke.hu\/index.php\/wp-json\/wp\/v2\/product\/3916","targetHints":{"allow":["GET"]}}],"collection":[{"href":"https:\/\/www.sunkaraoke.hu\/index.php\/wp-json\/wp\/v2\/product"}],"about":[{"href":"https:\/\/www.sunkaraoke.hu\/index.php\/wp-json\/wp\/v2\/types\/product"}],"wp:featuredmedia":[{"embeddable":true,"href":"https:\/\/www.sunkaraoke.hu\/index.php\/wp-json\/wp\/v2\/media\/9011"}],"wp:attachment":[{"href":"https:\/\/www.sunkaraoke.hu\/index.php\/wp-json\/wp\/v2\/media?parent=3916"}],"wp:term":[{"taxonomy":"product_cat","embeddable":true,"href":"https:\/\/www.sunkaraoke.hu\/index.php\/wp-json\/wp\/v2\/product_cat?post=3916"},{"taxonomy":"product_tag","embeddable":true,"href":"https:\/\/www.sunkaraoke.hu\/index.php\/wp-json\/wp\/v2\/product_tag?post=3916"}],"curies":[{"name":"wp","href":"https:\/\/api.w.org\/{rel}","templated":true}]}}