{"id":3910,"date":"2022-08-08T20:46:53","date_gmt":"2022-08-08T20:46:53","guid":{"rendered":"https:\/\/www.sunkaraoke.hu\/index.php\/termek\/postas-jozsi-nem-szeretnek-bucsuzkodni-kedvesem\/"},"modified":"2025-04-01T14:41:20","modified_gmt":"2025-04-01T14:41:20","slug":"postas-jozsi-nem-szeretnek-bucsuzkodni-kedvesem","status":"publish","type":"product","link":"https:\/\/www.sunkaraoke.hu\/index.php\/termek\/postas-jozsi-nem-szeretnek-bucsuzkodni-kedvesem\/","title":{"rendered":"<div class=\"wcmp-player-container product-3910\"><audio controlslist=\"nodownload\" data-product=\"3910\"  volume=\"1\"  preload=\"none\" data-lazyloading=\"none\" class=\"wcmp-player track mejs-classic\" data-duration=\"0:32\" data-estimated_duration=\"4\"><source src=\"https:\/\/www.sunkaraoke.hu\/wp-content\/uploads\/2022\/08\/Nem-szeretnek-bucsuzkodni-Postas-demoo.mp3\" type=\"audio\/mp3\" \/><\/audio><\/div>Post\u00e1s J\u00f3zsi &#8211; Nem szeretn\u00e9k b\u00facs\u00fazkodni  (Original)"},"content":{"rendered":"<p><strong>03:39<\/strong> | <strong><img loading=\"lazy\" decoding=\"async\" class=\"alignnone size-full wp-image-467\" src=\"https:\/\/www.sunkaraoke.hu\/wp-content\/uploads\/2022\/07\/choir_2-copy.webp\" alt=\"\" width=\"30\" height=\"30\" \/> <\/strong><\/p>\n","protected":false},"excerpt":{"rendered":"<h6><strong>Bits\u0171r\u0171s\u00e9g: 320<\/strong>kb\/s<strong><br \/>\n<\/strong><strong>Hossz: <\/strong>03:39<strong><br \/>\n<\/strong><strong style=\"font-size: 16px;\">Vok\u00e1lt tartalmaz: <\/strong>Nem <img loading=\"lazy\" decoding=\"async\" class=\"alignnone size-full wp-image-467\" src=\"http:\/\/www.sunkaraoke.hu\/wp-content\/uploads\/2022\/07\/choir_2-copy.png\" alt=\"\" width=\"30\" height=\"30\" \/><strong style=\"font-size: 16px;\"><br \/>\n<\/strong><\/h6>\n<p>Sunkaraoke mp3 st\u00fadi\u00f3 \/ www.sunkaraoke.hu \/ Inf: Tel: 06 20 4275001<\/p>\n<p>&#8212;Intr\u00f3&#8212;-<br \/>\nK\u00f6r\u00fcl\u00f6ttem m\u00e9g oly csillagos az \u00e9g,<br \/>\nkeresem az utam nagyon r\u00e9g.<br \/>\nDe tudom hogyha itt vagy \u00e9s mellettem leszel,<br \/>\nk\u00f6nnyebb lesz majd az \u00e9n \u00e9letem.<\/p>\n<p>Nem szereten\u00e9k b\u00facs\u00fazkodni kedvesem,<br \/>\nj\u00f3 lenne ha itt lenn\u00e9l most \u00e9nvelem.<br \/>\n\u00c1t\u00f6lelni \u00fajra minden \u00e9jszak\u00e1n,<br \/>\nj\u00f3 lenne ha vigy\u00e1zn\u00e1l re\u00e1m.<br \/>\nNem szereten\u00e9k b\u00facs\u00fazkodni kedvesem,<br \/>\nj\u00f3 lenne ha itt lenn\u00e9l most \u00e9nvelem.<br \/>\n\u00c1t\u00f6lelni \u00fajra minden \u00e9jszak\u00e1n,<br \/>\nj\u00f3 lenne ha vigy\u00e1zn\u00e1l re\u00e1m.<\/p>\n<p>&#8212;Sz\u00f3l\u00f3&#8212;<br \/>\nK\u00f6r\u00fcl\u00f6ttem m\u00e9g oly csillagos az \u00e9g,<br \/>\nj\u00e1rom m\u00e1r az utam nagyon r\u00e9g.<br \/>\n\u00c9reztem ha itt vagy \u00e9s melletem leszel,<br \/>\nk\u00f6nnyebb lesz majd az \u00e9n \u00e9letem.<\/p>\n<p>Nem szereten\u00e9k b\u00facs\u00fazkodni kedvesem,<br \/>\nj\u00f3 lenne ha itt lenn\u00e9l most \u00e9nvelem.<br \/>\n\u00c1t\u00f6lelni \u00fajra minden \u00e9jszak\u00e1n,<br \/>\nj\u00f3 lenne ha vigy\u00e1zn\u00e1l re\u00e1m.<br \/>\nNem szereten\u00e9k b\u00facs\u00fazkodni kedvesem,<br \/>\nj\u00f3 lenne ha itt lenn\u00e9l most \u00e9nvelem.<br \/>\n\u00c1t\u00f6lelni \u00fajra minden \u00e9jszak\u00e1n,<br \/>\nj\u00f3 lenne ha vigy\u00e1zn\u00e1l re\u00e1m.<\/p>\n<p>\u00c9vek \u00f3ta v\u00e1rom m\u00e1r hogy \u00fajra l\u00e1ssalak,<br \/>\ncsak sz\u00e1molom a csillagokat.<br \/>\nMegs\u00fagj\u00e1k hogy elj\u00f6ssz \u00e9s itt leszel velem,<br \/>\nk\u00f6nnyebb lesz majd az \u00e9n \u00e9letem.<br \/>\nK\u00f6r\u00fcl\u00f6ttem m\u00e9g oly csillagos az \u00e9g,<br \/>\nj\u00e1rom m\u00e1r az utam nagyon r\u00e9g.<br \/>\n\u00c9reztem ha itt vagy \u00e9s melletem leszel,<br \/>\nk\u00f6nnyebb lesz majd az \u00e9n \u00e9letem.<\/p>\n<p>Nem szereten\u00e9k b\u00facs\u00fazkodni kedvesem,<br \/>\nj\u00f3 lenne ha itt lenn\u00e9l most \u00e9nvelem.<br \/>\n\u00c1t\u00f6lelni \u00fajra minden \u00e9jszak\u00e1n,<br \/>\nj\u00f3 lenne ha vigy\u00e1zn\u00e1l re\u00e1m.<br \/>\nNem szereten\u00e9k b\u00facs\u00fazkodni kedvesem,<br \/>\nj\u00f3 lenne ha itt lenn\u00e9l most \u00e9nvelem.<br \/>\n\u00c1t\u00f6lelni \u00fajra minden \u00e9jszak\u00e1n,<br \/>\nj\u00f3 lenne ha vigy\u00e1zn\u00e1l re\u00e1m.<\/p>\n<p>Nem szereten\u00e9k b\u00facs\u00fazkodni kedvesem,<br \/>\nj\u00f3 lenne ha itt lenn\u00e9l most \u00e9nvelem.<br \/>\n\u00c1t\u00f6lelni \u00fajra minden \u00e9jszak\u00e1n,<br \/>\nj\u00f3 lenne ha vigy\u00e1zn\u00e1l re\u00e1m.<br \/>\nNem szereten\u00e9k b\u00facs\u00fazkodni kedvesem,<br \/>\nj\u00f3 lenne ha itt lenn\u00e9l most \u00e9nvelem.<br \/>\n\u00c1t\u00f6lelni \u00fajra minden \u00e9jszak\u00e1n,<br \/>\nj\u00f3 lenne ha vigy\u00e1zn\u00e1l re\u00e1m.<br \/>\n&#8212;V\u00e9ge&#8212;<\/p>\n","protected":false},"featured_media":9011,"template":"","meta":{"site-sidebar-layout":"default","site-content-layout":"default","ast-site-content-layout":"default","site-content-style":"default","site-sidebar-style":"default","ast-global-header-display":"","ast-banner-title-visibility":"","ast-main-header-display":"","ast-hfb-above-header-display":"","ast-hfb-below-header-display":"","ast-hfb-mobile-header-display":"","site-post-title":"","ast-breadcrumbs-content":"","ast-featured-img":"","footer-sml-layout":"","theme-transparent-header-meta":"default","adv-header-id-meta":"","stick-header-meta":"","header-above-stick-meta":"","header-main-stick-meta":"","header-below-stick-meta":"","astra-migrate-meta-layouts":"set","ast-page-background-enabled":"default","ast-page-background-meta":{"desktop":{"background-color":"var(--ast-global-color-4)","background-image":"","background-repeat":"repeat","background-position":"center center","background-size":"auto","background-attachment":"scroll","background-type":"","background-media":"","overlay-type":"","overlay-color":"","overlay-opacity":"","overlay-gradient":""},"tablet":{"background-color":"","background-image":"","background-repeat":"repeat","background-position":"center center","background-size":"auto","background-attachment":"scroll","background-type":"","background-media":"","overlay-type":"","overlay-color":"","overlay-opacity":"","overlay-gradient":""},"mobile":{"background-color":"","background-image":"","background-repeat":"repeat","background-position":"center center","background-size":"auto","background-attachment":"scroll","background-type":"","background-media":"","overlay-type":"","overlay-color":"","overlay-opacity":"","overlay-gradient":""}},"ast-content-background-meta":{"desktop":{"background-color":"var(--ast-global-color-5)","background-image":"","background-repeat":"repeat","background-position":"center center","background-size":"auto","background-attachment":"scroll","background-type":"","background-media":"","overlay-type":"","overlay-color":"","overlay-opacity":"","overlay-gradient":""},"tablet":{"background-color":"var(--ast-global-color-5)","background-image":"","background-repeat":"repeat","background-position":"center center","background-size":"auto","background-attachment":"scroll","background-type":"","background-media":"","overlay-type":"","overlay-color":"","overlay-opacity":"","overlay-gradient":""},"mobile":{"background-color":"var(--ast-global-color-5)","background-image":"","background-repeat":"repeat","background-position":"center center","background-size":"auto","background-attachment":"scroll","background-type":"","background-media":"","overlay-type":"","overlay-color":"","overlay-opacity":"","overlay-gradient":""}}},"product_cat":[46],"product_tag":[],"class_list":["post-3910","product","type-product","status-publish","has-post-thumbnail","hentry","product_cat-eredeti-karaoke-dalok","desktop-align-left","tablet-align-left","mobile-align-left"],"_links":{"self":[{"href":"https:\/\/www.sunkaraoke.hu\/index.php\/wp-json\/wp\/v2\/product\/3910","targetHints":{"allow":["GET"]}}],"collection":[{"href":"https:\/\/www.sunkaraoke.hu\/index.php\/wp-json\/wp\/v2\/product"}],"about":[{"href":"https:\/\/www.sunkaraoke.hu\/index.php\/wp-json\/wp\/v2\/types\/product"}],"wp:featuredmedia":[{"embeddable":true,"href":"https:\/\/www.sunkaraoke.hu\/index.php\/wp-json\/wp\/v2\/media\/9011"}],"wp:attachment":[{"href":"https:\/\/www.sunkaraoke.hu\/index.php\/wp-json\/wp\/v2\/media?parent=3910"}],"wp:term":[{"taxonomy":"product_cat","embeddable":true,"href":"https:\/\/www.sunkaraoke.hu\/index.php\/wp-json\/wp\/v2\/product_cat?post=3910"},{"taxonomy":"product_tag","embeddable":true,"href":"https:\/\/www.sunkaraoke.hu\/index.php\/wp-json\/wp\/v2\/product_tag?post=3910"}],"curies":[{"name":"wp","href":"https:\/\/api.w.org\/{rel}","templated":true}]}}