{"id":3907,"date":"2022-08-08T20:46:53","date_gmt":"2022-08-08T20:46:53","guid":{"rendered":"https:\/\/www.sunkaraoke.hu\/index.php\/termek\/yanni-hangokba-zarva\/"},"modified":"2025-04-09T12:06:35","modified_gmt":"2025-04-09T12:06:35","slug":"yanni-hangokba-zarva","status":"publish","type":"product","link":"https:\/\/www.sunkaraoke.hu\/index.php\/termek\/yanni-hangokba-zarva\/","title":{"rendered":"<div class=\"wcmp-player-container product-3907\"><audio controlslist=\"nodownload\" data-product=\"3907\"  volume=\"1\"  preload=\"none\" data-lazyloading=\"none\" class=\"wcmp-player track mejs-classic\" data-duration=\"0:36\" data-estimated_duration=\"4\"><source src=\"https:\/\/www.sunkaraoke.hu\/wp-content\/uploads\/2022\/08\/Hangokba-zarva-Daavid-kdemoo.mp3\" type=\"audio\/mp3\" \/><\/audio><\/div>Yanni &#8211; Hangokba z\u00e1rva (Original)"},"content":{"rendered":"<p><strong>03:52<\/strong> | <strong><img loading=\"lazy\" decoding=\"async\" class=\"alignnone size-full wp-image-467\" src=\"https:\/\/www.sunkaraoke.hu\/wp-content\/uploads\/2022\/07\/choir_2-copy.webp\" alt=\"\" width=\"30\" height=\"30\" \/> <\/strong><\/p>\n","protected":false},"excerpt":{"rendered":"<h6><strong>Bits\u0171r\u0171s\u00e9g: 320k<\/strong>b\/s<strong><br \/>\n<\/strong><strong>Hossz: <\/strong>03:52<strong><br \/>\n<\/strong><strong style=\"font-size: 16px;\">Vok\u00e1lt tartalmaz: <\/strong>Nem <img loading=\"lazy\" decoding=\"async\" class=\"alignnone size-full wp-image-467\" src=\"http:\/\/www.sunkaraoke.hu\/wp-content\/uploads\/2022\/07\/choir_2-copy.png\" alt=\"\" width=\"30\" height=\"30\" \/><strong style=\"font-size: 16px;\"><br \/>\n<\/strong><\/h6>\n<p>Sunkaraoke mp3 st\u00fadi\u00f3 \/ www.sunkaraoke.hu \/ Inf: Tel: 06 20 4275001<\/p>\n<p>&#8212;Intr\u00f3&#8212;<br \/>\nElveszett n\u00e9h\u00e1ny \u00e9v,<br \/>\nde v\u00e9gig k\u00eds\u00e9r egy hang egy n\u00e9v,<br \/>\nki voltam m\u00e9g gyermekk\u00e9nt,<br \/>\nvajon hogy n\u00e9z most r\u00e1m,<br \/>\nvajon hogy n\u00e9z most r\u00e1m?<\/p>\n<p>Semmi sem j\u00f3l t\u00f6rt\u00e9nt,<br \/>\nmit \u00e1lmodtam pork\u00e9n hullott sz\u00e9t,<br \/>\nde ha b\u00edzni tudsz bennem m\u00e9g,<br \/>\nt\u00e1n \u00e1t\u00edrhatn\u00e1nk, m\u00e9g nem k\u00e9s\u0151 t\u00e1n.<\/p>\n<p>S a zongor\u00e1n \u00fajra sz\u00f3l egy dal,<br \/>\nhogy hangszerbe z\u00e1rt sz\u00edvem \u00e9l,<br \/>\nde tartozom m\u00e9g egy \u00e1lommal,<br \/>\ns hangom ut\u00e1n tal\u00e1n megfordul a sz\u00e9l.<\/p>\n<p>A h\u00e9tk\u00f6znap \u00e1larc\u00e1t, hagytam,<br \/>\nhogy v\u00e9gleg r\u00e1m rakj\u00e1k,<br \/>\nkil\u00e9pek az ajt\u00f3n h\u00e1t,<br \/>\nez egy roskad\u00f3 h\u00e1z,<br \/>\ns te a f\u00e9nyben ott v\u00e1rsz.<\/p>\n<p>S a zongor\u00e1n \u00fajra sz\u00f3l egy dal,<br \/>\nhogy hangszerbe z\u00e1rt sz\u00edvem \u00e9l,<br \/>\nde tartozom m\u00e9g egy \u00e1lommal,<br \/>\ns hangom ut\u00e1n tal\u00e1n megfordul a sz\u00e9l,<br \/>\ns f\u00e9ny gy\u00fal mindenhol.<\/p>\n<p>A zongor\u00e1n \u00fajra sz\u00f3l egy dal,<br \/>\nhogy hangszerbe z\u00e1rt sz\u00edvem \u00e9l,<br \/>\nde tartozom m\u00e9g egy \u00e1lommal,<br \/>\ns hangom ut\u00e1n tal\u00e1n megfordul a sz\u00e9l.<\/p>\n<p>Elveszett n\u00e9h\u00e1ny \u00e9v,<br \/>\nde v\u00e9gig k\u00eds\u00e9rt egy hang, egy n\u00e9v,<br \/>\nki voltam m\u00e9g gyermekk\u00e9nt,<br \/>\nvajon hogy n\u00e9z most r\u00e1m,<br \/>\nvajon hogy n\u00e9z most r\u00e1m?<\/p>\n<p>S a zongor\u00e1n \u00fajra sz\u00f3l egy dal,<br \/>\nhogy hangszerbe z\u00e1rt sz\u00edvem \u00e9l,<br \/>\nde tartozom m\u00e9g egy \u00e1lommal,<br \/>\ns hangom ut\u00e1n tal\u00e1n megfordul a sz\u00e9l,<br \/>\ns f\u00e9ny gy\u00fal mindenhol.<br \/>\n&#8212;V\u00e9ge&#8212;<\/p>\n","protected":false},"featured_media":9506,"template":"","meta":{"site-sidebar-layout":"default","site-content-layout":"default","ast-site-content-layout":"default","site-content-style":"default","site-sidebar-style":"default","ast-global-header-display":"","ast-banner-title-visibility":"","ast-main-header-display":"","ast-hfb-above-header-display":"","ast-hfb-below-header-display":"","ast-hfb-mobile-header-display":"","site-post-title":"","ast-breadcrumbs-content":"","ast-featured-img":"","footer-sml-layout":"","theme-transparent-header-meta":"default","adv-header-id-meta":"","stick-header-meta":"","header-above-stick-meta":"","header-main-stick-meta":"","header-below-stick-meta":"","astra-migrate-meta-layouts":"set","ast-page-background-enabled":"default","ast-page-background-meta":{"desktop":{"background-color":"var(--ast-global-color-4)","background-image":"","background-repeat":"repeat","background-position":"center center","background-size":"auto","background-attachment":"scroll","background-type":"","background-media":"","overlay-type":"","overlay-color":"","overlay-opacity":"","overlay-gradient":""},"tablet":{"background-color":"","background-image":"","background-repeat":"repeat","background-position":"center center","background-size":"auto","background-attachment":"scroll","background-type":"","background-media":"","overlay-type":"","overlay-color":"","overlay-opacity":"","overlay-gradient":""},"mobile":{"background-color":"","background-image":"","background-repeat":"repeat","background-position":"center center","background-size":"auto","background-attachment":"scroll","background-type":"","background-media":"","overlay-type":"","overlay-color":"","overlay-opacity":"","overlay-gradient":""}},"ast-content-background-meta":{"desktop":{"background-color":"var(--ast-global-color-5)","background-image":"","background-repeat":"repeat","background-position":"center center","background-size":"auto","background-attachment":"scroll","background-type":"","background-media":"","overlay-type":"","overlay-color":"","overlay-opacity":"","overlay-gradient":""},"tablet":{"background-color":"var(--ast-global-color-5)","background-image":"","background-repeat":"repeat","background-position":"center center","background-size":"auto","background-attachment":"scroll","background-type":"","background-media":"","overlay-type":"","overlay-color":"","overlay-opacity":"","overlay-gradient":""},"mobile":{"background-color":"var(--ast-global-color-5)","background-image":"","background-repeat":"repeat","background-position":"center center","background-size":"auto","background-attachment":"scroll","background-type":"","background-media":"","overlay-type":"","overlay-color":"","overlay-opacity":"","overlay-gradient":""}}},"product_cat":[46],"product_tag":[],"class_list":["post-3907","product","type-product","status-publish","has-post-thumbnail","hentry","product_cat-eredeti-karaoke-dalok","desktop-align-left","tablet-align-left","mobile-align-left"],"_links":{"self":[{"href":"https:\/\/www.sunkaraoke.hu\/index.php\/wp-json\/wp\/v2\/product\/3907","targetHints":{"allow":["GET"]}}],"collection":[{"href":"https:\/\/www.sunkaraoke.hu\/index.php\/wp-json\/wp\/v2\/product"}],"about":[{"href":"https:\/\/www.sunkaraoke.hu\/index.php\/wp-json\/wp\/v2\/types\/product"}],"wp:featuredmedia":[{"embeddable":true,"href":"https:\/\/www.sunkaraoke.hu\/index.php\/wp-json\/wp\/v2\/media\/9506"}],"wp:attachment":[{"href":"https:\/\/www.sunkaraoke.hu\/index.php\/wp-json\/wp\/v2\/media?parent=3907"}],"wp:term":[{"taxonomy":"product_cat","embeddable":true,"href":"https:\/\/www.sunkaraoke.hu\/index.php\/wp-json\/wp\/v2\/product_cat?post=3907"},{"taxonomy":"product_tag","embeddable":true,"href":"https:\/\/www.sunkaraoke.hu\/index.php\/wp-json\/wp\/v2\/product_tag?post=3907"}],"curies":[{"name":"wp","href":"https:\/\/api.w.org\/{rel}","templated":true}]}}