{"id":3905,"date":"2022-08-08T20:46:53","date_gmt":"2022-08-08T20:46:53","guid":{"rendered":"https:\/\/www.sunkaraoke.hu\/index.php\/termek\/suzy-jolly-suzanna\/"},"modified":"2025-03-27T12:14:27","modified_gmt":"2025-03-27T12:14:27","slug":"suzy-jolly-suzanna","status":"publish","type":"product","link":"https:\/\/www.sunkaraoke.hu\/index.php\/termek\/suzy-jolly-suzanna\/","title":{"rendered":"<div class=\"wcmp-player-container product-3905\"><audio controlslist=\"nodownload\" data-product=\"3905\"  volume=\"1\"  preload=\"none\" data-lazyloading=\"none\" class=\"wcmp-player track mejs-classic\" data-duration=\"0:32\" data-estimated_duration=\"4\"><source src=\"https:\/\/www.sunkaraoke.hu\/wp-content\/uploads\/2022\/08\/Suzanna-Jolly-SB-_demo.mp3\" type=\"audio\/mp3\" \/><\/audio><\/div>Suzy &#038; Jolly &#8211; Suzanna (Original)"},"content":{"rendered":"<p><strong>03:36<\/strong> | <strong><img loading=\"lazy\" decoding=\"async\" class=\"alignnone size-full wp-image-467\" src=\"https:\/\/www.sunkaraoke.hu\/wp-content\/uploads\/2022\/07\/choir_2-copy.webp\" alt=\"\" width=\"30\" height=\"30\" \/> <strong> | <img loading=\"lazy\" decoding=\"async\" class=\"alignnone size-full wp-image-613\" src=\"https:\/\/www.sunkaraoke.hu\/wp-content\/uploads\/2022\/07\/transzponalas.webp\" alt=\"\" width=\"30\" height=\"30\" \/> <\/strong><strong>0<\/strong><\/strong><\/p>\n","protected":false},"excerpt":{"rendered":"<h6>Bits\u0171r\u0171s\u00e9g: 320 kb\/s<br \/>\nHossz: 03:36<br \/>\nVok\u00e1lt tartalmaz: Nem <img loading=\"lazy\" decoding=\"async\" class=\"alignnone size-full wp-image-467\" src=\"http:\/\/www.sunkaraoke.hu\/wp-content\/uploads\/2022\/07\/choir_2-copy.png\" alt=\"\" width=\"30\" height=\"30\" \/><strong style=\"font-size: 16px;\"><br \/>\n<\/strong><\/h6>\n<p>Sunkaraoke mp3 st\u00fadi\u00f3 \/ www.sunkaraoke.hu \/ Inf: Tel: 06 20 4275001<\/p>\n<p>&#8212;Intr\u00f3&#8212;<br \/>\nP\u00e1,p\u00e1,r\u00e1,p\u00e1,p\u00e1&#8230;&#8230;<br \/>\nTeveled minden olyan sz\u00e9p,<br \/>\nveled fent mindig k\u00e9k az \u00e9g.<br \/>\nTe vagy az \u00f6r\u00f6k boldogs\u00e1g, a f\u00e9nyes napsug\u00e1r.<br \/>\nTe vagy az \u00e9n kicsi hercegem,<br \/>\nte vagy ki felgy\u00fajtja a sz\u00edvem,<br \/>\na cs\u00f3kod \u00e9des mint a m\u00e9z,<br \/>\ngyere \u00f6lelj \u00e1t \u00e9s l\u00e9gy az eny\u00e9m.<br \/>\nSuzanna, Suzanna, arany sz\u00edn\u0171 a hajad,<br \/>\nSuzanna, Suzanna, maradj itt minden \u00e9jszaka.<br \/>\nSuzanna, Suzanna, sz\u00e9p sz\u0151ke a hajad,<br \/>\nSuzanna, Suzanna, te vagy a sz\u00edvem kir\u00e1lya.<br \/>\n\u00d3h,\u00f3h,\u00f3h,\u00f3h&#8230;..<br \/>\nSuzanna, Suzanna&#8230;.<br \/>\n\u00d3h,\u00f3h,\u00f3h,\u00f3h&#8230;..<br \/>\nSuzanna, Suzanna, aranysz\u00edn\u0171 a hajd.<br \/>\nP\u00e1,p\u00e1,r\u00e1,p\u00e1,p\u00e1&#8230;&#8230;<br \/>\nTe vagy az \u00e9n kicsi hercegem,<br \/>\nte vagy ki felgy\u00fajtja a sz\u00edvem,<br \/>\na cs\u00f3kod \u00e9des mint a m\u00e9z,<br \/>\ngyere \u00f6lelj \u00e1t \u00e9s l\u00e9gy az eny\u00e9m.<br \/>\nSuzanna, Suzanna, arany sz\u00edn\u0171 a hajad,<br \/>\nSuzanna, Suzanna, maradj itt minden \u00e9jszaka.<br \/>\nSuzanna, Suzanna, sz\u00e9p sz\u0151ke a hajad,<br \/>\nSuzanna, Suzanna, te vagy a sz\u00edvem kir\u00e1lya.<br \/>\n\u00d3h,\u00f3h,\u00f3h,\u00f3h&#8230;..<br \/>\nSuzanna, Suzanna&#8230;.<br \/>\n&#8212;V\u00e9ge&#8212;-<\/p>\n","protected":false},"featured_media":9007,"template":"","meta":{"site-sidebar-layout":"default","site-content-layout":"default","ast-site-content-layout":"default","site-content-style":"default","site-sidebar-style":"default","ast-global-header-display":"","ast-banner-title-visibility":"","ast-main-header-display":"","ast-hfb-above-header-display":"","ast-hfb-below-header-display":"","ast-hfb-mobile-header-display":"","site-post-title":"","ast-breadcrumbs-content":"","ast-featured-img":"","footer-sml-layout":"","theme-transparent-header-meta":"default","adv-header-id-meta":"","stick-header-meta":"","header-above-stick-meta":"","header-main-stick-meta":"","header-below-stick-meta":"","astra-migrate-meta-layouts":"set","ast-page-background-enabled":"default","ast-page-background-meta":{"desktop":{"background-color":"var(--ast-global-color-4)","background-image":"","background-repeat":"repeat","background-position":"center center","background-size":"auto","background-attachment":"scroll","background-type":"","background-media":"","overlay-type":"","overlay-color":"","overlay-opacity":"","overlay-gradient":""},"tablet":{"background-color":"","background-image":"","background-repeat":"repeat","background-position":"center center","background-size":"auto","background-attachment":"scroll","background-type":"","background-media":"","overlay-type":"","overlay-color":"","overlay-opacity":"","overlay-gradient":""},"mobile":{"background-color":"","background-image":"","background-repeat":"repeat","background-position":"center center","background-size":"auto","background-attachment":"scroll","background-type":"","background-media":"","overlay-type":"","overlay-color":"","overlay-opacity":"","overlay-gradient":""}},"ast-content-background-meta":{"desktop":{"background-color":"var(--ast-global-color-5)","background-image":"","background-repeat":"repeat","background-position":"center center","background-size":"auto","background-attachment":"scroll","background-type":"","background-media":"","overlay-type":"","overlay-color":"","overlay-opacity":"","overlay-gradient":""},"tablet":{"background-color":"var(--ast-global-color-5)","background-image":"","background-repeat":"repeat","background-position":"center center","background-size":"auto","background-attachment":"scroll","background-type":"","background-media":"","overlay-type":"","overlay-color":"","overlay-opacity":"","overlay-gradient":""},"mobile":{"background-color":"var(--ast-global-color-5)","background-image":"","background-repeat":"repeat","background-position":"center center","background-size":"auto","background-attachment":"scroll","background-type":"","background-media":"","overlay-type":"","overlay-color":"","overlay-opacity":"","overlay-gradient":""}}},"product_cat":[48],"product_tag":[],"class_list":["post-3905","product","type-product","status-publish","has-post-thumbnail","hentry","product_cat-sunkaraoke-dalok","desktop-align-left","tablet-align-left","mobile-align-left"],"_links":{"self":[{"href":"https:\/\/www.sunkaraoke.hu\/index.php\/wp-json\/wp\/v2\/product\/3905","targetHints":{"allow":["GET"]}}],"collection":[{"href":"https:\/\/www.sunkaraoke.hu\/index.php\/wp-json\/wp\/v2\/product"}],"about":[{"href":"https:\/\/www.sunkaraoke.hu\/index.php\/wp-json\/wp\/v2\/types\/product"}],"wp:featuredmedia":[{"embeddable":true,"href":"https:\/\/www.sunkaraoke.hu\/index.php\/wp-json\/wp\/v2\/media\/9007"}],"wp:attachment":[{"href":"https:\/\/www.sunkaraoke.hu\/index.php\/wp-json\/wp\/v2\/media?parent=3905"}],"wp:term":[{"taxonomy":"product_cat","embeddable":true,"href":"https:\/\/www.sunkaraoke.hu\/index.php\/wp-json\/wp\/v2\/product_cat?post=3905"},{"taxonomy":"product_tag","embeddable":true,"href":"https:\/\/www.sunkaraoke.hu\/index.php\/wp-json\/wp\/v2\/product_tag?post=3905"}],"curies":[{"name":"wp","href":"https:\/\/api.w.org\/{rel}","templated":true}]}}