{"id":3898,"date":"2022-08-08T20:46:52","date_gmt":"2022-08-08T20:46:52","guid":{"rendered":"https:\/\/www.sunkaraoke.hu\/index.php\/termek\/jolly-almatlan-ejszakakat-okoztal-transzp-verzio\/"},"modified":"2025-04-09T12:24:02","modified_gmt":"2025-04-09T12:24:02","slug":"jolly-almatlan-ejszakakat-okoztal-transzp-verzio","status":"publish","type":"product","link":"https:\/\/www.sunkaraoke.hu\/index.php\/termek\/jolly-almatlan-ejszakakat-okoztal-transzp-verzio\/","title":{"rendered":"<div class=\"wcmp-player-container product-3898\"><audio controlslist=\"nodownload\" data-product=\"3898\"  volume=\"1\"  preload=\"none\" data-lazyloading=\"none\" class=\"wcmp-player track mejs-classic\" data-duration=\"0:34\" data-estimated_duration=\"4\"><source src=\"https:\/\/www.sunkaraoke.hu\/wp-content\/uploads\/2022\/08\/Almatlan-ejszakakat-trans-SB_demo.mp3\" type=\"audio\/mp3\" \/><\/audio><\/div>Jolly &#8211; \u00c1lmatlan \u00e9jszak\u00e1kat okozt\u00e1l (SB. Edition)"},"content":{"rendered":"<p><strong>03:43<\/strong> | <strong><img loading=\"lazy\" decoding=\"async\" class=\"alignnone size-full wp-image-467\" src=\"https:\/\/www.sunkaraoke.hu\/wp-content\/uploads\/2022\/07\/choir_2-copy.webp\" alt=\"\" width=\"30\" height=\"30\" \/> <strong> | <img loading=\"lazy\" decoding=\"async\" class=\"alignnone size-full wp-image-613\" src=\"https:\/\/www.sunkaraoke.hu\/wp-content\/uploads\/2022\/07\/transzponalas.webp\" alt=\"\" width=\"30\" height=\"30\" \/> <\/strong><strong>-3<\/strong><\/strong><\/p>\n","protected":false},"excerpt":{"rendered":"<h6>Bits\u0171r\u0171s\u00e9g: 320 kb\/s<br \/>\nHossz: 03:43<br \/>\nVok\u00e1lt tartalmaz: Nem <img loading=\"lazy\" decoding=\"async\" class=\"alignnone size-full wp-image-467\" src=\"http:\/\/www.sunkaraoke.hu\/wp-content\/uploads\/2022\/07\/choir_2-copy.png\" alt=\"\" width=\"30\" height=\"30\" \/><br \/>\nTranszpon\u00e1l\u00e1s: <img loading=\"lazy\" decoding=\"async\" class=\"alignnone size-full wp-image-613\" src=\"http:\/\/www.sunkaraoke.hu\/wp-content\/uploads\/2022\/07\/transzponalas.png\" alt=\"\" width=\"30\" height=\"30\" \/> -3<\/h6>\n<p>Sunkaraoke mp3 st\u00fadi\u00f3 \/ www.sunkaraoke.hu \/ Inf: Tel: 06 20 4275001<\/p>\n<p>\u00c1lmatlan \u00e9jszak\u00e1kat okozt\u00e1l nekem,<br \/>\nte nem is \u00e9rzed, hogy tud f\u00e1jni \u00e9rted az \u00e9n sz\u00edvem.<br \/>\nSzomor\u00fas\u00e1g b\u00e1nat, meghalok ut\u00e1nad,<br \/>\nelhervadtak m\u00e1r a r\u00f3zsasz\u00e1lak.<br \/>\nS\u00e1,n\u00e1,n\u00e1,n\u00e1,n\u00e1,n\u00e1,n\u00e1,&#8230;&#8230;<\/p>\n<p>\u00c1lmatlan \u00e9jszak\u00e1kat okozt\u00e1l nekem,<br \/>\nte nem is \u00e9rzed, hogy tud f\u00e1jni \u00e9rted az \u00e9n sz\u00edvem.<br \/>\nSzomor\u00fas\u00e1g b\u00e1nat, meghalok ut\u00e1nad,<br \/>\nelhervadtak m\u00e1r a r\u00f3zsasz\u00e1lak.<\/p>\n<p>B\u00e1nat van b\u00e1nat a sz\u00edvemben, nem tudok \u00e9lni n\u00e9lk\u00fcled,<br \/>\n\u00edg\u00e9rd meg vissza j\u00f6sz majd hozz\u00e1m egy \u00e9jjelen.<br \/>\nB\u00e1nat van b\u00e1nat a sz\u00edvemben, s\u00edrok s\u00edrok n\u00e9lk\u00fcled,<br \/>\ngy\u00e1szba bor\u00falt minden, mert nem vagy itt velem.<br \/>\nB\u00e1nat van b\u00e1nat a sz\u00edvemben, nem tudok \u00e9lni n\u00e9lk\u00fcled,<br \/>\n\u00edg\u00e9rd meg vissza j\u00f6sz majd hozz\u00e1m egy \u00e9jjelen.<br \/>\nB\u00e1nat van b\u00e1nat a sz\u00edvemben, s\u00edrok s\u00edrok n\u00e9lk\u00fcled,<br \/>\nistenem arra k\u00e9rlek, hogy k\u00fcld vissza nekem.<br \/>\n\u00c1lmatlan \u00e9jszak\u00e1kat okozt\u00e1l nekem,<br \/>\nte nem is \u00e9rzed, hogy tud f\u00e1jni \u00e9rted az \u00e9n sz\u00edvem.<br \/>\nSzomor\u00fas\u00e1g b\u00e1nat, meghalok ut\u00e1nad,<br \/>\nelhervadtak m\u00e1r a r\u00f3zsasz\u00e1lak.<\/p>\n<p>S\u00e1,n\u00e1,n\u00e1,n\u00e1,n\u00e1,n\u00e1,n\u00e1,n\u00e1&#8230;&#8230;..<\/p>\n<p>B\u00e1nat van b\u00e1nat a sz\u00edvemben, nem tudok \u00e9lni n\u00e9lk\u00fcled,<br \/>\n\u00edg\u00e9rd meg vissza j\u00f6sz majd hozz\u00e1m egy \u00e9jjelen.<br \/>\nB\u00e1nat van b\u00e1nat a sz\u00edvemben, s\u00edrok s\u00edrok n\u00e9lk\u00fcled,<br \/>\ngy\u00e1szba bor\u00falt minden, mert nem vagy itt velem.<br \/>\nB\u00e1nat van b\u00e1nat a sz\u00edvemben, nem tudok \u00e9lni n\u00e9lk\u00fcled,<br \/>\n\u00edg\u00e9rd meg vissza j\u00f6sz majd hozz\u00e1m egy \u00e9jjelen.<br \/>\nB\u00e1nat van b\u00e1nat a sz\u00edvemben, s\u00edrok s\u00edrok n\u00e9lk\u00fcled,<br \/>\nistenem arra k\u00e9rlek, hogy k\u00fcld vissza nekem.<br \/>\n&#8212;V\u00e9ge&#8212;<\/p>\n","protected":false},"featured_media":6147,"template":"","meta":{"site-sidebar-layout":"default","site-content-layout":"default","ast-site-content-layout":"default","site-content-style":"default","site-sidebar-style":"default","ast-global-header-display":"","ast-banner-title-visibility":"","ast-main-header-display":"","ast-hfb-above-header-display":"","ast-hfb-below-header-display":"","ast-hfb-mobile-header-display":"","site-post-title":"","ast-breadcrumbs-content":"","ast-featured-img":"","footer-sml-layout":"","theme-transparent-header-meta":"default","adv-header-id-meta":"","stick-header-meta":"","header-above-stick-meta":"","header-main-stick-meta":"","header-below-stick-meta":"","astra-migrate-meta-layouts":"set","ast-page-background-enabled":"default","ast-page-background-meta":{"desktop":{"background-color":"var(--ast-global-color-4)","background-image":"","background-repeat":"repeat","background-position":"center center","background-size":"auto","background-attachment":"scroll","background-type":"","background-media":"","overlay-type":"","overlay-color":"","overlay-opacity":"","overlay-gradient":""},"tablet":{"background-color":"","background-image":"","background-repeat":"repeat","background-position":"center center","background-size":"auto","background-attachment":"scroll","background-type":"","background-media":"","overlay-type":"","overlay-color":"","overlay-opacity":"","overlay-gradient":""},"mobile":{"background-color":"","background-image":"","background-repeat":"repeat","background-position":"center center","background-size":"auto","background-attachment":"scroll","background-type":"","background-media":"","overlay-type":"","overlay-color":"","overlay-opacity":"","overlay-gradient":""}},"ast-content-background-meta":{"desktop":{"background-color":"var(--ast-global-color-5)","background-image":"","background-repeat":"repeat","background-position":"center center","background-size":"auto","background-attachment":"scroll","background-type":"","background-media":"","overlay-type":"","overlay-color":"","overlay-opacity":"","overlay-gradient":""},"tablet":{"background-color":"var(--ast-global-color-5)","background-image":"","background-repeat":"repeat","background-position":"center center","background-size":"auto","background-attachment":"scroll","background-type":"","background-media":"","overlay-type":"","overlay-color":"","overlay-opacity":"","overlay-gradient":""},"mobile":{"background-color":"var(--ast-global-color-5)","background-image":"","background-repeat":"repeat","background-position":"center center","background-size":"auto","background-attachment":"scroll","background-type":"","background-media":"","overlay-type":"","overlay-color":"","overlay-opacity":"","overlay-gradient":""}}},"product_cat":[48],"product_tag":[],"class_list":["post-3898","product","type-product","status-publish","has-post-thumbnail","hentry","product_cat-sunkaraoke-dalok","desktop-align-left","tablet-align-left","mobile-align-left"],"_links":{"self":[{"href":"https:\/\/www.sunkaraoke.hu\/index.php\/wp-json\/wp\/v2\/product\/3898","targetHints":{"allow":["GET"]}}],"collection":[{"href":"https:\/\/www.sunkaraoke.hu\/index.php\/wp-json\/wp\/v2\/product"}],"about":[{"href":"https:\/\/www.sunkaraoke.hu\/index.php\/wp-json\/wp\/v2\/types\/product"}],"wp:featuredmedia":[{"embeddable":true,"href":"https:\/\/www.sunkaraoke.hu\/index.php\/wp-json\/wp\/v2\/media\/6147"}],"wp:attachment":[{"href":"https:\/\/www.sunkaraoke.hu\/index.php\/wp-json\/wp\/v2\/media?parent=3898"}],"wp:term":[{"taxonomy":"product_cat","embeddable":true,"href":"https:\/\/www.sunkaraoke.hu\/index.php\/wp-json\/wp\/v2\/product_cat?post=3898"},{"taxonomy":"product_tag","embeddable":true,"href":"https:\/\/www.sunkaraoke.hu\/index.php\/wp-json\/wp\/v2\/product_tag?post=3898"}],"curies":[{"name":"wp","href":"https:\/\/api.w.org\/{rel}","templated":true}]}}