{"id":3887,"date":"2022-08-08T20:46:52","date_gmt":"2022-08-08T20:46:52","guid":{"rendered":"https:\/\/www.sunkaraoke.hu\/index.php\/termek\/rony-ne-jatssz-velem\/"},"modified":"2025-04-09T12:15:14","modified_gmt":"2025-04-09T12:15:14","slug":"rony-ne-jatssz-velem","status":"publish","type":"product","link":"https:\/\/www.sunkaraoke.hu\/index.php\/termek\/rony-ne-jatssz-velem\/","title":{"rendered":"<div class=\"wcmp-player-container product-3887\"><audio controlslist=\"nodownload\" data-product=\"3887\"  volume=\"1\"  preload=\"none\" data-lazyloading=\"none\" class=\"wcmp-player track mejs-classic\" data-duration=\"0:32\" data-estimated_duration=\"4\"><source src=\"https:\/\/www.sunkaraoke.hu\/wp-content\/uploads\/2022\/08\/Ne-jatssz-velem-Ron_demooo2-1.mp3\" type=\"audio\/mp3\" \/><\/audio><\/div>Rony &#8211; Ne j\u00e1tssz velem (Original SB Edition)"},"content":{"rendered":"<p><strong>03:14<\/strong> | <strong><img loading=\"lazy\" decoding=\"async\" class=\"alignnone size-full wp-image-467\" src=\"https:\/\/www.sunkaraoke.hu\/wp-content\/uploads\/2022\/07\/choir_2-copy.webp\" alt=\"\" width=\"30\" height=\"30\" \/> <strong> | <img loading=\"lazy\" decoding=\"async\" class=\"alignnone size-full wp-image-613\" src=\"https:\/\/www.sunkaraoke.hu\/wp-content\/uploads\/2022\/07\/transzponalas.webp\" alt=\"\" width=\"30\" height=\"30\" \/> <\/strong><strong>0<\/strong><\/strong><\/p>\n","protected":false},"excerpt":{"rendered":"<h6><strong>Bits\u0171r\u0171s\u00e9g: 320<\/strong>kb\/s<strong><br \/>\n<\/strong><strong>Hossz: <\/strong>03:14<strong><br \/>\n<\/strong><strong style=\"font-size: 16px;\">Vok\u00e1lt tartalmaz: <\/strong>Nem <img loading=\"lazy\" decoding=\"async\" class=\"alignnone size-full wp-image-467\" src=\"http:\/\/www.sunkaraoke.hu\/wp-content\/uploads\/2022\/07\/choir_2-copy.png\" alt=\"\" width=\"30\" height=\"30\" \/><strong style=\"font-size: 16px;\"><br \/>\n<\/strong><\/h6>\n<p>Sunkaraoke mp3 st\u00fadi\u00f3 \/ www.sunkaraoke.hu \/ Inf: Tel: 06 20 4275001<\/p>\n<p>&#8212;Intr\u00f3&#8212;<br \/>\n\u00c1lmatlan \u00e9jjelen, r\u00e1m t\u00f6r a f\u00e9lelem,<br \/>\nkopogtat sz\u00edvem ablak\u00e1n.<br \/>\nLelkem harcot v\u00edv,sz\u00edvem csak t\u00e9ged h\u00edv,<br \/>\nr\u00e1d v\u00e1gyom a szerelem hajnal\u00e1n.<br \/>\nMondd merre j\u00e1rsz s mire v\u00e1rsz?<br \/>\n\u00c9rzem itt leszel velem, s \u00fajra karodba z\u00e1rsz.<\/p>\n<p>Gyere ne j\u00e1tsz velem, \u00e9n ezt nem \u00e9rdemlem t\u0151led.<br \/>\nGyere szeress k\u00e9rlek, maradj itt v\u00e9gleg!<br \/>\nK\u00e9rlek ne j\u00e1tsz velem!!!<br \/>\nGyere szeress \u00fajra, s \u00e9n karodba b\u00fajva \u00edg\u00e9rem.<br \/>\nMegteszek b\u00e1rmit neked, csak k\u00e9rlek ne j\u00e1tsz velem!<br \/>\nK\u00e9rlek ne j\u00e1tsz velem!<br \/>\nGyere szeress \u00fajra, s \u00e9n karodba b\u00fajva \u00edg\u00e9rem,<br \/>\nmegteszek b\u00e1rmit neked,csak k\u00e9rlek ne j\u00e1tsz velem.<\/p>\n<p>Forr a v\u00e9rem, remeg a l\u00e1bam,<br \/>\nreszket a testem ha hozz\u00e1m\u00e9rsz.<br \/>\nEl\u00e9get a v\u00e1gy, n\u00e9lk\u00fcled \u00fcres az \u00e1gy,<br \/>\ngyere vissza k\u00e9rlek, mondd mit\u0151l f\u00e9lsz?<\/p>\n<p>Mondd merre j\u00e1rsz s mire v\u00e1rsz?<br \/>\n\u00c9rzem itt leszel velem, s \u00fajra karodba z\u00e1rsz.<\/p>\n<p>Gyere ne j\u00e1tsz velem, \u00e9n ezt nem \u00e9rdemlem t\u0151led.<br \/>\nGyere szeress k\u00e9rlek, maradj itt v\u00e9gleg!<br \/>\nK\u00e9rlek ne j\u00e1tsz velem!!!<\/p>\n<p>Gyere szeress \u00fajra, s \u00e9n karodba b\u00fajva \u00edg\u00e9rem.<br \/>\nMegteszek b\u00e1rmit neked, csak k\u00e9rlek ne j\u00e1tsz velem!<br \/>\nK\u00e9rlek ne j\u00e1tsz velem!<\/p>\n<p>Gyere szeress \u00fajra, s \u00e9n karodba b\u00fajva \u00edg\u00e9rem,<br \/>\nmegteszek b\u00e1rmit neked,csak k\u00e9rlek ne j\u00e1tsz velem.<br \/>\n&#8212;Sz\u00f3l\u00f3&#8212;<br \/>\nK\u00e9rlek ne j\u00e1tsz velem!!!<br \/>\nGyere szeress \u00fajra s \u00e9n karodba b\u00fajva \u00edg\u00e9rem,<br \/>\nmegteszek b\u00e1rmit neked, csak k\u00e9rlek ne j\u00e1tssz velem!<br \/>\nK\u00e9rlek ne j\u00e1tsz velem!!!<br \/>\nGyere szeress \u00fajra s \u00e9n karodba b\u00fajva \u00edg\u00e9rem,<br \/>\nmegteszek b\u00e1rmit neked, csak k\u00e9rlek ne j\u00e1tsz velem!<br \/>\n&#8212;V\u00e9ge&#8212;<\/p>\n","protected":false},"featured_media":12487,"template":"","meta":{"site-sidebar-layout":"default","site-content-layout":"default","ast-site-content-layout":"default","site-content-style":"default","site-sidebar-style":"default","ast-global-header-display":"","ast-banner-title-visibility":"","ast-main-header-display":"","ast-hfb-above-header-display":"","ast-hfb-below-header-display":"","ast-hfb-mobile-header-display":"","site-post-title":"","ast-breadcrumbs-content":"","ast-featured-img":"","footer-sml-layout":"","theme-transparent-header-meta":"default","adv-header-id-meta":"","stick-header-meta":"","header-above-stick-meta":"","header-main-stick-meta":"","header-below-stick-meta":"","astra-migrate-meta-layouts":"set","ast-page-background-enabled":"default","ast-page-background-meta":{"desktop":{"background-color":"var(--ast-global-color-4)","background-image":"","background-repeat":"repeat","background-position":"center center","background-size":"auto","background-attachment":"scroll","background-type":"","background-media":"","overlay-type":"","overlay-color":"","overlay-opacity":"","overlay-gradient":""},"tablet":{"background-color":"","background-image":"","background-repeat":"repeat","background-position":"center center","background-size":"auto","background-attachment":"scroll","background-type":"","background-media":"","overlay-type":"","overlay-color":"","overlay-opacity":"","overlay-gradient":""},"mobile":{"background-color":"","background-image":"","background-repeat":"repeat","background-position":"center center","background-size":"auto","background-attachment":"scroll","background-type":"","background-media":"","overlay-type":"","overlay-color":"","overlay-opacity":"","overlay-gradient":""}},"ast-content-background-meta":{"desktop":{"background-color":"var(--ast-global-color-5)","background-image":"","background-repeat":"repeat","background-position":"center center","background-size":"auto","background-attachment":"scroll","background-type":"","background-media":"","overlay-type":"","overlay-color":"","overlay-opacity":"","overlay-gradient":""},"tablet":{"background-color":"var(--ast-global-color-5)","background-image":"","background-repeat":"repeat","background-position":"center center","background-size":"auto","background-attachment":"scroll","background-type":"","background-media":"","overlay-type":"","overlay-color":"","overlay-opacity":"","overlay-gradient":""},"mobile":{"background-color":"var(--ast-global-color-5)","background-image":"","background-repeat":"repeat","background-position":"center center","background-size":"auto","background-attachment":"scroll","background-type":"","background-media":"","overlay-type":"","overlay-color":"","overlay-opacity":"","overlay-gradient":""}}},"product_cat":[48],"product_tag":[],"class_list":["post-3887","product","type-product","status-publish","has-post-thumbnail","hentry","product_cat-sunkaraoke-dalok","desktop-align-left","tablet-align-left","mobile-align-left"],"_links":{"self":[{"href":"https:\/\/www.sunkaraoke.hu\/index.php\/wp-json\/wp\/v2\/product\/3887","targetHints":{"allow":["GET"]}}],"collection":[{"href":"https:\/\/www.sunkaraoke.hu\/index.php\/wp-json\/wp\/v2\/product"}],"about":[{"href":"https:\/\/www.sunkaraoke.hu\/index.php\/wp-json\/wp\/v2\/types\/product"}],"wp:featuredmedia":[{"embeddable":true,"href":"https:\/\/www.sunkaraoke.hu\/index.php\/wp-json\/wp\/v2\/media\/12487"}],"wp:attachment":[{"href":"https:\/\/www.sunkaraoke.hu\/index.php\/wp-json\/wp\/v2\/media?parent=3887"}],"wp:term":[{"taxonomy":"product_cat","embeddable":true,"href":"https:\/\/www.sunkaraoke.hu\/index.php\/wp-json\/wp\/v2\/product_cat?post=3887"},{"taxonomy":"product_tag","embeddable":true,"href":"https:\/\/www.sunkaraoke.hu\/index.php\/wp-json\/wp\/v2\/product_tag?post=3887"}],"curies":[{"name":"wp","href":"https:\/\/api.w.org\/{rel}","templated":true}]}}