{"id":3885,"date":"2022-08-08T20:46:51","date_gmt":"2022-08-08T20:46:51","guid":{"rendered":"https:\/\/www.sunkaraoke.hu\/index.php\/termek\/madarak-ejszakazo-ember-vagyok\/"},"modified":"2025-04-09T11:01:10","modified_gmt":"2025-04-09T11:01:10","slug":"madarak-ejszakazo-ember-vagyok","status":"publish","type":"product","link":"https:\/\/www.sunkaraoke.hu\/index.php\/termek\/madarak-ejszakazo-ember-vagyok\/","title":{"rendered":"<div class=\"wcmp-player-container product-3885\"><audio controlslist=\"nodownload\" data-product=\"3885\"  volume=\"1\"  preload=\"none\" data-lazyloading=\"none\" class=\"wcmp-player track mejs-classic\" data-duration=\"0:33\" data-estimated_duration=\"4\"><source src=\"https:\/\/www.sunkaraoke.hu\/wp-content\/uploads\/2022\/08\/Ejszakazo-ember-vagyok-Madarak-N-kdemoo.mp3\" type=\"audio\/mp3\" \/><\/audio><\/div>Madarak &#8211; \u00c9jszak\u00e1z\u00f3 ember vagyok (Original Palika Edition)"},"content":{"rendered":"<p><strong>03:42<\/strong> | <strong><img loading=\"lazy\" decoding=\"async\" class=\"alignnone size-full wp-image-467\" src=\"https:\/\/www.sunkaraoke.hu\/wp-content\/uploads\/2022\/07\/choir_2-copy.webp\" alt=\"\" width=\"30\" height=\"30\" \/> <\/strong><\/p>\n","protected":false},"excerpt":{"rendered":"<h6><strong>Bits\u0171r\u0171s\u00e9g: 320<\/strong>kb\/s<strong><br \/>\n<\/strong><strong>Hossz: <\/strong>03:42<strong><br \/>\n<\/strong><strong style=\"font-size: 16px;\">Vok\u00e1lt tartalmaz: <\/strong>Nem <img loading=\"lazy\" decoding=\"async\" class=\"alignnone size-full wp-image-467\" src=\"http:\/\/www.sunkaraoke.hu\/wp-content\/uploads\/2022\/07\/choir_2-copy.png\" alt=\"\" width=\"30\" height=\"30\" \/><strong style=\"font-size: 16px;\"><br \/>\n<\/strong><\/h6>\n<p>Sunkaraoke mp3 st\u00fadi\u00f3 \/ www.sunkaraoke.hu \/ Inf: Tel: 06 20 4275001<\/p>\n<p>&#8212;Intr\u00f3&#8212;<br \/>\n\u00c9jszak\u00e1z\u00f3 ember vagyok, \u00e9s ha egyszer majd meghalok,<br \/>\n\u00e9jjel temessenk.<br \/>\n\u00dagy tegyenek le a s\u00edrba, soha senki meg ne tudja,<br \/>\nhogy kit temetnek.<br \/>\nKerszetf\u00e1mra csak azt \u00edrj\u00e1k, isten veled cs\u00fanya vil\u00e1g,<br \/>\n\u00f6r\u00f6kk\u00f6n \u00f6r\u00f6kk\u00e9.<br \/>\nNem f\u00e1j m\u00e1r a bolond sz\u00edvem, pontot tettem r\u00e9ges r\u00e9gen,<br \/>\nminden nagy b\u0171n\u00f6mre.<\/p>\n<p>Isten el\u0151tt megjelenek, sz\u00e9p csendesen let\u00e9rdelek,<br \/>\nbocs\u00e1nat\u00e1t k\u00e9rem.<br \/>\nMegk\u00e9rem az egek ur\u00e1t, engedje be Seres Gyul\u00e1t,<br \/>\noda fel az \u00e9gbe.<br \/>\nCs\u00f3r\u00f3 szeg\u00e9ny zen\u00e9sz voltam, \u00e9n mindig csak kott\u00e1t loptam,<br \/>\nvil\u00e1g \u00e9letemben.<br \/>\nA sz\u00edvemet megvetett\u00e9k, szerelmemet kinevett\u00e9k,<br \/>\nkig\u00fanyoltak \u00e9ngem.<\/p>\n<p>\u00c9jszak\u00e1z\u00f3 ember vagyok, \u00e9s ha egyszer majd meghalok,<br \/>\n\u00e9jjel temessenk.<br \/>\n\u00dagy tegyenek le a s\u00edrba, soha senki meg ne tudja,<br \/>\nhogy kit temetnek.<br \/>\nKerszetf\u00e1mra csak azt \u00edrj\u00e1k, isten veled cs\u00fanya vil\u00e1g,<br \/>\n\u00f6r\u00f6kk\u00f6n \u00f6r\u00f6kk\u00e9.<br \/>\nNem f\u00e1j m\u00e1r a bolond sz\u00edvem, pontot tettem r\u00e9ges r\u00e9gen,<br \/>\nminden nagy b\u0171n\u00f6mre.<\/p>\n<p>\u00c9jszak\u00e1z\u00f3 ember vagyok, \u00e9s ha egyszer majd meghalok,<br \/>\n\u00e9jjel temessenk.<br \/>\n\u00dagy tegyenek le a s\u00edrba, soha senki meg ne tudja,<br \/>\nhogy kit temetnek.<br \/>\nKerszetf\u00e1mra csak azt \u00edrj\u00e1k, isten veled cs\u00fanya vil\u00e1g,<br \/>\n\u00f6r\u00f6kk\u00f6n \u00f6r\u00f6kk\u00e9.<br \/>\nNem f\u00e1j m\u00e1r a bolond sz\u00edvem, pontot tettem r\u00e9ges r\u00e9gen,<br \/>\nminden nagy b\u0171n\u00f6mre.<br \/>\nIsten el\u0151tt megjelenek, sz\u00e9p csendesen let\u00e9rdelek,<br \/>\nbocs\u00e1nat\u00e1t k\u00e9rem.<br \/>\nMegk\u00e9rem az egek ur\u00e1t, engedje be Seres Gyul\u00e1t,<br \/>\noda fel az \u00e9gbe.<br \/>\nCs\u00f3r\u00f3 szeg\u00e9ny zen\u00e9sz voltam, \u00e9n mindig csak kott\u00e1t loptam,<br \/>\nvil\u00e1g \u00e9letemben.<br \/>\nA sz\u00edvemet megvetett\u00e9k, szerelmemet kinevett\u00e9k,<br \/>\nkig\u00fanyoltak \u00e9ngem.<br \/>\nKig\u00fanyoltak \u00e9ngem.<br \/>\n&#8212;V\u00e9ge&#8212;<\/p>\n","protected":false},"featured_media":18138,"template":"","meta":{"site-sidebar-layout":"default","site-content-layout":"default","ast-site-content-layout":"default","site-content-style":"default","site-sidebar-style":"default","ast-global-header-display":"","ast-banner-title-visibility":"","ast-main-header-display":"","ast-hfb-above-header-display":"","ast-hfb-below-header-display":"","ast-hfb-mobile-header-display":"","site-post-title":"","ast-breadcrumbs-content":"","ast-featured-img":"","footer-sml-layout":"","theme-transparent-header-meta":"default","adv-header-id-meta":"","stick-header-meta":"","header-above-stick-meta":"","header-main-stick-meta":"","header-below-stick-meta":"","astra-migrate-meta-layouts":"set","ast-page-background-enabled":"default","ast-page-background-meta":{"desktop":{"background-color":"var(--ast-global-color-4)","background-image":"","background-repeat":"repeat","background-position":"center center","background-size":"auto","background-attachment":"scroll","background-type":"","background-media":"","overlay-type":"","overlay-color":"","overlay-opacity":"","overlay-gradient":""},"tablet":{"background-color":"","background-image":"","background-repeat":"repeat","background-position":"center center","background-size":"auto","background-attachment":"scroll","background-type":"","background-media":"","overlay-type":"","overlay-color":"","overlay-opacity":"","overlay-gradient":""},"mobile":{"background-color":"","background-image":"","background-repeat":"repeat","background-position":"center center","background-size":"auto","background-attachment":"scroll","background-type":"","background-media":"","overlay-type":"","overlay-color":"","overlay-opacity":"","overlay-gradient":""}},"ast-content-background-meta":{"desktop":{"background-color":"var(--ast-global-color-5)","background-image":"","background-repeat":"repeat","background-position":"center center","background-size":"auto","background-attachment":"scroll","background-type":"","background-media":"","overlay-type":"","overlay-color":"","overlay-opacity":"","overlay-gradient":""},"tablet":{"background-color":"var(--ast-global-color-5)","background-image":"","background-repeat":"repeat","background-position":"center center","background-size":"auto","background-attachment":"scroll","background-type":"","background-media":"","overlay-type":"","overlay-color":"","overlay-opacity":"","overlay-gradient":""},"mobile":{"background-color":"var(--ast-global-color-5)","background-image":"","background-repeat":"repeat","background-position":"center center","background-size":"auto","background-attachment":"scroll","background-type":"","background-media":"","overlay-type":"","overlay-color":"","overlay-opacity":"","overlay-gradient":""}}},"product_cat":[48],"product_tag":[],"class_list":["post-3885","product","type-product","status-publish","has-post-thumbnail","hentry","product_cat-sunkaraoke-dalok","desktop-align-left","tablet-align-left","mobile-align-left"],"_links":{"self":[{"href":"https:\/\/www.sunkaraoke.hu\/index.php\/wp-json\/wp\/v2\/product\/3885","targetHints":{"allow":["GET"]}}],"collection":[{"href":"https:\/\/www.sunkaraoke.hu\/index.php\/wp-json\/wp\/v2\/product"}],"about":[{"href":"https:\/\/www.sunkaraoke.hu\/index.php\/wp-json\/wp\/v2\/types\/product"}],"wp:featuredmedia":[{"embeddable":true,"href":"https:\/\/www.sunkaraoke.hu\/index.php\/wp-json\/wp\/v2\/media\/18138"}],"wp:attachment":[{"href":"https:\/\/www.sunkaraoke.hu\/index.php\/wp-json\/wp\/v2\/media?parent=3885"}],"wp:term":[{"taxonomy":"product_cat","embeddable":true,"href":"https:\/\/www.sunkaraoke.hu\/index.php\/wp-json\/wp\/v2\/product_cat?post=3885"},{"taxonomy":"product_tag","embeddable":true,"href":"https:\/\/www.sunkaraoke.hu\/index.php\/wp-json\/wp\/v2\/product_tag?post=3885"}],"curies":[{"name":"wp","href":"https:\/\/api.w.org\/{rel}","templated":true}]}}