{"id":3879,"date":"2022-08-08T20:46:51","date_gmt":"2022-08-08T20:46:51","guid":{"rendered":"https:\/\/www.sunkaraoke.hu\/index.php\/termek\/notar-mary-ecc-pecc-2\/"},"modified":"2025-03-29T06:23:38","modified_gmt":"2025-03-29T06:23:38","slug":"notar-mary-ecc-pecc-2","status":"publish","type":"product","link":"https:\/\/www.sunkaraoke.hu\/index.php\/termek\/notar-mary-ecc-pecc-2\/","title":{"rendered":"<div class=\"wcmp-player-container product-3879\"><audio controlslist=\"nodownload\" data-product=\"3879\"  volume=\"1\"  preload=\"none\" data-lazyloading=\"none\" class=\"wcmp-player track mejs-classic\" data-duration=\"0:33\" data-estimated_duration=\"4\"><source src=\"https:\/\/www.sunkaraoke.hu\/wp-content\/uploads\/2022\/08\/Ecc-pecc-Vocal-N-_demo.mp3\" type=\"audio\/mp3\" \/><\/audio><\/div>Notar Mary &#8211; Ecc pecc (Original)"},"content":{"rendered":"<p><strong>03:33<\/strong> | <strong><img loading=\"lazy\" decoding=\"async\" class=\"alignnone size-full wp-image-466\" src=\"https:\/\/www.sunkaraoke.hu\/wp-content\/uploads\/2022\/07\/choir_1-copy.webp\" alt=\"\" width=\"30\" height=\"30\" \/> <\/strong><\/p>\n","protected":false},"excerpt":{"rendered":"<h6><strong>Bits\u0171r\u0171s\u00e9g: 320 kb\/s<\/strong><br \/>\n<strong>Hossz: 03:33<\/strong><br \/>\n<strong>Vok\u00e1lt tartalmaz: Igen <img loading=\"lazy\" decoding=\"async\" class=\"alignnone size-full wp-image-466\" src=\"http:\/\/www.sunkaraoke.hu\/wp-content\/uploads\/2022\/07\/choir_1-copy.png\" alt=\"\" width=\"30\" height=\"30\" \/><\/strong><strong style=\"font-size: 16px;\"><br \/>\n<\/strong><\/h6>\n<p>Sunkaraoke mp3 st\u00fadi\u00f3 \/ www.sunkaraoke.hu \/ Inf: Tel: 06 20 4275001<\/p>\n<p>&#8212;Intr\u00f3&#8212;<br \/>\nP\u00e1m, p\u00e1m, p\u00e1m, r\u00e1m p\u00e1m, p\u00e1m, p\u00e1m,<br \/>\np\u00e1m, p\u00e1 r\u00e1m p\u00e1m, p\u00e1m.<br \/>\nP\u00e1m, p\u00e1m, p\u00e1m, r\u00e1m p\u00e1m, p\u00e1m, p\u00e1m,<br \/>\np\u00e1m, p\u00e1 r\u00e1m p\u00e1m, p\u00e1m.<br \/>\nEcc , pecc kimehetsz, vissza nem j\u00f6hetsz,<br \/>\negy, k\u00e9t, h\u00e1rom, perc \u00e9s engem megszeretsz.<br \/>\nEcc, pecc bej\u00f6hetsz, de vissza ki nem mehetsz,<br \/>\nmegmondtam kerek perec nekem te kellesz.<br \/>\nA disc\u00f3 el\u0151tt \u00e1lltam, a bar\u00e1tokra v\u00e1rtam,<br \/>\n\u00e9reztem hogy m\u00e1r pezseg a v\u00e9rem,<br \/>\n\u00e9s ahogy bel\u00e9ptem r\u00f6gt\u00f6n ter\u00e1d n\u00e9ztem,<br \/>\nelvar\u00e1zsolt\u00e1l t\u00e1ncoddal a f\u00e9nyben.<br \/>\nEcc , pecc kimehetsz, vissza nem j\u00f6hetsz,<br \/>\negy, k\u00e9t, h\u00e1rom, perc \u00e9s engem megszeretsz.<br \/>\nEcc, pecc bej\u00f6hetsz, de vissza ki nem mehetsz,<br \/>\nmegmondtam kerek perec nekem te kellesz.<br \/>\nEcc , pecc kimehetsz, vissza nem j\u00f6hetsz,<br \/>\negy, k\u00e9t, h\u00e1rom, perc \u00e9s engem megszeretsz.<br \/>\nEcc, pecc bej\u00f6hetsz, de vissza ki nem mehetsz,<br \/>\nmegmondtam kerek perec nekem te kellesz.<br \/>\nEgy kicsit bolondulni k\u00e9ne, hisz bolond ez az \u00e9let,<br \/>\nne fuss el csak \u00e9ld az \u00e9leted.<br \/>\nMost indul be a buli, h\u00e1cc\u00e1\u00e9r\u00e9, h\u00e1cc\u00e1cc\u00e1r\u00e9,<br \/>\nugorj fel az asztalra t\u00e1ncolni.<br \/>\nEcc , pecc kimehetsz, vissza nem j\u00f6hetsz,<br \/>\negy, k\u00e9t, h\u00e1rom, perc \u00e9s engem megszeretsz.<br \/>\nEcc, pecc bej\u00f6hetsz, de vissza ki nem mehetsz,<br \/>\nmegmondtam kerek perec nekem te kellesz.<br \/>\nP\u00e1m, p\u00e1m, p\u00e1m, r\u00e1m p\u00e1m, p\u00e1m, p\u00e1m,<br \/>\np\u00e1m, p\u00e1 r\u00e1m p\u00e1m, p\u00e1m.<br \/>\nP\u00e1m, p\u00e1m, p\u00e1m, r\u00e1m p\u00e1m, p\u00e1m, p\u00e1m,<br \/>\np\u00e1m, p\u00e1 r\u00e1m p\u00e1m, p\u00e1m.<\/p>\n<p>P\u00e1m, p\u00e1m, p\u00e1m, r\u00e1m p\u00e1m, p\u00e1m, p\u00e1m,<br \/>\np\u00e1m, p\u00e1 r\u00e1m p\u00e1m, p\u00e1m.<br \/>\nP\u00e1m, p\u00e1m, p\u00e1m, r\u00e1m p\u00e1m, p\u00e1m, p\u00e1m,<br \/>\np\u00e1m, p\u00e1 r\u00e1m p\u00e1m, p\u00e1m.<\/p>\n<p>P\u00e1m, p\u00e1m, p\u00e1m, r\u00e1m p\u00e1m, p\u00e1m, p\u00e1m,<br \/>\np\u00e1m, p\u00e1 r\u00e1m p\u00e1m, p\u00e1m.<br \/>\nP\u00e1m, p\u00e1m, p\u00e1m, r\u00e1m p\u00e1m, p\u00e1m, p\u00e1m,<br \/>\np\u00e1m, p\u00e1 r\u00e1m p\u00e1m, p\u00e1m.<br \/>\nP\u00e1m, p\u00e1m, p\u00e1m, r\u00e1m p\u00e1m, p\u00e1m, p\u00e1m,<br \/>\np\u00e1m, p\u00e1 r\u00e1m p\u00e1m, p\u00e1m.<br \/>\nP\u00e1m, p\u00e1m, p\u00e1m, r\u00e1m p\u00e1m, p\u00e1m, p\u00e1m,<br \/>\np\u00e1m, p\u00e1 r\u00e1m p\u00e1m, p\u00e1m.<br \/>\n&#8212;-Sz\u00f3l\u00f3&#8212;<br \/>\nEcc , pecc kimehetsz, vissza nem j\u00f6hetsz,<br \/>\negy, k\u00e9t, h\u00e1rom, perc \u00e9s engem megszeretsz.<br \/>\nEcc, pecc bej\u00f6hetsz, de vissza ki nem mehetsz,<br \/>\nmegmondtam kerek perec nekem te kellesz.<br \/>\nEcc , pecc kimehetsz, vissza nem j\u00f6hetsz,<br \/>\negy, k\u00e9t, h\u00e1rom, perc \u00e9s engem megszeretsz.<br \/>\nEcc, pecc bej\u00f6hetsz, de vissza ki nem mehetsz,<br \/>\nmegmondtam kerek perec nekem te kellesz.<br \/>\nP\u00e1m, p\u00e1m, p\u00e1m, r\u00e1m p\u00e1m, p\u00e1m, p\u00e1m,<br \/>\np\u00e1m, p\u00e1 r\u00e1m p\u00e1m, p\u00e1m.<br \/>\nP\u00e1m, p\u00e1m, p\u00e1m, r\u00e1m p\u00e1m, p\u00e1m, p\u00e1m,<br \/>\np\u00e1m, p\u00e1 r\u00e1m p\u00e1m, p\u00e1m.<br \/>\nP\u00e1m, p\u00e1m, p\u00e1m, r\u00e1m p\u00e1m, p\u00e1m, p\u00e1m,<br \/>\np\u00e1m, p\u00e1 r\u00e1m p\u00e1m, p\u00e1m.<br \/>\nP\u00e1m, p\u00e1m, p\u00e1m, r\u00e1m p\u00e1m, p\u00e1m, p\u00e1m,<br \/>\np\u00e1m, p\u00e1 r\u00e1m p\u00e1m, p\u00e1m.<br \/>\n&#8212;V\u00e9ge&#8212;<\/p>\n","protected":false},"featured_media":8740,"template":"","meta":{"site-sidebar-layout":"default","site-content-layout":"default","ast-site-content-layout":"default","site-content-style":"default","site-sidebar-style":"default","ast-global-header-display":"","ast-banner-title-visibility":"","ast-main-header-display":"","ast-hfb-above-header-display":"","ast-hfb-below-header-display":"","ast-hfb-mobile-header-display":"","site-post-title":"","ast-breadcrumbs-content":"","ast-featured-img":"","footer-sml-layout":"","theme-transparent-header-meta":"default","adv-header-id-meta":"","stick-header-meta":"","header-above-stick-meta":"","header-main-stick-meta":"","header-below-stick-meta":"","astra-migrate-meta-layouts":"set","ast-page-background-enabled":"default","ast-page-background-meta":{"desktop":{"background-color":"var(--ast-global-color-4)","background-image":"","background-repeat":"repeat","background-position":"center center","background-size":"auto","background-attachment":"scroll","background-type":"","background-media":"","overlay-type":"","overlay-color":"","overlay-opacity":"","overlay-gradient":""},"tablet":{"background-color":"","background-image":"","background-repeat":"repeat","background-position":"center center","background-size":"auto","background-attachment":"scroll","background-type":"","background-media":"","overlay-type":"","overlay-color":"","overlay-opacity":"","overlay-gradient":""},"mobile":{"background-color":"","background-image":"","background-repeat":"repeat","background-position":"center center","background-size":"auto","background-attachment":"scroll","background-type":"","background-media":"","overlay-type":"","overlay-color":"","overlay-opacity":"","overlay-gradient":""}},"ast-content-background-meta":{"desktop":{"background-color":"var(--ast-global-color-5)","background-image":"","background-repeat":"repeat","background-position":"center center","background-size":"auto","background-attachment":"scroll","background-type":"","background-media":"","overlay-type":"","overlay-color":"","overlay-opacity":"","overlay-gradient":""},"tablet":{"background-color":"var(--ast-global-color-5)","background-image":"","background-repeat":"repeat","background-position":"center center","background-size":"auto","background-attachment":"scroll","background-type":"","background-media":"","overlay-type":"","overlay-color":"","overlay-opacity":"","overlay-gradient":""},"mobile":{"background-color":"var(--ast-global-color-5)","background-image":"","background-repeat":"repeat","background-position":"center center","background-size":"auto","background-attachment":"scroll","background-type":"","background-media":"","overlay-type":"","overlay-color":"","overlay-opacity":"","overlay-gradient":""}}},"product_cat":[48],"product_tag":[],"class_list":["post-3879","product","type-product","status-publish","has-post-thumbnail","hentry","product_cat-sunkaraoke-dalok","desktop-align-left","tablet-align-left","mobile-align-left"],"_links":{"self":[{"href":"https:\/\/www.sunkaraoke.hu\/index.php\/wp-json\/wp\/v2\/product\/3879","targetHints":{"allow":["GET"]}}],"collection":[{"href":"https:\/\/www.sunkaraoke.hu\/index.php\/wp-json\/wp\/v2\/product"}],"about":[{"href":"https:\/\/www.sunkaraoke.hu\/index.php\/wp-json\/wp\/v2\/types\/product"}],"wp:featuredmedia":[{"embeddable":true,"href":"https:\/\/www.sunkaraoke.hu\/index.php\/wp-json\/wp\/v2\/media\/8740"}],"wp:attachment":[{"href":"https:\/\/www.sunkaraoke.hu\/index.php\/wp-json\/wp\/v2\/media?parent=3879"}],"wp:term":[{"taxonomy":"product_cat","embeddable":true,"href":"https:\/\/www.sunkaraoke.hu\/index.php\/wp-json\/wp\/v2\/product_cat?post=3879"},{"taxonomy":"product_tag","embeddable":true,"href":"https:\/\/www.sunkaraoke.hu\/index.php\/wp-json\/wp\/v2\/product_tag?post=3879"}],"curies":[{"name":"wp","href":"https:\/\/api.w.org\/{rel}","templated":true}]}}