{"id":3866,"date":"2022-08-08T20:46:50","date_gmt":"2022-08-08T20:46:50","guid":{"rendered":"https:\/\/www.sunkaraoke.hu\/index.php\/termek\/aradszky-laszlo-ugye-emlekszel-meg-ram\/"},"modified":"2022-10-21T14:39:45","modified_gmt":"2022-10-21T14:39:45","slug":"aradszky-laszlo-ugye-emlekszel-meg-ram","status":"publish","type":"product","link":"https:\/\/www.sunkaraoke.hu\/index.php\/termek\/aradszky-laszlo-ugye-emlekszel-meg-ram\/","title":{"rendered":"<div class=\"wcmp-player-container product-3866\"><audio controlslist=\"nodownload\" data-product=\"3866\"  volume=\"1\"  preload=\"none\" data-lazyloading=\"none\" class=\"wcmp-player track mejs-classic\" ><source src=\"https:\/\/www.sunkaraoke.hu\/wp-content\/uploads\/wcmp\/0d58c56af9a625058ffbbf96ae6418b0.mp3\" type=\"audio\/mp3\" \/><\/audio><\/div>Aradszky L\u00e1szl\u00f3 &#8211; \u00dagye eml\u00e9kszel m\u00e9g r\u00e1m"},"content":{"rendered":"<p><strong>03:52<\/strong> | <strong><img loading=\"lazy\" decoding=\"async\" class=\"alignnone size-full wp-image-467\" src=\"https:\/\/www.sunkaraoke.hu\/wp-content\/uploads\/2022\/07\/choir_2-copy.webp\" alt=\"\" width=\"30\" height=\"30\" \/> <\/p>\n","protected":false},"excerpt":{"rendered":"<p><strong>Bits\u0171r\u0171s\u00e9g: <\/strong>196kb\/s<strong><br \/>\n<\/strong><strong>Hossz: <\/strong>03:52<strong><br \/>\n<\/strong><strong style=\"font-size: 16px;\">Vok\u00e1lt tartalmaz: <\/strong>Nem <img loading=\"lazy\" decoding=\"async\" class=\"alignnone size-full wp-image-467\" src=\"http:\/\/www.sunkaraoke.hu\/wp-content\/uploads\/2022\/07\/choir_2-copy.png\" alt=\"\" width=\"30\" height=\"30\" \/><strong style=\"font-size: 16px;\"><br \/>\n<\/strong><\/p>\n<p>&nbsp;<\/p>\n<p>&#8212;Intr\u00f3&#8212;<br \/>\n\u00c1lmaimban mindig visszat\u00e9rnek,<br \/>\nsok r\u00e9gi eml\u00e9k melletted.<br \/>\nDe hol az a ny\u00e1r, ami volt mind elsz\u00e1llt,<br \/>\nmind a lelkem t\u00f6rte \u00e1t.<\/p>\n<p>\u00dagye eml\u00e9kszel m\u00e9g r\u00e1m,ki voltam \u00e9n tal\u00e1n,<br \/>\nsz\u00f3lj egy sz\u00f3t m\u00e9g adj er\u0151t.<br \/>\n\u00dagye eml\u00e9kszel m\u00e9g r\u00e1m,ki voltam \u00e9n tal\u00e1n,<br \/>\n\u00f6lelj n\u00e9ha \u00e1t!<\/p>\n<p>\u00c1lmaimban mindig visszat\u00e9rnek,<br \/>\nmit vissza s\u00edrn\u00e9k melleted.<br \/>\nAz ami volt, az ami r\u00f3lunk sz\u00f3lt,<br \/>\nmost is itt vagyok neked.<\/p>\n<p>\u00dagye eml\u00e9kszel m\u00e9g r\u00e1m,ki voltam \u00e9n tal\u00e1n,<br \/>\nsz\u00f3lj egy sz\u00f3t m\u00e9g adj er\u0151t.<br \/>\n\u00dagye eml\u00e9kszel m\u00e9g r\u00e1m,ki voltam \u00e9n tal\u00e1n,<br \/>\n\u00f6lelj n\u00e9ha \u00e1t!<br \/>\n&#8212;Sz\u00f3l\u00f3&#8212;<br \/>\nAz ami volt, az ami r\u00f3lunk sz\u00f3lt,<br \/>\nmost is itt vagyok neked.<\/p>\n<p>\u00dagye eml\u00e9kszel m\u00e9g r\u00e1m,ki voltam \u00e9n tal\u00e1n,<br \/>\nsz\u00f3lj egy sz\u00f3t m\u00e9g adj er\u0151t.<br \/>\n\u00dagye eml\u00e9kszel m\u00e9g r\u00e1m,ki voltam \u00e9n tal\u00e1n,<br \/>\n\u00f6lelj n\u00e9ha \u00e1t!<br \/>\n\u00dagye eml\u00e9kszel m\u00e9g r\u00e1m,ki voltam \u00e9n tal\u00e1n,<br \/>\nsz\u00f3lj egy sz\u00f3t m\u00e9g adj er\u0151t.<br \/>\n\u00dagye eml\u00e9kszel m\u00e9g r\u00e1m,ki voltam \u00e9n tal\u00e1n,<br \/>\n\u00f6lelj n\u00e9ha \u00e1t!<br \/>\n&#8212;V\u00e9ge&#8212;<\/p>\n","protected":false},"featured_media":10081,"template":"","meta":{"site-sidebar-layout":"default","site-content-layout":"default","ast-site-content-layout":"","site-content-style":"default","site-sidebar-style":"default","ast-global-header-display":"","ast-banner-title-visibility":"","ast-main-header-display":"","ast-hfb-above-header-display":"","ast-hfb-below-header-display":"","ast-hfb-mobile-header-display":"","site-post-title":"","ast-breadcrumbs-content":"","ast-featured-img":"","footer-sml-layout":"","theme-transparent-header-meta":"default","adv-header-id-meta":"","stick-header-meta":"","header-above-stick-meta":"","header-main-stick-meta":"","header-below-stick-meta":"","astra-migrate-meta-layouts":"default","ast-page-background-enabled":"default","ast-page-background-meta":{"desktop":{"background-color":"var(--ast-global-color-4)","background-image":"","background-repeat":"repeat","background-position":"center center","background-size":"auto","background-attachment":"scroll","background-type":"","background-media":"","overlay-type":"","overlay-color":"","overlay-opacity":"","overlay-gradient":""},"tablet":{"background-color":"","background-image":"","background-repeat":"repeat","background-position":"center center","background-size":"auto","background-attachment":"scroll","background-type":"","background-media":"","overlay-type":"","overlay-color":"","overlay-opacity":"","overlay-gradient":""},"mobile":{"background-color":"","background-image":"","background-repeat":"repeat","background-position":"center center","background-size":"auto","background-attachment":"scroll","background-type":"","background-media":"","overlay-type":"","overlay-color":"","overlay-opacity":"","overlay-gradient":""}},"ast-content-background-meta":{"desktop":{"background-color":"var(--ast-global-color-5)","background-image":"","background-repeat":"repeat","background-position":"center center","background-size":"auto","background-attachment":"scroll","background-type":"","background-media":"","overlay-type":"","overlay-color":"","overlay-opacity":"","overlay-gradient":""},"tablet":{"background-color":"var(--ast-global-color-5)","background-image":"","background-repeat":"repeat","background-position":"center center","background-size":"auto","background-attachment":"scroll","background-type":"","background-media":"","overlay-type":"","overlay-color":"","overlay-opacity":"","overlay-gradient":""},"mobile":{"background-color":"var(--ast-global-color-5)","background-image":"","background-repeat":"repeat","background-position":"center center","background-size":"auto","background-attachment":"scroll","background-type":"","background-media":"","overlay-type":"","overlay-color":"","overlay-opacity":"","overlay-gradient":""}}},"product_cat":[48],"product_tag":[],"class_list":["post-3866","product","type-product","status-publish","has-post-thumbnail","hentry","product_cat-sunkaraoke-dalok","desktop-align-left","tablet-align-left","mobile-align-left"],"_links":{"self":[{"href":"https:\/\/www.sunkaraoke.hu\/index.php\/wp-json\/wp\/v2\/product\/3866","targetHints":{"allow":["GET"]}}],"collection":[{"href":"https:\/\/www.sunkaraoke.hu\/index.php\/wp-json\/wp\/v2\/product"}],"about":[{"href":"https:\/\/www.sunkaraoke.hu\/index.php\/wp-json\/wp\/v2\/types\/product"}],"wp:featuredmedia":[{"embeddable":true,"href":"https:\/\/www.sunkaraoke.hu\/index.php\/wp-json\/wp\/v2\/media\/10081"}],"wp:attachment":[{"href":"https:\/\/www.sunkaraoke.hu\/index.php\/wp-json\/wp\/v2\/media?parent=3866"}],"wp:term":[{"taxonomy":"product_cat","embeddable":true,"href":"https:\/\/www.sunkaraoke.hu\/index.php\/wp-json\/wp\/v2\/product_cat?post=3866"},{"taxonomy":"product_tag","embeddable":true,"href":"https:\/\/www.sunkaraoke.hu\/index.php\/wp-json\/wp\/v2\/product_tag?post=3866"}],"curies":[{"name":"wp","href":"https:\/\/api.w.org\/{rel}","templated":true}]}}