{"id":3858,"date":"2022-08-08T20:46:49","date_gmt":"2022-08-08T20:46:49","guid":{"rendered":"https:\/\/www.sunkaraoke.hu\/index.php\/termek\/modern-hungaria-elfujja-a-szel-2012\/"},"modified":"2025-04-09T09:24:06","modified_gmt":"2025-04-09T09:24:06","slug":"modern-hungaria-elfujja-a-szel-2012","status":"publish","type":"product","link":"https:\/\/www.sunkaraoke.hu\/index.php\/termek\/modern-hungaria-elfujja-a-szel-2012\/","title":{"rendered":"<div class=\"wcmp-player-container product-3858\"><audio controlslist=\"nodownload\" data-product=\"3858\"  volume=\"1\"  preload=\"none\" data-lazyloading=\"none\" class=\"wcmp-player track mejs-classic\" data-duration=\"0:30\" data-estimated_duration=\"3\"><source src=\"https:\/\/www.sunkaraoke.hu\/wp-content\/uploads\/2022\/08\/Elfujja-a-szel-2012.N-kdemoo.mp3\" type=\"audio\/mp3\" \/><\/audio><\/div>Modern Hung\u00e1ria &#8211; Elf\u00fajja a sz\u00e9l (Original Palika edition)"},"content":{"rendered":"<p><strong>04:22<\/strong> | <strong><img loading=\"lazy\" decoding=\"async\" class=\"alignnone size-full wp-image-467\" src=\"https:\/\/www.sunkaraoke.hu\/wp-content\/uploads\/2022\/07\/choir_2-copy.webp\" alt=\"\" width=\"30\" height=\"30\" \/> <\/strong><\/p>\n","protected":false},"excerpt":{"rendered":"<h6><strong>Bits\u0171r\u0171s\u00e9g: 320<\/strong>kb\/s<strong><br \/>\n<\/strong><strong>Hossz: <\/strong>04:22<strong><br \/>\n<\/strong><strong style=\"font-size: 16px;\">Vok\u00e1lt tartalmaz: <\/strong>Nem <img loading=\"lazy\" decoding=\"async\" class=\"alignnone size-full wp-image-467\" src=\"http:\/\/www.sunkaraoke.hu\/wp-content\/uploads\/2022\/07\/choir_2-copy.png\" alt=\"\" width=\"30\" height=\"30\" \/><strong style=\"font-size: 16px;\"><br \/>\n<\/strong><\/h6>\n<p>Sunkaraoke mp3 st\u00fadi\u00f3 \/ www.sunkaraoke.hu \/ Inf: Tel: 06 20 4275001<\/p>\n<p>&#8212;Inrtr\u00f3&#8212;<br \/>\nA l\u00e1ny nem felelt,<br \/>\n\u00e9s \u00e9n \u00e9reztem, hogy nem faggathatom.<br \/>\nSz\u00f3 n\u00e9lk\u00fcl \u00e1llt,<br \/>\narca el\u00e1rulta itt az alkalom.<br \/>\nEgy dal volt csup\u00e1n,<br \/>\nhogy mi\u00e9rt nem tudom,<br \/>\nm\u00e9gis d\u00fadoltam \u00e9n.<br \/>\nS a m\u00f3l\u00f3 k\u00f6r\u00fcl, a f\u00e1k lombjait, felkapta a sz\u00e9l.<\/p>\n<p>Elf\u00fajja a sz\u00e9l, elf\u00fajja a sz\u00e9l, a dalom, \u00f3-\u00f3-\u00f3..<br \/>\nHallgasd mit mes\u00e9l, egyszer hozz\u00e1d is el\u00e9r,<br \/>\n\u00f3-\u00f3-\u00f3, \u00f3-\u00f3-\u00f3-\u00f3-\u00f3.<br \/>\nElf\u00fajja a sz\u00e9l, elf\u00fajja a sz\u00e9l, a dalom, \u00f3-\u00f3-\u00f3..<br \/>\nHallgasd mit mes\u00e9l, egyszer hozz\u00e1d is el\u00e9r,<br \/>\n\u00f3-\u00f3-\u00f3, \u00f3-\u00f3-\u00f3-\u00f3-\u00f3.<br \/>\n&#8212;Sz\u00f3l\u00f3&#8212;<br \/>\nSz\u00e1z lampion,<br \/>\nlassan elkapta a dal ritmus\u00e1t.<br \/>\nRingott a f\u00e9ny,<br \/>\n\u00e9s a hull\u00e1mokban t\u00e1ncolva j\u00e1rt.<br \/>\n\u0150 j\u00e1tszott velem, v\u00e1llamat k\u00e9t k\u00f6nny\u0171 k\u00e9z fonta \u00e1tm,<br \/>\n\u00e9s d\u00fadoltam \u00e9n ,a sz\u00e9l vitte sz\u00e9t a ny\u00e1r dallam\u00e1t.<\/p>\n<p>Elf\u00fajja a sz\u00e9l, elf\u00fajja a sz\u00e9l, a dalom, \u00f3-\u00f3-\u00f3..<br \/>\nHallgasd mit mes\u00e9l, egyszer hozz\u00e1d is el\u00e9r,<br \/>\n\u00f3-\u00f3-\u00f3, \u00f3-\u00f3-\u00f3-\u00f3-\u00f3.<br \/>\nElf\u00fajja a sz\u00e9l, elf\u00fajja a sz\u00e9l, a dalom, \u00f3-\u00f3-\u00f3..<br \/>\nHallgasd mit mes\u00e9l, egyszer hozz\u00e1d is el\u00e9r,<br \/>\n\u00f3-\u00f3-\u00f3, \u00f3-\u00f3-\u00f3-\u00f3-\u00f3.<br \/>\n&#8212;Sz\u00f3l\u00f3&#8212;<br \/>\nElf\u00fajja a sz\u00e9l, elf\u00fajja a sz\u00e9l, a dalom, \u00f3-\u00f3-\u00f3..<br \/>\nHallgasd mit mes\u00e9l, egyszer hozz\u00e1d is el\u00e9r,<br \/>\n\u00f3-\u00f3-\u00f3, \u00f3-\u00f3-\u00f3-\u00f3-\u00f3.<br \/>\nElf\u00fajja a sz\u00e9l, elf\u00fajja a sz\u00e9l, a dalom, \u00f3-\u00f3-\u00f3..<br \/>\nHallgasd mit mes\u00e9l, egyszer hozz\u00e1d is,el\u00e9r,<br \/>\n\u00f3-\u00f3-\u00f3, \u00f3-\u00f3-\u00f3-\u00f3-\u00f3.<br \/>\n&#8212;Sz\u00f3l\u00f3&#8212;<br \/>\nElf\u00fajja a sz\u00e9l, elf\u00fajja a sz\u00e9l, a dalom, \u00f3-\u00f3-\u00f3..<br \/>\nHallgasd mit mes\u00e9l, egyszer hozz\u00e1d is el\u00e9r,<br \/>\n\u00f3-\u00f3-\u00f3, \u00f3-\u00f3-\u00f3-\u00f3-\u00f3.<br \/>\n&#8212;V\u00e9ge&#8212;<\/p>\n","protected":false},"featured_media":9800,"template":"","meta":{"site-sidebar-layout":"default","site-content-layout":"default","ast-site-content-layout":"default","site-content-style":"default","site-sidebar-style":"default","ast-global-header-display":"","ast-banner-title-visibility":"","ast-main-header-display":"","ast-hfb-above-header-display":"","ast-hfb-below-header-display":"","ast-hfb-mobile-header-display":"","site-post-title":"","ast-breadcrumbs-content":"","ast-featured-img":"","footer-sml-layout":"","theme-transparent-header-meta":"default","adv-header-id-meta":"","stick-header-meta":"","header-above-stick-meta":"","header-main-stick-meta":"","header-below-stick-meta":"","astra-migrate-meta-layouts":"set","ast-page-background-enabled":"default","ast-page-background-meta":{"desktop":{"background-color":"var(--ast-global-color-4)","background-image":"","background-repeat":"repeat","background-position":"center center","background-size":"auto","background-attachment":"scroll","background-type":"","background-media":"","overlay-type":"","overlay-color":"","overlay-opacity":"","overlay-gradient":""},"tablet":{"background-color":"","background-image":"","background-repeat":"repeat","background-position":"center center","background-size":"auto","background-attachment":"scroll","background-type":"","background-media":"","overlay-type":"","overlay-color":"","overlay-opacity":"","overlay-gradient":""},"mobile":{"background-color":"","background-image":"","background-repeat":"repeat","background-position":"center center","background-size":"auto","background-attachment":"scroll","background-type":"","background-media":"","overlay-type":"","overlay-color":"","overlay-opacity":"","overlay-gradient":""}},"ast-content-background-meta":{"desktop":{"background-color":"var(--ast-global-color-5)","background-image":"","background-repeat":"repeat","background-position":"center center","background-size":"auto","background-attachment":"scroll","background-type":"","background-media":"","overlay-type":"","overlay-color":"","overlay-opacity":"","overlay-gradient":""},"tablet":{"background-color":"var(--ast-global-color-5)","background-image":"","background-repeat":"repeat","background-position":"center center","background-size":"auto","background-attachment":"scroll","background-type":"","background-media":"","overlay-type":"","overlay-color":"","overlay-opacity":"","overlay-gradient":""},"mobile":{"background-color":"var(--ast-global-color-5)","background-image":"","background-repeat":"repeat","background-position":"center center","background-size":"auto","background-attachment":"scroll","background-type":"","background-media":"","overlay-type":"","overlay-color":"","overlay-opacity":"","overlay-gradient":""}}},"product_cat":[48],"product_tag":[],"class_list":["post-3858","product","type-product","status-publish","has-post-thumbnail","hentry","product_cat-sunkaraoke-dalok","desktop-align-left","tablet-align-left","mobile-align-left"],"_links":{"self":[{"href":"https:\/\/www.sunkaraoke.hu\/index.php\/wp-json\/wp\/v2\/product\/3858","targetHints":{"allow":["GET"]}}],"collection":[{"href":"https:\/\/www.sunkaraoke.hu\/index.php\/wp-json\/wp\/v2\/product"}],"about":[{"href":"https:\/\/www.sunkaraoke.hu\/index.php\/wp-json\/wp\/v2\/types\/product"}],"wp:featuredmedia":[{"embeddable":true,"href":"https:\/\/www.sunkaraoke.hu\/index.php\/wp-json\/wp\/v2\/media\/9800"}],"wp:attachment":[{"href":"https:\/\/www.sunkaraoke.hu\/index.php\/wp-json\/wp\/v2\/media?parent=3858"}],"wp:term":[{"taxonomy":"product_cat","embeddable":true,"href":"https:\/\/www.sunkaraoke.hu\/index.php\/wp-json\/wp\/v2\/product_cat?post=3858"},{"taxonomy":"product_tag","embeddable":true,"href":"https:\/\/www.sunkaraoke.hu\/index.php\/wp-json\/wp\/v2\/product_tag?post=3858"}],"curies":[{"name":"wp","href":"https:\/\/api.w.org\/{rel}","templated":true}]}}