{"id":3857,"date":"2022-08-08T20:46:49","date_gmt":"2022-08-08T20:46:49","guid":{"rendered":"https:\/\/www.sunkaraoke.hu\/index.php\/termek\/delta-kozeli-helyeken\/"},"modified":"2025-03-31T08:05:58","modified_gmt":"2025-03-31T08:05:58","slug":"delta-kozeli-helyeken","status":"publish","type":"product","link":"https:\/\/www.sunkaraoke.hu\/index.php\/termek\/delta-kozeli-helyeken\/","title":{"rendered":"<div class=\"wcmp-player-container product-3857\"><audio controlslist=\"nodownload\" data-product=\"3857\"  volume=\"1\"  preload=\"none\" data-lazyloading=\"none\" class=\"wcmp-player track mejs-classic\" data-duration=\"0:35\" data-estimated_duration=\"4\"><source src=\"https:\/\/www.sunkaraoke.hu\/wp-content\/uploads\/2022\/08\/Kozeli-helyeken-Delta-SB.-demo.mp3\" type=\"audio\/mp3\" \/><\/audio><\/div>Delta &#8211; K\u00f6zeli helyeken (Original)"},"content":{"rendered":"<p><strong>04:27<\/strong> | <strong><img loading=\"lazy\" decoding=\"async\" class=\"alignnone size-full wp-image-467\" src=\"https:\/\/www.sunkaraoke.hu\/wp-content\/uploads\/2022\/07\/choir_2-copy.webp\" alt=\"\" width=\"30\" height=\"30\" \/> <\/strong><\/p>\n","protected":false},"excerpt":{"rendered":"<h6><strong>Bits\u0171r\u0171s\u00e9g: 320<\/strong>kb\/s<strong><br \/>\n<\/strong><strong>Hossz: <\/strong>04:27<strong><br \/>\n<\/strong><strong style=\"font-size: 16px;\">Vok\u00e1lt tartalmaz: <\/strong>Nem <img loading=\"lazy\" decoding=\"async\" class=\"alignnone size-full wp-image-467\" src=\"http:\/\/www.sunkaraoke.hu\/wp-content\/uploads\/2022\/07\/choir_2-copy.png\" alt=\"\" width=\"30\" height=\"30\" \/><strong style=\"font-size: 16px;\"><br \/>\n<\/strong><\/h6>\n<p>Sunkaraoke mp3 st\u00fadi\u00f3 \/ www.sunkaraoke.hu \/ Inf: Tel: 06 20 4275001<\/p>\n<p>&#8212;Intr\u00f3&#8212;<br \/>\nK\u00f6zeli helyeken, dombokon, hegyeken,<br \/>\nkibelezett k\u0151b\u00e1ny\u00e1k \u00fcreg\u00e9ben.<br \/>\nK\u00f6zeli helyeken, dombokon, hegyeken,<br \/>\nmost is visszhangzik a l\u00e9ptem.<\/p>\n<p>Itt \u00fcl az id\u0151 a nyakamon,<br \/>\nkifogy az \u00fat a l\u00e1bam al\u00f3l.<br \/>\nAkkor is megyek, ha nem akarok,<br \/>\nha nem k\u00eds\u00e9r senki utamon.<br \/>\nArcom mossa es\u0151 \u00e9s sz\u00e1r\u00edtja a sz\u00e9l,<br \/>\naz ember mindig jobbat rem\u00e9l.<br \/>\nPorb\u00f3l lettem s porr\u00e1 leszek,<br \/>\nf\u00e9lek, hogy a k\u00f6dbe veszek.<br \/>\nK\u00f6zeli helyeken, dombokon, hegyeken,<br \/>\nkibelezett k\u0151b\u00e1ny\u00e1k \u00fcreg\u00e9ben.<br \/>\nK\u00f6zeli helyeken, dombokon, hegyeken,<br \/>\nmost is visszhangzik a l\u00e9ptem.<\/p>\n<p>Itt \u00fcl az id\u0151 a nyakamon,<br \/>\nkifogy az \u00fat a l\u00e1bam al\u00f3l.<br \/>\nAkkor is megyek, ha nem akarok,<br \/>\nha nem k\u00eds\u00e9r senki utamon.<br \/>\nArcom mossa es\u0151 \u00e9s sz\u00e1r\u00edtja a sz\u00e9l,<br \/>\naz ember mindig jobbat rem\u00e9l.<br \/>\nPorb\u00f3l lettem s porr\u00e1 leszek,<br \/>\nf\u00e9lek, hogy a k\u00f6dbe veszek.<br \/>\n&#8212;Sz\u00f3l\u00f3&#8212;<br \/>\nItt \u00fcl az id\u0151 a nyakamon,<br \/>\nkifogy az \u00fat a l\u00e1bam al\u00f3l.<br \/>\nAkkor is megyek, ha nem akarok,<br \/>\nha nem k\u00eds\u00e9r senki utamon.<br \/>\nArcom mossa es\u0151 \u00e9s sz\u00e1r\u00edtja a sz\u00e9l,<br \/>\naz ember mindig jobbat rem\u00e9l.<br \/>\nPorb\u00f3l lettem s porr\u00e1 leszek,<br \/>\nf\u00e9lek, hogy a k\u00f6dbe veszek.<\/p>\n<p>Itt \u00fcl az id\u0151 a nyakamon,<br \/>\nkifogy az \u00fat a l\u00e1bam al\u00f3l.<br \/>\nAkkor is megyek, ha nem akarok,<br \/>\nha nem k\u00eds\u00e9r senki utamon.<br \/>\nArcom mossa es\u0151 \u00e9s sz\u00e1r\u00edtja a sz\u00e9l,<br \/>\naz ember mindig jobbat rem\u00e9l.<br \/>\nPorb\u00f3l lettem s porr\u00e1 leszek,<br \/>\nf\u00e9lek, hogy a k\u00f6dbe veszek.<br \/>\n&#8212;V\u00e9ge&#8212;<\/p>\n","protected":false},"featured_media":9005,"template":"","meta":{"site-sidebar-layout":"default","site-content-layout":"default","ast-site-content-layout":"default","site-content-style":"default","site-sidebar-style":"default","ast-global-header-display":"","ast-banner-title-visibility":"","ast-main-header-display":"","ast-hfb-above-header-display":"","ast-hfb-below-header-display":"","ast-hfb-mobile-header-display":"","site-post-title":"","ast-breadcrumbs-content":"","ast-featured-img":"","footer-sml-layout":"","theme-transparent-header-meta":"default","adv-header-id-meta":"","stick-header-meta":"","header-above-stick-meta":"","header-main-stick-meta":"","header-below-stick-meta":"","astra-migrate-meta-layouts":"set","ast-page-background-enabled":"default","ast-page-background-meta":{"desktop":{"background-color":"var(--ast-global-color-4)","background-image":"","background-repeat":"repeat","background-position":"center center","background-size":"auto","background-attachment":"scroll","background-type":"","background-media":"","overlay-type":"","overlay-color":"","overlay-opacity":"","overlay-gradient":""},"tablet":{"background-color":"","background-image":"","background-repeat":"repeat","background-position":"center center","background-size":"auto","background-attachment":"scroll","background-type":"","background-media":"","overlay-type":"","overlay-color":"","overlay-opacity":"","overlay-gradient":""},"mobile":{"background-color":"","background-image":"","background-repeat":"repeat","background-position":"center center","background-size":"auto","background-attachment":"scroll","background-type":"","background-media":"","overlay-type":"","overlay-color":"","overlay-opacity":"","overlay-gradient":""}},"ast-content-background-meta":{"desktop":{"background-color":"var(--ast-global-color-5)","background-image":"","background-repeat":"repeat","background-position":"center center","background-size":"auto","background-attachment":"scroll","background-type":"","background-media":"","overlay-type":"","overlay-color":"","overlay-opacity":"","overlay-gradient":""},"tablet":{"background-color":"var(--ast-global-color-5)","background-image":"","background-repeat":"repeat","background-position":"center center","background-size":"auto","background-attachment":"scroll","background-type":"","background-media":"","overlay-type":"","overlay-color":"","overlay-opacity":"","overlay-gradient":""},"mobile":{"background-color":"var(--ast-global-color-5)","background-image":"","background-repeat":"repeat","background-position":"center center","background-size":"auto","background-attachment":"scroll","background-type":"","background-media":"","overlay-type":"","overlay-color":"","overlay-opacity":"","overlay-gradient":""}}},"product_cat":[48],"product_tag":[],"class_list":["post-3857","product","type-product","status-publish","has-post-thumbnail","hentry","product_cat-sunkaraoke-dalok","desktop-align-left","tablet-align-left","mobile-align-left"],"_links":{"self":[{"href":"https:\/\/www.sunkaraoke.hu\/index.php\/wp-json\/wp\/v2\/product\/3857","targetHints":{"allow":["GET"]}}],"collection":[{"href":"https:\/\/www.sunkaraoke.hu\/index.php\/wp-json\/wp\/v2\/product"}],"about":[{"href":"https:\/\/www.sunkaraoke.hu\/index.php\/wp-json\/wp\/v2\/types\/product"}],"wp:featuredmedia":[{"embeddable":true,"href":"https:\/\/www.sunkaraoke.hu\/index.php\/wp-json\/wp\/v2\/media\/9005"}],"wp:attachment":[{"href":"https:\/\/www.sunkaraoke.hu\/index.php\/wp-json\/wp\/v2\/media?parent=3857"}],"wp:term":[{"taxonomy":"product_cat","embeddable":true,"href":"https:\/\/www.sunkaraoke.hu\/index.php\/wp-json\/wp\/v2\/product_cat?post=3857"},{"taxonomy":"product_tag","embeddable":true,"href":"https:\/\/www.sunkaraoke.hu\/index.php\/wp-json\/wp\/v2\/product_tag?post=3857"}],"curies":[{"name":"wp","href":"https:\/\/api.w.org\/{rel}","templated":true}]}}