{"id":3856,"date":"2022-08-08T20:46:49","date_gmt":"2022-08-08T20:46:49","guid":{"rendered":"https:\/\/www.sunkaraoke.hu\/index.php\/termek\/balkan-fanatic-repulj-madar\/"},"modified":"2025-04-09T09:20:19","modified_gmt":"2025-04-09T09:20:19","slug":"balkan-fanatic-repulj-madar","status":"publish","type":"product","link":"https:\/\/www.sunkaraoke.hu\/index.php\/termek\/balkan-fanatic-repulj-madar\/","title":{"rendered":"<div class=\"wcmp-player-container product-3856\"><audio controlslist=\"nodownload\" data-product=\"3856\"  volume=\"1\"  preload=\"none\" data-lazyloading=\"none\" class=\"wcmp-player track mejs-classic\" data-duration=\"0:33\" data-estimated_duration=\"4\"><source src=\"https:\/\/www.sunkaraoke.hu\/wp-content\/uploads\/2022\/08\/Repulj-madar-SB-kademooo.mp3\" type=\"audio\/mp3\" \/><\/audio><\/div>Balk\u00e1n Fanatic &#8211; Rep\u00fclj mad\u00e1r (Original SB Edition)"},"content":{"rendered":"<p><strong>03:14<\/strong> | <strong><img loading=\"lazy\" decoding=\"async\" class=\"alignnone size-full wp-image-467\" src=\"https:\/\/www.sunkaraoke.hu\/wp-content\/uploads\/2022\/07\/choir_2-copy.webp\" alt=\"\" width=\"30\" height=\"30\" \/> <\/strong><\/p>\n","protected":false},"excerpt":{"rendered":"<h6><strong>Bits\u0171r\u0171s\u00e9g: 320<\/strong>kb\/s<strong><br \/>\n<\/strong><strong>Hossz: <\/strong>03:14<strong><br \/>\n<\/strong><strong style=\"font-size: 16px;\">Vok\u00e1lt tartalmaz: <\/strong>Nem <img loading=\"lazy\" decoding=\"async\" class=\"alignnone size-full wp-image-467\" src=\"http:\/\/www.sunkaraoke.hu\/wp-content\/uploads\/2022\/07\/choir_2-copy.png\" alt=\"\" width=\"30\" height=\"30\" \/><strong style=\"font-size: 16px;\"><br \/>\n<\/strong><\/h6>\n<p>Sunkaraoke mp3 st\u00fadi\u00f3 \/ www.sunkaraoke.hu \/ Inf: Tel: 06 20 4275001<\/p>\n<p>&#8212;Intr\u00f3&#8212;<br \/>\nRep\u00fclj mad\u00e1r rep\u00fclj,<br \/>\nmenas\u00e1gra rep\u00fclj,<br \/>\n\u00e9des galambomnak,<br \/>\ngyenge v\u00e1ll\u00e1ra \u00fclj!<br \/>\nRep\u00fclj mad\u00e1r rep\u00fclj<br \/>\nmenas\u00e1gra rep\u00fclj,<br \/>\n\u00e9des galambomnak,<br \/>\ngyenge v\u00e1ll\u00e1ra \u00fclj!<\/p>\n<p>Vidd el mad\u00e1r vidd el,<br \/>\nlevelemet vidd el,<br \/>\nap\u00e1mnak s any\u00e1mnak,<br \/>\njegyb\u00e9li m\u00e1tk\u00e1mnak.<\/p>\n<p>Jussak eszede mikor a kezedbe&#8230;<br \/>\nKeny\u00e9r ker\u00fcl, s tavasz fut a kertbe&#8230;<br \/>\nJussak eszedbe mikor dideregve, k\u00faszik az \u0151sz a falevelekben..<br \/>\nHervad a r\u00f3zsa \u00e9s ny\u00edlik a b\u00e1nat..<br \/>\nT\u00e9l hava lakja feh\u00e9ren a h\u00e1zat..<br \/>\nJussak eszedbe \u00e9s menek\u00fcl a felh\u0151..<br \/>\nF\u00e9nyt harap \u00fajra a sz\u00edv \u00e9s felj\u0151..<br \/>\nK\u00e9k szemeidben a ny\u00e1r&#8230;<\/p>\n<p>Rep\u00fclj mad\u00e1r rep\u00fclj,<br \/>\nmenas\u00e1gra rep\u00fclj,<br \/>\n\u00e9des galambomnak,<br \/>\ngyenge v\u00e1ll\u00e1ra \u00fclj!<br \/>\nVidd el mad\u00e1r vidd el,<br \/>\nlevelemet vidd el,<br \/>\nap\u00e1mnak s any\u00e1mnak,<br \/>\njegyb\u00e9li m\u00e1tk\u00e1mnak.<\/p>\n<p>Rep\u00fclj mad\u00e1r rep\u00fclj,<br \/>\nmenas\u00e1gra rep\u00fclj,<br \/>\n\u00e9des galambomnak,<br \/>\ngyenge v\u00e1ll\u00e1ra \u00fclj!<\/p>\n<p>K\u00f6penyem sz\u00e9l v\u00e1nkosom szikla&#8230;<br \/>\nOtthonom a messzes\u00e9g, de a szikra \u00e1lmod t\u00fcz\u00e9hez \u00e9n leszek az \u00e9jben..<br \/>\nL\u00e1ngszivem izzik a fekete s\u00f6t\u00e9tben&#8230;<br \/>\nL\u00e1ngszivem izzik a fekete s\u00f6t\u00e9tben&#8230;<br \/>\n&#8212;V\u00e9ge&#8212;<\/p>\n","protected":false},"featured_media":10897,"template":"","meta":{"site-sidebar-layout":"default","site-content-layout":"default","ast-site-content-layout":"default","site-content-style":"default","site-sidebar-style":"default","ast-global-header-display":"","ast-banner-title-visibility":"","ast-main-header-display":"","ast-hfb-above-header-display":"","ast-hfb-below-header-display":"","ast-hfb-mobile-header-display":"","site-post-title":"","ast-breadcrumbs-content":"","ast-featured-img":"","footer-sml-layout":"","theme-transparent-header-meta":"default","adv-header-id-meta":"","stick-header-meta":"","header-above-stick-meta":"","header-main-stick-meta":"","header-below-stick-meta":"","astra-migrate-meta-layouts":"set","ast-page-background-enabled":"default","ast-page-background-meta":{"desktop":{"background-color":"var(--ast-global-color-4)","background-image":"","background-repeat":"repeat","background-position":"center center","background-size":"auto","background-attachment":"scroll","background-type":"","background-media":"","overlay-type":"","overlay-color":"","overlay-opacity":"","overlay-gradient":""},"tablet":{"background-color":"","background-image":"","background-repeat":"repeat","background-position":"center center","background-size":"auto","background-attachment":"scroll","background-type":"","background-media":"","overlay-type":"","overlay-color":"","overlay-opacity":"","overlay-gradient":""},"mobile":{"background-color":"","background-image":"","background-repeat":"repeat","background-position":"center center","background-size":"auto","background-attachment":"scroll","background-type":"","background-media":"","overlay-type":"","overlay-color":"","overlay-opacity":"","overlay-gradient":""}},"ast-content-background-meta":{"desktop":{"background-color":"var(--ast-global-color-5)","background-image":"","background-repeat":"repeat","background-position":"center center","background-size":"auto","background-attachment":"scroll","background-type":"","background-media":"","overlay-type":"","overlay-color":"","overlay-opacity":"","overlay-gradient":""},"tablet":{"background-color":"var(--ast-global-color-5)","background-image":"","background-repeat":"repeat","background-position":"center center","background-size":"auto","background-attachment":"scroll","background-type":"","background-media":"","overlay-type":"","overlay-color":"","overlay-opacity":"","overlay-gradient":""},"mobile":{"background-color":"var(--ast-global-color-5)","background-image":"","background-repeat":"repeat","background-position":"center center","background-size":"auto","background-attachment":"scroll","background-type":"","background-media":"","overlay-type":"","overlay-color":"","overlay-opacity":"","overlay-gradient":""}}},"product_cat":[48],"product_tag":[],"class_list":["post-3856","product","type-product","status-publish","has-post-thumbnail","hentry","product_cat-sunkaraoke-dalok","desktop-align-left","tablet-align-left","mobile-align-left"],"_links":{"self":[{"href":"https:\/\/www.sunkaraoke.hu\/index.php\/wp-json\/wp\/v2\/product\/3856","targetHints":{"allow":["GET"]}}],"collection":[{"href":"https:\/\/www.sunkaraoke.hu\/index.php\/wp-json\/wp\/v2\/product"}],"about":[{"href":"https:\/\/www.sunkaraoke.hu\/index.php\/wp-json\/wp\/v2\/types\/product"}],"wp:featuredmedia":[{"embeddable":true,"href":"https:\/\/www.sunkaraoke.hu\/index.php\/wp-json\/wp\/v2\/media\/10897"}],"wp:attachment":[{"href":"https:\/\/www.sunkaraoke.hu\/index.php\/wp-json\/wp\/v2\/media?parent=3856"}],"wp:term":[{"taxonomy":"product_cat","embeddable":true,"href":"https:\/\/www.sunkaraoke.hu\/index.php\/wp-json\/wp\/v2\/product_cat?post=3856"},{"taxonomy":"product_tag","embeddable":true,"href":"https:\/\/www.sunkaraoke.hu\/index.php\/wp-json\/wp\/v2\/product_tag?post=3856"}],"curies":[{"name":"wp","href":"https:\/\/api.w.org\/{rel}","templated":true}]}}