{"id":3847,"date":"2022-08-08T20:46:48","date_gmt":"2022-08-08T20:46:48","guid":{"rendered":"https:\/\/www.sunkaraoke.hu\/index.php\/termek\/kaczor-ferenc-veszem-a-kalapom-2\/"},"modified":"2025-03-27T16:51:03","modified_gmt":"2025-03-27T16:51:03","slug":"kaczor-ferenc-veszem-a-kalapom-2","status":"publish","type":"product","link":"https:\/\/www.sunkaraoke.hu\/index.php\/termek\/kaczor-ferenc-veszem-a-kalapom-2\/","title":{"rendered":"<div class=\"wcmp-player-container product-3847\"><audio controlslist=\"nodownload\" data-product=\"3847\"  volume=\"1\"  preload=\"none\" data-lazyloading=\"none\" class=\"wcmp-player track mejs-classic\" data-duration=\"0:32\" data-estimated_duration=\"4\"><source src=\"https:\/\/www.sunkaraoke.hu\/wp-content\/uploads\/2022\/08\/Veszem-a-kalapom-Vocal-N_demo.mp3\" type=\"audio\/mp3\" \/><\/audio><\/div>Kaczor Ferenc &#8211; Veszem a kalapom (Original)"},"content":{"rendered":"<p><strong>02:59<\/strong> | <strong><img loading=\"lazy\" decoding=\"async\" class=\"alignnone size-full wp-image-466\" src=\"https:\/\/www.sunkaraoke.hu\/wp-content\/uploads\/2022\/07\/choir_1-copy.webp\" alt=\"\" width=\"30\" height=\"30\" \/> <\/strong><\/p>\n","protected":false},"excerpt":{"rendered":"<h6>Bits\u0171r\u0171s\u00e9g: 320 kb\/s<br \/>\nHossz: 02:59<br \/>\nVok\u00e1lt tartalmaz: Igen <img loading=\"lazy\" decoding=\"async\" class=\"alignnone size-full wp-image-466\" src=\"http:\/\/www.sunkaraoke.hu\/wp-content\/uploads\/2022\/07\/choir_1-copy.png\" alt=\"\" width=\"30\" height=\"30\" \/><strong style=\"font-size: 16px;\"><br \/>\n<\/strong><\/h6>\n<p>Sunkaraoke mp3 st\u00fadi\u00f3 \/ www.sunkaraoke.hu \/ Inf: Tel: 06 20 4275001<\/p>\n<p>&#8212;Intr\u00f3&#8212;<br \/>\nTegnap m\u00e9g szerett\u00e9l, tegnap m\u00e9g \u00f6lelt\u00e9l,<br \/>\nazt \u00edg\u00e9rted soha el nem v\u00e1lunk.<br \/>\nHajadban a r\u00f3zsa, elhervadt az\u00f3ta,<br \/>\na sok \u00e9des cs\u00f3kot azt sajn\u00e1lom.<br \/>\nVeszem a kalapom \u00e9s elmegyek,<br \/>\ncsalfa bab\u00e1m isten veled,<br \/>\nnem hullatok t\u00f6bb\u00e9 soha,<br \/>\n\u00e9rted k\u00f6nnyeket!<br \/>\nVeszem a kalapom \u00e9s elmegyek,<br \/>\ncsalfa bab\u00e1m isten veled,<br \/>\nnem hullatok t\u00f6bb\u00e9 soha,<br \/>\n\u00e9rted k\u00f6nnyeket!<br \/>\n&#8212;Sz\u00f3l\u00f3&#8212;<br \/>\nN\u00e9ked csak kaland volt,<br \/>\nminden sz\u00f3 hamis volt,<br \/>\nhamis volt a cs\u00f3k az \u00f6lel\u00e9sed.<br \/>\nJ\u00e1tszott\u00e1l csak velem,<br \/>\nj\u00e1t\u00e9k volt a sz\u00edvem,<br \/>\nhazug volt a sok, sok \u00e9des \u00e1lom.<br \/>\nVeszem a kalapom \u00e9s elmegyek,<br \/>\ncsalfa bab\u00e1m isten veled,<br \/>\nnem hullatok t\u00f6bb\u00e9 soha,<br \/>\n\u00e9rted k\u00f6nnyeket!<br \/>\nVeszem a kalapom \u00e9s elmegyek,<br \/>\ncsalfa bab\u00e1m isten veled,<br \/>\nnem hullatok t\u00f6bb\u00e9 soha,<br \/>\n\u00e9rted k\u00f6nnyeket!<br \/>\nVeszem a kalapom \u00e9s elmegyek,<br \/>\ncsalfa bab\u00e1m isten veled,<br \/>\nnem hullatok t\u00f6bb\u00e9 soha,<br \/>\n\u00e9rted k\u00f6nnyeket!<br \/>\nVeszem a kalapom \u00e9s elmegyek,<br \/>\ncsalfa bab\u00e1m isten veled,<br \/>\nnem hullatok t\u00f6bb\u00e9 soha,<br \/>\n\u00e9rted k\u00f6nnyeket!<br \/>\n&#8212;V\u00e9ge&#8212;<\/p>\n","protected":false},"featured_media":8960,"template":"","meta":{"site-sidebar-layout":"default","site-content-layout":"default","ast-site-content-layout":"default","site-content-style":"default","site-sidebar-style":"default","ast-global-header-display":"","ast-banner-title-visibility":"","ast-main-header-display":"","ast-hfb-above-header-display":"","ast-hfb-below-header-display":"","ast-hfb-mobile-header-display":"","site-post-title":"","ast-breadcrumbs-content":"","ast-featured-img":"","footer-sml-layout":"","theme-transparent-header-meta":"default","adv-header-id-meta":"","stick-header-meta":"","header-above-stick-meta":"","header-main-stick-meta":"","header-below-stick-meta":"","astra-migrate-meta-layouts":"set","ast-page-background-enabled":"default","ast-page-background-meta":{"desktop":{"background-color":"var(--ast-global-color-4)","background-image":"","background-repeat":"repeat","background-position":"center center","background-size":"auto","background-attachment":"scroll","background-type":"","background-media":"","overlay-type":"","overlay-color":"","overlay-opacity":"","overlay-gradient":""},"tablet":{"background-color":"","background-image":"","background-repeat":"repeat","background-position":"center center","background-size":"auto","background-attachment":"scroll","background-type":"","background-media":"","overlay-type":"","overlay-color":"","overlay-opacity":"","overlay-gradient":""},"mobile":{"background-color":"","background-image":"","background-repeat":"repeat","background-position":"center center","background-size":"auto","background-attachment":"scroll","background-type":"","background-media":"","overlay-type":"","overlay-color":"","overlay-opacity":"","overlay-gradient":""}},"ast-content-background-meta":{"desktop":{"background-color":"var(--ast-global-color-5)","background-image":"","background-repeat":"repeat","background-position":"center center","background-size":"auto","background-attachment":"scroll","background-type":"","background-media":"","overlay-type":"","overlay-color":"","overlay-opacity":"","overlay-gradient":""},"tablet":{"background-color":"var(--ast-global-color-5)","background-image":"","background-repeat":"repeat","background-position":"center center","background-size":"auto","background-attachment":"scroll","background-type":"","background-media":"","overlay-type":"","overlay-color":"","overlay-opacity":"","overlay-gradient":""},"mobile":{"background-color":"var(--ast-global-color-5)","background-image":"","background-repeat":"repeat","background-position":"center center","background-size":"auto","background-attachment":"scroll","background-type":"","background-media":"","overlay-type":"","overlay-color":"","overlay-opacity":"","overlay-gradient":""}}},"product_cat":[48],"product_tag":[],"class_list":["post-3847","product","type-product","status-publish","has-post-thumbnail","hentry","product_cat-sunkaraoke-dalok","desktop-align-left","tablet-align-left","mobile-align-left"],"_links":{"self":[{"href":"https:\/\/www.sunkaraoke.hu\/index.php\/wp-json\/wp\/v2\/product\/3847","targetHints":{"allow":["GET"]}}],"collection":[{"href":"https:\/\/www.sunkaraoke.hu\/index.php\/wp-json\/wp\/v2\/product"}],"about":[{"href":"https:\/\/www.sunkaraoke.hu\/index.php\/wp-json\/wp\/v2\/types\/product"}],"wp:featuredmedia":[{"embeddable":true,"href":"https:\/\/www.sunkaraoke.hu\/index.php\/wp-json\/wp\/v2\/media\/8960"}],"wp:attachment":[{"href":"https:\/\/www.sunkaraoke.hu\/index.php\/wp-json\/wp\/v2\/media?parent=3847"}],"wp:term":[{"taxonomy":"product_cat","embeddable":true,"href":"https:\/\/www.sunkaraoke.hu\/index.php\/wp-json\/wp\/v2\/product_cat?post=3847"},{"taxonomy":"product_tag","embeddable":true,"href":"https:\/\/www.sunkaraoke.hu\/index.php\/wp-json\/wp\/v2\/product_tag?post=3847"}],"curies":[{"name":"wp","href":"https:\/\/api.w.org\/{rel}","templated":true}]}}