{"id":3846,"date":"2022-08-08T20:46:48","date_gmt":"2022-08-08T20:46:48","guid":{"rendered":"https:\/\/www.sunkaraoke.hu\/index.php\/termek\/kaczor-ferenc-lakodalom-2\/"},"modified":"2025-03-27T18:57:05","modified_gmt":"2025-03-27T18:57:05","slug":"kaczor-ferenc-lakodalom-2","status":"publish","type":"product","link":"https:\/\/www.sunkaraoke.hu\/index.php\/termek\/kaczor-ferenc-lakodalom-2\/","title":{"rendered":"<div class=\"wcmp-player-container product-3846\"><audio controlslist=\"nodownload\" data-product=\"3846\"  volume=\"1\"  preload=\"none\" data-lazyloading=\"none\" class=\"wcmp-player track mejs-classic\" data-duration=\"0:32\" data-estimated_duration=\"4\"><source src=\"https:\/\/www.sunkaraoke.hu\/wp-content\/uploads\/2022\/08\/Lakodalom-Vocal-N_demo.mp3\" type=\"audio\/mp3\" \/><\/audio><\/div>Kaczor Ferenc &#8211; Lakodalom (Original)"},"content":{"rendered":"<p><strong>03:33<\/strong> | <strong><img loading=\"lazy\" decoding=\"async\" class=\"alignnone size-full wp-image-466\" src=\"https:\/\/www.sunkaraoke.hu\/wp-content\/uploads\/2022\/07\/choir_1-copy.webp\" alt=\"\" width=\"30\" height=\"30\" \/> <\/strong><\/p>\n","protected":false},"excerpt":{"rendered":"<h6>Bits\u0171r\u0171s\u00e9g: 320 kb\/s<br \/>\nHossz: 03:33<br \/>\nVok\u00e1lt tartalmaz: Igen <img loading=\"lazy\" decoding=\"async\" class=\"alignnone size-full wp-image-466\" src=\"http:\/\/www.sunkaraoke.hu\/wp-content\/uploads\/2022\/07\/choir_1-copy.png\" alt=\"\" width=\"30\" height=\"30\" \/><strong style=\"font-size: 16px;\"><br \/>\n<\/strong><\/h6>\n<p>Sunkaraoke mp3 st\u00fadi\u00f3 \/ www.sunkaraoke.hu \/ Inf: Tel: 06 20 4275001<\/p>\n<p>&#8212;Intr\u00f3&#8212;<br \/>\nA faluba az als\u00f3szeren, nagy a zsivaj l\u00e1rma,<br \/>\nmost esk\u00fcszik a templomban a falu legszebb l\u00e1nya.<br \/>\nDe sok leg\u00e9ny j\u00e1rt el hozz\u00e1, s\u00edrnak is ut\u00e1na,<br \/>\nmost esk\u00fcszik a templomban a falu legszebb l\u00e1nya.<br \/>\nDe sok leg\u00e9ny j\u00e1rt el hozz\u00e1, s\u00edrnak is ut\u00e1na,<br \/>\nmost esk\u00fcszik a templomban a falu legszebb l\u00e1nya.<\/p>\n<p>Sz\u00e9p menyasszony, sz\u00e9p menyasszony, jut-e az eszedbe,<br \/>\nhogy h\u00e1ny leg\u00e9nynek a k\u00e9t sz\u00e9p szeme, borul miattad k\u00f6nnybe.<br \/>\nH\u00e1ny leg\u00e9ny \u00e1tkozza, az eg\u00e9sz vil\u00e1golt,<br \/>\na percet mikor megl\u00e1tta az ici-pici cs\u00f3kos sz\u00e1dat.<br \/>\nH\u00e1ny leg\u00e9ny \u00e1tkozza, az eg\u00e9sz vil\u00e1golt,<br \/>\na percet mikor megl\u00e1tta az ici-pici cs\u00f3kos sz\u00e1dat.<\/p>\n<p>A faluba az als\u00f3szeren, nagy a zsivaj l\u00e1rma,<br \/>\nmost esk\u00fcd\u00f6tt a templomban a falu legszebb l\u00e1nya.<br \/>\nElhallik a lakodalom, messze h\u00e9t hat\u00e1rra,<br \/>\nnemsok\u00e1ra asszony lesz a falu legszebb l\u00e1nya.<br \/>\nElhallik a lakodalom, messze h\u00e9t hat\u00e1rra,<br \/>\nnemsok\u00e1ra asszony lesz a falu legszebb l\u00e1nya.<br \/>\n&#8212;Sz\u00f3l\u00f3&#8212;<br \/>\nSz\u00e9p menyasszony, sz\u00e9p menyasszony, t\u00e1ncolj utolj\u00e1ra,<br \/>\nny\u00faljon bele a n\u00e1szn\u00e9p a p\u00e9nzt\u00e1rc\u00e1j\u00e1ba.<br \/>\nT\u00e1ncolj, t\u00e1ncolj sz\u00e9p menyasszony, t\u00e1ncolj utolj\u00e1ra,<br \/>\nnemsok\u00e1ra asszony lesz a falu legszebb l\u00e1nya.<br \/>\nT\u00e1ncolj, t\u00e1ncolj sz\u00e9p menyasszony, t\u00e1ncolj utolj\u00e1ra,<br \/>\nnemsok\u00e1ra asszony lesz a falu legszebb l\u00e1nya.<br \/>\n&#8212;V\u00e9ge&#8212;<\/p>\n","protected":false},"featured_media":8960,"template":"","meta":{"site-sidebar-layout":"default","site-content-layout":"default","ast-site-content-layout":"default","site-content-style":"default","site-sidebar-style":"default","ast-global-header-display":"","ast-banner-title-visibility":"","ast-main-header-display":"","ast-hfb-above-header-display":"","ast-hfb-below-header-display":"","ast-hfb-mobile-header-display":"","site-post-title":"","ast-breadcrumbs-content":"","ast-featured-img":"","footer-sml-layout":"","theme-transparent-header-meta":"default","adv-header-id-meta":"","stick-header-meta":"","header-above-stick-meta":"","header-main-stick-meta":"","header-below-stick-meta":"","astra-migrate-meta-layouts":"set","ast-page-background-enabled":"default","ast-page-background-meta":{"desktop":{"background-color":"var(--ast-global-color-4)","background-image":"","background-repeat":"repeat","background-position":"center center","background-size":"auto","background-attachment":"scroll","background-type":"","background-media":"","overlay-type":"","overlay-color":"","overlay-opacity":"","overlay-gradient":""},"tablet":{"background-color":"","background-image":"","background-repeat":"repeat","background-position":"center center","background-size":"auto","background-attachment":"scroll","background-type":"","background-media":"","overlay-type":"","overlay-color":"","overlay-opacity":"","overlay-gradient":""},"mobile":{"background-color":"","background-image":"","background-repeat":"repeat","background-position":"center center","background-size":"auto","background-attachment":"scroll","background-type":"","background-media":"","overlay-type":"","overlay-color":"","overlay-opacity":"","overlay-gradient":""}},"ast-content-background-meta":{"desktop":{"background-color":"var(--ast-global-color-5)","background-image":"","background-repeat":"repeat","background-position":"center center","background-size":"auto","background-attachment":"scroll","background-type":"","background-media":"","overlay-type":"","overlay-color":"","overlay-opacity":"","overlay-gradient":""},"tablet":{"background-color":"var(--ast-global-color-5)","background-image":"","background-repeat":"repeat","background-position":"center center","background-size":"auto","background-attachment":"scroll","background-type":"","background-media":"","overlay-type":"","overlay-color":"","overlay-opacity":"","overlay-gradient":""},"mobile":{"background-color":"var(--ast-global-color-5)","background-image":"","background-repeat":"repeat","background-position":"center center","background-size":"auto","background-attachment":"scroll","background-type":"","background-media":"","overlay-type":"","overlay-color":"","overlay-opacity":"","overlay-gradient":""}}},"product_cat":[48],"product_tag":[],"class_list":["post-3846","product","type-product","status-publish","has-post-thumbnail","hentry","product_cat-sunkaraoke-dalok","desktop-align-left","tablet-align-left","mobile-align-left"],"_links":{"self":[{"href":"https:\/\/www.sunkaraoke.hu\/index.php\/wp-json\/wp\/v2\/product\/3846","targetHints":{"allow":["GET"]}}],"collection":[{"href":"https:\/\/www.sunkaraoke.hu\/index.php\/wp-json\/wp\/v2\/product"}],"about":[{"href":"https:\/\/www.sunkaraoke.hu\/index.php\/wp-json\/wp\/v2\/types\/product"}],"wp:featuredmedia":[{"embeddable":true,"href":"https:\/\/www.sunkaraoke.hu\/index.php\/wp-json\/wp\/v2\/media\/8960"}],"wp:attachment":[{"href":"https:\/\/www.sunkaraoke.hu\/index.php\/wp-json\/wp\/v2\/media?parent=3846"}],"wp:term":[{"taxonomy":"product_cat","embeddable":true,"href":"https:\/\/www.sunkaraoke.hu\/index.php\/wp-json\/wp\/v2\/product_cat?post=3846"},{"taxonomy":"product_tag","embeddable":true,"href":"https:\/\/www.sunkaraoke.hu\/index.php\/wp-json\/wp\/v2\/product_tag?post=3846"}],"curies":[{"name":"wp","href":"https:\/\/api.w.org\/{rel}","templated":true}]}}