{"id":3837,"date":"2022-08-08T20:46:48","date_gmt":"2022-08-08T20:46:48","guid":{"rendered":"https:\/\/www.sunkaraoke.hu\/index.php\/termek\/kaczor-ferenc-mama-en-nem-haragszom-2\/"},"modified":"2025-03-27T18:42:40","modified_gmt":"2025-03-27T18:42:40","slug":"kaczor-ferenc-mama-en-nem-haragszom-2","status":"publish","type":"product","link":"https:\/\/www.sunkaraoke.hu\/index.php\/termek\/kaczor-ferenc-mama-en-nem-haragszom-2\/","title":{"rendered":"<div class=\"wcmp-player-container product-3837\"><audio controlslist=\"nodownload\" data-product=\"3837\"  volume=\"1\"  preload=\"none\" data-lazyloading=\"none\" class=\"wcmp-player track mejs-classic\" data-duration=\"0:33\" data-estimated_duration=\"4\"><source src=\"https:\/\/www.sunkaraoke.hu\/wp-content\/uploads\/2022\/08\/Mama-en-nem-hargszom-Vocal-N-_demo.mp3\" type=\"audio\/mp3\" \/><\/audio><\/div>Kaczor Ferenc &#8211; Mama \u00e9n nem haragszom (Original)"},"content":{"rendered":"<p><strong>03:28<\/strong> | <strong><img loading=\"lazy\" decoding=\"async\" class=\"alignnone size-full wp-image-466\" src=\"https:\/\/www.sunkaraoke.hu\/wp-content\/uploads\/2022\/07\/choir_1-copy.webp\" alt=\"\" width=\"30\" height=\"30\" \/> <\/strong><\/p>\n","protected":false},"excerpt":{"rendered":"<h6>Bits\u0171r\u0171s\u00e9g: 320 kb\/s<br \/>\nHossz: 03:28<br \/>\nVok\u00e1lt tartalmaz: Igen <img loading=\"lazy\" decoding=\"async\" class=\"alignnone size-full wp-image-466\" src=\"http:\/\/www.sunkaraoke.hu\/wp-content\/uploads\/2022\/07\/choir_1-copy.png\" alt=\"\" width=\"30\" height=\"30\" \/><strong style=\"font-size: 16px;\"><br \/>\n<\/strong><\/h6>\n<p>Sunkaraoke mp3 st\u00fadi\u00f3 \/ www.sunkaraoke.hu \/ Inf: Tel: 06 20 4275001<\/p>\n<p>&#8212;Intr\u00f3&#8212;<br \/>\nNem esik el messze az alma a f\u00e1j\u00e1t\u00f3l,<br \/>\nmegismerni a le\u00e1nyt, megismerni a le\u00e1nyt az anyj\u00e1r\u00f3l.<br \/>\nN\u00e9zd meg az anyj\u00e1t \u00fagy vedd el a l\u00e1ny\u00e1t,<br \/>\nmert n\u0151s\u00fcl\u00e9s ut\u00e1n, k\u00e9s\u0151 m\u00e1r a b\u00fab\u00e1nat.<br \/>\nSzeretem a j\u00f3 bort , tisztelem az any\u00f3som,<br \/>\nde ha t\u00f6bbet iszom az igazs\u00e1got r\u00f6gt\u00f6n megmondom.<br \/>\nMert a nagy sz\u00e1ja a l\u00e1nya hozom\u00e1nya,<br \/>\nelmondom az any\u00f3snak mi a l\u00e1nya hib\u00e1ja.<\/p>\n<p>Mama \u00e9n nem haragszom mag\u00e1ra,<br \/>\nde egy kicsit nagysz\u00e1j\u00fa lett a l\u00e1nya,<br \/>\nvissza adom m\u00e9g egy kicsit nevelje,<br \/>\nde az is lehet hogy otthagyom \u00f6r\u00f6kre.<br \/>\nMama \u00e9n nem haragszom mag\u00e1ra,<br \/>\nde egy kicsit nagysz\u00e1j\u00fa lett a l\u00e1nya,<br \/>\nvissza adom m\u00e9g egy kicsit nevelje,<br \/>\nde az is lehet hogy otthagyom \u00f6r\u00f6kre.<br \/>\n&#8212;Sz\u00f3l\u00f3&#8212;<br \/>\nNem esik el messze az alma a f\u00e1j\u00e1t\u00f3l,<br \/>\nmegismerni a le\u00e1nyt, megismerni a le\u00e1nyt az anyj\u00e1r\u00f3l.<br \/>\nN\u00e9zd meg az anyj\u00e1t \u00fagy vedd el a l\u00e1ny\u00e1t,<br \/>\nmert n\u0151s\u00fcl\u00e9s ut\u00e1n, k\u00e9s\u0151 m\u00e1r a b\u00fab\u00e1nat.<br \/>\nSzeretem a j\u00f3 bort , tisztelem az any\u00f3som,<br \/>\nde ha t\u00f6bbet iszom az igazs\u00e1got r\u00f6gt\u00f6n megmondom.<br \/>\nMert a nagy sz\u00e1ja a l\u00e1nya hozom\u00e1nya,<br \/>\nelmondom az any\u00f3snak mi a l\u00e1nya hib\u00e1ja.<br \/>\nMama \u00e9n nem haragszom mag\u00e1ra,<br \/>\nde egy kicsit nagysz\u00e1j\u00fa lett a l\u00e1nya,<br \/>\nvissza adom m\u00e9g egy kicsit nevelje,<br \/>\nde az is lehet hogy otthagyom \u00f6r\u00f6kre.<br \/>\nMama \u00e9n nem haragszom mag\u00e1ra,<br \/>\nde egy kicsit nagysz\u00e1j\u00fa lett a l\u00e1nya,<br \/>\nvissza adom m\u00e9g egy kicsit nevelje,<br \/>\nde az is lehet hogy otthagyom \u00f6r\u00f6kre.<br \/>\nMama \u00e9n nem haragszom mag\u00e1ra,<br \/>\nde egy kicsit nagysz\u00e1j\u00fa lett a l\u00e1nya,<br \/>\nvissza adom m\u00e9g egy kicsit nevelje,<br \/>\nde az is lehet hogy otthagyom \u00f6r\u00f6kre.<br \/>\nMama \u00e9n nem haragszom mag\u00e1ra,<br \/>\nde egy kicsit nagysz\u00e1j\u00fa lett a l\u00e1nya,<br \/>\nvissza adom m\u00e9g egy kicsit nevelje,<br \/>\nde az is lehet hogy otthagyom \u00f6r\u00f6kre.<br \/>\n&#8212;V\u00e9ge&#8212;<\/p>\n<p>Sunkaraoke mp3 st\u00fadi\u00f3<\/p>\n","protected":false},"featured_media":8960,"template":"","meta":{"site-sidebar-layout":"default","site-content-layout":"default","ast-site-content-layout":"default","site-content-style":"default","site-sidebar-style":"default","ast-global-header-display":"","ast-banner-title-visibility":"","ast-main-header-display":"","ast-hfb-above-header-display":"","ast-hfb-below-header-display":"","ast-hfb-mobile-header-display":"","site-post-title":"","ast-breadcrumbs-content":"","ast-featured-img":"","footer-sml-layout":"","theme-transparent-header-meta":"default","adv-header-id-meta":"","stick-header-meta":"","header-above-stick-meta":"","header-main-stick-meta":"","header-below-stick-meta":"","astra-migrate-meta-layouts":"set","ast-page-background-enabled":"default","ast-page-background-meta":{"desktop":{"background-color":"var(--ast-global-color-4)","background-image":"","background-repeat":"repeat","background-position":"center center","background-size":"auto","background-attachment":"scroll","background-type":"","background-media":"","overlay-type":"","overlay-color":"","overlay-opacity":"","overlay-gradient":""},"tablet":{"background-color":"","background-image":"","background-repeat":"repeat","background-position":"center center","background-size":"auto","background-attachment":"scroll","background-type":"","background-media":"","overlay-type":"","overlay-color":"","overlay-opacity":"","overlay-gradient":""},"mobile":{"background-color":"","background-image":"","background-repeat":"repeat","background-position":"center center","background-size":"auto","background-attachment":"scroll","background-type":"","background-media":"","overlay-type":"","overlay-color":"","overlay-opacity":"","overlay-gradient":""}},"ast-content-background-meta":{"desktop":{"background-color":"var(--ast-global-color-5)","background-image":"","background-repeat":"repeat","background-position":"center center","background-size":"auto","background-attachment":"scroll","background-type":"","background-media":"","overlay-type":"","overlay-color":"","overlay-opacity":"","overlay-gradient":""},"tablet":{"background-color":"var(--ast-global-color-5)","background-image":"","background-repeat":"repeat","background-position":"center center","background-size":"auto","background-attachment":"scroll","background-type":"","background-media":"","overlay-type":"","overlay-color":"","overlay-opacity":"","overlay-gradient":""},"mobile":{"background-color":"var(--ast-global-color-5)","background-image":"","background-repeat":"repeat","background-position":"center center","background-size":"auto","background-attachment":"scroll","background-type":"","background-media":"","overlay-type":"","overlay-color":"","overlay-opacity":"","overlay-gradient":""}}},"product_cat":[48],"product_tag":[],"class_list":["post-3837","product","type-product","status-publish","has-post-thumbnail","hentry","product_cat-sunkaraoke-dalok","desktop-align-left","tablet-align-left","mobile-align-left"],"_links":{"self":[{"href":"https:\/\/www.sunkaraoke.hu\/index.php\/wp-json\/wp\/v2\/product\/3837","targetHints":{"allow":["GET"]}}],"collection":[{"href":"https:\/\/www.sunkaraoke.hu\/index.php\/wp-json\/wp\/v2\/product"}],"about":[{"href":"https:\/\/www.sunkaraoke.hu\/index.php\/wp-json\/wp\/v2\/types\/product"}],"wp:featuredmedia":[{"embeddable":true,"href":"https:\/\/www.sunkaraoke.hu\/index.php\/wp-json\/wp\/v2\/media\/8960"}],"wp:attachment":[{"href":"https:\/\/www.sunkaraoke.hu\/index.php\/wp-json\/wp\/v2\/media?parent=3837"}],"wp:term":[{"taxonomy":"product_cat","embeddable":true,"href":"https:\/\/www.sunkaraoke.hu\/index.php\/wp-json\/wp\/v2\/product_cat?post=3837"},{"taxonomy":"product_tag","embeddable":true,"href":"https:\/\/www.sunkaraoke.hu\/index.php\/wp-json\/wp\/v2\/product_tag?post=3837"}],"curies":[{"name":"wp","href":"https:\/\/api.w.org\/{rel}","templated":true}]}}