{"id":3833,"date":"2022-08-08T20:46:47","date_gmt":"2022-08-08T20:46:47","guid":{"rendered":"https:\/\/www.sunkaraoke.hu\/index.php\/termek\/chris-norman-nino-de-angelo-everytime-i-close-my-eyes\/"},"modified":"2025-04-09T08:56:15","modified_gmt":"2025-04-09T08:56:15","slug":"chris-norman-nino-de-angelo-everytime-i-close-my-eyes","status":"publish","type":"product","link":"https:\/\/www.sunkaraoke.hu\/index.php\/termek\/chris-norman-nino-de-angelo-everytime-i-close-my-eyes\/","title":{"rendered":"<div class=\"wcmp-player-container product-3833\"><audio controlslist=\"nodownload\" data-product=\"3833\"  volume=\"1\"  preload=\"none\" data-lazyloading=\"none\" class=\"wcmp-player track mejs-classic\" data-duration=\"0:32\" data-estimated_duration=\"4\"><source src=\"https:\/\/www.sunkaraoke.hu\/wp-content\/uploads\/2022\/08\/Everytime-I-close-my-eyesdemooo.mp3\" type=\"audio\/mp3\" \/><\/audio><\/div>Chris Norman &#038; Nino De Angelo &#8211; Everytime I close my eyes (Original)"},"content":{"rendered":"<p><strong>04:20<\/strong> | <strong><img loading=\"lazy\" decoding=\"async\" class=\"alignnone size-full wp-image-467\" src=\"https:\/\/www.sunkaraoke.hu\/wp-content\/uploads\/2022\/07\/choir_2-copy.webp\" alt=\"\" width=\"30\" height=\"30\" \/> <\/strong><\/p>\n","protected":false},"excerpt":{"rendered":"<h6><strong>Bits\u0171r\u0171s\u00e9g: 320<\/strong>kb\/s<strong><br \/>\n<\/strong><strong>Hossz: <\/strong>04:20<strong><br \/>\n<\/strong><strong style=\"font-size: 16px;\">Vok\u00e1lt tartalmaz: <\/strong>Nem <img loading=\"lazy\" decoding=\"async\" class=\"alignnone size-full wp-image-467\" src=\"http:\/\/www.sunkaraoke.hu\/wp-content\/uploads\/2022\/07\/choir_2-copy.png\" alt=\"\" width=\"30\" height=\"30\" \/><strong style=\"font-size: 16px;\"><br \/>\n<\/strong><\/h6>\n<p>Sunkaraoke mp3 st\u00fadi\u00f3 \/ www.sunkaraoke.hu \/ Inf: Tel: 06 20 4275001<\/p>\n<p>&#8212;Intr\u00f3&#8212;<br \/>\nI see my baby everytime, I close my eyes,<br \/>\nand when my baby&#8217;s close to me, \u00f3h, my time flies.<br \/>\nAnd if you knew my baby, you would fall, too.<\/p>\n<p>Every time I close my eyes,<br \/>\nevery time I visualise.<br \/>\nThe way that she holds me,<br \/>\nthe way that she needs me,<br \/>\nthere&#8217;s something in the way that she smiles.<br \/>\nEvery time I close my eyes,<br \/>\nevery time I fantasise.<br \/>\nThe way that she touches me,<br \/>\nto know that she loves me,<br \/>\nmakes me feel I&#8217;m touching the skies.<\/p>\n<p>With each and every,<br \/>\nbreath I take she&#8217;s always there.<br \/>\nOh, no other girl could,ever break this love affair.<br \/>\nWhat can I do? Oh Baby, Baby, Baby, I can tell you.<\/p>\n<p>Every time I close my eyes,<br \/>\nevery time I visualise.<br \/>\nThe way that she holds me,<br \/>\nthe way that she needs me,<br \/>\nthere&#8217;s something in the way that she smiles.<br \/>\nEvery time I close my eyes,<br \/>\nevery time I fantasise.<br \/>\nThe way that she touches me,<br \/>\nto know that she loves me,<br \/>\nmakes me feel I&#8217;m touching the skies.<\/p>\n<p>She&#8217;s my woman, my everything.<br \/>\nI can feel my heart going crazy.<br \/>\nI&#8217;m a fool for her love and I know.<br \/>\nThat I would die for my babe.<br \/>\nI would die for my babe.<br \/>\nMy heart wont forget,<br \/>\neven when we&#8217;re so far apart.<br \/>\nI cry a river of tears for her love,<br \/>\ntill I can keep her save in my heart.<\/p>\n<p>Every time I close my eyes ,mhmhm\u2026\u2026<br \/>\nThe way that she holds me,<br \/>\nthe way that she needs me. ,<br \/>\nthere&#8217;s something in the way that she smiles.<\/p>\n<p>Every time I close my eyes,<br \/>\nevery time I fantasise.<br \/>\nThe way that she touches me,<br \/>\nto know that she loves me,<br \/>\nmakes me feel I&#8217;m touching the skies.<\/p>\n<p>I see my baby ,every time I close my eyes,<br \/>\nand when my baby&#8217;s close to me ,Oh, my time flies.<br \/>\nI see my baby ,every time I close my eyes\u2026..<br \/>\n&#8212;V\u00e9ge&#8212;<\/p>\n","protected":false},"featured_media":18100,"template":"","meta":{"site-sidebar-layout":"default","site-content-layout":"default","ast-site-content-layout":"default","site-content-style":"default","site-sidebar-style":"default","ast-global-header-display":"","ast-banner-title-visibility":"","ast-main-header-display":"","ast-hfb-above-header-display":"","ast-hfb-below-header-display":"","ast-hfb-mobile-header-display":"","site-post-title":"","ast-breadcrumbs-content":"","ast-featured-img":"","footer-sml-layout":"","theme-transparent-header-meta":"default","adv-header-id-meta":"","stick-header-meta":"","header-above-stick-meta":"","header-main-stick-meta":"","header-below-stick-meta":"","astra-migrate-meta-layouts":"set","ast-page-background-enabled":"default","ast-page-background-meta":{"desktop":{"background-color":"var(--ast-global-color-4)","background-image":"","background-repeat":"repeat","background-position":"center center","background-size":"auto","background-attachment":"scroll","background-type":"","background-media":"","overlay-type":"","overlay-color":"","overlay-opacity":"","overlay-gradient":""},"tablet":{"background-color":"","background-image":"","background-repeat":"repeat","background-position":"center center","background-size":"auto","background-attachment":"scroll","background-type":"","background-media":"","overlay-type":"","overlay-color":"","overlay-opacity":"","overlay-gradient":""},"mobile":{"background-color":"","background-image":"","background-repeat":"repeat","background-position":"center center","background-size":"auto","background-attachment":"scroll","background-type":"","background-media":"","overlay-type":"","overlay-color":"","overlay-opacity":"","overlay-gradient":""}},"ast-content-background-meta":{"desktop":{"background-color":"var(--ast-global-color-5)","background-image":"","background-repeat":"repeat","background-position":"center center","background-size":"auto","background-attachment":"scroll","background-type":"","background-media":"","overlay-type":"","overlay-color":"","overlay-opacity":"","overlay-gradient":""},"tablet":{"background-color":"var(--ast-global-color-5)","background-image":"","background-repeat":"repeat","background-position":"center center","background-size":"auto","background-attachment":"scroll","background-type":"","background-media":"","overlay-type":"","overlay-color":"","overlay-opacity":"","overlay-gradient":""},"mobile":{"background-color":"var(--ast-global-color-5)","background-image":"","background-repeat":"repeat","background-position":"center center","background-size":"auto","background-attachment":"scroll","background-type":"","background-media":"","overlay-type":"","overlay-color":"","overlay-opacity":"","overlay-gradient":""}}},"product_cat":[48],"product_tag":[],"class_list":["post-3833","product","type-product","status-publish","has-post-thumbnail","hentry","product_cat-sunkaraoke-dalok","desktop-align-left","tablet-align-left","mobile-align-left"],"_links":{"self":[{"href":"https:\/\/www.sunkaraoke.hu\/index.php\/wp-json\/wp\/v2\/product\/3833","targetHints":{"allow":["GET"]}}],"collection":[{"href":"https:\/\/www.sunkaraoke.hu\/index.php\/wp-json\/wp\/v2\/product"}],"about":[{"href":"https:\/\/www.sunkaraoke.hu\/index.php\/wp-json\/wp\/v2\/types\/product"}],"wp:featuredmedia":[{"embeddable":true,"href":"https:\/\/www.sunkaraoke.hu\/index.php\/wp-json\/wp\/v2\/media\/18100"}],"wp:attachment":[{"href":"https:\/\/www.sunkaraoke.hu\/index.php\/wp-json\/wp\/v2\/media?parent=3833"}],"wp:term":[{"taxonomy":"product_cat","embeddable":true,"href":"https:\/\/www.sunkaraoke.hu\/index.php\/wp-json\/wp\/v2\/product_cat?post=3833"},{"taxonomy":"product_tag","embeddable":true,"href":"https:\/\/www.sunkaraoke.hu\/index.php\/wp-json\/wp\/v2\/product_tag?post=3833"}],"curies":[{"name":"wp","href":"https:\/\/api.w.org\/{rel}","templated":true}]}}