{"id":3829,"date":"2022-08-08T20:46:47","date_gmt":"2022-08-08T20:46:47","guid":{"rendered":"https:\/\/www.sunkaraoke.hu\/index.php\/termek\/notar-mary-szep-harangok\/"},"modified":"2025-03-29T12:18:33","modified_gmt":"2025-03-29T12:18:33","slug":"notar-mary-szep-harangok","status":"publish","type":"product","link":"https:\/\/www.sunkaraoke.hu\/index.php\/termek\/notar-mary-szep-harangok\/","title":{"rendered":"<div class=\"wcmp-player-container product-3829\"><audio controlslist=\"nodownload\" data-product=\"3829\"  volume=\"1\"  preload=\"none\" data-lazyloading=\"none\" class=\"wcmp-player track mejs-classic\" data-duration=\"0:32\" data-estimated_duration=\"4\"><source src=\"https:\/\/www.sunkaraoke.hu\/wp-content\/uploads\/2022\/08\/Szep-harangok-K_demo.mp3\" type=\"audio\/mp3\" \/><\/audio><\/div>Notar Mary &#8211; Sz\u00e9p harangok (Original)"},"content":{"rendered":"<p><strong>03:26<\/strong> | <strong><img loading=\"lazy\" decoding=\"async\" class=\"alignnone size-full wp-image-467\" src=\"https:\/\/www.sunkaraoke.hu\/wp-content\/uploads\/2022\/07\/choir_2-copy.webp\" alt=\"\" width=\"30\" height=\"30\" \/> <\/strong><\/p>\n","protected":false},"excerpt":{"rendered":"<h6>Bits\u0171r\u0171s\u00e9g: 320 kb\/s<br \/>\nHossz: 03:26<br \/>\nVok\u00e1lt tartalmaz: Nem <img loading=\"lazy\" decoding=\"async\" class=\"alignnone size-full wp-image-467\" src=\"http:\/\/www.sunkaraoke.hu\/wp-content\/uploads\/2022\/07\/choir_2-copy.png\" alt=\"\" width=\"30\" height=\"30\" \/><strong style=\"font-size: 16px;\"><br \/>\n<\/strong><\/h6>\n<p>Sunkaraoke mp3 st\u00fadi\u00f3 \/ www.sunkaraoke.hu \/ Inf: Tel: 06 20 4275001<\/p>\n<p>&#8212;Intr\u00f3&#8212;<br \/>\nKis falumba sz\u00f3l a harang,<br \/>\nesk\u00fcv\u0151re h\u00edvatnak.<br \/>\nRobi\u00e9kn\u00e1l nagy lagzi lesz,<br \/>\nk\u00e9t napig is mulatnak.<br \/>\nSz\u00e9p harangok, harangok,<br \/>\ncsak nek\u00fcnk sz\u00f3ljatok!<br \/>\nMondj\u00e1tok el a vil\u00e1gnak,<br \/>\nhogy \u0151k milyen boldogok!<br \/>\nSz\u00e9p harangok, harangok,<br \/>\ncsak nek\u00fcnk sz\u00f3ljatok!<br \/>\nMondj\u00e1tok el a vil\u00e1gnak,<br \/>\nhogy \u0151k milyen boldogok!<\/p>\n<p>Jaj, de sz\u00e9p ez a menyasszony,<br \/>\na v\u0151leg\u00e9nyhez val\u00f3.<br \/>\n\u00d3h, a f\u00f6ld\u00f6n p\u00e1rjuk nincsen,<br \/>\nnem is l\u00e1ttam hasonl\u00f3t.<\/p>\n<p>Sz\u00e9p harangok, harangok,<br \/>\ncsak nek\u00fcnk sz\u00f3ljatok!<br \/>\nMondj\u00e1tok el a vil\u00e1gnak,<br \/>\nhogy \u0151k milyen boldogok!<br \/>\nSz\u00e9p harangok, harangok,<br \/>\ncsak nek\u00fcnk sz\u00f3ljatok!<br \/>\nMondj\u00e1tok el a vil\u00e1gnak,<br \/>\nhogy \u0151k milyen boldogok!<br \/>\nS\u00e1, l\u00e1, l\u00e1, l\u00e1, l\u00e1\u2026\u2026.<br \/>\nPezsg\u0151vel koccintsatok,<br \/>\n\u00e1ld\u00e1s legyen Rajtatok.<br \/>\nAzt k\u00edv\u00e1nom, hogy a g\u00f3lya,<br \/>\nvend\u00e9g legyen N\u00e1latok.<\/p>\n<p>Sz\u00e9p harangok, harangok,<br \/>\ncsak nek\u00fcnk sz\u00f3ljatok!<br \/>\nMondj\u00e1tok el a vil\u00e1gnak,<br \/>\nhogy \u0151k milyen boldogok!<br \/>\nSz\u00e9p harangok, harangok,<br \/>\ncsak nek\u00fcnk sz\u00f3ljatok!<br \/>\nMondj\u00e1tok el a vil\u00e1gnak,<br \/>\nhogy \u0151k milyen boldogok!<br \/>\n&#8212;Sz\u00f3l\u00f3&#8212;<br \/>\nSz\u00e9p harangok, harangok,<br \/>\ncsak nek\u00fcnk sz\u00f3ljatok!<br \/>\nMondj\u00e1tok el a vil\u00e1gnak,<br \/>\nhogy \u0151k milyen boldogok!<br \/>\nSz\u00e9p harangok, harangok,<br \/>\ncsak nek\u00fcnk sz\u00f3ljatok!<br \/>\nMondj\u00e1tok el a vil\u00e1gnak,<br \/>\nhogy \u0151k milyen boldogok!<br \/>\n&#8212;V\u00e9ge&#8212;<\/p>\n<p>Sunkaraoke mp3 st\u00fadi\u00f3<\/p>\n","protected":false},"featured_media":8740,"template":"","meta":{"site-sidebar-layout":"default","site-content-layout":"default","ast-site-content-layout":"default","site-content-style":"default","site-sidebar-style":"default","ast-global-header-display":"","ast-banner-title-visibility":"","ast-main-header-display":"","ast-hfb-above-header-display":"","ast-hfb-below-header-display":"","ast-hfb-mobile-header-display":"","site-post-title":"","ast-breadcrumbs-content":"","ast-featured-img":"","footer-sml-layout":"","theme-transparent-header-meta":"default","adv-header-id-meta":"","stick-header-meta":"","header-above-stick-meta":"","header-main-stick-meta":"","header-below-stick-meta":"","astra-migrate-meta-layouts":"set","ast-page-background-enabled":"default","ast-page-background-meta":{"desktop":{"background-color":"var(--ast-global-color-4)","background-image":"","background-repeat":"repeat","background-position":"center center","background-size":"auto","background-attachment":"scroll","background-type":"","background-media":"","overlay-type":"","overlay-color":"","overlay-opacity":"","overlay-gradient":""},"tablet":{"background-color":"","background-image":"","background-repeat":"repeat","background-position":"center center","background-size":"auto","background-attachment":"scroll","background-type":"","background-media":"","overlay-type":"","overlay-color":"","overlay-opacity":"","overlay-gradient":""},"mobile":{"background-color":"","background-image":"","background-repeat":"repeat","background-position":"center center","background-size":"auto","background-attachment":"scroll","background-type":"","background-media":"","overlay-type":"","overlay-color":"","overlay-opacity":"","overlay-gradient":""}},"ast-content-background-meta":{"desktop":{"background-color":"var(--ast-global-color-5)","background-image":"","background-repeat":"repeat","background-position":"center center","background-size":"auto","background-attachment":"scroll","background-type":"","background-media":"","overlay-type":"","overlay-color":"","overlay-opacity":"","overlay-gradient":""},"tablet":{"background-color":"var(--ast-global-color-5)","background-image":"","background-repeat":"repeat","background-position":"center center","background-size":"auto","background-attachment":"scroll","background-type":"","background-media":"","overlay-type":"","overlay-color":"","overlay-opacity":"","overlay-gradient":""},"mobile":{"background-color":"var(--ast-global-color-5)","background-image":"","background-repeat":"repeat","background-position":"center center","background-size":"auto","background-attachment":"scroll","background-type":"","background-media":"","overlay-type":"","overlay-color":"","overlay-opacity":"","overlay-gradient":""}}},"product_cat":[48],"product_tag":[],"class_list":["post-3829","product","type-product","status-publish","has-post-thumbnail","hentry","product_cat-sunkaraoke-dalok","desktop-align-left","tablet-align-left","mobile-align-left"],"_links":{"self":[{"href":"https:\/\/www.sunkaraoke.hu\/index.php\/wp-json\/wp\/v2\/product\/3829","targetHints":{"allow":["GET"]}}],"collection":[{"href":"https:\/\/www.sunkaraoke.hu\/index.php\/wp-json\/wp\/v2\/product"}],"about":[{"href":"https:\/\/www.sunkaraoke.hu\/index.php\/wp-json\/wp\/v2\/types\/product"}],"wp:featuredmedia":[{"embeddable":true,"href":"https:\/\/www.sunkaraoke.hu\/index.php\/wp-json\/wp\/v2\/media\/8740"}],"wp:attachment":[{"href":"https:\/\/www.sunkaraoke.hu\/index.php\/wp-json\/wp\/v2\/media?parent=3829"}],"wp:term":[{"taxonomy":"product_cat","embeddable":true,"href":"https:\/\/www.sunkaraoke.hu\/index.php\/wp-json\/wp\/v2\/product_cat?post=3829"},{"taxonomy":"product_tag","embeddable":true,"href":"https:\/\/www.sunkaraoke.hu\/index.php\/wp-json\/wp\/v2\/product_tag?post=3829"}],"curies":[{"name":"wp","href":"https:\/\/api.w.org\/{rel}","templated":true}]}}