{"id":3828,"date":"2022-08-08T20:46:47","date_gmt":"2022-08-08T20:46:47","guid":{"rendered":"https:\/\/www.sunkaraoke.hu\/index.php\/termek\/suzy-jolly-olvaszd-fel-a-jegszivemet\/"},"modified":"2025-03-27T13:04:46","modified_gmt":"2025-03-27T13:04:46","slug":"suzy-jolly-olvaszd-fel-a-jegszivemet","status":"publish","type":"product","link":"https:\/\/www.sunkaraoke.hu\/index.php\/termek\/suzy-jolly-olvaszd-fel-a-jegszivemet\/","title":{"rendered":"<div class=\"wcmp-player-container product-3828\"><audio controlslist=\"nodownload\" data-product=\"3828\"  volume=\"1\"  preload=\"none\" data-lazyloading=\"none\" class=\"wcmp-player track mejs-classic\" data-duration=\"0:31\" data-estimated_duration=\"4\"><source src=\"https:\/\/www.sunkaraoke.hu\/wp-content\/uploads\/2022\/08\/Olvaszd-fel-a-jegszivemet_demo.mp3\" type=\"audio\/mp3\" \/><\/audio><\/div>Suzy &#038; Jolly &#8211; Olvaszd fel a j\u00e9gsz\u00edvemet (Original)"},"content":{"rendered":"<p><strong>03:36<\/strong> | <strong><img loading=\"lazy\" decoding=\"async\" class=\"alignnone size-full wp-image-467\" src=\"https:\/\/www.sunkaraoke.hu\/wp-content\/uploads\/2022\/07\/choir_2-copy.webp\" alt=\"\" width=\"30\" height=\"30\" \/> <\/strong><\/p>\n","protected":false},"excerpt":{"rendered":"<h6>Bits\u0171r\u0171s\u00e9g: 320 kb\/s<br \/>\nHossz: 03:36<br \/>\nVok\u00e1lt tartalmaz: Nem <img loading=\"lazy\" decoding=\"async\" class=\"alignnone size-full wp-image-467\" src=\"http:\/\/www.sunkaraoke.hu\/wp-content\/uploads\/2022\/07\/choir_2-copy.png\" alt=\"\" width=\"30\" height=\"30\" \/><strong style=\"font-size: 16px;\"><br \/>\n<\/strong><\/h6>\n<p>Sunkaraoke mp3 st\u00fadi\u00f3 \/ www.sunkaraoke.hu \/ Inf: Tel: 06 20 4275001<\/p>\n<p>&#8212;Intr\u00f3&#8212;<br \/>\nUh, l\u00e1, l\u00e1, l\u00e1\u2026<br \/>\nUh, l\u00e1, l\u00e1,l\u00e1, p\u00e1, p\u00e1, p\u00e1, p\u00e1, p\u00e1\u2026.<br \/>\nUh, l\u00e1, l\u00e1, l\u00e1\u2026<br \/>\nUh, l\u00e1, l\u00e1,l\u00e1, p\u00e1, p\u00e1, p\u00e1, p\u00e1, p\u00e1\u2026.<br \/>\nSzeret vagy nem szeret, te vagy a v\u00e9gzetem,<br \/>\nb\u00f6rt\u00f6nbe z\u00e1rtad az \u00e1rva kicsi sz\u00edvem.<br \/>\nHullnak a falevelek, fagyos lett m\u00e1r a sz\u00edvem,<br \/>\nny\u00edlik a j\u00e9gvir\u00e1g, a ny\u00e1r oly messze sz\u00e1llt.<br \/>\nCsak tudn\u00e1m merre j\u00e1r, a f\u00e9nyes napsug\u00e1r,<br \/>\nfagyos a sz\u00edvem, n\u00e9lk\u00fcled nincsen ny\u00e1r.<br \/>\nSzeret vagy nem szeret, csak tudn\u00e1m hol lehet,<br \/>\nszeret vagy nem szeret, het, het, het, het.<br \/>\nNa gyere, olvaszd fel a j\u00e9gsz\u00edvemet,<br \/>\nolvaszd a sz\u00edvemben a j\u00e9ghegyeket.<br \/>\nAdd vissza cs\u00f3koddal a ny\u00e1rnak \u00edz\u00e9t,<br \/>\n\u00e9n szeretlek t\u00e9ged, mondd szeretsz-e m\u00e9g?<br \/>\nNa gyere, olvaszd fel a j\u00e9gsz\u00edvemet,<br \/>\nolvaszd a sz\u00edvemben a j\u00e9ghegyeket.<br \/>\nMindig csak f\u00fajja arcom a h\u00f3 szag\u00fa sz\u00e9l,<br \/>\namikor fagyos a sz\u00edvem meghalok a cs\u00f3kjaid\u00e9rt!<br \/>\nUh, l\u00e1, l\u00e1, l\u00e1\u2026, p\u00e1, p\u00e1, p\u00e1, p\u00e1\u2026<br \/>\nUh, l\u00e1, l\u00e1, l\u00e1,\u2026 p\u00e1, p\u00e1, p\u00e1, p\u00e1, p\u00e1\u2026.<br \/>\nUh, l\u00e1, l\u00e1, l\u00e1\u2026, p\u00e1, p\u00e1, p\u00e1, p\u00e1\u2026<br \/>\nUh, l\u00e1, l\u00e1, l\u00e1,\u2026 p\u00e1, p\u00e1, p\u00e1, p\u00e1, p\u00e1\u2026.<br \/>\nUh, l\u00e1, l\u00e1, l\u00e1\u2026, p\u00e1, p\u00e1, p\u00e1, p\u00e1\u2026<br \/>\nUh, l\u00e1, l\u00e1, l\u00e1,\u2026 p\u00e1, p\u00e1, p\u00e1, p\u00e1, p\u00e1\u2026.<br \/>\nUh, l\u00e1, l\u00e1, l\u00e1\u2026, p\u00e1, p\u00e1, p\u00e1, p\u00e1\u2026<br \/>\nUh, l\u00e1, l\u00e1, l\u00e1,\u2026 p\u00e1, p\u00e1, p\u00e1, p\u00e1, p\u00e1\u2026.<br \/>\nNa gyere, olvaszd fel a j\u00e9gsz\u00edvemet\u2026<br \/>\nCsak f\u00fajja arcomat a h\u00f3 szag\u00fa sz\u00e9l..<br \/>\nNa gyere, olvaszd fel a j\u00e9gsz\u00edvemet\u2026.<br \/>\nCsak f\u00fajja arcomat a h\u00f3 szag\u00fa sz\u00e9l\u2026..<br \/>\nUh, l\u00e1, l\u00e1, l\u00e1\u2026, p\u00e1, p\u00e1, p\u00e1, p\u00e1\u2026<br \/>\nUh, l\u00e1, l\u00e1, l\u00e1,\u2026 p\u00e1, p\u00e1, p\u00e1, p\u00e1, p\u00e1\u2026.<br \/>\nUh, l\u00e1, l\u00e1, l\u00e1\u2026, p\u00e1, p\u00e1, p\u00e1, p\u00e1\u2026<br \/>\nUh, l\u00e1, l\u00e1, l\u00e1,\u2026 p\u00e1, p\u00e1, p\u00e1, p\u00e1, p\u00e1\u2026.<br \/>\nNa gyere, olvaszd fel a j\u00e9gsz\u00edvemet,<br \/>\nolvaszd a sz\u00edvemben a j\u00e9ghegyeket.<br \/>\nAdd vissza cs\u00f3koddal a ny\u00e1rnak \u00edz\u00e9t,<br \/>\n\u00e9n szeretlek t\u00e9ged, mondd szeretsz-e m\u00e9g?<br \/>\nNa gyere, olvaszd fel a j\u00e9gsz\u00edvemet,<br \/>\nolvaszd a sz\u00edvemben a j\u00e9ghegyeket.<br \/>\nMindig csak f\u00fajja arcom a h\u00f3 szag\u00fa sz\u00e9l,<br \/>\namikor fagyos a sz\u00edvem meghalok a cs\u00f3kjaid\u00e9rt!<br \/>\n&#8212;V\u00e9ge&#8212;<br \/>\nSunkaraoke mp3 st\u00fadi\u00f3<\/p>\n","protected":false},"featured_media":9007,"template":"","meta":{"site-sidebar-layout":"default","site-content-layout":"default","ast-site-content-layout":"default","site-content-style":"default","site-sidebar-style":"default","ast-global-header-display":"","ast-banner-title-visibility":"","ast-main-header-display":"","ast-hfb-above-header-display":"","ast-hfb-below-header-display":"","ast-hfb-mobile-header-display":"","site-post-title":"","ast-breadcrumbs-content":"","ast-featured-img":"","footer-sml-layout":"","theme-transparent-header-meta":"default","adv-header-id-meta":"","stick-header-meta":"","header-above-stick-meta":"","header-main-stick-meta":"","header-below-stick-meta":"","astra-migrate-meta-layouts":"set","ast-page-background-enabled":"default","ast-page-background-meta":{"desktop":{"background-color":"var(--ast-global-color-4)","background-image":"","background-repeat":"repeat","background-position":"center center","background-size":"auto","background-attachment":"scroll","background-type":"","background-media":"","overlay-type":"","overlay-color":"","overlay-opacity":"","overlay-gradient":""},"tablet":{"background-color":"","background-image":"","background-repeat":"repeat","background-position":"center center","background-size":"auto","background-attachment":"scroll","background-type":"","background-media":"","overlay-type":"","overlay-color":"","overlay-opacity":"","overlay-gradient":""},"mobile":{"background-color":"","background-image":"","background-repeat":"repeat","background-position":"center center","background-size":"auto","background-attachment":"scroll","background-type":"","background-media":"","overlay-type":"","overlay-color":"","overlay-opacity":"","overlay-gradient":""}},"ast-content-background-meta":{"desktop":{"background-color":"var(--ast-global-color-5)","background-image":"","background-repeat":"repeat","background-position":"center center","background-size":"auto","background-attachment":"scroll","background-type":"","background-media":"","overlay-type":"","overlay-color":"","overlay-opacity":"","overlay-gradient":""},"tablet":{"background-color":"var(--ast-global-color-5)","background-image":"","background-repeat":"repeat","background-position":"center center","background-size":"auto","background-attachment":"scroll","background-type":"","background-media":"","overlay-type":"","overlay-color":"","overlay-opacity":"","overlay-gradient":""},"mobile":{"background-color":"var(--ast-global-color-5)","background-image":"","background-repeat":"repeat","background-position":"center center","background-size":"auto","background-attachment":"scroll","background-type":"","background-media":"","overlay-type":"","overlay-color":"","overlay-opacity":"","overlay-gradient":""}}},"product_cat":[48],"product_tag":[],"class_list":["post-3828","product","type-product","status-publish","has-post-thumbnail","hentry","product_cat-sunkaraoke-dalok","desktop-align-left","tablet-align-left","mobile-align-left"],"_links":{"self":[{"href":"https:\/\/www.sunkaraoke.hu\/index.php\/wp-json\/wp\/v2\/product\/3828","targetHints":{"allow":["GET"]}}],"collection":[{"href":"https:\/\/www.sunkaraoke.hu\/index.php\/wp-json\/wp\/v2\/product"}],"about":[{"href":"https:\/\/www.sunkaraoke.hu\/index.php\/wp-json\/wp\/v2\/types\/product"}],"wp:featuredmedia":[{"embeddable":true,"href":"https:\/\/www.sunkaraoke.hu\/index.php\/wp-json\/wp\/v2\/media\/9007"}],"wp:attachment":[{"href":"https:\/\/www.sunkaraoke.hu\/index.php\/wp-json\/wp\/v2\/media?parent=3828"}],"wp:term":[{"taxonomy":"product_cat","embeddable":true,"href":"https:\/\/www.sunkaraoke.hu\/index.php\/wp-json\/wp\/v2\/product_cat?post=3828"},{"taxonomy":"product_tag","embeddable":true,"href":"https:\/\/www.sunkaraoke.hu\/index.php\/wp-json\/wp\/v2\/product_tag?post=3828"}],"curies":[{"name":"wp","href":"https:\/\/api.w.org\/{rel}","templated":true}]}}