{"id":3825,"date":"2022-08-08T20:46:47","date_gmt":"2022-08-08T20:46:47","guid":{"rendered":"https:\/\/www.sunkaraoke.hu\/index.php\/termek\/suzy-jolly-ejjelem-se-nappalom\/"},"modified":"2025-03-27T12:44:01","modified_gmt":"2025-03-27T12:44:01","slug":"suzy-jolly-ejjelem-se-nappalom","status":"publish","type":"product","link":"https:\/\/www.sunkaraoke.hu\/index.php\/termek\/suzy-jolly-ejjelem-se-nappalom\/","title":{"rendered":"<div class=\"wcmp-player-container product-3825\"><audio controlslist=\"nodownload\" data-product=\"3825\"  volume=\"1\"  preload=\"none\" data-lazyloading=\"none\" class=\"wcmp-player track mejs-classic\" data-duration=\"0:40\" data-estimated_duration=\"4\"><source src=\"https:\/\/www.sunkaraoke.hu\/wp-content\/uploads\/2022\/08\/Ejjelem-se-nappalom-vocal_demo.mp3\" type=\"audio\/mp3\" \/><\/audio><\/div>Suzy &#038; Jolly &#8211; \u00c9jjelem se nappalom (Original)"},"content":{"rendered":"<p><strong>04:22<\/strong> | <strong><img loading=\"lazy\" decoding=\"async\" class=\"alignnone size-full wp-image-466\" src=\"https:\/\/www.sunkaraoke.hu\/wp-content\/uploads\/2022\/07\/choir_1-copy.webp\" alt=\"\" width=\"30\" height=\"30\" \/> <\/strong><\/p>\n","protected":false},"excerpt":{"rendered":"<h6>Bits\u0171r\u0171s\u00e9g: 320 kb\/s<br \/>\nHossz: 04:22<br \/>\nVok\u00e1lt tartalmaz: Igen <img loading=\"lazy\" decoding=\"async\" class=\"alignnone size-full wp-image-466\" src=\"http:\/\/www.sunkaraoke.hu\/wp-content\/uploads\/2022\/07\/choir_1-copy.png\" alt=\"\" width=\"30\" height=\"30\" \/><strong style=\"font-size: 16px;\"><br \/>\n<\/strong><\/h6>\n<p>Sunkaraoke mp3 st\u00fadi\u00f3 \/ www.sunkaraoke.hu \/ Inf: Tel: 06 20 4275001<\/p>\n<p>&#8212;Intr\u00f3&#8212;<br \/>\nMerre j\u00e1r a boldogs\u00e1g, elhervadt m\u00e1r sok vir\u00e1g,<br \/>\nnem s\u00fct r\u00e1m a napsug\u00e1r, \u00e9s mag\u00e1nyos az \u00e9jszak\u00e1m.<br \/>\nCsak keresem a sz\u00edvedet, most vajon merre hol lehet,<br \/>\nistenem add vissza \u0151t nekem, t\u0151le sz\u00e9p az \u00e9letem.<br \/>\nRem\u00e9nytelen minden nap, ha nem l\u00e1tom az arcodat,<br \/>\nmag\u00e1nyos az \u00e9jszak\u00e1m, mert nem tal\u00e1lok \u00fajra r\u00e1d.<br \/>\nCsak keresem a sz\u00edvedet, most vajon merre hol lehet,<br \/>\nistenem add vissza \u0151t nekem, hadd legyen sz\u00e9p az \u00e9letem.<\/p>\n<p>\u00c9jjelem se nappalom, hol j\u00e1r a csillagom,<br \/>\nkeresem minden \u00e1ldott hajnalon.<br \/>\nSzeretlek, szeretlek, b\u00e1nat van sz\u00edvemben,<br \/>\nm\u00e9g mindig r\u00f3lad \u00e1lmodom.<br \/>\n\u00c9jjelem se nappalom, hol j\u00e1r a csillagom,<br \/>\nkeresem minden \u0151r\u00fclt hajnalon.<br \/>\nSzeretlek, szeretlek, b\u00e1nat van sz\u00edvemben,<br \/>\nm\u00e9g mindig r\u00f3lad \u00e1lmodom.<br \/>\nH\u00e1j, n\u00e1, n\u00e1, n\u00e1, n\u00e1, n\u00e1,&#8230;&#8230;<br \/>\nMerre j\u00e1r a boldogs\u00e1g, elhervadt m\u00e1r sok vir\u00e1g,<br \/>\nnem s\u00fct r\u00e1m a napsug\u00e1r, \u00e9s mag\u00e1nyos az \u00e9jszak\u00e1m.<br \/>\nCsak keresem a sz\u00edvedet, most vajon merre hol lehet,<br \/>\nistenem add vissza \u0151t nekem, t\u0151le sz\u00e9p az \u00e9letem.<br \/>\nRem\u00e9nytelen minden nap, ha nem l\u00e1tom az arcodat,<br \/>\nmag\u00e1nyos az \u00e9jszak\u00e1m, mert nem tal\u00e1lok \u00fajra r\u00e1d.<br \/>\nCsak keresem a sz\u00edvedet, most vajon merre hol lehet,<br \/>\nistenem add vissza \u0151t nekem, hadd legyen sz\u00e9p az \u00e9letem.<\/p>\n<p>\u00c9jjelem se nappalom, hol j\u00e1r a csillagom,<br \/>\nkeresem minden \u00e1ldott hajnalon.<br \/>\nSzeretlek, szeretlek, b\u00e1nat van sz\u00edvemben,<br \/>\nm\u00e9g mindig r\u00f3lad \u00e1lmodom.<br \/>\n\u00c9jjelem se nappalom, hol j\u00e1r a csillagom,<br \/>\nkeresem minden \u0151r\u00fclt hajnalon.<br \/>\nSzeretlek, szeretlek, b\u00e1nat van sz\u00edvemben,<br \/>\nm\u00e9g mindig r\u00f3lad \u00e1lmodom.<br \/>\n\u00c9jjelem se nappalom, hol j\u00e1r a csillagom,<br \/>\nkeresem minden \u00e1ldott hajnalon.<br \/>\nSzeretlek, szeretlek, b\u00e1nat van sz\u00edvemben,<br \/>\nm\u00e9g mindig r\u00f3lad \u00e1lmodom.<br \/>\n\u00c9jjelem se nappalom, hol j\u00e1r a csillagom,<br \/>\nkeresem minden \u0151r\u00fclt hajnalon.<br \/>\nSzeretlek, szeretlek, b\u00e1nat van sz\u00edvemben,<br \/>\nm\u00e9g mindig r\u00f3lad \u00e1lmodom.<br \/>\nH\u00e1j, n\u00e1, n\u00e1, n\u00e1, n\u00e1, n\u00e1,&#8230;&#8230;<br \/>\n&#8212;V\u00e9ge&#8212;<br \/>\nSunkaraoke mp3 st\u00fadi\u00f3<\/p>\n","protected":false},"featured_media":9007,"template":"","meta":{"site-sidebar-layout":"default","site-content-layout":"default","ast-site-content-layout":"default","site-content-style":"default","site-sidebar-style":"default","ast-global-header-display":"","ast-banner-title-visibility":"","ast-main-header-display":"","ast-hfb-above-header-display":"","ast-hfb-below-header-display":"","ast-hfb-mobile-header-display":"","site-post-title":"","ast-breadcrumbs-content":"","ast-featured-img":"","footer-sml-layout":"","theme-transparent-header-meta":"default","adv-header-id-meta":"","stick-header-meta":"","header-above-stick-meta":"","header-main-stick-meta":"","header-below-stick-meta":"","astra-migrate-meta-layouts":"set","ast-page-background-enabled":"default","ast-page-background-meta":{"desktop":{"background-color":"var(--ast-global-color-4)","background-image":"","background-repeat":"repeat","background-position":"center center","background-size":"auto","background-attachment":"scroll","background-type":"","background-media":"","overlay-type":"","overlay-color":"","overlay-opacity":"","overlay-gradient":""},"tablet":{"background-color":"","background-image":"","background-repeat":"repeat","background-position":"center center","background-size":"auto","background-attachment":"scroll","background-type":"","background-media":"","overlay-type":"","overlay-color":"","overlay-opacity":"","overlay-gradient":""},"mobile":{"background-color":"","background-image":"","background-repeat":"repeat","background-position":"center center","background-size":"auto","background-attachment":"scroll","background-type":"","background-media":"","overlay-type":"","overlay-color":"","overlay-opacity":"","overlay-gradient":""}},"ast-content-background-meta":{"desktop":{"background-color":"var(--ast-global-color-5)","background-image":"","background-repeat":"repeat","background-position":"center center","background-size":"auto","background-attachment":"scroll","background-type":"","background-media":"","overlay-type":"","overlay-color":"","overlay-opacity":"","overlay-gradient":""},"tablet":{"background-color":"var(--ast-global-color-5)","background-image":"","background-repeat":"repeat","background-position":"center center","background-size":"auto","background-attachment":"scroll","background-type":"","background-media":"","overlay-type":"","overlay-color":"","overlay-opacity":"","overlay-gradient":""},"mobile":{"background-color":"var(--ast-global-color-5)","background-image":"","background-repeat":"repeat","background-position":"center center","background-size":"auto","background-attachment":"scroll","background-type":"","background-media":"","overlay-type":"","overlay-color":"","overlay-opacity":"","overlay-gradient":""}}},"product_cat":[48],"product_tag":[],"class_list":["post-3825","product","type-product","status-publish","has-post-thumbnail","hentry","product_cat-sunkaraoke-dalok","desktop-align-left","tablet-align-left","mobile-align-left"],"_links":{"self":[{"href":"https:\/\/www.sunkaraoke.hu\/index.php\/wp-json\/wp\/v2\/product\/3825","targetHints":{"allow":["GET"]}}],"collection":[{"href":"https:\/\/www.sunkaraoke.hu\/index.php\/wp-json\/wp\/v2\/product"}],"about":[{"href":"https:\/\/www.sunkaraoke.hu\/index.php\/wp-json\/wp\/v2\/types\/product"}],"wp:featuredmedia":[{"embeddable":true,"href":"https:\/\/www.sunkaraoke.hu\/index.php\/wp-json\/wp\/v2\/media\/9007"}],"wp:attachment":[{"href":"https:\/\/www.sunkaraoke.hu\/index.php\/wp-json\/wp\/v2\/media?parent=3825"}],"wp:term":[{"taxonomy":"product_cat","embeddable":true,"href":"https:\/\/www.sunkaraoke.hu\/index.php\/wp-json\/wp\/v2\/product_cat?post=3825"},{"taxonomy":"product_tag","embeddable":true,"href":"https:\/\/www.sunkaraoke.hu\/index.php\/wp-json\/wp\/v2\/product_tag?post=3825"}],"curies":[{"name":"wp","href":"https:\/\/api.w.org\/{rel}","templated":true}]}}