{"id":3824,"date":"2022-08-08T20:46:47","date_gmt":"2022-08-08T20:46:47","guid":{"rendered":"https:\/\/www.sunkaraoke.hu\/index.php\/termek\/suzy\/"},"modified":"2025-03-27T12:36:49","modified_gmt":"2025-03-27T12:36:49","slug":"suzy","status":"publish","type":"product","link":"https:\/\/www.sunkaraoke.hu\/index.php\/termek\/suzy\/","title":{"rendered":"<div class=\"wcmp-player-container product-3824\"><audio controlslist=\"nodownload\" data-product=\"3824\"  volume=\"1\"  preload=\"none\" data-lazyloading=\"none\" class=\"wcmp-player track mejs-classic\" data-duration=\"0:33\" data-estimated_duration=\"4\"><source src=\"https:\/\/www.sunkaraoke.hu\/wp-content\/uploads\/2022\/08\/Virageso-vocal_demoa.mp3\" type=\"audio\/mp3\" \/><\/audio><\/div>Suzy &#038; Jolly &#8211; Vir\u00e1ges\u0151 (Original)"},"content":{"rendered":"<p><strong>04:25<\/strong> | <strong><img loading=\"lazy\" decoding=\"async\" class=\"alignnone size-full wp-image-466\" src=\"https:\/\/www.sunkaraoke.hu\/wp-content\/uploads\/2022\/07\/choir_1-copy.webp\" alt=\"\" width=\"30\" height=\"30\" \/> <\/strong><\/p>\n","protected":false},"excerpt":{"rendered":"<h6>Bits\u0171r\u0171s\u00e9g: 320 kb\/s<br \/>\nHossz: 04:25<br \/>\nVok\u00e1lt tartalmaz: Igen <img loading=\"lazy\" decoding=\"async\" class=\"alignnone size-full wp-image-466\" src=\"http:\/\/www.sunkaraoke.hu\/wp-content\/uploads\/2022\/07\/choir_1-copy.png\" alt=\"\" width=\"30\" height=\"30\" \/><strong style=\"font-size: 16px;\"><br \/>\n<\/strong><\/h6>\n<p>Sunkaraoke mp3 st\u00fadi\u00f3 \/ www.sunkaraoke.hu \/ Inf: Tel: 06 20 4275001<\/p>\n<p>&#8212;Intr\u00f3&#8212;<br \/>\nS\u00e1, lo, l\u00e1j, l\u00e1j\u2026\u2026\u2026..<br \/>\n\u00dagy szeretn\u00e9k k\u00e9t szemedbe n\u00e9zni,<br \/>\nhogy szeretlek \u00fajra elmondani.<br \/>\n\u00c1t\u00f6lelni minden \u00e9jszak\u00e1n,<br \/>\na b\u0171neidet megbocs\u00e1jtan\u00e1m.<br \/>\nDe szeretn\u00e9k boldogs\u00e1gban \u00e9lni,<br \/>\nhogy szeretn\u00e9k \u00fajra veled lenni.<br \/>\nNeked adn\u00e1m \u00e9n az \u00e9letemet,<br \/>\nha m\u00e9g egyszer eny\u00e9m lenne sz\u00edved.<\/p>\n<p>Vir\u00e1ges\u0151 hulljon r\u00e1 a h\u00e1zadra,<br \/>\ntal\u00e1ljon meg szerelmemnek illata.<br \/>\nLegy\u00e9l boldog, nagyon boldog \u00e9nvelem,<br \/>\negy a sz\u00edvem oda adom \u00e9n neked.<\/p>\n<p>Vir\u00e1ges\u0151 hulljon r\u00e1 a h\u00e1zadra,<br \/>\ntal\u00e1ljon meg szerelmemnek illata.<br \/>\nLegy\u00e9l boldog, nagyon boldog \u00e9nvelem,<br \/>\negy a sz\u00edvem, oda adom \u00e9n neked.<br \/>\n&#8212;Sz\u00f3l\u00f3&#8212;<br \/>\n\u00dagy szeretn\u00e9k k\u00e9t szemedbe n\u00e9zni,<br \/>\nhogy szeretlek \u00fajra elmondani.<br \/>\n\u00c1t\u00f6lelni minden \u00e9jszak\u00e1n,<br \/>\na b\u0171neidet megbocs\u00e1jtan\u00e1m.<br \/>\nDe szeretn\u00e9k boldogs\u00e1gban \u00e9lni,<br \/>\nhogy szeretn\u00e9k \u00fajra veled lenni.<br \/>\nNeked adn\u00e1m \u00e9n az \u00e9letemet,<br \/>\nha m\u00e9g egyszer eny\u00e9m lenne sz\u00edved.<br \/>\nVir\u00e1ges\u0151 hulljon r\u00e1 a h\u00e1zadra,<br \/>\ntal\u00e1ljon meg szerelmemnek illata.<br \/>\nLegy\u00e9l boldog, nagyon boldog \u00e9nvelem,<br \/>\negy a sz\u00edvem oda adom \u00e9n neked.<\/p>\n<p>Vir\u00e1ges\u0151 hulljon r\u00e1 a h\u00e1zadra,<br \/>\ntal\u00e1ljon meg szerelmemnek illata.<br \/>\nLegy\u00e9l boldog, nagyon boldog \u00e9nvelem,<br \/>\negy a sz\u00edvem, oda adom \u00e9n neked.<br \/>\n&#8212;V\u00e9ge&#8212;<\/p>\n<p>Sunkaraoke mp3 st\u00fadi\u00f3<\/p>\n","protected":false},"featured_media":9007,"template":"","meta":{"site-sidebar-layout":"default","site-content-layout":"default","ast-site-content-layout":"default","site-content-style":"default","site-sidebar-style":"default","ast-global-header-display":"","ast-banner-title-visibility":"","ast-main-header-display":"","ast-hfb-above-header-display":"","ast-hfb-below-header-display":"","ast-hfb-mobile-header-display":"","site-post-title":"","ast-breadcrumbs-content":"","ast-featured-img":"","footer-sml-layout":"","theme-transparent-header-meta":"default","adv-header-id-meta":"","stick-header-meta":"","header-above-stick-meta":"","header-main-stick-meta":"","header-below-stick-meta":"","astra-migrate-meta-layouts":"set","ast-page-background-enabled":"default","ast-page-background-meta":{"desktop":{"background-color":"var(--ast-global-color-4)","background-image":"","background-repeat":"repeat","background-position":"center center","background-size":"auto","background-attachment":"scroll","background-type":"","background-media":"","overlay-type":"","overlay-color":"","overlay-opacity":"","overlay-gradient":""},"tablet":{"background-color":"","background-image":"","background-repeat":"repeat","background-position":"center center","background-size":"auto","background-attachment":"scroll","background-type":"","background-media":"","overlay-type":"","overlay-color":"","overlay-opacity":"","overlay-gradient":""},"mobile":{"background-color":"","background-image":"","background-repeat":"repeat","background-position":"center center","background-size":"auto","background-attachment":"scroll","background-type":"","background-media":"","overlay-type":"","overlay-color":"","overlay-opacity":"","overlay-gradient":""}},"ast-content-background-meta":{"desktop":{"background-color":"var(--ast-global-color-5)","background-image":"","background-repeat":"repeat","background-position":"center center","background-size":"auto","background-attachment":"scroll","background-type":"","background-media":"","overlay-type":"","overlay-color":"","overlay-opacity":"","overlay-gradient":""},"tablet":{"background-color":"var(--ast-global-color-5)","background-image":"","background-repeat":"repeat","background-position":"center center","background-size":"auto","background-attachment":"scroll","background-type":"","background-media":"","overlay-type":"","overlay-color":"","overlay-opacity":"","overlay-gradient":""},"mobile":{"background-color":"var(--ast-global-color-5)","background-image":"","background-repeat":"repeat","background-position":"center center","background-size":"auto","background-attachment":"scroll","background-type":"","background-media":"","overlay-type":"","overlay-color":"","overlay-opacity":"","overlay-gradient":""}}},"product_cat":[48],"product_tag":[],"class_list":["post-3824","product","type-product","status-publish","has-post-thumbnail","hentry","product_cat-sunkaraoke-dalok","desktop-align-left","tablet-align-left","mobile-align-left"],"_links":{"self":[{"href":"https:\/\/www.sunkaraoke.hu\/index.php\/wp-json\/wp\/v2\/product\/3824","targetHints":{"allow":["GET"]}}],"collection":[{"href":"https:\/\/www.sunkaraoke.hu\/index.php\/wp-json\/wp\/v2\/product"}],"about":[{"href":"https:\/\/www.sunkaraoke.hu\/index.php\/wp-json\/wp\/v2\/types\/product"}],"wp:featuredmedia":[{"embeddable":true,"href":"https:\/\/www.sunkaraoke.hu\/index.php\/wp-json\/wp\/v2\/media\/9007"}],"wp:attachment":[{"href":"https:\/\/www.sunkaraoke.hu\/index.php\/wp-json\/wp\/v2\/media?parent=3824"}],"wp:term":[{"taxonomy":"product_cat","embeddable":true,"href":"https:\/\/www.sunkaraoke.hu\/index.php\/wp-json\/wp\/v2\/product_cat?post=3824"},{"taxonomy":"product_tag","embeddable":true,"href":"https:\/\/www.sunkaraoke.hu\/index.php\/wp-json\/wp\/v2\/product_tag?post=3824"}],"curies":[{"name":"wp","href":"https:\/\/api.w.org\/{rel}","templated":true}]}}