{"id":3823,"date":"2022-08-08T20:46:47","date_gmt":"2022-08-08T20:46:47","guid":{"rendered":"https:\/\/www.sunkaraoke.hu\/index.php\/termek\/kaszas-peter-rossz-vonatra-szaltam\/"},"modified":"2025-04-09T08:42:47","modified_gmt":"2025-04-09T08:42:47","slug":"kaszas-peter-rossz-vonatra-szaltam","status":"publish","type":"product","link":"https:\/\/www.sunkaraoke.hu\/index.php\/termek\/kaszas-peter-rossz-vonatra-szaltam\/","title":{"rendered":"<div class=\"wcmp-player-container product-3823\"><audio controlslist=\"nodownload\" data-product=\"3823\"  volume=\"1\"  preload=\"none\" data-lazyloading=\"none\" class=\"wcmp-player track mejs-classic\" data-duration=\"0:31\" data-estimated_duration=\"4\"><source src=\"https:\/\/www.sunkaraoke.hu\/wp-content\/uploads\/2022\/08\/Rossz-vonatra-szalltam-SB-kdemoo.mp3\" type=\"audio\/mp3\" \/><\/audio><\/div>Kasz\u00e1s P\u00e9ter &#8211; Rossz vonatra sz\u00e1lltam (Original)"},"content":{"rendered":"<p><strong>02:56<\/strong> | <strong><img loading=\"lazy\" decoding=\"async\" class=\"alignnone size-full wp-image-467\" src=\"https:\/\/www.sunkaraoke.hu\/wp-content\/uploads\/2022\/07\/choir_2-copy.webp\" alt=\"\" width=\"30\" height=\"30\" \/> <\/strong><\/p>\n","protected":false},"excerpt":{"rendered":"<h6><strong>Bits\u0171r\u0171s\u00e9g: 320<\/strong>kb\/s<strong><br \/>\n<\/strong><strong>Hossz: <\/strong>02:56<strong><br \/>\n<\/strong><strong style=\"font-size: 16px;\">Vok\u00e1lt tartalmaz: <\/strong>Nem <img loading=\"lazy\" decoding=\"async\" class=\"alignnone size-full wp-image-467\" src=\"http:\/\/www.sunkaraoke.hu\/wp-content\/uploads\/2022\/07\/choir_2-copy.png\" alt=\"\" width=\"30\" height=\"30\" \/><strong style=\"font-size: 16px;\"><br \/>\n<\/strong><\/h6>\n<p>Sunkaraoke mp3 st\u00fadi\u00f3 \/ www.sunkaraoke.hu \/ Inf: Tel: 06 20 4275001<\/p>\n<p>&#8212;Intr\u00f3&#8212;<br \/>\n\u00c9n rossz vonatra sz\u00e1lltam,<br \/>\nahol nincs m\u00e1r vissza \u00fat.<br \/>\nRossz vonatra v\u00e1rtam,<br \/>\nhov\u00e1 \u00e9s merre fut?<\/p>\n<p>Mennyi \u00e1llom\u00e1son \u00e1lmot sz\u0151ttem,<br \/>\nde nem v\u00e1rt m\u00e9g, r\u00e1m senki sem.<br \/>\nMennyi piros l\u00e1mpa \u00e1ll m\u00f6g\u00f6ttem,<br \/>\nhogy visszat\u00e9rek nem hiszem.<\/p>\n<p>\u00c9n rossz vonatra sz\u00e1lltam,<br \/>\nahol nincs m\u00e1r vissza \u00fat.<br \/>\nRossz vonatra v\u00e1rtam,<br \/>\na v\u00e9gtelenbe fut.<\/p>\n<p>Mennyi \u00e1llom\u00e1son \u00e1lmot sz\u0151ttem,<br \/>\nde nem v\u00e1rt m\u00e9g r\u00e1m senki sem.<br \/>\nM\u00e1r nem tudom, hogy merr\u0151l j\u00f6ttem,<br \/>\n\u00e9s majd hov\u00e1 \u00e9rkezem.<\/p>\n<p>\u00c9n rossz vonatra sz\u00e1lltam,<br \/>\nde m\u00e1r mindegy \u00e9nnekem.<br \/>\nHogy rossz vonatra v\u00e1rtam,<br \/>\nm\u00e1r nem eml\u00e9kezem.<\/p>\n<p>Mennyi \u00e1llom\u00e1son \u00e1lmot sz\u0151ttem,<br \/>\nde nem v\u00e1rt m\u00e9g r\u00e1m senki sem.<br \/>\nM\u00e1r nem tudom, hogy merr\u0151l j\u00f6ttem,<br \/>\n\u00e9s majd hov\u00e1 \u00e9rkezem.<br \/>\nMindegy nekem.<br \/>\n&#8212;V\u00e9ge&#8212;<\/p>\n<p>Sunkaraoke mp3 st\u00fadi\u00f3<\/p>\n","protected":false},"featured_media":18094,"template":"","meta":{"site-sidebar-layout":"default","site-content-layout":"default","ast-site-content-layout":"default","site-content-style":"default","site-sidebar-style":"default","ast-global-header-display":"","ast-banner-title-visibility":"","ast-main-header-display":"","ast-hfb-above-header-display":"","ast-hfb-below-header-display":"","ast-hfb-mobile-header-display":"","site-post-title":"","ast-breadcrumbs-content":"","ast-featured-img":"","footer-sml-layout":"","theme-transparent-header-meta":"default","adv-header-id-meta":"","stick-header-meta":"","header-above-stick-meta":"","header-main-stick-meta":"","header-below-stick-meta":"","astra-migrate-meta-layouts":"set","ast-page-background-enabled":"default","ast-page-background-meta":{"desktop":{"background-color":"var(--ast-global-color-4)","background-image":"","background-repeat":"repeat","background-position":"center center","background-size":"auto","background-attachment":"scroll","background-type":"","background-media":"","overlay-type":"","overlay-color":"","overlay-opacity":"","overlay-gradient":""},"tablet":{"background-color":"","background-image":"","background-repeat":"repeat","background-position":"center center","background-size":"auto","background-attachment":"scroll","background-type":"","background-media":"","overlay-type":"","overlay-color":"","overlay-opacity":"","overlay-gradient":""},"mobile":{"background-color":"","background-image":"","background-repeat":"repeat","background-position":"center center","background-size":"auto","background-attachment":"scroll","background-type":"","background-media":"","overlay-type":"","overlay-color":"","overlay-opacity":"","overlay-gradient":""}},"ast-content-background-meta":{"desktop":{"background-color":"var(--ast-global-color-5)","background-image":"","background-repeat":"repeat","background-position":"center center","background-size":"auto","background-attachment":"scroll","background-type":"","background-media":"","overlay-type":"","overlay-color":"","overlay-opacity":"","overlay-gradient":""},"tablet":{"background-color":"var(--ast-global-color-5)","background-image":"","background-repeat":"repeat","background-position":"center center","background-size":"auto","background-attachment":"scroll","background-type":"","background-media":"","overlay-type":"","overlay-color":"","overlay-opacity":"","overlay-gradient":""},"mobile":{"background-color":"var(--ast-global-color-5)","background-image":"","background-repeat":"repeat","background-position":"center center","background-size":"auto","background-attachment":"scroll","background-type":"","background-media":"","overlay-type":"","overlay-color":"","overlay-opacity":"","overlay-gradient":""}}},"product_cat":[48],"product_tag":[],"class_list":["post-3823","product","type-product","status-publish","has-post-thumbnail","hentry","product_cat-sunkaraoke-dalok","desktop-align-left","tablet-align-left","mobile-align-left"],"_links":{"self":[{"href":"https:\/\/www.sunkaraoke.hu\/index.php\/wp-json\/wp\/v2\/product\/3823","targetHints":{"allow":["GET"]}}],"collection":[{"href":"https:\/\/www.sunkaraoke.hu\/index.php\/wp-json\/wp\/v2\/product"}],"about":[{"href":"https:\/\/www.sunkaraoke.hu\/index.php\/wp-json\/wp\/v2\/types\/product"}],"wp:featuredmedia":[{"embeddable":true,"href":"https:\/\/www.sunkaraoke.hu\/index.php\/wp-json\/wp\/v2\/media\/18094"}],"wp:attachment":[{"href":"https:\/\/www.sunkaraoke.hu\/index.php\/wp-json\/wp\/v2\/media?parent=3823"}],"wp:term":[{"taxonomy":"product_cat","embeddable":true,"href":"https:\/\/www.sunkaraoke.hu\/index.php\/wp-json\/wp\/v2\/product_cat?post=3823"},{"taxonomy":"product_tag","embeddable":true,"href":"https:\/\/www.sunkaraoke.hu\/index.php\/wp-json\/wp\/v2\/product_tag?post=3823"}],"curies":[{"name":"wp","href":"https:\/\/api.w.org\/{rel}","templated":true}]}}