{"id":3817,"date":"2022-08-08T20:46:46","date_gmt":"2022-08-08T20:46:46","guid":{"rendered":"https:\/\/www.sunkaraoke.hu\/index.php\/termek\/videki-mulato-magyar-vagyok-2012\/"},"modified":"2025-04-09T05:53:11","modified_gmt":"2025-04-09T05:53:11","slug":"videki-mulato-magyar-vagyok-2012","status":"publish","type":"product","link":"https:\/\/www.sunkaraoke.hu\/index.php\/termek\/videki-mulato-magyar-vagyok-2012\/","title":{"rendered":"<div class=\"wcmp-player-container product-3817\"><audio controlslist=\"nodownload\" data-product=\"3817\"  volume=\"1\"  preload=\"none\" data-lazyloading=\"none\" class=\"wcmp-player track mejs-classic\" data-duration=\"0:32\" data-estimated_duration=\"4\"><source src=\"https:\/\/www.sunkaraoke.hu\/wp-content\/uploads\/2022\/08\/Magyar-vagyok-VM-demooo.mp3\" type=\"audio\/mp3\" \/><\/audio><\/div>Vid\u00e9ki mulat\u00f3 &#8211; Magyar vagyok (Original)"},"content":{"rendered":"<p><strong>03:21<\/strong> | <strong><img loading=\"lazy\" decoding=\"async\" class=\"alignnone size-full wp-image-467\" src=\"https:\/\/www.sunkaraoke.hu\/wp-content\/uploads\/2022\/07\/choir_2-copy.webp\" alt=\"\" width=\"30\" height=\"30\" \/> <\/strong><\/p>\n","protected":false},"excerpt":{"rendered":"<h6><strong>Bits\u0171r\u0171s\u00e9g: 320<\/strong>kb\/s<strong><br \/>\n<\/strong><strong>Hossz: <\/strong>03:21<strong><br \/>\n<\/strong><strong style=\"font-size: 16px;\">Vok\u00e1lt tartalmaz: <\/strong>Nem <img loading=\"lazy\" decoding=\"async\" class=\"alignnone size-full wp-image-467\" src=\"http:\/\/www.sunkaraoke.hu\/wp-content\/uploads\/2022\/07\/choir_2-copy.png\" alt=\"\" width=\"30\" height=\"30\" \/><strong style=\"font-size: 16px;\"><br \/>\n<\/strong><\/h6>\n<p>Sunkaraoke mp3 st\u00fadi\u00f3 \/ www.sunkaraoke.hu \/ Inf: Tel: 06 20 4275001<\/p>\n<p>&#8212;Intr\u00f3&#8212;<br \/>\nT\u0151lem el venni a boldogs\u00e1got nagyon neh\u00e9z,<br \/>\nszeretem a j\u00f3 bort meg a vid\u00e1m zen\u00e9t.<br \/>\nN\u00e9ha s\u00edrok n\u00e9ha vigadok, h\u00e1t istenem \u00e9n Magyar vagyok.<br \/>\nN\u00e9ha s\u00edrok n\u00e9ha vigadok, h\u00e1t istenem \u00e9n Magyar vagyok.<br \/>\nAmikor meg sz\u00f3lal egy vid\u00e1m harmonika hang,<br \/>\nnem b\u00edrok a sz\u00edvemmel mert mulatni akar.<br \/>\nIstenem ez csodadolog olyan j\u00f3 hogy magyar vagyok.<br \/>\nIstenem ez csodadolog olyan j\u00f3 hogy magyar vagyok.<\/p>\n<p>T\u0151lem el venni a boldogs\u00e1got nagyon neh\u00e9z,<br \/>\nk\u00e9sz\u00fclj\u00f6n fel az aki a szemembe n\u00e9z.<br \/>\nN\u00e9ha s\u00edrok n\u00e9ha vigadok, h\u00e1t istenem \u00e9n Magyar vagyok.<br \/>\nN\u00e9ha s\u00edrok n\u00e9ha vigadok, h\u00e1t istenem \u00e9n Magyar vagyok.<br \/>\nAmikor meg sz\u00f3lal egy vid\u00e1m harmonika hang,<br \/>\nnem b\u00edrok a sz\u00edvemmel mert mulatni akar.<br \/>\nIstenem ez csodadolog olyan j\u00f3 hogy magyar vagyok.<br \/>\nIstenem ez csodadolog olyan j\u00f3 hogy magyar vagyok.<br \/>\n&#8212;Sz\u00f3l\u00f3&#8212;<br \/>\nNekem itt \u00e9l a csal\u00e1dom a bar\u00e1tom, itt \u00e9lnek a legszebb n\u0151k a vil\u00e1gon.<br \/>\nIstenem ez csoda dolog olyan j\u00f3 hogy magyar vagyok.<br \/>\nIstenem ez csoda dolog olyan j\u00f3 hogy magyar vagyok.<br \/>\nAmikor meg sz\u00f3lal egy vid\u00e1m harmonika hang,<br \/>\nnem b\u00edrok a sz\u00edvemmel mert mulatni akar.<br \/>\nIstenem ez csodadolog olyan j\u00f3 hogy magyar vagyok.<br \/>\nIstenem ez csodadolog olyan j\u00f3 hogy magyar vagyok.<br \/>\n&#8212;Sz\u00f3l\u00f3&#8212;<br \/>\nT\u0151lem el venni a boldogs\u00e1got nagyon neh\u00e9z,<br \/>\nszeretem a j\u00f3 bort meg a vid\u00e1m zen\u00e9t.<br \/>\nN\u00e9ha s\u00edrok n\u00e9ha vigadok, h\u00e1t istenem \u00e9n Magyar vagyok.<br \/>\nN\u00e9ha s\u00edrok n\u00e9ha vigadok, h\u00e1t istenem \u00e9n Magyar vagyok.<br \/>\nAmikor meg sz\u00f3lal egy vid\u00e1m harmonika hang,<br \/>\nnem b\u00edrok a sz\u00edvemmel mert mulatni akar.<br \/>\nIstenem ez csodadolog olyan j\u00f3 hogy magyar vagyok.<br \/>\nIstenem ez csodadolog olyan j\u00f3 hogy magyar vagyok.<br \/>\n&#8212;V\u00e9ge&#8212;<\/p>\n<p>Sunkaraoke mp3 st\u00fadi\u00f3<\/p>\n","protected":false},"featured_media":17417,"template":"","meta":{"site-sidebar-layout":"default","site-content-layout":"default","ast-site-content-layout":"default","site-content-style":"default","site-sidebar-style":"default","ast-global-header-display":"","ast-banner-title-visibility":"","ast-main-header-display":"","ast-hfb-above-header-display":"","ast-hfb-below-header-display":"","ast-hfb-mobile-header-display":"","site-post-title":"","ast-breadcrumbs-content":"","ast-featured-img":"","footer-sml-layout":"","theme-transparent-header-meta":"default","adv-header-id-meta":"","stick-header-meta":"","header-above-stick-meta":"","header-main-stick-meta":"","header-below-stick-meta":"","astra-migrate-meta-layouts":"set","ast-page-background-enabled":"default","ast-page-background-meta":{"desktop":{"background-color":"var(--ast-global-color-4)","background-image":"","background-repeat":"repeat","background-position":"center center","background-size":"auto","background-attachment":"scroll","background-type":"","background-media":"","overlay-type":"","overlay-color":"","overlay-opacity":"","overlay-gradient":""},"tablet":{"background-color":"","background-image":"","background-repeat":"repeat","background-position":"center center","background-size":"auto","background-attachment":"scroll","background-type":"","background-media":"","overlay-type":"","overlay-color":"","overlay-opacity":"","overlay-gradient":""},"mobile":{"background-color":"","background-image":"","background-repeat":"repeat","background-position":"center center","background-size":"auto","background-attachment":"scroll","background-type":"","background-media":"","overlay-type":"","overlay-color":"","overlay-opacity":"","overlay-gradient":""}},"ast-content-background-meta":{"desktop":{"background-color":"var(--ast-global-color-5)","background-image":"","background-repeat":"repeat","background-position":"center center","background-size":"auto","background-attachment":"scroll","background-type":"","background-media":"","overlay-type":"","overlay-color":"","overlay-opacity":"","overlay-gradient":""},"tablet":{"background-color":"var(--ast-global-color-5)","background-image":"","background-repeat":"repeat","background-position":"center center","background-size":"auto","background-attachment":"scroll","background-type":"","background-media":"","overlay-type":"","overlay-color":"","overlay-opacity":"","overlay-gradient":""},"mobile":{"background-color":"var(--ast-global-color-5)","background-image":"","background-repeat":"repeat","background-position":"center center","background-size":"auto","background-attachment":"scroll","background-type":"","background-media":"","overlay-type":"","overlay-color":"","overlay-opacity":"","overlay-gradient":""}}},"product_cat":[46],"product_tag":[],"class_list":["post-3817","product","type-product","status-publish","has-post-thumbnail","hentry","product_cat-eredeti-karaoke-dalok","desktop-align-left","tablet-align-left","mobile-align-left"],"_links":{"self":[{"href":"https:\/\/www.sunkaraoke.hu\/index.php\/wp-json\/wp\/v2\/product\/3817","targetHints":{"allow":["GET"]}}],"collection":[{"href":"https:\/\/www.sunkaraoke.hu\/index.php\/wp-json\/wp\/v2\/product"}],"about":[{"href":"https:\/\/www.sunkaraoke.hu\/index.php\/wp-json\/wp\/v2\/types\/product"}],"wp:featuredmedia":[{"embeddable":true,"href":"https:\/\/www.sunkaraoke.hu\/index.php\/wp-json\/wp\/v2\/media\/17417"}],"wp:attachment":[{"href":"https:\/\/www.sunkaraoke.hu\/index.php\/wp-json\/wp\/v2\/media?parent=3817"}],"wp:term":[{"taxonomy":"product_cat","embeddable":true,"href":"https:\/\/www.sunkaraoke.hu\/index.php\/wp-json\/wp\/v2\/product_cat?post=3817"},{"taxonomy":"product_tag","embeddable":true,"href":"https:\/\/www.sunkaraoke.hu\/index.php\/wp-json\/wp\/v2\/product_tag?post=3817"}],"curies":[{"name":"wp","href":"https:\/\/api.w.org\/{rel}","templated":true}]}}