{"id":3815,"date":"2022-08-08T20:46:46","date_gmt":"2022-08-08T20:46:46","guid":{"rendered":"https:\/\/www.sunkaraoke.hu\/index.php\/termek\/videki-mulato-indulo-zeneexpressz\/"},"modified":"2026-02-14T15:46:15","modified_gmt":"2026-02-14T13:46:15","slug":"videki-mulato-indulo-zeneexpressz","status":"publish","type":"product","link":"https:\/\/www.sunkaraoke.hu\/index.php\/termek\/videki-mulato-indulo-zeneexpressz\/","title":{"rendered":"<div class=\"wcmp-player-container product-3815\"><audio controlslist=\"nodownload\" data-product=\"3815\"  volume=\"1\"  preload=\"none\" data-lazyloading=\"none\" class=\"wcmp-player track mejs-classic\" data-duration=\"0:32\" data-estimated_duration=\"4\"><source src=\"https:\/\/www.sunkaraoke.hu\/wp-content\/uploads\/2022\/08\/Indulo-VM-kdemooo.mp3\" type=\"audio\/mp3\" \/><\/audio><\/div>Vid\u00e9ki mulat\u00f3 &#8211; Indul\u00f3 (Original) Zeneexpressz"},"content":{"rendered":"<p><strong>03:44<\/strong> | <strong><img loading=\"lazy\" decoding=\"async\" class=\"alignnone size-full wp-image-467\" src=\"https:\/\/www.sunkaraoke.hu\/wp-content\/uploads\/2022\/07\/choir_2-copy.webp\" alt=\"\" width=\"30\" height=\"30\" \/> <\/strong><\/p>\n","protected":false},"excerpt":{"rendered":"<h6><strong>Bits\u0171r\u0171s\u00e9g: 320<\/strong>kb\/s<strong><br \/>\n<\/strong><strong>Hossz: <\/strong>03:44<strong><br \/>\n<\/strong><strong style=\"font-size: 16px;\">Vok\u00e1lt tartalmaz: <\/strong>Nem <img loading=\"lazy\" decoding=\"async\" class=\"alignnone size-full wp-image-467\" src=\"http:\/\/www.sunkaraoke.hu\/wp-content\/uploads\/2022\/07\/choir_2-copy.png\" alt=\"\" width=\"30\" height=\"30\" \/><strong style=\"font-size: 16px;\"><br \/>\n<\/strong><\/h6>\n<p>Sunkaraoke mp3 st\u00fadi\u00f3 \/ www.sunkaraoke.hu \/ Inf: Tel: 06 20 4275001<\/p>\n<p>&#8212;Intr\u00f3&#8212;<br \/>\nElindult a zene expressz vonata,<br \/>\na zen\u00e9szek jegyet v\u00e1ltottak rajta.<br \/>\nLassan m\u00e1r be\u00e9r a vonat,<br \/>\n\u00e9s a k\u00f6z\u00f6ns\u00e9g nagyokat mulat.<br \/>\nMinden\u00fcnk a zene \u00e9let\u00fcnk a n\u00f3ta,<br \/>\na mulat\u00f3ban mindenki ezt a zen\u00e9t f\u00fajja.<br \/>\nH\u00e1t mulasson a k\u00f6z\u00f6ns\u00e9g \u00e9s induljon a t\u00e1nc,<br \/>\na j\u00f3 zen\u00e9r\u0151l gondoskodik n\u00e9ked a cig\u00e1ny.<br \/>\nFeledj\u00fck a gondjaink, most sz\u00f3ljon h\u00e1t a zene,<br \/>\na poharam m\u00e9g \u00fcres h\u00e1t t\u00f6ltsed gyorsan tele.<br \/>\nInduljon a zene meg a vigad\u00e1s,<br \/>\na vid\u00e9ki mulat\u00f3 f\u00e9nyes sz\u00ednpad\u00e1n,<br \/>\nmost mulasson a k\u00f6z\u00f6ns\u00e9g \u00e9s induljon a t\u00e1nc,<br \/>\na j\u00f3 zen\u00e9r\u0151l gondoskodik n\u00e9ked a cig\u00e1ny.<br \/>\nFeledj\u00fck a gondjaink, most sz\u00f3ljon h\u00e1t a zene,<br \/>\na poharam m\u00e9g \u00fcres h\u00e1t t\u00f6ltsed gyorsan tele.<br \/>\nInduljon a zene meg a vigad\u00e1s,<br \/>\na vid\u00e9ki mulat\u00f3 f\u00e9nyes sz\u00ednpad\u00e1n.<br \/>\nEzek a zen\u00e9szek nagyon mulatnak,<br \/>\na sz\u00ednpadr\u00f3l \u0151k nem hi\u00e1nyozhatnak,<br \/>\nelviszik a n\u00f3t\u00e1t a sz\u00edvedbe,<br \/>\nhogy mulasson a vend\u00e9gsereg m\u00e9g ma este.<br \/>\nBe\u00e9rt m\u00e1r a vonatunk, felcsend\u00fclt a n\u00f3ta,<br \/>\na vid\u00e9ki mulat\u00f3 m\u00e1r tiszta sz\u00edvb\u0151l f\u00fajja.<br \/>\nH\u00e1t mulasson a k\u00f6z\u00f6ns\u00e9g \u00e9s induljon a t\u00e1nc,<br \/>\na j\u00f3 zen\u00e9r\u0151l gondoskodik n\u00e9ked a cig\u00e1ny.<br \/>\nFeledj\u00fck a gondjaink, most sz\u00f3ljon h\u00e1t a zene,<br \/>\na poharam m\u00e9g \u00fcres, h\u00e1t t\u00f6ltsed gyorsan tele.<br \/>\nInduljon a zene meg a vigad\u00e1s,<br \/>\na vid\u00e9ki mulat\u00f3 f\u00e9nyes sz\u00ednpad\u00e1n.<br \/>\n&#8212;Sz\u00f3l\u00f3&#8212;<br \/>\nH\u00e1t mulasson a k\u00f6z\u00f6ns\u00e9g \u00e9s induljon a t\u00e1nc,<br \/>\na j\u00f3 zen\u00e9r\u0151l gondoskodik n\u00e9ked a cig\u00e1ny.<br \/>\nFeledj\u00fck a gondjaink, most sz\u00f3ljon h\u00e1t a zene,<br \/>\na poharam m\u00e9g \u00fcres, h\u00e1t t\u00f6ltsed gyorsan tele.<br \/>\nInduljon a zene meg a vigad\u00e1s,<br \/>\na vid\u00e9ki mulat\u00f3 f\u00e9nyes sz\u00ednpad\u00e1n.<br \/>\nH\u00e1t mulasson a k\u00f6z\u00f6ns\u00e9g \u00e9s induljon a t\u00e1nc,<br \/>\na j\u00f3 zen\u00e9r\u0151l gondoskodik n\u00e9ked a cig\u00e1ny.<br \/>\nFeledj\u00fck a gondjaink, most sz\u00f3ljon h\u00e1t a zene,<br \/>\na poharam m\u00e9g \u00fcres, h\u00e1t t\u00f6ltsed gyorsan tele.<br \/>\nInduljon a zene meg a vigad\u00e1s,<br \/>\na vid\u00e9ki mulat\u00f3 f\u00e9nyes sz\u00ednpad\u00e1n.<br \/>\nH\u00e1t mulasson a k\u00f6z\u00f6ns\u00e9g \u00e9s induljon a t\u00e1nc,<br \/>\na j\u00f3 zen\u00e9r\u0151l gondoskodik n\u00e9ked a cig\u00e1ny.<br \/>\nFeledj\u00fck a gondjaink, most sz\u00f3ljon h\u00e1t a zene,<br \/>\na poharam m\u00e9g \u00fcres, h\u00e1t t\u00f6ltsed gyorsan tele.<br \/>\nInduljon a zene meg a vigad\u00e1s,<br \/>\na vid\u00e9ki mulat\u00f3 f\u00e9nyes sz\u00ednpad\u00e1n.<br \/>\nH\u00e1t mulasson a k\u00f6z\u00f6ns\u00e9g \u00e9s induljon a t\u00e1nc,<br \/>\na j\u00f3 zen\u00e9r\u0151l gondoskodik n\u00e9ked a cig\u00e1ny.<br \/>\nFeledj\u00fck a gondjaink, most sz\u00f3ljon h\u00e1t a zene,<br \/>\na poharam m\u00e9g \u00fcres, h\u00e1t t\u00f6ltsed gyorsan tele.<br \/>\nInduljon a zene meg a vigad\u00e1s,<br \/>\na vid\u00e9ki mulat\u00f3 f\u00e9nyes sz\u00ednpad\u00e1n.<br \/>\n&#8212;V\u00e9ge&#8212;<\/p>\n","protected":false},"featured_media":17417,"template":"","meta":{"site-sidebar-layout":"default","site-content-layout":"default","ast-site-content-layout":"default","site-content-style":"default","site-sidebar-style":"default","ast-global-header-display":"","ast-banner-title-visibility":"","ast-main-header-display":"","ast-hfb-above-header-display":"","ast-hfb-below-header-display":"","ast-hfb-mobile-header-display":"","site-post-title":"","ast-breadcrumbs-content":"","ast-featured-img":"","footer-sml-layout":"","theme-transparent-header-meta":"default","adv-header-id-meta":"","stick-header-meta":"","header-above-stick-meta":"","header-main-stick-meta":"","header-below-stick-meta":"","astra-migrate-meta-layouts":"set","ast-page-background-enabled":"default","ast-page-background-meta":{"desktop":{"background-color":"var(--ast-global-color-4)","background-image":"","background-repeat":"repeat","background-position":"center center","background-size":"auto","background-attachment":"scroll","background-type":"","background-media":"","overlay-type":"","overlay-color":"","overlay-opacity":"","overlay-gradient":""},"tablet":{"background-color":"","background-image":"","background-repeat":"repeat","background-position":"center center","background-size":"auto","background-attachment":"scroll","background-type":"","background-media":"","overlay-type":"","overlay-color":"","overlay-opacity":"","overlay-gradient":""},"mobile":{"background-color":"","background-image":"","background-repeat":"repeat","background-position":"center center","background-size":"auto","background-attachment":"scroll","background-type":"","background-media":"","overlay-type":"","overlay-color":"","overlay-opacity":"","overlay-gradient":""}},"ast-content-background-meta":{"desktop":{"background-color":"var(--ast-global-color-5)","background-image":"","background-repeat":"repeat","background-position":"center center","background-size":"auto","background-attachment":"scroll","background-type":"","background-media":"","overlay-type":"","overlay-color":"","overlay-opacity":"","overlay-gradient":""},"tablet":{"background-color":"var(--ast-global-color-5)","background-image":"","background-repeat":"repeat","background-position":"center center","background-size":"auto","background-attachment":"scroll","background-type":"","background-media":"","overlay-type":"","overlay-color":"","overlay-opacity":"","overlay-gradient":""},"mobile":{"background-color":"var(--ast-global-color-5)","background-image":"","background-repeat":"repeat","background-position":"center center","background-size":"auto","background-attachment":"scroll","background-type":"","background-media":"","overlay-type":"","overlay-color":"","overlay-opacity":"","overlay-gradient":""}}},"product_cat":[46],"product_tag":[],"class_list":["post-3815","product","type-product","status-publish","has-post-thumbnail","hentry","product_cat-eredeti-karaoke-dalok","desktop-align-left","tablet-align-left","mobile-align-left"],"_links":{"self":[{"href":"https:\/\/www.sunkaraoke.hu\/index.php\/wp-json\/wp\/v2\/product\/3815","targetHints":{"allow":["GET"]}}],"collection":[{"href":"https:\/\/www.sunkaraoke.hu\/index.php\/wp-json\/wp\/v2\/product"}],"about":[{"href":"https:\/\/www.sunkaraoke.hu\/index.php\/wp-json\/wp\/v2\/types\/product"}],"wp:featuredmedia":[{"embeddable":true,"href":"https:\/\/www.sunkaraoke.hu\/index.php\/wp-json\/wp\/v2\/media\/17417"}],"wp:attachment":[{"href":"https:\/\/www.sunkaraoke.hu\/index.php\/wp-json\/wp\/v2\/media?parent=3815"}],"wp:term":[{"taxonomy":"product_cat","embeddable":true,"href":"https:\/\/www.sunkaraoke.hu\/index.php\/wp-json\/wp\/v2\/product_cat?post=3815"},{"taxonomy":"product_tag","embeddable":true,"href":"https:\/\/www.sunkaraoke.hu\/index.php\/wp-json\/wp\/v2\/product_tag?post=3815"}],"curies":[{"name":"wp","href":"https:\/\/api.w.org\/{rel}","templated":true}]}}