{"id":3814,"date":"2022-08-08T20:46:46","date_gmt":"2022-08-08T20:46:46","guid":{"rendered":"https:\/\/www.sunkaraoke.hu\/index.php\/termek\/videki-mulato-fuj-a-szel-2012\/"},"modified":"2025-04-09T05:53:11","modified_gmt":"2025-04-09T05:53:11","slug":"videki-mulato-fuj-a-szel-2012","status":"publish","type":"product","link":"https:\/\/www.sunkaraoke.hu\/index.php\/termek\/videki-mulato-fuj-a-szel-2012\/","title":{"rendered":"<div class=\"wcmp-player-container product-3814\"><audio controlslist=\"nodownload\" data-product=\"3814\"  volume=\"1\"  preload=\"none\" data-lazyloading=\"none\" class=\"wcmp-player track mejs-classic\" data-duration=\"0:32\" data-estimated_duration=\"4\"><source src=\"https:\/\/www.sunkaraoke.hu\/wp-content\/uploads\/2022\/08\/Fuj-a-szel-VM-demoo.mp3\" type=\"audio\/mp3\" \/><\/audio><\/div>Vid\u00e9ki mulat\u00f3 &#8211; F\u00faj a sz\u00e9l (Original)"},"content":{"rendered":"<p><strong>03:08<\/strong> | <strong><img loading=\"lazy\" decoding=\"async\" class=\"alignnone size-full wp-image-467\" src=\"https:\/\/www.sunkaraoke.hu\/wp-content\/uploads\/2022\/07\/choir_2-copy.webp\" alt=\"\" width=\"30\" height=\"30\" \/> <\/strong><\/p>\n","protected":false},"excerpt":{"rendered":"<h6><strong>Bits\u0171r\u0171s\u00e9g: 320<\/strong>kb\/s<strong><br \/>\n<\/strong><strong>Hossz: <\/strong>03:08<strong><br \/>\n<\/strong><strong style=\"font-size: 16px;\">Vok\u00e1lt tartalmaz: <\/strong>Nem <img loading=\"lazy\" decoding=\"async\" class=\"alignnone size-full wp-image-467\" src=\"http:\/\/www.sunkaraoke.hu\/wp-content\/uploads\/2022\/07\/choir_2-copy.png\" alt=\"\" width=\"30\" height=\"30\" \/><strong style=\"font-size: 16px;\"><br \/>\n<\/strong><\/h6>\n<p>Sunkaraoke mp3 st\u00fadi\u00f3 \/ www.sunkaraoke.hu \/ Inf: Tel: 06 20 4275001<\/p>\n<p>&#8212;Intr\u00f3&#8212;<br \/>\nA bulinak v\u00e9ge, elj\u00f6tt az \u00e9jjel,<br \/>\ns \u00e9n hittem a szavakban,<br \/>\na haverok sz\u00e9pen elt\u0171ntek r\u00e9gen,<br \/>\negyed\u00fcl maradtam!<br \/>\nCsak megyek az \u00faton hazafel\u00e9,<br \/>\ncsillagf\u00e9ny k\u00eds\u00e9r,<br \/>\nhossz\u00fa az \u00fat m\u00e9g el\u0151ttem,<br \/>\nde egyszer v\u00e9get \u00e9r.<\/p>\n<p>F\u00faj a sz\u00e9l, f\u00faj a sz\u00e9l s\u00f6t\u00e9t van,<br \/>\negyed\u00fcl ballagok,<br \/>\nf\u00faj a sz\u00e9l,f\u00faj a sz\u00e9l s\u00f6t\u00e9t van,<br \/>\ncsak r\u00e1d gondolok!<br \/>\nTal\u00e1n ha \u00fajra l\u00e1tn\u00e1m sz\u00e9p szemed,<br \/>\nha \u00fajra cs\u00f3koln\u00e1l,<br \/>\nha \u00fajra \u00f6leln\u00e9l elhinn\u00e9m,<br \/>\nhogy nem is hazudt\u00e1l.<br \/>\n&#8212;Sz\u00f3l\u00f3&#8212;<br \/>\nA bulinak v\u00e9ge, elj\u00f6tt az \u00e9jjel,<br \/>\ns \u00e9n hittem a szavakban,<br \/>\na haverok sz\u00e9pen elt\u0171ntek r\u00e9gen,<br \/>\negyed\u00fcl maradtam!<br \/>\nCsak megyek az \u00faton hazafel\u00e9,<br \/>\ncsillagf\u00e9ny k\u00eds\u00e9r,<br \/>\nhossz\u00fa az \u00fat m\u00e9g el\u0151ttem,<br \/>\nde egyszer v\u00e9get \u00e9r.<\/p>\n<p>F\u00faj a sz\u00e9l, f\u00faj a sz\u00e9l s\u00f6t\u00e9t van,<br \/>\negyed\u00fcl ballagok,<br \/>\nf\u00faj a sz\u00e9l,f\u00faj a sz\u00e9l s\u00f6t\u00e9t van,<br \/>\ncsak r\u00e1d gondolok!<br \/>\nTal\u00e1n ha \u00fajra l\u00e1tn\u00e1m sz\u00e9p szemed,<br \/>\nha \u00fajra cs\u00f3koln\u00e1l,<br \/>\nha \u00fajra \u00f6leln\u00e9l elhinn\u00e9m,<br \/>\nhogy nem is hazudt\u00e1l.<br \/>\n&#8212;Sz\u00f3l\u00f3&#8212;<br \/>\nF\u00faj a sz\u00e9l, f\u00faj a sz\u00e9l s\u00f6t\u00e9t van,<br \/>\negyed\u00fcl ballagok,<br \/>\nf\u00faj a sz\u00e9l,f\u00faj a sz\u00e9l s\u00f6t\u00e9t van,<br \/>\ncsak r\u00e1d gondolok!<br \/>\nTal\u00e1n ha \u00fajra l\u00e1tn\u00e1m sz\u00e9p szemed,<br \/>\nha \u00fajra cs\u00f3koln\u00e1l,<br \/>\nha \u00fajra \u00f6leln\u00e9l elhinn\u00e9m,<br \/>\nhogy nem is hazudt\u00e1l.<br \/>\nHogy nem is hazudt\u00e1l.<br \/>\n&#8212;V\u00e9ge&#8212;<\/p>\n","protected":false},"featured_media":17417,"template":"","meta":{"site-sidebar-layout":"default","site-content-layout":"default","ast-site-content-layout":"default","site-content-style":"default","site-sidebar-style":"default","ast-global-header-display":"","ast-banner-title-visibility":"","ast-main-header-display":"","ast-hfb-above-header-display":"","ast-hfb-below-header-display":"","ast-hfb-mobile-header-display":"","site-post-title":"","ast-breadcrumbs-content":"","ast-featured-img":"","footer-sml-layout":"","theme-transparent-header-meta":"default","adv-header-id-meta":"","stick-header-meta":"","header-above-stick-meta":"","header-main-stick-meta":"","header-below-stick-meta":"","astra-migrate-meta-layouts":"set","ast-page-background-enabled":"default","ast-page-background-meta":{"desktop":{"background-color":"var(--ast-global-color-4)","background-image":"","background-repeat":"repeat","background-position":"center center","background-size":"auto","background-attachment":"scroll","background-type":"","background-media":"","overlay-type":"","overlay-color":"","overlay-opacity":"","overlay-gradient":""},"tablet":{"background-color":"","background-image":"","background-repeat":"repeat","background-position":"center center","background-size":"auto","background-attachment":"scroll","background-type":"","background-media":"","overlay-type":"","overlay-color":"","overlay-opacity":"","overlay-gradient":""},"mobile":{"background-color":"","background-image":"","background-repeat":"repeat","background-position":"center center","background-size":"auto","background-attachment":"scroll","background-type":"","background-media":"","overlay-type":"","overlay-color":"","overlay-opacity":"","overlay-gradient":""}},"ast-content-background-meta":{"desktop":{"background-color":"var(--ast-global-color-5)","background-image":"","background-repeat":"repeat","background-position":"center center","background-size":"auto","background-attachment":"scroll","background-type":"","background-media":"","overlay-type":"","overlay-color":"","overlay-opacity":"","overlay-gradient":""},"tablet":{"background-color":"var(--ast-global-color-5)","background-image":"","background-repeat":"repeat","background-position":"center center","background-size":"auto","background-attachment":"scroll","background-type":"","background-media":"","overlay-type":"","overlay-color":"","overlay-opacity":"","overlay-gradient":""},"mobile":{"background-color":"var(--ast-global-color-5)","background-image":"","background-repeat":"repeat","background-position":"center center","background-size":"auto","background-attachment":"scroll","background-type":"","background-media":"","overlay-type":"","overlay-color":"","overlay-opacity":"","overlay-gradient":""}}},"product_cat":[46],"product_tag":[],"class_list":["post-3814","product","type-product","status-publish","has-post-thumbnail","hentry","product_cat-eredeti-karaoke-dalok","desktop-align-left","tablet-align-left","mobile-align-left"],"_links":{"self":[{"href":"https:\/\/www.sunkaraoke.hu\/index.php\/wp-json\/wp\/v2\/product\/3814","targetHints":{"allow":["GET"]}}],"collection":[{"href":"https:\/\/www.sunkaraoke.hu\/index.php\/wp-json\/wp\/v2\/product"}],"about":[{"href":"https:\/\/www.sunkaraoke.hu\/index.php\/wp-json\/wp\/v2\/types\/product"}],"wp:featuredmedia":[{"embeddable":true,"href":"https:\/\/www.sunkaraoke.hu\/index.php\/wp-json\/wp\/v2\/media\/17417"}],"wp:attachment":[{"href":"https:\/\/www.sunkaraoke.hu\/index.php\/wp-json\/wp\/v2\/media?parent=3814"}],"wp:term":[{"taxonomy":"product_cat","embeddable":true,"href":"https:\/\/www.sunkaraoke.hu\/index.php\/wp-json\/wp\/v2\/product_cat?post=3814"},{"taxonomy":"product_tag","embeddable":true,"href":"https:\/\/www.sunkaraoke.hu\/index.php\/wp-json\/wp\/v2\/product_tag?post=3814"}],"curies":[{"name":"wp","href":"https:\/\/api.w.org\/{rel}","templated":true}]}}