{"id":3812,"date":"2022-08-08T20:46:46","date_gmt":"2022-08-08T20:46:46","guid":{"rendered":"https:\/\/www.sunkaraoke.hu\/index.php\/termek\/videki-mulato-csorog-a-penz-2012\/"},"modified":"2025-04-09T05:53:11","modified_gmt":"2025-04-09T05:53:11","slug":"videki-mulato-csorog-a-penz-2012","status":"publish","type":"product","link":"https:\/\/www.sunkaraoke.hu\/index.php\/termek\/videki-mulato-csorog-a-penz-2012\/","title":{"rendered":"<div class=\"wcmp-player-container product-3812\"><audio controlslist=\"nodownload\" data-product=\"3812\"  volume=\"1\"  preload=\"none\" data-lazyloading=\"none\" class=\"wcmp-player track mejs-classic\" data-duration=\"0:32\" data-estimated_duration=\"4\"><source src=\"https:\/\/www.sunkaraoke.hu\/wp-content\/uploads\/2022\/08\/Csorog-a-penz-Vdemoo.mp3\" type=\"audio\/mp3\" \/><\/audio><\/div>Vid\u00e9ki mulat\u00f3 &#8211; Cs\u00f6r\u00f6g a p\u00e9nz (Original)"},"content":{"rendered":"<p><strong>04:04<\/strong> | <strong><img loading=\"lazy\" decoding=\"async\" class=\"alignnone size-full wp-image-467\" src=\"https:\/\/www.sunkaraoke.hu\/wp-content\/uploads\/2022\/07\/choir_2-copy.webp\" alt=\"\" width=\"30\" height=\"30\" \/> <\/strong><\/p>\n","protected":false},"excerpt":{"rendered":"<h6><strong>Bits\u0171r\u0171s\u00e9g: 320<\/strong>kb\/s<strong><br \/>\n<\/strong><strong>Hossz: <\/strong>04:04<strong><br \/>\n<\/strong><strong style=\"font-size: 16px;\">Vok\u00e1lt tartalmaz: <\/strong>Nem <img loading=\"lazy\" decoding=\"async\" class=\"alignnone size-full wp-image-467\" src=\"http:\/\/www.sunkaraoke.hu\/wp-content\/uploads\/2022\/07\/choir_2-copy.png\" alt=\"\" width=\"30\" height=\"30\" \/><strong style=\"font-size: 16px;\"><br \/>\n<\/strong><\/h6>\n<p>Sunkaraoke mp3 st\u00fadi\u00f3 \/ www.sunkaraoke.hu \/ Inf: Tel: 06 20 4275001<\/p>\n<p>&#8212;Intr\u00f3&#8212;<br \/>\nForgand\u00f3 a szerencse, az \u00e9let csupa rem\u00e9ny,<br \/>\nrajtad m\u00falik, mi leszel, gazdag, vagy szeg\u00e9ny.<br \/>\nDe a p\u00e9nz nem mindig boldog\u00edt, sokszor mondom el,<br \/>\naki kicsit nem becs\u00fcl, sokat nem \u00e9rdemel!<\/p>\n<p>Cs\u00f6r\u00f6g a p\u00e9nz cs\u00f6r\u00f6g, cs\u00f6r\u00f6g a zsebembe m\u00e1r,<br \/>\nhol az az angyal, aki ma vigy\u00e1z re\u00e1m,<br \/>\nam\u00edg a t\u00e1nc p\u00f6r\u00f6g, am\u00edg a p\u00e9nz cs\u00f6r\u00f6g,<br \/>\naz \u00e9let meg nem \u00e1ll.<br \/>\nCs\u00f6r\u00f6g a p\u00e9nz cs\u00f6r\u00f6g, cs\u00f6r\u00f6g a zsebembe m\u00e1r,<br \/>\nmulatok hajnalig, am\u00edg a baz\u00e1r bez\u00e1r,<br \/>\nam\u00edg a t\u00e1nc p\u00f6r\u00f6g, am\u00edg a p\u00e9nz cs\u00f6r\u00f6g,<br \/>\naz \u00e9let meg nem \u00e1ll.<\/p>\n<p>Sz\u00e1z sz\u00f3nak is egy a v\u00e9ge, \u00e9rezd j\u00f3l magad,<br \/>\naz \u00f6reg mindig elt\u0171nik, az apr\u00f3 megmarad.<br \/>\nDe a p\u00e9nz nem mindig boldog\u00edt, sokszor mondom el,<br \/>\naki kicsit nem becs\u00fcl, sokat nem \u00e9rdemel!<\/p>\n<p>Cs\u00f6r\u00f6g a p\u00e9nz cs\u00f6r\u00f6g, cs\u00f6r\u00f6g a zsebembe m\u00e1r,<br \/>\nhol az az angyal, aki ma vigy\u00e1z re\u00e1m,<br \/>\nam\u00edg a t\u00e1nc p\u00f6r\u00f6g, am\u00edg a p\u00e9nz cs\u00f6r\u00f6g,<br \/>\naz \u00e9let meg nem \u00e1ll.<br \/>\nCs\u00f6r\u00f6g a p\u00e9nz cs\u00f6r\u00f6g, cs\u00f6r\u00f6g a zsebembe m\u00e1r,<br \/>\nmulatok hajnalig, am\u00edg a baz\u00e1r bez\u00e1r,<br \/>\nam\u00edg a t\u00e1nc p\u00f6r\u00f6g, am\u00edg a p\u00e9nz cs\u00f6r\u00f6g,<br \/>\naz \u00e9let meg nem \u00e1ll.<br \/>\n&#8212;Sz\u00f3l\u00f3&#8212;<br \/>\nA p\u00e9nz nem mindig boldog\u00edt, sokszor mondom el,<br \/>\naki kicsit nem becs\u00fcl, sokat nem \u00e9rdemel!<br \/>\nCs\u00f6r\u00f6g a p\u00e9nz cs\u00f6r\u00f6g, cs\u00f6r\u00f6g a zsebembe m\u00e1r,<br \/>\nhol az az angyal, aki ma vigy\u00e1z re\u00e1m,<br \/>\nam\u00edg a t\u00e1nc p\u00f6r\u00f6g, am\u00edg a p\u00e9nz cs\u00f6r\u00f6g,<br \/>\naz \u00e9let meg nem \u00e1ll.<br \/>\nCs\u00f6r\u00f6g a p\u00e9nz cs\u00f6r\u00f6g, cs\u00f6r\u00f6g a zsebembe m\u00e1r,<br \/>\nmulatok hajnalig, am\u00edg a baz\u00e1r bez\u00e1r,<br \/>\nam\u00edg a t\u00e1nc p\u00f6r\u00f6g, am\u00edg a p\u00e9nz cs\u00f6r\u00f6g,<br \/>\naz \u00e9let meg nem \u00e1ll.<br \/>\nCs\u00f6r\u00f6g a p\u00e9nz cs\u00f6r\u00f6g, cs\u00f6r\u00f6g a zsebembe m\u00e1r,<br \/>\nhol az az angyal, aki ma vigy\u00e1z re\u00e1m,<br \/>\nam\u00edg a t\u00e1nc p\u00f6r\u00f6g, am\u00edg a p\u00e9nz cs\u00f6r\u00f6g,<br \/>\naz \u00e9let meg nem \u00e1ll.<br \/>\nCs\u00f6r\u00f6g a p\u00e9nz cs\u00f6r\u00f6g, cs\u00f6r\u00f6g a zsebembe m\u00e1r,<br \/>\nmulatok hajnalig, am\u00edg a baz\u00e1r bez\u00e1r,<br \/>\nam\u00edg a t\u00e1nc p\u00f6r\u00f6g, am\u00edg a p\u00e9nz cs\u00f6r\u00f6g,<br \/>\naz \u00e9let meg nem \u00e1ll.<br \/>\nCs\u00f6r\u00f6g a p\u00e9nz cs\u00f6r\u00f6g, cs\u00f6r\u00f6g a zsebembe m\u00e1r,<br \/>\nhol az az angyal, aki ma vigy\u00e1z re\u00e1m,<br \/>\nam\u00edg a t\u00e1nc p\u00f6r\u00f6g, am\u00edg a p\u00e9nz cs\u00f6r\u00f6g,<br \/>\naz \u00e9let meg nem \u00e1ll.<br \/>\nCs\u00f6r\u00f6g a p\u00e9nz cs\u00f6r\u00f6g, cs\u00f6r\u00f6g a zsebembe m\u00e1r,<br \/>\nmulatok hajnalig, am\u00edg a baz\u00e1r bez\u00e1r,<br \/>\nam\u00edg a t\u00e1nc p\u00f6r\u00f6g, am\u00edg a p\u00e9nz cs\u00f6r\u00f6g,<br \/>\naz \u00e9let meg nem \u00e1ll.<br \/>\nAz \u00e9let a rongyos \u00e9let meg nem \u00e1ll.<br \/>\n&#8212;V\u00e9ge&#8212;<\/p>\n<p>Sunkaraoke mp3 st\u00fadi\u00f3<\/p>\n","protected":false},"featured_media":17417,"template":"","meta":{"site-sidebar-layout":"default","site-content-layout":"default","ast-site-content-layout":"default","site-content-style":"default","site-sidebar-style":"default","ast-global-header-display":"","ast-banner-title-visibility":"","ast-main-header-display":"","ast-hfb-above-header-display":"","ast-hfb-below-header-display":"","ast-hfb-mobile-header-display":"","site-post-title":"","ast-breadcrumbs-content":"","ast-featured-img":"","footer-sml-layout":"","theme-transparent-header-meta":"default","adv-header-id-meta":"","stick-header-meta":"","header-above-stick-meta":"","header-main-stick-meta":"","header-below-stick-meta":"","astra-migrate-meta-layouts":"set","ast-page-background-enabled":"default","ast-page-background-meta":{"desktop":{"background-color":"var(--ast-global-color-4)","background-image":"","background-repeat":"repeat","background-position":"center center","background-size":"auto","background-attachment":"scroll","background-type":"","background-media":"","overlay-type":"","overlay-color":"","overlay-opacity":"","overlay-gradient":""},"tablet":{"background-color":"","background-image":"","background-repeat":"repeat","background-position":"center center","background-size":"auto","background-attachment":"scroll","background-type":"","background-media":"","overlay-type":"","overlay-color":"","overlay-opacity":"","overlay-gradient":""},"mobile":{"background-color":"","background-image":"","background-repeat":"repeat","background-position":"center center","background-size":"auto","background-attachment":"scroll","background-type":"","background-media":"","overlay-type":"","overlay-color":"","overlay-opacity":"","overlay-gradient":""}},"ast-content-background-meta":{"desktop":{"background-color":"var(--ast-global-color-5)","background-image":"","background-repeat":"repeat","background-position":"center center","background-size":"auto","background-attachment":"scroll","background-type":"","background-media":"","overlay-type":"","overlay-color":"","overlay-opacity":"","overlay-gradient":""},"tablet":{"background-color":"var(--ast-global-color-5)","background-image":"","background-repeat":"repeat","background-position":"center center","background-size":"auto","background-attachment":"scroll","background-type":"","background-media":"","overlay-type":"","overlay-color":"","overlay-opacity":"","overlay-gradient":""},"mobile":{"background-color":"var(--ast-global-color-5)","background-image":"","background-repeat":"repeat","background-position":"center center","background-size":"auto","background-attachment":"scroll","background-type":"","background-media":"","overlay-type":"","overlay-color":"","overlay-opacity":"","overlay-gradient":""}}},"product_cat":[46],"product_tag":[],"class_list":["post-3812","product","type-product","status-publish","has-post-thumbnail","hentry","product_cat-eredeti-karaoke-dalok","desktop-align-left","tablet-align-left","mobile-align-left"],"_links":{"self":[{"href":"https:\/\/www.sunkaraoke.hu\/index.php\/wp-json\/wp\/v2\/product\/3812","targetHints":{"allow":["GET"]}}],"collection":[{"href":"https:\/\/www.sunkaraoke.hu\/index.php\/wp-json\/wp\/v2\/product"}],"about":[{"href":"https:\/\/www.sunkaraoke.hu\/index.php\/wp-json\/wp\/v2\/types\/product"}],"wp:featuredmedia":[{"embeddable":true,"href":"https:\/\/www.sunkaraoke.hu\/index.php\/wp-json\/wp\/v2\/media\/17417"}],"wp:attachment":[{"href":"https:\/\/www.sunkaraoke.hu\/index.php\/wp-json\/wp\/v2\/media?parent=3812"}],"wp:term":[{"taxonomy":"product_cat","embeddable":true,"href":"https:\/\/www.sunkaraoke.hu\/index.php\/wp-json\/wp\/v2\/product_cat?post=3812"},{"taxonomy":"product_tag","embeddable":true,"href":"https:\/\/www.sunkaraoke.hu\/index.php\/wp-json\/wp\/v2\/product_tag?post=3812"}],"curies":[{"name":"wp","href":"https:\/\/api.w.org\/{rel}","templated":true}]}}