{"id":3811,"date":"2022-08-08T20:46:46","date_gmt":"2022-08-08T20:46:46","guid":{"rendered":"https:\/\/www.sunkaraoke.hu\/index.php\/termek\/videki-mulato-almaim-asszonya\/"},"modified":"2026-02-14T15:46:15","modified_gmt":"2026-02-14T13:46:15","slug":"videki-mulato-almaim-asszonya","status":"publish","type":"product","link":"https:\/\/www.sunkaraoke.hu\/index.php\/termek\/videki-mulato-almaim-asszonya\/","title":{"rendered":"<div class=\"wcmp-player-container product-3811\"><audio controlslist=\"nodownload\" data-product=\"3811\"  volume=\"1\"  preload=\"none\" data-lazyloading=\"none\" class=\"wcmp-player track mejs-classic\" data-duration=\"0:33\" data-estimated_duration=\"4\"><source src=\"https:\/\/www.sunkaraoke.hu\/wp-content\/uploads\/2022\/08\/Almaim-asszonya-demooo.mp3\" type=\"audio\/mp3\" \/><\/audio><\/div>Vid\u00e9ki mulat\u00f3 &#8211; \u00c1lmaim asszonya (Original)"},"content":{"rendered":"<p><strong>04:43<\/strong> | <strong><img loading=\"lazy\" decoding=\"async\" class=\"alignnone size-full wp-image-467\" src=\"https:\/\/www.sunkaraoke.hu\/wp-content\/uploads\/2022\/07\/choir_2-copy.webp\" alt=\"\" width=\"30\" height=\"30\" \/> <\/strong><\/p>\n","protected":false},"excerpt":{"rendered":"<h6><strong>Bits\u0171r\u0171s\u00e9g: 320<\/strong>kb\/s<strong><br \/>\n<\/strong><strong>Hossz: <\/strong>04:43<strong><br \/>\n<\/strong><strong style=\"font-size: 16px;\">Vok\u00e1lt tartalmaz: <\/strong>Nem <img loading=\"lazy\" decoding=\"async\" class=\"alignnone size-full wp-image-467\" src=\"http:\/\/www.sunkaraoke.hu\/wp-content\/uploads\/2022\/07\/choir_2-copy.png\" alt=\"\" width=\"30\" height=\"30\" \/><strong style=\"font-size: 16px;\"><br \/>\n<\/strong><\/h6>\n<p>Sunkaraoke mp3 st\u00fadi\u00f3 \/ www.sunkaraoke.hu \/ Inf: Tel: 06 20 4275001<\/p>\n<p>&#8212;Intr\u00f3&#8212;<br \/>\nKandall\u00f3 t\u00fcze \u00e9g \u00e9s pezsg\u0151 v\u00e1r az asztalon,<br \/>\nkint l\u00e1gyan f\u00faj a sz\u00e9l, de ez sem h\u0171s\u00edti v\u00e1gyainkat.<br \/>\nL\u00e1gyan hozz\u00e1m \u00e9rsz, cs\u00f3kod t\u00fcze \u00e9g az ajkamon,<br \/>\nmint egy istenn\u0151 \u00fagy \u00e1llsz el\u0151ttem,<br \/>\n\u00e9s k\u00edv\u00e1nsz engem oly nagyon nagyon.<\/p>\n<p>Te is v\u00e1rod az \u00e9jszak\u00e1t ahogy \u00e9n,<br \/>\nte is \u00e9rzed az \u00e9rz\u00e9st amit \u00e9n.<br \/>\nItt az id\u0151 mi\u00e9nk ez az \u00e9jszaka,<br \/>\nti\u00e9d vagyok \u00e1lmaim asszonya.<br \/>\nK\u00f6zeleg egy l\u00e1zas \u00e9jszaka, forr\u00f3 cs\u00f3kok alkonya,<br \/>\nmindketten egy v\u00e1gyt\u00f3l l\u00e1ngolunk,<br \/>\n\u00e9s mindketten csak arr\u00f3l \u00e1lmodunk.<br \/>\nHogy elfelejtj\u00fck a nagyvil\u00e1got m\u00e1r,<br \/>\n\u00e9s csak az sz\u00e1m\u00edt ami re\u00e1nk v\u00e1r.<br \/>\nHogy elfelejtj\u00fck a nagyvil\u00e1got m\u00e1r,<br \/>\n\u00e9s csak az sz\u00e1m\u00edt ami re\u00e1nk v\u00e1r.<br \/>\n\u00d3h \u00e9n mennyit v\u00e1rtam m\u00e1r m\u00edg r\u00e1d tal\u00e1lt a sz\u00edvem,<br \/>\nmost v\u00e9gre itt vagy \u00e9nvelem, nekem a csillagok mes\u00e9lnek.<br \/>\nL\u00e1gyan hozz\u00e1m \u00e9rsz, cs\u00f3kod t\u00fcze \u00e9g az ajkamon,<br \/>\nmint egy istenn\u0151 \u00fagy \u00e1llsz el\u0151ttem,<br \/>\n\u00e9s k\u00edv\u00e1nsz engem oly nagyon nagyon.<br \/>\nTe is v\u00e1rod az \u00e9jszak\u00e1t ahogy \u00e9n,<br \/>\nte is \u00e9rzed az \u00e9rz\u00e9st amit \u00e9n.<br \/>\nItt az id\u0151 mi\u00e9nk ez az \u00e9jszaka,<br \/>\nti\u00e9d vagyok \u00e1lmaim asszonya.<br \/>\nK\u00f6zeleg egy l\u00e1zas \u00e9jszaka, forr\u00f3 cs\u00f3kok alkonya,<br \/>\nmindketten egy v\u00e1gyt\u00f3l l\u00e1ngolunk,<br \/>\n\u00e9s mindketten csak arr\u00f3l \u00e1lmodunk.<br \/>\nHogy elfelejtj\u00fck a nagyvil\u00e1got m\u00e1r,<br \/>\n\u00e9s csak az sz\u00e1m\u00edt ami re\u00e1nk v\u00e1r.<br \/>\nHogy elfelejtj\u00fck a nagyvil\u00e1got m\u00e1r,<br \/>\n\u00e9s csak az sz\u00e1m\u00edt ami re\u00e1nk v\u00e1r.<br \/>\n&#8212;Sz\u00f3l\u00f3&#8212;<br \/>\nK\u00f6zeleg egy l\u00e1zas \u00e9jszaka, forr\u00f3 cs\u00f3kok alkonya,<br \/>\nmindketten egy v\u00e1gyt\u00f3l l\u00e1ngolunk,<br \/>\n\u00e9s mindketten csak arr\u00f3l \u00e1lmodunk.<br \/>\nHogy elfelejtj\u00fck a nagyvil\u00e1got m\u00e1r,<br \/>\n\u00e9s csak az sz\u00e1m\u00edt ami re\u00e1nk v\u00e1r.<br \/>\nHogy elfelejtj\u00fck a nagyvil\u00e1got m\u00e1r,<br \/>\n\u00e9s csak az sz\u00e1m\u00edt ami re\u00e1nk v\u00e1r.<br \/>\nHogy elfelejtj\u00fck a nagyvil\u00e1got m\u00e1r,<br \/>\n\u00e9s csak az sz\u00e1m\u00edt ami re\u00e1nk v\u00e1r.<br \/>\n&#8212;V\u00e9ge&#8212;<\/p>\n","protected":false},"featured_media":17417,"template":"","meta":{"site-sidebar-layout":"default","site-content-layout":"default","ast-site-content-layout":"default","site-content-style":"default","site-sidebar-style":"default","ast-global-header-display":"","ast-banner-title-visibility":"","ast-main-header-display":"","ast-hfb-above-header-display":"","ast-hfb-below-header-display":"","ast-hfb-mobile-header-display":"","site-post-title":"","ast-breadcrumbs-content":"","ast-featured-img":"","footer-sml-layout":"","theme-transparent-header-meta":"default","adv-header-id-meta":"","stick-header-meta":"","header-above-stick-meta":"","header-main-stick-meta":"","header-below-stick-meta":"","astra-migrate-meta-layouts":"set","ast-page-background-enabled":"default","ast-page-background-meta":{"desktop":{"background-color":"var(--ast-global-color-4)","background-image":"","background-repeat":"repeat","background-position":"center center","background-size":"auto","background-attachment":"scroll","background-type":"","background-media":"","overlay-type":"","overlay-color":"","overlay-opacity":"","overlay-gradient":""},"tablet":{"background-color":"","background-image":"","background-repeat":"repeat","background-position":"center center","background-size":"auto","background-attachment":"scroll","background-type":"","background-media":"","overlay-type":"","overlay-color":"","overlay-opacity":"","overlay-gradient":""},"mobile":{"background-color":"","background-image":"","background-repeat":"repeat","background-position":"center center","background-size":"auto","background-attachment":"scroll","background-type":"","background-media":"","overlay-type":"","overlay-color":"","overlay-opacity":"","overlay-gradient":""}},"ast-content-background-meta":{"desktop":{"background-color":"var(--ast-global-color-5)","background-image":"","background-repeat":"repeat","background-position":"center center","background-size":"auto","background-attachment":"scroll","background-type":"","background-media":"","overlay-type":"","overlay-color":"","overlay-opacity":"","overlay-gradient":""},"tablet":{"background-color":"var(--ast-global-color-5)","background-image":"","background-repeat":"repeat","background-position":"center center","background-size":"auto","background-attachment":"scroll","background-type":"","background-media":"","overlay-type":"","overlay-color":"","overlay-opacity":"","overlay-gradient":""},"mobile":{"background-color":"var(--ast-global-color-5)","background-image":"","background-repeat":"repeat","background-position":"center center","background-size":"auto","background-attachment":"scroll","background-type":"","background-media":"","overlay-type":"","overlay-color":"","overlay-opacity":"","overlay-gradient":""}}},"product_cat":[46],"product_tag":[],"class_list":["post-3811","product","type-product","status-publish","has-post-thumbnail","hentry","product_cat-eredeti-karaoke-dalok","desktop-align-left","tablet-align-left","mobile-align-left"],"_links":{"self":[{"href":"https:\/\/www.sunkaraoke.hu\/index.php\/wp-json\/wp\/v2\/product\/3811","targetHints":{"allow":["GET"]}}],"collection":[{"href":"https:\/\/www.sunkaraoke.hu\/index.php\/wp-json\/wp\/v2\/product"}],"about":[{"href":"https:\/\/www.sunkaraoke.hu\/index.php\/wp-json\/wp\/v2\/types\/product"}],"wp:featuredmedia":[{"embeddable":true,"href":"https:\/\/www.sunkaraoke.hu\/index.php\/wp-json\/wp\/v2\/media\/17417"}],"wp:attachment":[{"href":"https:\/\/www.sunkaraoke.hu\/index.php\/wp-json\/wp\/v2\/media?parent=3811"}],"wp:term":[{"taxonomy":"product_cat","embeddable":true,"href":"https:\/\/www.sunkaraoke.hu\/index.php\/wp-json\/wp\/v2\/product_cat?post=3811"},{"taxonomy":"product_tag","embeddable":true,"href":"https:\/\/www.sunkaraoke.hu\/index.php\/wp-json\/wp\/v2\/product_tag?post=3811"}],"curies":[{"name":"wp","href":"https:\/\/api.w.org\/{rel}","templated":true}]}}