{"id":3809,"date":"2022-08-08T20:46:46","date_gmt":"2022-08-08T20:46:46","guid":{"rendered":"https:\/\/www.sunkaraoke.hu\/index.php\/termek\/blue-melody-szerelemvonat\/"},"modified":"2023-10-04T12:35:06","modified_gmt":"2023-10-04T12:35:06","slug":"blue-melody-szerelemvonat","status":"publish","type":"product","link":"https:\/\/www.sunkaraoke.hu\/index.php\/termek\/blue-melody-szerelemvonat\/","title":{"rendered":"<div class=\"wcmp-player-container product-3809\"><audio controlslist=\"nodownload\" data-product=\"3809\"  volume=\"1\"  preload=\"none\" data-lazyloading=\"none\" class=\"wcmp-player track mejs-classic\" data-duration=\"3:28\" data-estimated_duration=\"21\"><source src=\"https:\/\/www.sunkaraoke.hu\/wp-content\/uploads\/wcmp\/e73862f0c1828410ed4727342c3d62d6.mp3\" type=\"audio\/mp3\" \/><\/audio><\/div>Blue Melody &#8211; Szerelemvonat"},"content":{"rendered":"<p><strong>03:27<\/strong> | <strong><img loading=\"lazy\" decoding=\"async\" class=\"alignnone size-full wp-image-467\" src=\"https:\/\/www.sunkaraoke.hu\/wp-content\/uploads\/2022\/07\/choir_2-copy.webp\" alt=\"\" width=\"30\" height=\"30\" \/> <\/p>\n","protected":false},"excerpt":{"rendered":"<p><strong>Bits\u0171r\u0171s\u00e9g: <\/strong>196kb\/s<strong><br \/>\n<\/strong><strong>Hossz: <\/strong>03:27<strong><br \/>\n<\/strong><strong style=\"font-size: 16px;\">Vok\u00e1lt tartalmaz: <\/strong>Nem <img loading=\"lazy\" decoding=\"async\" class=\"alignnone size-full wp-image-467\" src=\"http:\/\/www.sunkaraoke.hu\/wp-content\/uploads\/2022\/07\/choir_2-copy.png\" alt=\"\" width=\"30\" height=\"30\" \/><strong style=\"font-size: 16px;\"><br \/>\n<\/strong><\/p>\n<p>&nbsp;<\/p>\n<p>\ufeff<\/p>\n<p>A vonat nem v\u00e1r, a soromp\u00f3 \u00e1ll,<br \/>\n\u00e9s a szerelem, ha beindul, nincs meg\u00e1ll\u00e1s.<br \/>\nA vonat nem v\u00e1r, elindult m\u00e1r,<br \/>\n\u00e9s a szerelemvonatb\u00f3l, nincs kisz\u00e1ll\u00e1s.<\/p>\n<p>Azt sem tudtuk hogyan szeress\u00fcnk,<br \/>\ncsak fogtuk egym\u00e1st,<br \/>\nam\u00edg d\u00fch\u00f6ng\u00f6tt a szerelm\u00fcnk,<br \/>\nnem l\u00e1ttunk m\u00e1st.<br \/>\nTe sem b\u00edrtad m\u00e1r a kalitk\u00e1t,<br \/>\nmi\u00e9rt maradn\u00e1l.<br \/>\nHiszen minden sz\u00edvnek sz\u00e1rnya van,<br \/>\ns n\u00e9ha elsz\u00e1ll. <\/p>\n<p>A vonat nem v\u00e1r, a soromp\u00f3 \u00e1ll,<br \/>\n\u00e9s a szerelem, ha beindul, nincs meg\u00e1ll\u00e1s.<br \/>\nA vonat nem v\u00e1r, elindult m\u00e1r,<br \/>\n\u00e9s a szerelemvonatb\u00f3l, nincs kisz\u00e1ll\u00e1s.<\/p>\n<p>Mindig egy vonatban utaztunk, indul\u00e1st\u00f3l,<br \/>\nki sem sz\u00e1llunk m\u00edg az id\u0151 majd, majd kisz\u00e1mol.<br \/>\nN\u00e9ha egym\u00e1s mell\u00e9 ker\u00fclt\u00fcnk egy \u00e1llom\u00e1son.<br \/>\ns n\u00e9ha helyet kellett cser\u00e9ln\u00fcnk,<br \/>\nhogy m\u00e1s besz\u00e1lljon.<\/p>\n<p>A vonat nem v\u00e1r, a soromp\u00f3 \u00e1ll,<br \/>\n\u00e9s a szerelem, ha beindul, nincs meg\u00e1ll\u00e1s.<br \/>\nA vonat nem v\u00e1r, elindult m\u00e1r,<br \/>\n\u00e9s a szerelemvonatb\u00f3l, nincs kisz\u00e1ll\u00e1s.<br \/>\nAmerre j\u00e1r, nagy zajt csin\u00e1l,<br \/>\nha n\u00e9ha cs\u00edp a f\u00fcstje, ne s\u00edrj\u00e1l.<br \/>\nTe is felsz\u00e1llsz, helyet tal\u00e1lsz,<br \/>\nb\u00e1r n\u00e9h\u00e1ny ismeretlen arcot l\u00e1tsz,<br \/>\nj\u00f3 helyen j\u00e1rsz.<br \/>\n&#8212;Sz\u00f3l\u00f3&#8212;<br \/>\nA vonat nem v\u00e1r, a soromp\u00f3 \u00e1ll,<br \/>\n\u00e9s a szerelem, ha beindul, nincs meg\u00e1ll\u00e1s.<br \/>\nA vonat nem v\u00e1r, elindult m\u00e1r,<br \/>\n\u00e9s a szerelemvonatb\u00f3l, nincs kisz\u00e1ll\u00e1s.<br \/>\n&#8212;V\u00e9ge&#8212;<\/p>\n<p>Sunkaraoke mp3 st\u00fadi\u00f3                                                                                                               <\/p>\n","protected":false},"featured_media":288,"template":"","meta":{"site-sidebar-layout":"default","site-content-layout":"default","ast-site-content-layout":"","site-content-style":"default","site-sidebar-style":"default","ast-global-header-display":"","ast-banner-title-visibility":"","ast-main-header-display":"","ast-hfb-above-header-display":"","ast-hfb-below-header-display":"","ast-hfb-mobile-header-display":"","site-post-title":"","ast-breadcrumbs-content":"","ast-featured-img":"","footer-sml-layout":"","theme-transparent-header-meta":"default","adv-header-id-meta":"","stick-header-meta":"","header-above-stick-meta":"","header-main-stick-meta":"","header-below-stick-meta":"","astra-migrate-meta-layouts":"default","ast-page-background-enabled":"default","ast-page-background-meta":{"desktop":{"background-color":"var(--ast-global-color-4)","background-image":"","background-repeat":"repeat","background-position":"center center","background-size":"auto","background-attachment":"scroll","background-type":"","background-media":"","overlay-type":"","overlay-color":"","overlay-opacity":"","overlay-gradient":""},"tablet":{"background-color":"","background-image":"","background-repeat":"repeat","background-position":"center center","background-size":"auto","background-attachment":"scroll","background-type":"","background-media":"","overlay-type":"","overlay-color":"","overlay-opacity":"","overlay-gradient":""},"mobile":{"background-color":"","background-image":"","background-repeat":"repeat","background-position":"center center","background-size":"auto","background-attachment":"scroll","background-type":"","background-media":"","overlay-type":"","overlay-color":"","overlay-opacity":"","overlay-gradient":""}},"ast-content-background-meta":{"desktop":{"background-color":"var(--ast-global-color-5)","background-image":"","background-repeat":"repeat","background-position":"center center","background-size":"auto","background-attachment":"scroll","background-type":"","background-media":"","overlay-type":"","overlay-color":"","overlay-opacity":"","overlay-gradient":""},"tablet":{"background-color":"var(--ast-global-color-5)","background-image":"","background-repeat":"repeat","background-position":"center center","background-size":"auto","background-attachment":"scroll","background-type":"","background-media":"","overlay-type":"","overlay-color":"","overlay-opacity":"","overlay-gradient":""},"mobile":{"background-color":"var(--ast-global-color-5)","background-image":"","background-repeat":"repeat","background-position":"center center","background-size":"auto","background-attachment":"scroll","background-type":"","background-media":"","overlay-type":"","overlay-color":"","overlay-opacity":"","overlay-gradient":""}}},"product_cat":[46],"product_tag":[],"class_list":["post-3809","product","type-product","status-publish","has-post-thumbnail","hentry","product_cat-eredeti-karaoke-dalok","desktop-align-left","tablet-align-left","mobile-align-left"],"_links":{"self":[{"href":"https:\/\/www.sunkaraoke.hu\/index.php\/wp-json\/wp\/v2\/product\/3809","targetHints":{"allow":["GET"]}}],"collection":[{"href":"https:\/\/www.sunkaraoke.hu\/index.php\/wp-json\/wp\/v2\/product"}],"about":[{"href":"https:\/\/www.sunkaraoke.hu\/index.php\/wp-json\/wp\/v2\/types\/product"}],"wp:featuredmedia":[{"embeddable":true,"href":"https:\/\/www.sunkaraoke.hu\/index.php\/wp-json\/wp\/v2\/media\/288"}],"wp:attachment":[{"href":"https:\/\/www.sunkaraoke.hu\/index.php\/wp-json\/wp\/v2\/media?parent=3809"}],"wp:term":[{"taxonomy":"product_cat","embeddable":true,"href":"https:\/\/www.sunkaraoke.hu\/index.php\/wp-json\/wp\/v2\/product_cat?post=3809"},{"taxonomy":"product_tag","embeddable":true,"href":"https:\/\/www.sunkaraoke.hu\/index.php\/wp-json\/wp\/v2\/product_tag?post=3809"}],"curies":[{"name":"wp","href":"https:\/\/api.w.org\/{rel}","templated":true}]}}