{"id":3799,"date":"2022-08-08T20:46:45","date_gmt":"2022-08-08T20:46:45","guid":{"rendered":"https:\/\/www.sunkaraoke.hu\/index.php\/termek\/aradszky-laszlo-kire-var-az-szi-szel\/"},"modified":"2025-04-09T07:47:03","modified_gmt":"2025-04-09T07:47:03","slug":"aradszky-laszlo-kire-var-az-szi-szel","status":"publish","type":"product","link":"https:\/\/www.sunkaraoke.hu\/index.php\/termek\/aradszky-laszlo-kire-var-az-szi-szel\/","title":{"rendered":"<div class=\"wcmp-player-container product-3799\"><audio controlslist=\"nodownload\" data-product=\"3799\"  volume=\"1\"  preload=\"none\" data-lazyloading=\"none\" class=\"wcmp-player track mejs-classic\" data-duration=\"0:33\" data-estimated_duration=\"4\"><source src=\"https:\/\/www.sunkaraoke.hu\/wp-content\/uploads\/2022\/08\/Kire-var-az-oszi-szel-SB-kdemoo.mp3\" type=\"audio\/mp3\" \/><\/audio><\/div>Aradszky L\u00e1szl\u00f3 &#8211; Kire v\u00e1r az \u0151szi sz\u00e9l (Original)"},"content":{"rendered":"<p><strong>02:47<\/strong> | <strong><img loading=\"lazy\" decoding=\"async\" class=\"alignnone size-full wp-image-467\" src=\"https:\/\/www.sunkaraoke.hu\/wp-content\/uploads\/2022\/07\/choir_2-copy.webp\" alt=\"\" width=\"30\" height=\"30\" \/> <\/strong><\/p>\n","protected":false},"excerpt":{"rendered":"<h6><strong>Bits\u0171r\u0171s\u00e9g: 320<\/strong>kb\/s<strong><br \/>\n<\/strong><strong>Hossz: <\/strong>02:47<strong><br \/>\n<\/strong><strong style=\"font-size: 16px;\">Vok\u00e1lt tartalmaz: <\/strong>Nem <img loading=\"lazy\" decoding=\"async\" class=\"alignnone size-full wp-image-467\" src=\"http:\/\/www.sunkaraoke.hu\/wp-content\/uploads\/2022\/07\/choir_2-copy.png\" alt=\"\" width=\"30\" height=\"30\" \/><strong style=\"font-size: 16px;\"><br \/>\n<\/strong><\/h6>\n<p>Sunkaraoke mp3 st\u00fadi\u00f3 \/ www.sunkaraoke.hu \/ Inf: Tel: 06 20 4275001<\/p>\n<p>&#8212;Intr\u00f3&#8212;<br \/>\nSodor a sz\u00e9l, sodor az \u00e1lom,<br \/>\nhogy ne m\u00faljon el, arra vigy\u00e1zok.<br \/>\nDe ki tudja m\u00e9g mit hoz a hajnal,<br \/>\nmi v\u00e1r re\u00e1m, s mi esz a dallal.<\/p>\n<p>Kire v\u00e1r az \u0151szi sz\u00e9l, engem h\u00edv r\u00f3lam mes\u00e9l,<br \/>\nha r\u00e1m tal\u00e1l t\u00f6bb\u00e9 nem enged el.<br \/>\nKire v\u00e1r az \u0151szi sz\u00e9l, egyszer elj\u00f6n \u00e9rzem \u00e9n,<br \/>\n\u00e9s megtudom hogy mit hib\u00e1ztam el, s kivel!<\/p>\n<p>Sodor a sz\u00e9l, sodor egy \u00e1lom,<br \/>\nhogy ne j\u00f6jj\u00f6n arra vigy\u00e1zok.<br \/>\nDe ki tudja m\u00e9g, mit hoz a holnap,<br \/>\nmi lesz velem, ha fentr\u0151l sz\u00f3lnak.<\/p>\n<p>Kire v\u00e1r az \u0151szi sz\u00e9l, engem h\u00edv r\u00f3lam mes\u00e9l,<br \/>\nha r\u00e1m tal\u00e1l t\u00f6bb\u00e9 nem enged el.<br \/>\nKire v\u00e1r az \u0151szi sz\u00e9l, egyszer elj\u00f6n \u00e9rzem \u00e9n,<br \/>\n\u00e9s megtudom hogy mit hib\u00e1ztam el, s kivel!<br \/>\n&#8212;Sz\u00f3l\u00f3&#8212;<\/p>\n<p>Kire v\u00e1r az \u0151szi sz\u00e9l, egyszer elj\u00f6n \u00e9rzem \u00e9n,<br \/>\n\u00e9s megtudom hogy hol hib\u00e1ztam el, s kivel!<br \/>\n&#8212;V\u00e9ge&#8212;<\/p>\n<p>Sunkaraoke mp3 st\u00fadi\u00f3<\/p>\n","protected":false},"featured_media":10081,"template":"","meta":{"site-sidebar-layout":"default","site-content-layout":"default","ast-site-content-layout":"default","site-content-style":"default","site-sidebar-style":"default","ast-global-header-display":"","ast-banner-title-visibility":"","ast-main-header-display":"","ast-hfb-above-header-display":"","ast-hfb-below-header-display":"","ast-hfb-mobile-header-display":"","site-post-title":"","ast-breadcrumbs-content":"","ast-featured-img":"","footer-sml-layout":"","theme-transparent-header-meta":"default","adv-header-id-meta":"","stick-header-meta":"","header-above-stick-meta":"","header-main-stick-meta":"","header-below-stick-meta":"","astra-migrate-meta-layouts":"set","ast-page-background-enabled":"default","ast-page-background-meta":{"desktop":{"background-color":"var(--ast-global-color-4)","background-image":"","background-repeat":"repeat","background-position":"center center","background-size":"auto","background-attachment":"scroll","background-type":"","background-media":"","overlay-type":"","overlay-color":"","overlay-opacity":"","overlay-gradient":""},"tablet":{"background-color":"","background-image":"","background-repeat":"repeat","background-position":"center center","background-size":"auto","background-attachment":"scroll","background-type":"","background-media":"","overlay-type":"","overlay-color":"","overlay-opacity":"","overlay-gradient":""},"mobile":{"background-color":"","background-image":"","background-repeat":"repeat","background-position":"center center","background-size":"auto","background-attachment":"scroll","background-type":"","background-media":"","overlay-type":"","overlay-color":"","overlay-opacity":"","overlay-gradient":""}},"ast-content-background-meta":{"desktop":{"background-color":"var(--ast-global-color-5)","background-image":"","background-repeat":"repeat","background-position":"center center","background-size":"auto","background-attachment":"scroll","background-type":"","background-media":"","overlay-type":"","overlay-color":"","overlay-opacity":"","overlay-gradient":""},"tablet":{"background-color":"var(--ast-global-color-5)","background-image":"","background-repeat":"repeat","background-position":"center center","background-size":"auto","background-attachment":"scroll","background-type":"","background-media":"","overlay-type":"","overlay-color":"","overlay-opacity":"","overlay-gradient":""},"mobile":{"background-color":"var(--ast-global-color-5)","background-image":"","background-repeat":"repeat","background-position":"center center","background-size":"auto","background-attachment":"scroll","background-type":"","background-media":"","overlay-type":"","overlay-color":"","overlay-opacity":"","overlay-gradient":""}}},"product_cat":[48],"product_tag":[],"class_list":["post-3799","product","type-product","status-publish","has-post-thumbnail","hentry","product_cat-sunkaraoke-dalok","desktop-align-left","tablet-align-left","mobile-align-left"],"_links":{"self":[{"href":"https:\/\/www.sunkaraoke.hu\/index.php\/wp-json\/wp\/v2\/product\/3799","targetHints":{"allow":["GET"]}}],"collection":[{"href":"https:\/\/www.sunkaraoke.hu\/index.php\/wp-json\/wp\/v2\/product"}],"about":[{"href":"https:\/\/www.sunkaraoke.hu\/index.php\/wp-json\/wp\/v2\/types\/product"}],"wp:featuredmedia":[{"embeddable":true,"href":"https:\/\/www.sunkaraoke.hu\/index.php\/wp-json\/wp\/v2\/media\/10081"}],"wp:attachment":[{"href":"https:\/\/www.sunkaraoke.hu\/index.php\/wp-json\/wp\/v2\/media?parent=3799"}],"wp:term":[{"taxonomy":"product_cat","embeddable":true,"href":"https:\/\/www.sunkaraoke.hu\/index.php\/wp-json\/wp\/v2\/product_cat?post=3799"},{"taxonomy":"product_tag","embeddable":true,"href":"https:\/\/www.sunkaraoke.hu\/index.php\/wp-json\/wp\/v2\/product_tag?post=3799"}],"curies":[{"name":"wp","href":"https:\/\/api.w.org\/{rel}","templated":true}]}}