{"id":3794,"date":"2022-08-08T20:46:45","date_gmt":"2022-08-08T20:46:45","guid":{"rendered":"https:\/\/www.sunkaraoke.hu\/index.php\/termek\/dupla-kave-csavargo-enek\/"},"modified":"2025-04-01T04:50:16","modified_gmt":"2025-04-01T04:50:16","slug":"dupla-kave-csavargo-enek","status":"publish","type":"product","link":"https:\/\/www.sunkaraoke.hu\/index.php\/termek\/dupla-kave-csavargo-enek\/","title":{"rendered":"<div class=\"wcmp-player-container product-3794\"><audio controlslist=\"nodownload\" data-product=\"3794\"  volume=\"1\"  preload=\"none\" data-lazyloading=\"none\" class=\"wcmp-player track mejs-classic\" data-duration=\"0:32\" data-estimated_duration=\"4\"><source src=\"https:\/\/www.sunkaraoke.hu\/wp-content\/uploads\/2022\/08\/Csavargo-enek-SB-demoo.mp3\" type=\"audio\/mp3\" \/><\/audio><\/div>Dupla K\u00e1v\u00e9 &#8211; Csavarg\u00f3 \u00e9nek (Original)"},"content":{"rendered":"<p><strong>03:14<\/strong> | <strong><img loading=\"lazy\" decoding=\"async\" class=\"alignnone size-full wp-image-467\" src=\"https:\/\/www.sunkaraoke.hu\/wp-content\/uploads\/2022\/07\/choir_2-copy.webp\" alt=\"\" width=\"30\" height=\"30\" \/> <\/strong><\/p>\n","protected":false},"excerpt":{"rendered":"<h6><strong>Bits\u0171r\u0171s\u00e9g: 320<\/strong>kb\/s<strong><br \/>\n<\/strong><strong>Hossz: <\/strong>03:14<strong><br \/>\n<\/strong><strong style=\"font-size: 16px;\">Vok\u00e1lt tartalmaz: <\/strong>Nem <img loading=\"lazy\" decoding=\"async\" class=\"alignnone size-full wp-image-467\" src=\"http:\/\/www.sunkaraoke.hu\/wp-content\/uploads\/2022\/07\/choir_2-copy.png\" alt=\"\" width=\"30\" height=\"30\" \/><strong style=\"font-size: 16px;\"><br \/>\n<\/strong><\/h6>\n<p>Sunkaraoke mp3 st\u00fadi\u00f3 \/ www.sunkaraoke.hu \/ Inf: Tel: 06 20 4275001<\/p>\n<p>&#8212;Intr\u00f3&#8212;<br \/>\nA kab\u00e1tzsebem lyukas r\u00e9gen, \u00f3 szeg\u00e9ny,<br \/>\nnem l\u00e1tott egy fill\u00e9rt \u00e9vek \u00f3ta m\u00e1r.<br \/>\nDe n\u00e9m\u00e1n t\u0171ri sors\u00e1t, v\u00e9lem ki szer\u00e9ny,<br \/>\ntartalm\u00e1t megszokta m\u00e1r.<\/p>\n<p>Csavarg\u00f3\u00e9nek elk\u00eds\u00e9r t\u00e9ged \u00fatjaidon.<br \/>\nF\u00fcty\u00fcl\u00f6d halkan, s k\u00f6nny\u00edt a dallam gondjaidon.<br \/>\nCsavarg\u00f3\u00e9nek, k\u00eds\u00e9rj el k\u00e9rlek \u00fatjaimon,<br \/>\ntudom, e dallam seg\u00edt majd rajtam rossz napokon.<br \/>\n&#8212;Sz\u00f3l\u00f3&#8212;<br \/>\nAz orsz\u00e1gutak por\u00e1t, sok erd\u0151t \u00e9s hegyet,<br \/>\nforr\u00e1s tiszta viz\u00e9t s a fenyveseket,<br \/>\nA napf\u00e9nyt \u00e9s az es\u0151t, a vir\u00e1gos mez\u0151t<br \/>\ncsak h\u00edrb\u0151l ismerheted.<br \/>\nCsavarg\u00f3\u00e9nek elk\u00eds\u00e9r t\u00e9ged \u00fatjaidon.<br \/>\nF\u00fcty\u00fcl\u00f6d halkan, s k\u00f6nny\u00edt a dallam gondjaidon.<br \/>\nCsavarg\u00f3\u00e9nek, k\u00eds\u00e9rj el k\u00e9rlek \u00fatjaimon,<br \/>\ntudom, e dallam seg\u00edt majd rajtam rossz napokon.<br \/>\n&#8212;Sz\u00f3l\u00f3&#8212;<br \/>\nCsavarg\u00f3\u00e9nek elk\u00eds\u00e9r t\u00e9ged \u00fatjaidon.<br \/>\nF\u00fcty\u00fcl\u00f6d halkan, s k\u00f6nny\u00edt a dallam gondjaidon.<br \/>\nCsavarg\u00f3\u00e9nek, k\u00eds\u00e9rj el k\u00e9rlek \u00fatjaimon,<br \/>\ntudom, e dallam seg\u00edt majd rajtam rossz napokon.<br \/>\nCsavarg\u00f3\u00e9nek elk\u00eds\u00e9r t\u00e9ged \u00fatjaidon.<br \/>\nF\u00fcty\u00fcl\u00f6d halkan, s k\u00f6nny\u00edt a dallam gondjaidon.<br \/>\nCsavarg\u00f3\u00e9nek, k\u00eds\u00e9rj el k\u00e9rlek \u00fatjaimon,<br \/>\ntudom, e dallam seg\u00edt majd rajtam rossz napokon.<br \/>\n&#8212;V\u00e9ge&#8212;<\/p>\n<p>Sunkaraoke mp3 st\u00fadi\u00f3<\/p>\n","protected":false},"featured_media":8996,"template":"","meta":{"site-sidebar-layout":"default","site-content-layout":"default","ast-site-content-layout":"default","site-content-style":"default","site-sidebar-style":"default","ast-global-header-display":"","ast-banner-title-visibility":"","ast-main-header-display":"","ast-hfb-above-header-display":"","ast-hfb-below-header-display":"","ast-hfb-mobile-header-display":"","site-post-title":"","ast-breadcrumbs-content":"","ast-featured-img":"","footer-sml-layout":"","theme-transparent-header-meta":"default","adv-header-id-meta":"","stick-header-meta":"","header-above-stick-meta":"","header-main-stick-meta":"","header-below-stick-meta":"","astra-migrate-meta-layouts":"set","ast-page-background-enabled":"default","ast-page-background-meta":{"desktop":{"background-color":"var(--ast-global-color-4)","background-image":"","background-repeat":"repeat","background-position":"center center","background-size":"auto","background-attachment":"scroll","background-type":"","background-media":"","overlay-type":"","overlay-color":"","overlay-opacity":"","overlay-gradient":""},"tablet":{"background-color":"","background-image":"","background-repeat":"repeat","background-position":"center center","background-size":"auto","background-attachment":"scroll","background-type":"","background-media":"","overlay-type":"","overlay-color":"","overlay-opacity":"","overlay-gradient":""},"mobile":{"background-color":"","background-image":"","background-repeat":"repeat","background-position":"center center","background-size":"auto","background-attachment":"scroll","background-type":"","background-media":"","overlay-type":"","overlay-color":"","overlay-opacity":"","overlay-gradient":""}},"ast-content-background-meta":{"desktop":{"background-color":"var(--ast-global-color-5)","background-image":"","background-repeat":"repeat","background-position":"center center","background-size":"auto","background-attachment":"scroll","background-type":"","background-media":"","overlay-type":"","overlay-color":"","overlay-opacity":"","overlay-gradient":""},"tablet":{"background-color":"var(--ast-global-color-5)","background-image":"","background-repeat":"repeat","background-position":"center center","background-size":"auto","background-attachment":"scroll","background-type":"","background-media":"","overlay-type":"","overlay-color":"","overlay-opacity":"","overlay-gradient":""},"mobile":{"background-color":"var(--ast-global-color-5)","background-image":"","background-repeat":"repeat","background-position":"center center","background-size":"auto","background-attachment":"scroll","background-type":"","background-media":"","overlay-type":"","overlay-color":"","overlay-opacity":"","overlay-gradient":""}}},"product_cat":[48],"product_tag":[],"class_list":["post-3794","product","type-product","status-publish","has-post-thumbnail","hentry","product_cat-sunkaraoke-dalok","desktop-align-left","tablet-align-left","mobile-align-left"],"_links":{"self":[{"href":"https:\/\/www.sunkaraoke.hu\/index.php\/wp-json\/wp\/v2\/product\/3794","targetHints":{"allow":["GET"]}}],"collection":[{"href":"https:\/\/www.sunkaraoke.hu\/index.php\/wp-json\/wp\/v2\/product"}],"about":[{"href":"https:\/\/www.sunkaraoke.hu\/index.php\/wp-json\/wp\/v2\/types\/product"}],"wp:featuredmedia":[{"embeddable":true,"href":"https:\/\/www.sunkaraoke.hu\/index.php\/wp-json\/wp\/v2\/media\/8996"}],"wp:attachment":[{"href":"https:\/\/www.sunkaraoke.hu\/index.php\/wp-json\/wp\/v2\/media?parent=3794"}],"wp:term":[{"taxonomy":"product_cat","embeddable":true,"href":"https:\/\/www.sunkaraoke.hu\/index.php\/wp-json\/wp\/v2\/product_cat?post=3794"},{"taxonomy":"product_tag","embeddable":true,"href":"https:\/\/www.sunkaraoke.hu\/index.php\/wp-json\/wp\/v2\/product_tag?post=3794"}],"curies":[{"name":"wp","href":"https:\/\/api.w.org\/{rel}","templated":true}]}}