{"id":3785,"date":"2022-08-08T20:46:44","date_gmt":"2022-08-08T20:46:44","guid":{"rendered":"https:\/\/www.sunkaraoke.hu\/index.php\/termek\/aradszky-laszlo-hanyszor-gyztem-en\/"},"modified":"2025-04-09T07:13:49","modified_gmt":"2025-04-09T07:13:49","slug":"aradszky-laszlo-hanyszor-gyztem-en","status":"publish","type":"product","link":"https:\/\/www.sunkaraoke.hu\/index.php\/termek\/aradszky-laszlo-hanyszor-gyztem-en\/","title":{"rendered":"<div class=\"wcmp-player-container product-3785\"><audio controlslist=\"nodownload\" data-product=\"3785\"  volume=\"1\"  preload=\"none\" data-lazyloading=\"none\" class=\"wcmp-player track mejs-classic\" data-duration=\"0:32\" data-estimated_duration=\"4\"><source src=\"https:\/\/www.sunkaraoke.hu\/wp-content\/uploads\/2022\/08\/Hanyszor-gyoztem-en-SB-demooo.mp3\" type=\"audio\/mp3\" \/><\/audio><\/div>Aradszky L\u00e1szl\u00f3 &#8211; H\u00e1nyszor gy\u0151ztem \u00e9n (Original SB Edition)"},"content":{"rendered":"<p><strong>03:25<\/strong> | <strong><img loading=\"lazy\" decoding=\"async\" class=\"alignnone size-full wp-image-467\" src=\"https:\/\/www.sunkaraoke.hu\/wp-content\/uploads\/2022\/07\/choir_2-copy.webp\" alt=\"\" width=\"30\" height=\"30\" \/> <\/strong><\/p>\n","protected":false},"excerpt":{"rendered":"<h6><strong>Bits\u0171r\u0171s\u00e9g: 320<\/strong>kb\/s<strong><br \/>\n<\/strong><strong>Hossz: <\/strong>03:25<strong><br \/>\n<\/strong><strong style=\"font-size: 16px;\">Vok\u00e1lt tartalmaz: <\/strong>Nem <img loading=\"lazy\" decoding=\"async\" class=\"alignnone size-full wp-image-467\" src=\"http:\/\/www.sunkaraoke.hu\/wp-content\/uploads\/2022\/07\/choir_2-copy.png\" alt=\"\" width=\"30\" height=\"30\" \/><strong style=\"font-size: 16px;\"><br \/>\n<\/strong><\/h6>\n<p>Sunkaraoke mp3 st\u00fadi\u00f3 \/ www.sunkaraoke.hu \/ Inf: Tel: 06 20 4275001<\/p>\n<p>&#8212;Intr\u00f3&#8212;<br \/>\nN\u00e9ha vissza vissza n\u00e9zek merre j\u00e1rtam \u00e9n,<br \/>\nsok sz\u00e9p r\u00e9gi k\u00e9p.<br \/>\nN\u00e9ha vissza vissza t\u00e9rnek, hol meg meg \u00e1lltam \u00e9n,<br \/>\nnincs m\u00e1s csak eml\u00e9k.<\/p>\n<p>H\u00e1nyszor gy\u0151ztem \u00e9n \u00e9s h\u00e1nyszor buktam el,<br \/>\nh\u00e1nyszor \u00e1t\u00f6leltek \u00e9s h\u00e1nyszor dobtak el,<br \/>\n\u00e9s minden megy tov\u00e1bb meg\u00e1llni volna j\u00f3,<br \/>\nde mit \u00e9r a sz\u00f3.<\/p>\n<p>N\u00e9ha vissza vissza v\u00e1rom, mit elvesztettem \u00e9n,<br \/>\nhol j\u00e1r elt\u0171nt r\u00e9g.<br \/>\nN\u00e9ha vissza vissza j\u00e1rok, de nem tal\u00e1lom \u00e9n,<br \/>\nma m\u00e1r csak eml\u00e9k.<\/p>\n<p>H\u00e1nyszor gy\u0151ztem \u00e9n \u00e9s h\u00e1nyszor buktam el,<br \/>\nh\u00e1nyszor \u00e1t\u00f6leltek \u00e9s h\u00e1nyszor dobtak el,<br \/>\n\u00e9s minden megy tov\u00e1bb meg\u00e1llni volna j\u00f3,<br \/>\nde mit \u00e9r a sz\u00f3.<br \/>\n&#8212;Sz\u00f3l\u00f3&#8212;<br \/>\nH\u00e1nyszor gy\u0151ztem \u00e9n \u00e9s h\u00e1nyszor buktam el,<br \/>\nh\u00e1nyszor \u00e1t\u00f6leltek \u00e9s h\u00e1nyszor dobtak el,<br \/>\n\u00e9s minden megy tov\u00e1bb meg\u00e1llni volna j\u00f3,<br \/>\nde mit \u00e9r a sz\u00f3.<br \/>\nH\u00e1nyszor gy\u0151ztem \u00e9n \u00e9s h\u00e1nyszor buktam el,<br \/>\na boldogs\u00e1got h\u00e1nyszor j\u00e1tsszam el,<br \/>\nminden megy tov\u00e1bb a v\u00e9gtelen fel\u00e9,<br \/>\naz \u00e1lmok k\u00f6z\u00e9, az \u00e1lmok k\u00f6z\u00e9!<br \/>\n&#8212;V\u00e9ge&#8212;<br \/>\nSunkaraoke mp3 st\u00fadi\u00f3<\/p>\n","protected":false},"featured_media":10081,"template":"","meta":{"site-sidebar-layout":"default","site-content-layout":"default","ast-site-content-layout":"default","site-content-style":"default","site-sidebar-style":"default","ast-global-header-display":"","ast-banner-title-visibility":"","ast-main-header-display":"","ast-hfb-above-header-display":"","ast-hfb-below-header-display":"","ast-hfb-mobile-header-display":"","site-post-title":"","ast-breadcrumbs-content":"","ast-featured-img":"","footer-sml-layout":"","theme-transparent-header-meta":"default","adv-header-id-meta":"","stick-header-meta":"","header-above-stick-meta":"","header-main-stick-meta":"","header-below-stick-meta":"","astra-migrate-meta-layouts":"set","ast-page-background-enabled":"default","ast-page-background-meta":{"desktop":{"background-color":"var(--ast-global-color-4)","background-image":"","background-repeat":"repeat","background-position":"center center","background-size":"auto","background-attachment":"scroll","background-type":"","background-media":"","overlay-type":"","overlay-color":"","overlay-opacity":"","overlay-gradient":""},"tablet":{"background-color":"","background-image":"","background-repeat":"repeat","background-position":"center center","background-size":"auto","background-attachment":"scroll","background-type":"","background-media":"","overlay-type":"","overlay-color":"","overlay-opacity":"","overlay-gradient":""},"mobile":{"background-color":"","background-image":"","background-repeat":"repeat","background-position":"center center","background-size":"auto","background-attachment":"scroll","background-type":"","background-media":"","overlay-type":"","overlay-color":"","overlay-opacity":"","overlay-gradient":""}},"ast-content-background-meta":{"desktop":{"background-color":"var(--ast-global-color-5)","background-image":"","background-repeat":"repeat","background-position":"center center","background-size":"auto","background-attachment":"scroll","background-type":"","background-media":"","overlay-type":"","overlay-color":"","overlay-opacity":"","overlay-gradient":""},"tablet":{"background-color":"var(--ast-global-color-5)","background-image":"","background-repeat":"repeat","background-position":"center center","background-size":"auto","background-attachment":"scroll","background-type":"","background-media":"","overlay-type":"","overlay-color":"","overlay-opacity":"","overlay-gradient":""},"mobile":{"background-color":"var(--ast-global-color-5)","background-image":"","background-repeat":"repeat","background-position":"center center","background-size":"auto","background-attachment":"scroll","background-type":"","background-media":"","overlay-type":"","overlay-color":"","overlay-opacity":"","overlay-gradient":""}}},"product_cat":[48],"product_tag":[],"class_list":["post-3785","product","type-product","status-publish","has-post-thumbnail","hentry","product_cat-sunkaraoke-dalok","desktop-align-left","tablet-align-left","mobile-align-left"],"_links":{"self":[{"href":"https:\/\/www.sunkaraoke.hu\/index.php\/wp-json\/wp\/v2\/product\/3785","targetHints":{"allow":["GET"]}}],"collection":[{"href":"https:\/\/www.sunkaraoke.hu\/index.php\/wp-json\/wp\/v2\/product"}],"about":[{"href":"https:\/\/www.sunkaraoke.hu\/index.php\/wp-json\/wp\/v2\/types\/product"}],"wp:featuredmedia":[{"embeddable":true,"href":"https:\/\/www.sunkaraoke.hu\/index.php\/wp-json\/wp\/v2\/media\/10081"}],"wp:attachment":[{"href":"https:\/\/www.sunkaraoke.hu\/index.php\/wp-json\/wp\/v2\/media?parent=3785"}],"wp:term":[{"taxonomy":"product_cat","embeddable":true,"href":"https:\/\/www.sunkaraoke.hu\/index.php\/wp-json\/wp\/v2\/product_cat?post=3785"},{"taxonomy":"product_tag","embeddable":true,"href":"https:\/\/www.sunkaraoke.hu\/index.php\/wp-json\/wp\/v2\/product_tag?post=3785"}],"curies":[{"name":"wp","href":"https:\/\/api.w.org\/{rel}","templated":true}]}}