{"id":3784,"date":"2022-08-08T20:46:44","date_gmt":"2022-08-08T20:46:44","guid":{"rendered":"https:\/\/www.sunkaraoke.hu\/index.php\/termek\/notar-mary-huzza-huzza-transzp-v\/"},"modified":"2025-03-29T13:13:22","modified_gmt":"2025-03-29T13:13:22","slug":"notar-mary-huzza-huzza-transzp-v","status":"publish","type":"product","link":"https:\/\/www.sunkaraoke.hu\/index.php\/termek\/notar-mary-huzza-huzza-transzp-v\/","title":{"rendered":"<div class=\"wcmp-player-container product-3784\"><audio controlslist=\"nodownload\" data-product=\"3784\"  volume=\"1\"  preload=\"none\" data-lazyloading=\"none\" class=\"wcmp-player track mejs-classic\" data-duration=\"0:32\" data-estimated_duration=\"4\"><source src=\"https:\/\/www.sunkaraoke.hu\/wp-content\/uploads\/2022\/08\/Huzza-huzza-SB._demo.mp3\" type=\"audio\/mp3\" \/><\/audio><\/div>Notar Mary &#8211; H\u00fazza h\u00fazza (Original)"},"content":{"rendered":"<p><strong>03:16<\/strong> | <strong><img loading=\"lazy\" decoding=\"async\" class=\"alignnone size-full wp-image-467\" src=\"https:\/\/www.sunkaraoke.hu\/wp-content\/uploads\/2022\/07\/choir_2-copy.webp\" alt=\"\" width=\"30\" height=\"30\" \/> <strong> | <img loading=\"lazy\" decoding=\"async\" class=\"alignnone size-full wp-image-613\" src=\"https:\/\/www.sunkaraoke.hu\/wp-content\/uploads\/2022\/07\/transzponalas.webp\" alt=\"\" width=\"30\" height=\"30\" \/> <\/strong><strong>0<\/strong><\/strong><\/p>\n","protected":false},"excerpt":{"rendered":"<h6>Bits\u0171r\u0171s\u00e9g: 320 kb\/s<br \/>\nHossz: 03:16<br \/>\nVok\u00e1lt tartalmaz: Nem <img loading=\"lazy\" decoding=\"async\" class=\"alignnone size-full wp-image-467\" src=\"http:\/\/www.sunkaraoke.hu\/wp-content\/uploads\/2022\/07\/choir_2-copy.png\" alt=\"\" width=\"30\" height=\"30\" \/><\/h6>\n<p>Sunkaraoke mp3 st\u00fadi\u00f3 \/ www.sunkaraoke.hu \/ Inf: Tel: 06 20 4275001<\/p>\n<p>&#8212;Intr\u00f3&#8212;<br \/>\nJaj, annyit iszok b\u00e1natomba, kigy\u00fal bennem a p\u00e1linka.<br \/>\nMer&#8217; ideverek,odaverek,szakadnak a pul\u00f3verek.<\/p>\n<p>Van egy kicsi h\u00e1zik\u00f3, benne lenni nagyon j\u00f3,<br \/>\nbenne lenni nagyon j\u00f3.<br \/>\nDe a kedvesem nagy zsiv\u00e1ny, nem is szeret igaz\u00e1n,<br \/>\nnem is szeret igaz\u00e1n.<br \/>\nMinden nap mulatozik, \u0151 meg csak whisky-t iszik,<br \/>\n\u0151 meg csak whisky-t iszik.<br \/>\nEgye meg a b\u00fab\u00e1nat, nem szaladok ut\u00e1na,<br \/>\nnem szaladok ut\u00e1na.<br \/>\nH\u00fazza h\u00fazza, a sz\u00e1j\u00e1t h\u00fazza,<br \/>\ncsak a p\u00e9nzemet puszt\u00edtja.<br \/>\nJaj, h\u00fazza h\u00fazza, a sz\u00e1j\u00e1t h\u00fazza,<br \/>\nholnap ki lesz m\u00e1r az \u00fatja.<br \/>\nCsak h\u00fazza h\u00fazza, a sz\u00e1j\u00e1t h\u00fazza,<br \/>\ncsak a l\u00f3v\u00e9mat puszt\u00edtja.<br \/>\nJaj, h\u00fazza h\u00fazza, a sz\u00e1j\u00e1t h\u00fazza,<br \/>\nholnap ki lesz m\u00e1r az \u00fatja.<br \/>\nVan egy kicsi h\u00e1zik\u00f3, benne lenni nagyon j\u00f3,<br \/>\nbenne lenni nagyon j\u00f3.<br \/>\nDe a kedvesem nagy zsiv\u00e1ny, nem is szeret igaz\u00e1n,<br \/>\nnem is szeret igaz\u00e1n.<br \/>\nMinden nap mulatozik, \u0151 meg csak whisky-t iszik,<br \/>\n\u0151 meg csak whisky-t iszik.<br \/>\nEgye meg a b\u00fab\u00e1nat, nem szaladok ut\u00e1na,<br \/>\nnem szaladok ut\u00e1na.<br \/>\nH\u00fazza h\u00fazza, a sz\u00e1j\u00e1t h\u00fazza,<br \/>\ncsak a p\u00e9nzemet puszt\u00edtja.<br \/>\nJaj, h\u00fazza h\u00fazza, a sz\u00e1j\u00e1t h\u00fazza,<br \/>\nholnap ki lesz m\u00e1r az \u00fatja.<br \/>\nCsak h\u00fazza h\u00fazza, a sz\u00e1j\u00e1t h\u00fazza,<br \/>\ncsak a l\u00f3v\u00e9mat puszt\u00edtja.<br \/>\nJaj, h\u00fazza h\u00fazza, a sz\u00e1j\u00e1t h\u00fazza,<br \/>\nholnap ki lesz m\u00e1r az \u00fatja.<br \/>\n&#8212;Sz\u00f3l\u00f3&#8212;<br \/>\nJaj, annyit iszok b\u00e1natomba,kigy\u00fal bennem a p\u00e1linka.<br \/>\nMer&#8217; ideverek odaverek, szakadnak a pul\u00f3verek.<\/p>\n<p>Van egy kicsi h\u00e1zik\u00f3, benne lenni nagyon j\u00f3,<br \/>\nbenne lenni nagyon j\u00f3.<br \/>\nDe a kedvesem nagy zsiv\u00e1ny, nem is szeret igaz\u00e1n,<br \/>\nnem is szeret igaz\u00e1n.<br \/>\nMinden nap mulatozik, \u0151 meg csak whisky-t iszik,<br \/>\n\u0151 meg csak whisky-t iszik.<br \/>\nEgye meg a b\u00fab\u00e1nat, nem szaladok ut\u00e1na,<br \/>\nnem szaladok ut\u00e1na.<br \/>\nH\u00fazza h\u00fazza, a sz\u00e1j\u00e1t h\u00fazza,<br \/>\ncsak a p\u00e9nzemet puszt\u00edtja.<br \/>\nJaj, h\u00fazza h\u00fazza, a sz\u00e1j\u00e1t h\u00fazza,<br \/>\nholnap ki lesz m\u00e1r az \u00fatja.<br \/>\nCsak h\u00fazza h\u00fazza, a sz\u00e1j\u00e1t h\u00fazza,<br \/>\ncsak a l\u00f3v\u00e9mat puszt\u00edtja.<br \/>\nJaj, h\u00fazza h\u00fazza, a sz\u00e1j\u00e1t h\u00fazza,<br \/>\nholnap ki lesz m\u00e1r az \u00fatja.<br \/>\n&#8212;V\u00e9ge&#8212;<\/p>\n<p>Sunkaraoke mp3 st\u00fadi\u00f3<\/p>\n","protected":false},"featured_media":8740,"template":"","meta":{"site-sidebar-layout":"default","site-content-layout":"default","ast-site-content-layout":"default","site-content-style":"default","site-sidebar-style":"default","ast-global-header-display":"","ast-banner-title-visibility":"","ast-main-header-display":"","ast-hfb-above-header-display":"","ast-hfb-below-header-display":"","ast-hfb-mobile-header-display":"","site-post-title":"","ast-breadcrumbs-content":"","ast-featured-img":"","footer-sml-layout":"","theme-transparent-header-meta":"default","adv-header-id-meta":"","stick-header-meta":"","header-above-stick-meta":"","header-main-stick-meta":"","header-below-stick-meta":"","astra-migrate-meta-layouts":"set","ast-page-background-enabled":"default","ast-page-background-meta":{"desktop":{"background-color":"var(--ast-global-color-4)","background-image":"","background-repeat":"repeat","background-position":"center center","background-size":"auto","background-attachment":"scroll","background-type":"","background-media":"","overlay-type":"","overlay-color":"","overlay-opacity":"","overlay-gradient":""},"tablet":{"background-color":"","background-image":"","background-repeat":"repeat","background-position":"center center","background-size":"auto","background-attachment":"scroll","background-type":"","background-media":"","overlay-type":"","overlay-color":"","overlay-opacity":"","overlay-gradient":""},"mobile":{"background-color":"","background-image":"","background-repeat":"repeat","background-position":"center center","background-size":"auto","background-attachment":"scroll","background-type":"","background-media":"","overlay-type":"","overlay-color":"","overlay-opacity":"","overlay-gradient":""}},"ast-content-background-meta":{"desktop":{"background-color":"var(--ast-global-color-5)","background-image":"","background-repeat":"repeat","background-position":"center center","background-size":"auto","background-attachment":"scroll","background-type":"","background-media":"","overlay-type":"","overlay-color":"","overlay-opacity":"","overlay-gradient":""},"tablet":{"background-color":"var(--ast-global-color-5)","background-image":"","background-repeat":"repeat","background-position":"center center","background-size":"auto","background-attachment":"scroll","background-type":"","background-media":"","overlay-type":"","overlay-color":"","overlay-opacity":"","overlay-gradient":""},"mobile":{"background-color":"var(--ast-global-color-5)","background-image":"","background-repeat":"repeat","background-position":"center center","background-size":"auto","background-attachment":"scroll","background-type":"","background-media":"","overlay-type":"","overlay-color":"","overlay-opacity":"","overlay-gradient":""}}},"product_cat":[48],"product_tag":[],"class_list":["post-3784","product","type-product","status-publish","has-post-thumbnail","hentry","product_cat-sunkaraoke-dalok","desktop-align-left","tablet-align-left","mobile-align-left"],"_links":{"self":[{"href":"https:\/\/www.sunkaraoke.hu\/index.php\/wp-json\/wp\/v2\/product\/3784","targetHints":{"allow":["GET"]}}],"collection":[{"href":"https:\/\/www.sunkaraoke.hu\/index.php\/wp-json\/wp\/v2\/product"}],"about":[{"href":"https:\/\/www.sunkaraoke.hu\/index.php\/wp-json\/wp\/v2\/types\/product"}],"wp:featuredmedia":[{"embeddable":true,"href":"https:\/\/www.sunkaraoke.hu\/index.php\/wp-json\/wp\/v2\/media\/8740"}],"wp:attachment":[{"href":"https:\/\/www.sunkaraoke.hu\/index.php\/wp-json\/wp\/v2\/media?parent=3784"}],"wp:term":[{"taxonomy":"product_cat","embeddable":true,"href":"https:\/\/www.sunkaraoke.hu\/index.php\/wp-json\/wp\/v2\/product_cat?post=3784"},{"taxonomy":"product_tag","embeddable":true,"href":"https:\/\/www.sunkaraoke.hu\/index.php\/wp-json\/wp\/v2\/product_tag?post=3784"}],"curies":[{"name":"wp","href":"https:\/\/api.w.org\/{rel}","templated":true}]}}