{"id":3783,"date":"2022-08-08T20:46:44","date_gmt":"2022-08-08T20:46:44","guid":{"rendered":"https:\/\/www.sunkaraoke.hu\/index.php\/termek\/retro-boys-mulatos-mix-2012\/"},"modified":"2025-04-06T15:10:55","modified_gmt":"2025-04-06T15:10:55","slug":"retro-boys-mulatos-mix-2012","status":"publish","type":"product","link":"https:\/\/www.sunkaraoke.hu\/index.php\/termek\/retro-boys-mulatos-mix-2012\/","title":{"rendered":"<div class=\"wcmp-player-container product-3783\"><audio controlslist=\"nodownload\" data-product=\"3783\"  volume=\"1\"  preload=\"none\" data-lazyloading=\"none\" class=\"wcmp-player track mejs-classic\" data-duration=\"0:33\" data-estimated_duration=\"4\"><source src=\"https:\/\/www.sunkaraoke.hu\/wp-content\/uploads\/2022\/08\/Retro-Boys-Mulatos-mix-2012.demooo.mp3\" type=\"audio\/mp3\" \/><\/audio><\/div>Retro Boys &#8211; Mulat\u00f3s Mix NEW (Original)"},"content":{"rendered":"<p><strong>04:21<\/strong> | <strong><img loading=\"lazy\" decoding=\"async\" class=\"alignnone size-full wp-image-467\" src=\"https:\/\/www.sunkaraoke.hu\/wp-content\/uploads\/2022\/07\/choir_2-copy.webp\" alt=\"\" width=\"30\" height=\"30\" \/> <\/strong><\/p>\n","protected":false},"excerpt":{"rendered":"<h6>Bits\u0171r\u0171s\u00e9g: 320kb\/s<br \/>\nHossz: 04:21<br \/>\nVok\u00e1lt tartalmaz: Nem <img loading=\"lazy\" decoding=\"async\" class=\"alignnone size-full wp-image-467\" src=\"http:\/\/www.sunkaraoke.hu\/wp-content\/uploads\/2022\/07\/choir_2-copy.png\" alt=\"\" width=\"30\" height=\"30\" \/><strong style=\"font-size: 16px;\"><br \/>\n<\/strong><\/h6>\n<p>Sunkaraoke mp3 st\u00fadi\u00f3 \/ www.sunkaraoke.hu \/ Inf: Tel: 06 20 4275001<\/p>\n<p>&#8212;Intr\u00f3&#8212;<br \/>\nEstefel\u00e9 csupa illat a v\u00e1ros,<br \/>\n\u00e1ll egy mag\u00e1nyos kicsi h\u00e1z Bud\u00e1n.<br \/>\nEstefel\u00e9, ha kigy\u00falnak a l\u00e1mp\u00e1k,<br \/>\nadj egy tal\u00e1lk\u00e1t valahol Bud\u00e1n.<br \/>\nTudom, ha k\u00e9t karomban \u0151rzi \u0151t a v\u00e1gy,<br \/>\nde sz\u00edvn\u00e1m d\u00fas haj\u00e1nak m\u00e1mor\u00edt\u00f3 illat\u00e1t.<br \/>\nHoldsug\u00e1r, ez\u00fcst\u00f6s holdsug\u00e1r,<br \/>\n\u00e9nr\u00e1m valaki v\u00e1r valahol Bud\u00e1n.<br \/>\nTudom, ha k\u00e9t karomban \u0151rzi \u0151t a v\u00e1gy,<br \/>\nde sz\u00edvn\u00e1m d\u00fas haj\u00e1nak m\u00e1mor\u00edt\u00f3 illat\u00e1t.<br \/>\nHoldsug\u00e1r, ez\u00fcst\u00f6s holdsug\u00e1r,<br \/>\n\u00e9nr\u00e1m valaki v\u00e1r valahol Bud\u00e1n.<br \/>\n&#8212;Sz\u00f3l\u00f3&#8212;<br \/>\nTudom, ha k\u00e9t karomban \u0151rzi \u0151t a v\u00e1gy,<br \/>\nde sz\u00edvn\u00e1m d\u00fas haj\u00e1nak m\u00e1mor\u00edt\u00f3 illat\u00e1t.<br \/>\nHoldsug\u00e1r, ez\u00fcst\u00f6s holdsug\u00e1r,<br \/>\n\u00e9nr\u00e1m valaki v\u00e1r valahol Bud\u00e1n.<br \/>\nTudom, ha k\u00e9t karomban \u0151rzi \u0151t a v\u00e1gy,<br \/>\nde sz\u00edvn\u00e1m d\u00fas haj\u00e1nak m\u00e1mor\u00edt\u00f3 illat\u00e1t.<br \/>\nHoldsug\u00e1r, ez\u00fcst\u00f6s holdsug\u00e1r,<br \/>\n\u00e9nr\u00e1m valaki v\u00e1r valahol Bud\u00e1n.<\/p>\n<p>&#8212;Sz\u00f3l\u00f3&#8212;<br \/>\nMa este bab\u00e1m a fasorba megy\u00fcnk,<br \/>\noda hallik a hacac\u00e1r\u00e9.<br \/>\nMa este bab\u00e1m csuda nagy muri lesz,<br \/>\nmegiszunk kilenc limon\u00e1d\u00e9t.<br \/>\nFekete \u00e9jszaka d\u00fcb\u00f6r\u00f6g a cint\u00e1ny\u00e9r,<br \/>\njaj, odavagyok \u00e9n egy sz\u00e9p l\u00e1ny\u00e9rt.<br \/>\nMa este bab\u00e1m a fasorba megy\u00fcnk,<br \/>\nodahallik a hacac\u00e1r\u00e9.<br \/>\nFekete \u00e9jszaka d\u00fcb\u00f6r\u00f6g a cint\u00e1ny\u00e9r,<br \/>\njaj, odavagyok \u00e9n egy sz\u00e9p l\u00e1ny\u00e9rt.<br \/>\nMa este bab\u00e1m a fasorba megy\u00fcnk,<br \/>\nodahallik a hacac\u00e1r\u00e9.<br \/>\n&#8212;V\u00e9ge&#8212;<\/p>\n","protected":false},"featured_media":17555,"template":"","meta":{"site-sidebar-layout":"default","site-content-layout":"default","ast-site-content-layout":"default","site-content-style":"default","site-sidebar-style":"default","ast-global-header-display":"","ast-banner-title-visibility":"","ast-main-header-display":"","ast-hfb-above-header-display":"","ast-hfb-below-header-display":"","ast-hfb-mobile-header-display":"","site-post-title":"","ast-breadcrumbs-content":"","ast-featured-img":"","footer-sml-layout":"","theme-transparent-header-meta":"default","adv-header-id-meta":"","stick-header-meta":"","header-above-stick-meta":"","header-main-stick-meta":"","header-below-stick-meta":"","astra-migrate-meta-layouts":"set","ast-page-background-enabled":"default","ast-page-background-meta":{"desktop":{"background-color":"var(--ast-global-color-4)","background-image":"","background-repeat":"repeat","background-position":"center center","background-size":"auto","background-attachment":"scroll","background-type":"","background-media":"","overlay-type":"","overlay-color":"","overlay-opacity":"","overlay-gradient":""},"tablet":{"background-color":"","background-image":"","background-repeat":"repeat","background-position":"center center","background-size":"auto","background-attachment":"scroll","background-type":"","background-media":"","overlay-type":"","overlay-color":"","overlay-opacity":"","overlay-gradient":""},"mobile":{"background-color":"","background-image":"","background-repeat":"repeat","background-position":"center center","background-size":"auto","background-attachment":"scroll","background-type":"","background-media":"","overlay-type":"","overlay-color":"","overlay-opacity":"","overlay-gradient":""}},"ast-content-background-meta":{"desktop":{"background-color":"var(--ast-global-color-5)","background-image":"","background-repeat":"repeat","background-position":"center center","background-size":"auto","background-attachment":"scroll","background-type":"","background-media":"","overlay-type":"","overlay-color":"","overlay-opacity":"","overlay-gradient":""},"tablet":{"background-color":"var(--ast-global-color-5)","background-image":"","background-repeat":"repeat","background-position":"center center","background-size":"auto","background-attachment":"scroll","background-type":"","background-media":"","overlay-type":"","overlay-color":"","overlay-opacity":"","overlay-gradient":""},"mobile":{"background-color":"var(--ast-global-color-5)","background-image":"","background-repeat":"repeat","background-position":"center center","background-size":"auto","background-attachment":"scroll","background-type":"","background-media":"","overlay-type":"","overlay-color":"","overlay-opacity":"","overlay-gradient":""}}},"product_cat":[46],"product_tag":[],"class_list":["post-3783","product","type-product","status-publish","has-post-thumbnail","hentry","product_cat-eredeti-karaoke-dalok","desktop-align-left","tablet-align-left","mobile-align-left"],"_links":{"self":[{"href":"https:\/\/www.sunkaraoke.hu\/index.php\/wp-json\/wp\/v2\/product\/3783","targetHints":{"allow":["GET"]}}],"collection":[{"href":"https:\/\/www.sunkaraoke.hu\/index.php\/wp-json\/wp\/v2\/product"}],"about":[{"href":"https:\/\/www.sunkaraoke.hu\/index.php\/wp-json\/wp\/v2\/types\/product"}],"wp:featuredmedia":[{"embeddable":true,"href":"https:\/\/www.sunkaraoke.hu\/index.php\/wp-json\/wp\/v2\/media\/17555"}],"wp:attachment":[{"href":"https:\/\/www.sunkaraoke.hu\/index.php\/wp-json\/wp\/v2\/media?parent=3783"}],"wp:term":[{"taxonomy":"product_cat","embeddable":true,"href":"https:\/\/www.sunkaraoke.hu\/index.php\/wp-json\/wp\/v2\/product_cat?post=3783"},{"taxonomy":"product_tag","embeddable":true,"href":"https:\/\/www.sunkaraoke.hu\/index.php\/wp-json\/wp\/v2\/product_tag?post=3783"}],"curies":[{"name":"wp","href":"https:\/\/api.w.org\/{rel}","templated":true}]}}