{"id":3781,"date":"2022-08-08T20:46:44","date_gmt":"2022-08-08T20:46:44","guid":{"rendered":"https:\/\/www.sunkaraoke.hu\/index.php\/termek\/forte-karneval\/"},"modified":"2025-03-31T12:18:46","modified_gmt":"2025-03-31T12:18:46","slug":"forte-karneval","status":"publish","type":"product","link":"https:\/\/www.sunkaraoke.hu\/index.php\/termek\/forte-karneval\/","title":{"rendered":"<div class=\"wcmp-player-container product-3781\"><audio controlslist=\"nodownload\" data-product=\"3781\"  volume=\"1\"  preload=\"none\" data-lazyloading=\"none\" class=\"wcmp-player track mejs-classic\" data-duration=\"0:31\" data-estimated_duration=\"4\"><source src=\"https:\/\/www.sunkaraoke.hu\/wp-content\/uploads\/2022\/08\/Karneval-SB-k_demo.mp3\" type=\"audio\/mp3\" \/><\/audio><\/div>Forte &#8211; Karnev\u00e1l (Original)"},"content":{"rendered":"<p><strong>03:06<\/strong> | <strong><img loading=\"lazy\" decoding=\"async\" class=\"alignnone size-full wp-image-467\" src=\"https:\/\/www.sunkaraoke.hu\/wp-content\/uploads\/2022\/07\/choir_2-copy.webp\" alt=\"\" width=\"30\" height=\"30\" \/> <\/strong><\/p>\n","protected":false},"excerpt":{"rendered":"<h6><strong>Bits\u0171r\u0171s\u00e9g: 320<\/strong>kb\/s<strong><br \/>\n<\/strong><strong>Hossz: <\/strong>03:06<strong><br \/>\n<\/strong><strong style=\"font-size: 16px;\">Vok\u00e1lt tartalmaz: <\/strong>Nem <img loading=\"lazy\" decoding=\"async\" class=\"alignnone size-full wp-image-467\" src=\"http:\/\/www.sunkaraoke.hu\/wp-content\/uploads\/2022\/07\/choir_2-copy.png\" alt=\"\" width=\"30\" height=\"30\" \/><strong style=\"font-size: 16px;\"><br \/>\n<\/strong><\/h6>\n<p>Sunkaraoke mp3 st\u00fadi\u00f3 \/ www.sunkaraoke.hu \/ Inf: Tel: 06 20 4275001<\/p>\n<p>&#8212;Intr\u00f3&#8212;<br \/>\nH\u00e1rom \u00e9jjel, h\u00e1rom nappal,sz\u00fcnetel a munka, \u00e1ll a b\u00e1l.<br \/>\nH\u00e1rom \u00e9jjel, h\u00e1rom nappal, kavarog a karnev\u00e1l.<br \/>\nAki vel\u00fcnk nem j\u00e1rja, a v\u00e9g\u00e9n megb\u00e1nja,<br \/>\naki vel\u00fcnk j\u00f3l j\u00e1rja,a v\u00e9g\u00e9t nem v\u00e1rja.<br \/>\nH\u00e1rom \u00e9jjel, h\u00e1rom nappal, szabadon a j\u00f3kedv szelleme.<br \/>\nH\u00e1rom \u00e9jjel, h\u00e1rom nappal, nem sz\u00f3lnak senkire.<br \/>\nAki vel\u00fcnk nem j\u00e1rja, a v\u00e9g\u00e9n megb\u00e1nja,<br \/>\naki vel\u00fcnk j\u00f3l j\u00e1rja, a v\u00e9g\u00e9t nem v\u00e1rja.<br \/>\nKarnev\u00e1l,vil\u00e1gra sz\u00f3l\u00f3 sz\u00e9d\u00fclet,<br \/>\nkarnev\u00e1l,megunni nem lehet.<br \/>\nKarnev\u00e1l,mes\u00e9be ill\u0151 forgatag,<br \/>\nkarnev\u00e1l ,de j\u00f3 mindent szabad!<br \/>\n&#8212;Sz\u00f3l\u00f3&#8212;<br \/>\nH\u00e1rom \u00e9jjel, h\u00e1rom nappal, szabadon a j\u00f3kedv szelleme.<br \/>\nH\u00e1rom \u00e9jjel, h\u00e1rom nappal, nem sz\u00f3lnak senkire.<br \/>\nAki vel\u00fcnk nem j\u00e1rja, a v\u00e9g\u00e9n megb\u00e1nja,<br \/>\naki vel\u00fcnk j\u00f3l j\u00e1rja,a v\u00e9g\u00e9t nem v\u00e1rja.<br \/>\nKarnev\u00e1l, vil\u00e1gra sz\u00f3l\u00f3 sz\u00e9d\u00fclet,<br \/>\nkarnev\u00e1l, megunni nem lehet.<br \/>\nKarnev\u00e1l, mes\u00e9be ill\u0151 forgatag,<br \/>\nkarnev\u00e1l ,de j\u00f3 mindent szabad!<br \/>\n&#8212;Sz\u00f3l\u00f3&#8212;<br \/>\nH\u00e1rom \u00e9jjel, h\u00e1rom nappal, szabadon a j\u00f3kedv szelleme.<br \/>\nH\u00e1rom \u00e9jjel, h\u00e1rom nappal, nem sz\u00f3lnak senkire.<br \/>\nAki vel\u00fcnk nem j\u00e1rja, a v\u00e9g\u00e9n megb\u00e1nja,<br \/>\naki vel\u00fcnk j\u00f3l j\u00e1rja,a v\u00e9g\u00e9t nem v\u00e1rja.<br \/>\nKarnev\u00e1l ,vil\u00e1gra sz\u00f3l\u00f3 sz\u00e9d\u00fclet,<br \/>\nkarnev\u00e1l, megunni nem lehet.<br \/>\nKarnev\u00e1l, mes\u00e9be ill\u0151 forgatag,<br \/>\nkarnev\u00e1l ,megunni nem lehet!<br \/>\nKarnev\u00e1l ,vil\u00e1gra sz\u00f3l\u00f3 sz\u00e9d\u00fclet,<br \/>\nkarnev\u00e1l ,megunni nem lehet!<br \/>\nKarnev\u00e1l, mes\u00e9be ill\u0151 forgatag,<br \/>\nkarnev\u00e1l ,de j\u00f3 mindent szabad!<br \/>\n&#8212;V\u00e9ge&#8212;<br \/>\nSunkaraoke mp3 st\u00fadi\u00f3<\/p>\n","protected":false},"featured_media":16293,"template":"","meta":{"site-sidebar-layout":"default","site-content-layout":"default","ast-site-content-layout":"default","site-content-style":"default","site-sidebar-style":"default","ast-global-header-display":"","ast-banner-title-visibility":"","ast-main-header-display":"","ast-hfb-above-header-display":"","ast-hfb-below-header-display":"","ast-hfb-mobile-header-display":"","site-post-title":"","ast-breadcrumbs-content":"","ast-featured-img":"","footer-sml-layout":"","theme-transparent-header-meta":"default","adv-header-id-meta":"","stick-header-meta":"","header-above-stick-meta":"","header-main-stick-meta":"","header-below-stick-meta":"","astra-migrate-meta-layouts":"set","ast-page-background-enabled":"default","ast-page-background-meta":{"desktop":{"background-color":"var(--ast-global-color-4)","background-image":"","background-repeat":"repeat","background-position":"center center","background-size":"auto","background-attachment":"scroll","background-type":"","background-media":"","overlay-type":"","overlay-color":"","overlay-opacity":"","overlay-gradient":""},"tablet":{"background-color":"","background-image":"","background-repeat":"repeat","background-position":"center center","background-size":"auto","background-attachment":"scroll","background-type":"","background-media":"","overlay-type":"","overlay-color":"","overlay-opacity":"","overlay-gradient":""},"mobile":{"background-color":"","background-image":"","background-repeat":"repeat","background-position":"center center","background-size":"auto","background-attachment":"scroll","background-type":"","background-media":"","overlay-type":"","overlay-color":"","overlay-opacity":"","overlay-gradient":""}},"ast-content-background-meta":{"desktop":{"background-color":"var(--ast-global-color-5)","background-image":"","background-repeat":"repeat","background-position":"center center","background-size":"auto","background-attachment":"scroll","background-type":"","background-media":"","overlay-type":"","overlay-color":"","overlay-opacity":"","overlay-gradient":""},"tablet":{"background-color":"var(--ast-global-color-5)","background-image":"","background-repeat":"repeat","background-position":"center center","background-size":"auto","background-attachment":"scroll","background-type":"","background-media":"","overlay-type":"","overlay-color":"","overlay-opacity":"","overlay-gradient":""},"mobile":{"background-color":"var(--ast-global-color-5)","background-image":"","background-repeat":"repeat","background-position":"center center","background-size":"auto","background-attachment":"scroll","background-type":"","background-media":"","overlay-type":"","overlay-color":"","overlay-opacity":"","overlay-gradient":""}}},"product_cat":[48],"product_tag":[],"class_list":["post-3781","product","type-product","status-publish","has-post-thumbnail","hentry","product_cat-sunkaraoke-dalok","desktop-align-left","tablet-align-left","mobile-align-left"],"_links":{"self":[{"href":"https:\/\/www.sunkaraoke.hu\/index.php\/wp-json\/wp\/v2\/product\/3781","targetHints":{"allow":["GET"]}}],"collection":[{"href":"https:\/\/www.sunkaraoke.hu\/index.php\/wp-json\/wp\/v2\/product"}],"about":[{"href":"https:\/\/www.sunkaraoke.hu\/index.php\/wp-json\/wp\/v2\/types\/product"}],"wp:featuredmedia":[{"embeddable":true,"href":"https:\/\/www.sunkaraoke.hu\/index.php\/wp-json\/wp\/v2\/media\/16293"}],"wp:attachment":[{"href":"https:\/\/www.sunkaraoke.hu\/index.php\/wp-json\/wp\/v2\/media?parent=3781"}],"wp:term":[{"taxonomy":"product_cat","embeddable":true,"href":"https:\/\/www.sunkaraoke.hu\/index.php\/wp-json\/wp\/v2\/product_cat?post=3781"},{"taxonomy":"product_tag","embeddable":true,"href":"https:\/\/www.sunkaraoke.hu\/index.php\/wp-json\/wp\/v2\/product_tag?post=3781"}],"curies":[{"name":"wp","href":"https:\/\/api.w.org\/{rel}","templated":true}]}}