{"id":3769,"date":"2022-08-08T20:46:43","date_gmt":"2022-08-08T20:46:43","guid":{"rendered":"https:\/\/www.sunkaraoke.hu\/index.php\/termek\/varga-viktor-szkevel-almodtam\/"},"modified":"2025-04-09T07:34:55","modified_gmt":"2025-04-09T07:34:55","slug":"varga-viktor-szkevel-almodtam","status":"publish","type":"product","link":"https:\/\/www.sunkaraoke.hu\/index.php\/termek\/varga-viktor-szkevel-almodtam\/","title":{"rendered":"<div class=\"wcmp-player-container product-3769\"><audio controlslist=\"nodownload\" data-product=\"3769\"  volume=\"1\"  preload=\"none\" data-lazyloading=\"none\" class=\"wcmp-player track mejs-classic\" data-duration=\"0:32\" data-estimated_duration=\"4\"><source src=\"https:\/\/www.sunkaraoke.hu\/wp-content\/uploads\/2022\/08\/Szokevel-almodtam-SB.-demoo.mp3\" type=\"audio\/mp3\" \/><\/audio><\/div>Varga Viktor &#8211; Sz\u0151k\u00e9vel \u00e1lmodtam (Original SB Edition)"},"content":{"rendered":"<p><strong>03:57<\/strong> | <strong><img loading=\"lazy\" decoding=\"async\" class=\"alignnone size-full wp-image-467\" src=\"https:\/\/www.sunkaraoke.hu\/wp-content\/uploads\/2022\/07\/choir_2-copy.webp\" alt=\"\" width=\"30\" height=\"30\" \/> <\/strong><\/p>\n","protected":false},"excerpt":{"rendered":"<h6><strong>Bits\u0171r\u0171s\u00e9g: 320<\/strong>kb\/s<strong><br \/>\n<\/strong><strong>Hossz: <\/strong>03:57<strong><br \/>\n<\/strong><strong style=\"font-size: 16px;\">Vok\u00e1lt tartalmaz: <\/strong>Nem <img loading=\"lazy\" decoding=\"async\" class=\"alignnone size-full wp-image-467\" src=\"http:\/\/www.sunkaraoke.hu\/wp-content\/uploads\/2022\/07\/choir_2-copy.png\" alt=\"\" width=\"30\" height=\"30\" \/><strong style=\"font-size: 16px;\"><br \/>\n<\/strong><\/h6>\n<p>Sunkaraoke mp3 st\u00fadi\u00f3 \/ www.sunkaraoke.hu \/ Inf: Tel: 06 20 4275001<\/p>\n<p>&#8212;Intr\u00f3&#8212;<br \/>\nM\u00e1r voltam p\u00e1rszor tr\u00fckk\u00f6s cs\u00e1b\u00edt\u00f3,<br \/>\nde voltam m\u00e1r annyiszor \u00e1ldozat \u00e9n is.<br \/>\nN\u00e9ha elkap az a b\u0171n\u00f6s k\u00eds\u00e9rt\u00e9s,<br \/>\ncsak a sz\u00edvem dobban, beindul a v\u00e9r is.<br \/>\nM\u00e9rt tetszik mindig m\u00e1s,<br \/>\nazonnal feldob a v\u00e1ltoz\u00e1s,<br \/>\nmegs\u00fagom m\u00e9rt minden l\u00e1ny sz\u00edve, m\u00e1s\u00e9rt m\u00e1s \u00e9pp \u00e9g,<br \/>\nde \u00f6nz\u0151 m\u00f3don mindet szeretn\u00e9m.<br \/>\nSz\u0151k\u00e9vel \u00e1lmodtam, barn\u00e1val \u00e9rkeztem,<br \/>\n\u00f3h egy v\u00f6r\u00f6s l\u00e1nnyal t\u00e1ncoltam, de m\u00e1ssal \u00e9bredtem.<br \/>\nK\u00e9s\u0151bb m\u00e1r m\u00e1st n\u00e9ztem, g\u00f6nd\u00f6rre \u00e9heztem,<br \/>\nsajnos napr\u00f3l napra, \u00edgy v\u00e1ltozik \u00f3 az \u00edzl\u00e9sem.<br \/>\nA t\u0171zzel j\u00e1tszom, de m\u00e9gis izgat\u00f3,<br \/>\n\u00e9gnek a l\u00e1ny sz\u00edvek, izzik az \u00e9g is.<br \/>\nMinden v\u00e1gyam, ha k\u00e9tszer sz\u00fcletn\u00e9k,<br \/>\nm\u00e1r k\u00e9tszer annyiszor l\u00e1ngoln\u00e9k \u00e9n is.<br \/>\nM\u00e9rt tetszik mindig m\u00e1s,<br \/>\nazonnal feldob a v\u00e1ltoz\u00e1s,<br \/>\nmegs\u00fagom m\u00e9rt minden l\u00e1ny sz\u00edve, m\u00e1s\u00e9rt m\u00e1s \u00e9pp \u00e9g,<br \/>\nde \u00f6nz\u0151 m\u00f3don mindet szeretn\u00e9m.<br \/>\nSz\u0151k\u00e9vel \u00e1lmodtam, barn\u00e1val \u00e9rkeztem,<br \/>\n\u00f3h egy v\u00f6r\u00f6s l\u00e1nnyal t\u00e1ncoltam, de m\u00e1ssal \u00e9bredtem.<br \/>\nK\u00e9s\u0151bb m\u00e1r m\u00e1st n\u00e9ztem, g\u00f6nd\u00f6rre \u00e9heztem,<br \/>\nsajnos napr\u00f3l napra \u00edgy v\u00e1ltozik \u00f3 az \u00edzl\u00e9sem.<br \/>\nSzir\u00e9n \u00edz\u0171 \u00e9jszak\u00e1k, \u0171zik el a sz\u00edv zaj\u00e1t,<br \/>\ntal\u00e1n f\u00e9kezn\u00e9k, ha \u00e9rezn\u00e9, csak annyit \u00e9r,<br \/>\nez t\u00fal kev\u00e9s egy kivert fog\u00fa nevet\u00e9s.<br \/>\nSz\u0151k\u00e9vel \u00e1lmodtam, barn\u00e1val \u00e9rkeztem,<br \/>\n\u00f3h egy v\u00f6r\u00f6s l\u00e1nnyal t\u00e1ncoltam, de m\u00e1ssal \u00e9bredtem.<br \/>\nK\u00e9s\u0151bb m\u00e1r m\u00e1st n\u00e9ztem, g\u00f6nd\u00f6rre \u00e9heztem,<br \/>\nsajnos napr\u00f3l napra \u00edgy v\u00e1ltozik \u00f3 az \u00edzl\u00e9sem.<br \/>\nSz\u0151k\u00e9vel \u00e1lmodtam, barn\u00e1val \u00e9rkeztem,<br \/>\n\u00f3h egy v\u00f6r\u00f6s l\u00e1nnyal t\u00e1ncoltam, de m\u00e1ssal \u00e9bredtem.<br \/>\nK\u00e9s\u0151bb m\u00e1r m\u00e1st n\u00e9ztem, g\u00f6nd\u00f6rre \u00e9heztem,<br \/>\nm\u00e1r hajnalra a pultos l\u00e1nynak mindent elhittem,<br \/>\nN\u00e1, n\u00e1, n\u00e1, n\u00e1,n\u00e1,n\u00e1\u2026\u2026\u2026\u2026\u2026\u2026.<br \/>\nsajnos napr\u00f3l napra \u00edgy v\u00e1ltozik \u00f3 az \u00edzl\u00e9sem.<br \/>\n&#8212;V\u00e9ge&#8212;<\/p>\n","protected":false},"featured_media":18070,"template":"","meta":{"site-sidebar-layout":"default","site-content-layout":"default","ast-site-content-layout":"default","site-content-style":"default","site-sidebar-style":"default","ast-global-header-display":"","ast-banner-title-visibility":"","ast-main-header-display":"","ast-hfb-above-header-display":"","ast-hfb-below-header-display":"","ast-hfb-mobile-header-display":"","site-post-title":"","ast-breadcrumbs-content":"","ast-featured-img":"","footer-sml-layout":"","theme-transparent-header-meta":"default","adv-header-id-meta":"","stick-header-meta":"","header-above-stick-meta":"","header-main-stick-meta":"","header-below-stick-meta":"","astra-migrate-meta-layouts":"set","ast-page-background-enabled":"default","ast-page-background-meta":{"desktop":{"background-color":"var(--ast-global-color-4)","background-image":"","background-repeat":"repeat","background-position":"center center","background-size":"auto","background-attachment":"scroll","background-type":"","background-media":"","overlay-type":"","overlay-color":"","overlay-opacity":"","overlay-gradient":""},"tablet":{"background-color":"","background-image":"","background-repeat":"repeat","background-position":"center center","background-size":"auto","background-attachment":"scroll","background-type":"","background-media":"","overlay-type":"","overlay-color":"","overlay-opacity":"","overlay-gradient":""},"mobile":{"background-color":"","background-image":"","background-repeat":"repeat","background-position":"center center","background-size":"auto","background-attachment":"scroll","background-type":"","background-media":"","overlay-type":"","overlay-color":"","overlay-opacity":"","overlay-gradient":""}},"ast-content-background-meta":{"desktop":{"background-color":"var(--ast-global-color-5)","background-image":"","background-repeat":"repeat","background-position":"center center","background-size":"auto","background-attachment":"scroll","background-type":"","background-media":"","overlay-type":"","overlay-color":"","overlay-opacity":"","overlay-gradient":""},"tablet":{"background-color":"var(--ast-global-color-5)","background-image":"","background-repeat":"repeat","background-position":"center center","background-size":"auto","background-attachment":"scroll","background-type":"","background-media":"","overlay-type":"","overlay-color":"","overlay-opacity":"","overlay-gradient":""},"mobile":{"background-color":"var(--ast-global-color-5)","background-image":"","background-repeat":"repeat","background-position":"center center","background-size":"auto","background-attachment":"scroll","background-type":"","background-media":"","overlay-type":"","overlay-color":"","overlay-opacity":"","overlay-gradient":""}}},"product_cat":[48],"product_tag":[],"class_list":["post-3769","product","type-product","status-publish","has-post-thumbnail","hentry","product_cat-sunkaraoke-dalok","desktop-align-left","tablet-align-left","mobile-align-left"],"_links":{"self":[{"href":"https:\/\/www.sunkaraoke.hu\/index.php\/wp-json\/wp\/v2\/product\/3769","targetHints":{"allow":["GET"]}}],"collection":[{"href":"https:\/\/www.sunkaraoke.hu\/index.php\/wp-json\/wp\/v2\/product"}],"about":[{"href":"https:\/\/www.sunkaraoke.hu\/index.php\/wp-json\/wp\/v2\/types\/product"}],"wp:featuredmedia":[{"embeddable":true,"href":"https:\/\/www.sunkaraoke.hu\/index.php\/wp-json\/wp\/v2\/media\/18070"}],"wp:attachment":[{"href":"https:\/\/www.sunkaraoke.hu\/index.php\/wp-json\/wp\/v2\/media?parent=3769"}],"wp:term":[{"taxonomy":"product_cat","embeddable":true,"href":"https:\/\/www.sunkaraoke.hu\/index.php\/wp-json\/wp\/v2\/product_cat?post=3769"},{"taxonomy":"product_tag","embeddable":true,"href":"https:\/\/www.sunkaraoke.hu\/index.php\/wp-json\/wp\/v2\/product_tag?post=3769"}],"curies":[{"name":"wp","href":"https:\/\/api.w.org\/{rel}","templated":true}]}}