{"id":3765,"date":"2022-08-08T20:46:43","date_gmt":"2022-08-08T20:46:43","guid":{"rendered":"https:\/\/www.sunkaraoke.hu\/index.php\/termek\/notar-mary-jaj-de-cuki\/"},"modified":"2025-03-29T13:16:39","modified_gmt":"2025-03-29T13:16:39","slug":"notar-mary-jaj-de-cuki","status":"publish","type":"product","link":"https:\/\/www.sunkaraoke.hu\/index.php\/termek\/notar-mary-jaj-de-cuki\/","title":{"rendered":"<div class=\"wcmp-player-container product-3765\"><audio controlslist=\"nodownload\" data-product=\"3765\"  volume=\"1\"  preload=\"none\" data-lazyloading=\"none\" class=\"wcmp-player track mejs-classic\" data-duration=\"0:32\" data-estimated_duration=\"4\"><source src=\"https:\/\/www.sunkaraoke.hu\/wp-content\/uploads\/2022\/08\/Jaj-de-cuki-S.B.-_demo.mp3\" type=\"audio\/mp3\" \/><\/audio><\/div>Notar Mary &#8211; Jaj de  cuki (Original)"},"content":{"rendered":"<p><strong>03:39<\/strong> | <strong><img loading=\"lazy\" decoding=\"async\" class=\"alignnone size-full wp-image-467\" src=\"https:\/\/www.sunkaraoke.hu\/wp-content\/uploads\/2022\/07\/choir_2-copy.webp\" alt=\"\" width=\"30\" height=\"30\" \/> <\/strong><\/p>\n","protected":false},"excerpt":{"rendered":"<h6>Bits\u0171r\u0171s\u00e9g: 320 kb\/s<br \/>\nHossz: 03:39<br \/>\nVok\u00e1lt tartalmaz: Nem <img loading=\"lazy\" decoding=\"async\" class=\"alignnone size-full wp-image-467\" src=\"http:\/\/www.sunkaraoke.hu\/wp-content\/uploads\/2022\/07\/choir_2-copy.png\" alt=\"\" width=\"30\" height=\"30\" \/><strong style=\"font-size: 16px;\"><br \/>\n<\/strong><\/h6>\n<p>Sunkaraoke mp3 st\u00fadi\u00f3 \/ www.sunkaraoke.hu \/ Inf: Tel: 06 20 4275001<\/p>\n<p>\u00d3, de cuki, de cuki, jaj de cuki, de cuki,<br \/>\n\u00f3, de cuki, de cuki, jaj de cuki, cuki, cuki.<br \/>\nElhagyott engem az ember,jaj de boldogg\u00e1 tett ezzel.<br \/>\nFelveszem az \u00fcnnepl\u0151met,jaj de kinevetem \u0151tet.<br \/>\nOszt&#8217; m\u00e9g azt mondta j\u00f3 lesz nekem,<br \/>\na tenyer\u00e9n hordoz engem.<br \/>\nTejbe-vajba f\u00fcrdik velem,de j\u00f3 sorsom lesz \u00e9nnekem.<br \/>\nMondta, hogy jaj de cuki a l\u00e1ny,<br \/>\nsz\u00e9p kukoricasz\u00e1r, megl\u00e1sd te leszel a bab\u00e1m.<br \/>\nA k\u00e9t barna szemed, elveszi az eszem,meg a cs\u00f3kos sz\u00e1d.<br \/>\nJaj de cuki a l\u00e1ny,<br \/>\nsz\u00e9p kukoricasz\u00e1r megl\u00e1sd te leszel a bab\u00e1m.<br \/>\nA k\u00e9t barna szemed, elveszi az eszem,meg a cs\u00f3kos sz\u00e1d.<br \/>\n\u00d3, de cuki, de cuki, jaj de cuki, de cuki,<br \/>\n\u00f3, de cuki, de cuki, jaj de cuki, cuki, cuki.<br \/>\nKidob\u00e1ltam a ruh\u00e1it,meg sem \u00e1lltam a kuk\u00e1ig.<br \/>\n\u00d6sszeteszem a k\u00e9t kezem,<br \/>\neddig hol volt az \u00e9n eszem.<br \/>\nJaj mert elhagyott engem az ember,<br \/>\njaj de boldogg\u00e1 tett ezzel.<br \/>\nFelveszem az \u00fcnnepl\u0151met,jaj de kinevetem \u0151tet.<br \/>\nMondta, hogy jaj de cuki a l\u00e1ny,<br \/>\nsz\u00e9p kukoricasz\u00e1r megl\u00e1sd te leszel a bab\u00e1m.<br \/>\nA k\u00e9t barna szemed, elveszi az eszem,meg a cs\u00f3kos sz\u00e1d.<br \/>\nJaj de cuki a l\u00e1ny,<br \/>\nsz\u00e9p kukoricasz\u00e1r megl\u00e1sd te leszel a bab\u00e1m.<br \/>\nA k\u00e9t barna szemed, elveszi az eszem,meg a cs\u00f3kos sz\u00e1d.<br \/>\n\u00d3, de cuki, de cuki, jaj de cuki, de cuki,<br \/>\n\u00f3, de cuki, de cuki, jaj de cuki, cuki, cuki.<br \/>\n\u00d3, de cuki, de cuki, jaj de cuki, de cuki,<br \/>\n\u00f3, de cuki, de cuki, jaj de cuki, cuki, cuki.<br \/>\nMondta, hogy jaj de cuki a l\u00e1ny,<br \/>\nsz\u00e9p kukoricasz\u00e1r megl\u00e1sd te leszel a bab\u00e1m.<br \/>\nA k\u00e9t barna szemed, elveszi az eszem,meg a cs\u00f3kos sz\u00e1d.<br \/>\nJaj de cuki a l\u00e1ny,<br \/>\nsz\u00e9p kukoricasz\u00e1r megl\u00e1sd te leszel a bab\u00e1m.<br \/>\nA k\u00e9t barna szemed, elveszi az eszem,meg a cs\u00f3kos sz\u00e1d.<br \/>\n\u00d3, de cuki, de cuki, jaj de cuki, de cuki,<br \/>\n\u00f3, de cuki, de cuki, jaj de cuki, cuki, cuki.<br \/>\nElhagyott engem az ember,<br \/>\njaj de boldogg\u00e1 tett ezzel.<br \/>\nFelveszem az \u00fcnnepl\u0151met,jaj de kinevetem \u0151tet.<br \/>\nOszt&#8217; m\u00e9g azt mondta j\u00f3 lesz nekem,<br \/>\na tenyer\u00e9n hordoz engem.<br \/>\nTejbe-vajba f\u00fcrdik velem,de j\u00f3 sorsom lesz \u00e9nnekem.<br \/>\nMondta, hogy jaj de cuki a l\u00e1ny,<br \/>\nsz\u00e9p kukoricasz\u00e1r megl\u00e1sd te leszel a bab\u00e1m.<br \/>\nA k\u00e9t barna szemed, elveszi az eszem,<br \/>\nmeg a cs\u00f3kos sz\u00e1d.<br \/>\nJaj de cuki a l\u00e1ny,<br \/>\nsz\u00e9p kukoricasz\u00e1r megl\u00e1sd te leszel a bab\u00e1m.<br \/>\nA k\u00e9t barna szemed, elveszi az eszem,<br \/>\nmeg a cs\u00f3kos sz\u00e1d.<br \/>\nJaj de cuki, cuki, cuki.<br \/>\n&#8212;V\u00e9ge&#8212;<\/p>\n","protected":false},"featured_media":8740,"template":"","meta":{"site-sidebar-layout":"default","site-content-layout":"default","ast-site-content-layout":"default","site-content-style":"default","site-sidebar-style":"default","ast-global-header-display":"","ast-banner-title-visibility":"","ast-main-header-display":"","ast-hfb-above-header-display":"","ast-hfb-below-header-display":"","ast-hfb-mobile-header-display":"","site-post-title":"","ast-breadcrumbs-content":"","ast-featured-img":"","footer-sml-layout":"","theme-transparent-header-meta":"default","adv-header-id-meta":"","stick-header-meta":"","header-above-stick-meta":"","header-main-stick-meta":"","header-below-stick-meta":"","astra-migrate-meta-layouts":"set","ast-page-background-enabled":"default","ast-page-background-meta":{"desktop":{"background-color":"var(--ast-global-color-4)","background-image":"","background-repeat":"repeat","background-position":"center center","background-size":"auto","background-attachment":"scroll","background-type":"","background-media":"","overlay-type":"","overlay-color":"","overlay-opacity":"","overlay-gradient":""},"tablet":{"background-color":"","background-image":"","background-repeat":"repeat","background-position":"center center","background-size":"auto","background-attachment":"scroll","background-type":"","background-media":"","overlay-type":"","overlay-color":"","overlay-opacity":"","overlay-gradient":""},"mobile":{"background-color":"","background-image":"","background-repeat":"repeat","background-position":"center center","background-size":"auto","background-attachment":"scroll","background-type":"","background-media":"","overlay-type":"","overlay-color":"","overlay-opacity":"","overlay-gradient":""}},"ast-content-background-meta":{"desktop":{"background-color":"var(--ast-global-color-5)","background-image":"","background-repeat":"repeat","background-position":"center center","background-size":"auto","background-attachment":"scroll","background-type":"","background-media":"","overlay-type":"","overlay-color":"","overlay-opacity":"","overlay-gradient":""},"tablet":{"background-color":"var(--ast-global-color-5)","background-image":"","background-repeat":"repeat","background-position":"center center","background-size":"auto","background-attachment":"scroll","background-type":"","background-media":"","overlay-type":"","overlay-color":"","overlay-opacity":"","overlay-gradient":""},"mobile":{"background-color":"var(--ast-global-color-5)","background-image":"","background-repeat":"repeat","background-position":"center center","background-size":"auto","background-attachment":"scroll","background-type":"","background-media":"","overlay-type":"","overlay-color":"","overlay-opacity":"","overlay-gradient":""}}},"product_cat":[48],"product_tag":[],"class_list":["post-3765","product","type-product","status-publish","has-post-thumbnail","hentry","product_cat-sunkaraoke-dalok","desktop-align-left","tablet-align-left","mobile-align-left"],"_links":{"self":[{"href":"https:\/\/www.sunkaraoke.hu\/index.php\/wp-json\/wp\/v2\/product\/3765","targetHints":{"allow":["GET"]}}],"collection":[{"href":"https:\/\/www.sunkaraoke.hu\/index.php\/wp-json\/wp\/v2\/product"}],"about":[{"href":"https:\/\/www.sunkaraoke.hu\/index.php\/wp-json\/wp\/v2\/types\/product"}],"wp:featuredmedia":[{"embeddable":true,"href":"https:\/\/www.sunkaraoke.hu\/index.php\/wp-json\/wp\/v2\/media\/8740"}],"wp:attachment":[{"href":"https:\/\/www.sunkaraoke.hu\/index.php\/wp-json\/wp\/v2\/media?parent=3765"}],"wp:term":[{"taxonomy":"product_cat","embeddable":true,"href":"https:\/\/www.sunkaraoke.hu\/index.php\/wp-json\/wp\/v2\/product_cat?post=3765"},{"taxonomy":"product_tag","embeddable":true,"href":"https:\/\/www.sunkaraoke.hu\/index.php\/wp-json\/wp\/v2\/product_tag?post=3765"}],"curies":[{"name":"wp","href":"https:\/\/api.w.org\/{rel}","templated":true}]}}