{"id":3757,"date":"2022-08-08T20:46:42","date_gmt":"2022-08-08T20:46:42","guid":{"rendered":"https:\/\/www.sunkaraoke.hu\/index.php\/termek\/sihell-ferry-fekete-verembl\/"},"modified":"2025-04-04T07:59:43","modified_gmt":"2025-04-04T07:59:43","slug":"sihell-ferry-fekete-verembl","status":"publish","type":"product","link":"https:\/\/www.sunkaraoke.hu\/index.php\/termek\/sihell-ferry-fekete-verembl\/","title":{"rendered":"<div class=\"wcmp-player-container product-3757\"><audio controlslist=\"nodownload\" data-product=\"3757\"  volume=\"1\"  preload=\"none\" data-lazyloading=\"none\" class=\"wcmp-player track mejs-classic\" data-duration=\"0:31\" data-estimated_duration=\"4\"><source src=\"https:\/\/www.sunkaraoke.hu\/wp-content\/uploads\/2022\/08\/Fekete-verembol-_demo.mp3\" type=\"audio\/mp3\" \/><\/audio><\/div>Sihell Ferry &#8211; Fekete v\u00e9remb\u0151l (Original Palika Edition)"},"content":{"rendered":"<p><strong>04:04<\/strong> | <strong><img loading=\"lazy\" decoding=\"async\" class=\"alignnone size-full wp-image-467\" src=\"https:\/\/www.sunkaraoke.hu\/wp-content\/uploads\/2022\/07\/choir_2-copy.webp\" alt=\"\" width=\"30\" height=\"30\" \/> <\/strong><\/p>\n","protected":false},"excerpt":{"rendered":"<h6><strong>Bits\u0171r\u0171s\u00e9g: 320<\/strong>kb\/s<strong><br \/>\n<\/strong><strong>Hossz: <\/strong>04:04<strong><br \/>\n<\/strong><strong style=\"font-size: 16px;\">Vok\u00e1lt tartalmaz: <\/strong>Nem <img loading=\"lazy\" decoding=\"async\" class=\"alignnone size-full wp-image-467\" src=\"http:\/\/www.sunkaraoke.hu\/wp-content\/uploads\/2022\/07\/choir_2-copy.png\" alt=\"\" width=\"30\" height=\"30\" \/><strong style=\"font-size: 16px;\"><br \/>\n<\/strong><\/h6>\n<p>Sunkaraoke mp3 st\u00fadi\u00f3 \/ www.sunkaraoke.hu \/ Inf: Tel: 06 20 4275001<\/p>\n<p>Dr\u00e1ga testv\u00e9r elmes\u00e9lem az \u00e9n \u00e9letem,<br \/>\nroma vagyok \u00e9n nem is tagadom.<br \/>\nA j\u00f3 isten \u00edgy akarta \u00edgy teremtett a vil\u00e1gra,<br \/>\nany\u00e1m ap\u00e1m a legszentebb nekem.<br \/>\nFekete v\u00e9remb\u0151l a cig\u00e1nyzene sz\u00f3l,<br \/>\nsz\u00edvb\u0151l dalolok, sz\u00edvemb\u0151l dalolok.<br \/>\nA vil\u00e1gon mindenki bar\u00e1tom,<br \/>\nszeretem a csal\u00e1dom.<br \/>\nFekete v\u00e9remb\u0151l a cig\u00e1nyzene sz\u00f3l,<br \/>\nsz\u00edvb\u0151l dalolok, sz\u00edvemb\u0151l dalolok.<br \/>\nA vil\u00e1gon mindenki bar\u00e1tom,<br \/>\nszeretem a csal\u00e1dom.<br \/>\nFekete v\u00e9remb\u0151l a cig\u00e1nyzene sz\u00f3l,<br \/>\nsz\u00edvb\u0151l dalolok, sz\u00edvemb\u0151l dalolok.<br \/>\nA vil\u00e1gon mindenki bar\u00e1tom,<br \/>\nszeretem a csal\u00e1dom.<br \/>\nFekete v\u00e9remb\u0151l a cig\u00e1nyzene sz\u00f3l,<br \/>\nsz\u00edvb\u0151l dalolok, sz\u00edvemb\u0151l dalolok.<br \/>\nA vil\u00e1gon mindenki bar\u00e1tom,<br \/>\nszeretem a csal\u00e1dom.<br \/>\nTiszta sz\u00edvvel elmes\u00e9lem mi\u00e9rt \u00e9lek \u00e9n,<br \/>\na csal\u00e1d\u00e9rt \u00e9s a testv\u00e9reim\u00e9rt.<br \/>\nA dr\u00e1gas\u00e1gom k\u00e9t szem\u00e9\u00e9rt b\u00e1rmit megteszek,<br \/>\n\u00f3h istenem legyen mindig az eny\u00e9m.<br \/>\nFekete v\u00e9remb\u0151l a cig\u00e1nyzene sz\u00f3l,<br \/>\nsz\u00edvb\u0151l dalolok, sz\u00edvemb\u0151l dalolok.<br \/>\nA vil\u00e1gon mindenki bar\u00e1tom,<br \/>\nszeretem a csal\u00e1dom.<br \/>\nFekete v\u00e9remb\u0151l a cig\u00e1nyzene sz\u00f3l,<br \/>\nsz\u00edvb\u0151l dalolok, sz\u00edvemb\u0151l dalolok.<br \/>\nA vil\u00e1gon mindenki bar\u00e1tom,<br \/>\nszeretem a csal\u00e1dom.<br \/>\nFekete v\u00e9remb\u0151l a cig\u00e1nyzene sz\u00f3l,<br \/>\nsz\u00edvb\u0151l dalolok, sz\u00edvemb\u0151l dalolok.<br \/>\nA vil\u00e1gon mindenki bar\u00e1tom,<br \/>\nszeretem a csal\u00e1dom.<br \/>\nFekete v\u00e9remb\u0151l a cig\u00e1nyzene sz\u00f3l,<br \/>\nsz\u00edvb\u0151l dalolok, sz\u00edvemb\u0151l dalolok.<br \/>\nA vil\u00e1gon mindenki bar\u00e1tom,<br \/>\nszeretem a csal\u00e1dom.<br \/>\nFekete v\u00e9remb\u0151l a cig\u00e1nyzene sz\u00f3l,<br \/>\nsz\u00edvb\u0151l dalolok, sz\u00edvemb\u0151l dalolok.<br \/>\nA vil\u00e1gon mindenki bar\u00e1tom,<br \/>\nszeretem a csal\u00e1dom.<br \/>\nFekete v\u00e9remb\u0151l a cig\u00e1nyzene sz\u00f3l,<br \/>\nsz\u00edvb\u0151l dalolok, sz\u00edvemb\u0151l dalolok.<br \/>\nA vil\u00e1gon mindenki bar\u00e1tom,<br \/>\nszeretem a csal\u00e1dom.<br \/>\nFekete v\u00e9remb\u0151l a cig\u00e1nyzene sz\u00f3l,<br \/>\nsz\u00edvb\u0151l dalolok, sz\u00edvemb\u0151l dalolok.<br \/>\nA vil\u00e1gon mindenki bar\u00e1tom,<br \/>\nszeretem a csal\u00e1dom.<br \/>\nFekete v\u00e9remb\u0151l a cig\u00e1nyzene sz\u00f3l,<br \/>\nsz\u00edvb\u0151l dalolok, sz\u00edvemb\u0151l dalolok.<br \/>\nA vil\u00e1gon mindenki bar\u00e1tom,<br \/>\nszeretem a csal\u00e1dom.<br \/>\nSzeretem a csal\u00e1dom.<br \/>\n&#8212;V\u00e9ge&#8212;<\/p>\n","protected":false},"featured_media":9301,"template":"","meta":{"site-sidebar-layout":"default","site-content-layout":"default","ast-site-content-layout":"default","site-content-style":"default","site-sidebar-style":"default","ast-global-header-display":"","ast-banner-title-visibility":"","ast-main-header-display":"","ast-hfb-above-header-display":"","ast-hfb-below-header-display":"","ast-hfb-mobile-header-display":"","site-post-title":"","ast-breadcrumbs-content":"","ast-featured-img":"","footer-sml-layout":"","theme-transparent-header-meta":"default","adv-header-id-meta":"","stick-header-meta":"","header-above-stick-meta":"","header-main-stick-meta":"","header-below-stick-meta":"","astra-migrate-meta-layouts":"set","ast-page-background-enabled":"default","ast-page-background-meta":{"desktop":{"background-color":"var(--ast-global-color-4)","background-image":"","background-repeat":"repeat","background-position":"center center","background-size":"auto","background-attachment":"scroll","background-type":"","background-media":"","overlay-type":"","overlay-color":"","overlay-opacity":"","overlay-gradient":""},"tablet":{"background-color":"","background-image":"","background-repeat":"repeat","background-position":"center center","background-size":"auto","background-attachment":"scroll","background-type":"","background-media":"","overlay-type":"","overlay-color":"","overlay-opacity":"","overlay-gradient":""},"mobile":{"background-color":"","background-image":"","background-repeat":"repeat","background-position":"center center","background-size":"auto","background-attachment":"scroll","background-type":"","background-media":"","overlay-type":"","overlay-color":"","overlay-opacity":"","overlay-gradient":""}},"ast-content-background-meta":{"desktop":{"background-color":"var(--ast-global-color-5)","background-image":"","background-repeat":"repeat","background-position":"center center","background-size":"auto","background-attachment":"scroll","background-type":"","background-media":"","overlay-type":"","overlay-color":"","overlay-opacity":"","overlay-gradient":""},"tablet":{"background-color":"var(--ast-global-color-5)","background-image":"","background-repeat":"repeat","background-position":"center center","background-size":"auto","background-attachment":"scroll","background-type":"","background-media":"","overlay-type":"","overlay-color":"","overlay-opacity":"","overlay-gradient":""},"mobile":{"background-color":"var(--ast-global-color-5)","background-image":"","background-repeat":"repeat","background-position":"center center","background-size":"auto","background-attachment":"scroll","background-type":"","background-media":"","overlay-type":"","overlay-color":"","overlay-opacity":"","overlay-gradient":""}}},"product_cat":[48],"product_tag":[],"class_list":["post-3757","product","type-product","status-publish","has-post-thumbnail","hentry","product_cat-sunkaraoke-dalok","desktop-align-left","tablet-align-left","mobile-align-left"],"_links":{"self":[{"href":"https:\/\/www.sunkaraoke.hu\/index.php\/wp-json\/wp\/v2\/product\/3757","targetHints":{"allow":["GET"]}}],"collection":[{"href":"https:\/\/www.sunkaraoke.hu\/index.php\/wp-json\/wp\/v2\/product"}],"about":[{"href":"https:\/\/www.sunkaraoke.hu\/index.php\/wp-json\/wp\/v2\/types\/product"}],"wp:featuredmedia":[{"embeddable":true,"href":"https:\/\/www.sunkaraoke.hu\/index.php\/wp-json\/wp\/v2\/media\/9301"}],"wp:attachment":[{"href":"https:\/\/www.sunkaraoke.hu\/index.php\/wp-json\/wp\/v2\/media?parent=3757"}],"wp:term":[{"taxonomy":"product_cat","embeddable":true,"href":"https:\/\/www.sunkaraoke.hu\/index.php\/wp-json\/wp\/v2\/product_cat?post=3757"},{"taxonomy":"product_tag","embeddable":true,"href":"https:\/\/www.sunkaraoke.hu\/index.php\/wp-json\/wp\/v2\/product_tag?post=3757"}],"curies":[{"name":"wp","href":"https:\/\/api.w.org\/{rel}","templated":true}]}}